{"id":33982,"date":"2025-02-18T03:38:30","date_gmt":"2025-02-18T03:38:30","guid":{"rendered":"https:\/\/yumicos.com\/product\/wise-cosplay-costume-de-zenless-zone-zero\/"},"modified":"2025-10-22T09:19:26","modified_gmt":"2025-10-22T09:19:26","slug":"wise-cosplay-outfit","status":"publish","type":"product","link":"https:\/\/yumicos.com\/es\/product\/wise-cosplay-outfit\/","title":{"rendered":"Wise Cosplay Costume de Zenless Zone Zero"},"content":{"rendered":"<p><img fetchpriority=\"high\" decoding=\"async\" class=\"alignnone size-full wp-image-285\" src=\"https:\/\/yumicos.com\/wp-content\/uploads\/2025\/01\/chanp.jpg\" alt=\"\" width=\"790\" height=\"92\" srcset=\"https:\/\/yumicos.com\/wp-content\/uploads\/2025\/01\/chanp.jpg 790w, https:\/\/yumicos.com\/wp-content\/uploads\/2025\/01\/chanp-300x35.jpg 300w, https:\/\/yumicos.com\/wp-content\/uploads\/2025\/01\/chanp-768x89.jpg 768w, https:\/\/yumicos.com\/wp-content\/uploads\/2025\/01\/chanp-600x70.jpg 600w\" sizes=\"(max-width: 790px) 100vw, 790px\" \/><\/p>\n<p><strong>Fuente<\/strong>: <a title=\"Zenless Zone Zero\" href=\"\/?product_cat=zenless-zone-zero-cosplay-outfits-zenless-zone-zero-character-apparel\" target=\"_blank\" rel=\"noopener\"><strong>Zenless Zona Cero<\/strong><\/a><\/p>\n<p><strong>Personaje<\/strong>: Sabio<\/p>\n<p><strong>Art\u00edculos incluidos<\/strong>: Abrigo, ropa interior, pantalones, tel\u00e9fono, cartera, accesorios de cartera.<\/p>\n<p><strong>Material<\/strong>: Poli\u00e9ster, uniforme, cuero<\/p>\n<p><strong>Instrucciones de cuidado<\/strong>: Lavar a mano en agua fr\u00eda, colgar para secar, sin lej\u00eda.<\/p>\n<p><strong>Talla:<\/strong>Tenga en cuenta que las tallas asi\u00e1ticas pueden tener una discrepancia de 1-3 cm debido a la t\u00e9cnica de medici\u00f3n.<\/p>\n<p><strong>Punta:<\/strong> 1CM \u2248 0.39Inch<\/p>\n<p><img decoding=\"async\" class=\"alignnone wp-image-806\" src=\"https:\/\/yumicos.com\/wp-content\/uploads\/2025\/02\/6-6-1024x973.jpg\" alt=\"\" width=\"800\" height=\"760\" srcset=\"https:\/\/yumicos.com\/wp-content\/uploads\/2025\/02\/6-6-1024x973.jpg 1024w, https:\/\/yumicos.com\/wp-content\/uploads\/2025\/02\/6-6-300x285.jpg 300w, https:\/\/yumicos.com\/wp-content\/uploads\/2025\/02\/6-6-768x730.jpg 768w, https:\/\/yumicos.com\/wp-content\/uploads\/2025\/02\/6-6-1536x1460.jpg 1536w, https:\/\/yumicos.com\/wp-content\/uploads\/2025\/02\/6-6-600x570.jpg 600w, https:\/\/yumicos.com\/wp-content\/uploads\/2025\/02\/6-6.jpg 1600w\" sizes=\"(max-width: 800px) 100vw, 800px\" \/><\/p>\n<p><img decoding=\"async\" class=\"alignnone wp-image-807\" src=\"https:\/\/yumicos.com\/wp-content\/uploads\/2025\/02\/7-6-1024x760.jpg\" alt=\"\" width=\"800\" height=\"594\" srcset=\"https:\/\/yumicos.com\/wp-content\/uploads\/2025\/02\/7-6-1024x760.jpg 1024w, https:\/\/yumicos.com\/wp-content\/uploads\/2025\/02\/7-6-300x223.jpg 300w, https:\/\/yumicos.com\/wp-content\/uploads\/2025\/02\/7-6-768x570.jpg 768w, https:\/\/yumicos.com\/wp-content\/uploads\/2025\/02\/7-6-1536x1140.jpg 1536w, https:\/\/yumicos.com\/wp-content\/uploads\/2025\/02\/7-6-600x446.jpg 600w, https:\/\/yumicos.com\/wp-content\/uploads\/2025\/02\/7-6.jpg 1600w\" sizes=\"(max-width: 800px) 100vw, 800px\" \/><\/p>\n<p><img loading=\"lazy\" decoding=\"async\" class=\"alignnone wp-image-808\" src=\"https:\/\/yumicos.com\/wp-content\/uploads\/2025\/02\/8-6-1024x815.jpg\" alt=\"\" width=\"800\" height=\"637\" srcset=\"https:\/\/yumicos.com\/wp-content\/uploads\/2025\/02\/8-6-1024x815.jpg 1024w, https:\/\/yumicos.com\/wp-content\/uploads\/2025\/02\/8-6-300x239.jpg 300w, https:\/\/yumicos.com\/wp-content\/uploads\/2025\/02\/8-6-768x612.jpg 768w, https:\/\/yumicos.com\/wp-content\/uploads\/2025\/02\/8-6-1536x1223.jpg 1536w, https:\/\/yumicos.com\/wp-content\/uploads\/2025\/02\/8-6-600x478.jpg 600w, https:\/\/yumicos.com\/wp-content\/uploads\/2025\/02\/8-6.jpg 1600w\" sizes=\"(max-width: 800px) 100vw, 800px\" \/><\/p>\n<p><img loading=\"lazy\" decoding=\"async\" class=\" wp-image-809\" src=\"https:\/\/yumicos.com\/wp-content\/uploads\/2025\/02\/9-2.jpg\" alt=\"Front view of the Wise cosplay costume from Zenless Zone Zero. \" width=\"800\" height=\"1389\" srcset=\"https:\/\/yumicos.com\/wp-content\/uploads\/2025\/02\/9-2.jpg 1106w, https:\/\/yumicos.com\/wp-content\/uploads\/2025\/02\/9-2-173x300.jpg 173w, https:\/\/yumicos.com\/wp-content\/uploads\/2025\/02\/9-2-590x1024.jpg 590w, https:\/\/yumicos.com\/wp-content\/uploads\/2025\/02\/9-2-768x1333.jpg 768w, https:\/\/yumicos.com\/wp-content\/uploads\/2025\/02\/9-2-885x1536.jpg 885w, https:\/\/yumicos.com\/wp-content\/uploads\/2025\/02\/9-2-600x1042.jpg 600w\" sizes=\"(max-width: 800px) 100vw, 800px\" \/><\/p>\n<p><img loading=\"lazy\" decoding=\"async\" class=\" wp-image-810\" src=\"https:\/\/yumicos.com\/wp-content\/uploads\/2025\/02\/11-2.jpg\" alt=\"Back view of the Wise cosplay costume, highlighting its design. \" width=\"800\" height=\"1212\" srcset=\"https:\/\/yumicos.com\/wp-content\/uploads\/2025\/02\/11-2.jpg 1267w, https:\/\/yumicos.com\/wp-content\/uploads\/2025\/02\/11-2-198x300.jpg 198w, https:\/\/yumicos.com\/wp-content\/uploads\/2025\/02\/11-2-676x1024.jpg 676w, https:\/\/yumicos.com\/wp-content\/uploads\/2025\/02\/11-2-768x1164.jpg 768w, https:\/\/yumicos.com\/wp-content\/uploads\/2025\/02\/11-2-1014x1536.jpg 1014w, https:\/\/yumicos.com\/wp-content\/uploads\/2025\/02\/11-2-600x909.jpg 600w\" sizes=\"(max-width: 800px) 100vw, 800px\" \/><\/p>\n<p><img loading=\"lazy\" decoding=\"async\" class=\" wp-image-812\" src=\"https:\/\/yumicos.com\/wp-content\/uploads\/2025\/02\/13-1.jpg\" alt=\"Back view of the Wise cosplay costume, highlighting its design. \" width=\"800\" height=\"1220\" srcset=\"https:\/\/yumicos.com\/wp-content\/uploads\/2025\/02\/13-1.jpg 1259w, https:\/\/yumicos.com\/wp-content\/uploads\/2025\/02\/13-1-197x300.jpg 197w, https:\/\/yumicos.com\/wp-content\/uploads\/2025\/02\/13-1-671x1024.jpg 671w, https:\/\/yumicos.com\/wp-content\/uploads\/2025\/02\/13-1-768x1171.jpg 768w, https:\/\/yumicos.com\/wp-content\/uploads\/2025\/02\/13-1-1007x1536.jpg 1007w, https:\/\/yumicos.com\/wp-content\/uploads\/2025\/02\/13-1-600x915.jpg 600w\" sizes=\"(max-width: 800px) 100vw, 800px\" \/><\/p>\n<p><img loading=\"lazy\" decoding=\"async\" class=\" wp-image-811\" src=\"https:\/\/yumicos.com\/wp-content\/uploads\/2025\/02\/12-1.jpg\" alt=\"Front view of the Wise cosplay costume from Zenless Zone Zero. \" width=\"800\" height=\"1207\" srcset=\"https:\/\/yumicos.com\/wp-content\/uploads\/2025\/02\/12-1.jpg 1272w, https:\/\/yumicos.com\/wp-content\/uploads\/2025\/02\/12-1-199x300.jpg 199w, https:\/\/yumicos.com\/wp-content\/uploads\/2025\/02\/12-1-679x1024.jpg 679w, https:\/\/yumicos.com\/wp-content\/uploads\/2025\/02\/12-1-768x1159.jpg 768w, https:\/\/yumicos.com\/wp-content\/uploads\/2025\/02\/12-1-1018x1536.jpg 1018w, https:\/\/yumicos.com\/wp-content\/uploads\/2025\/02\/12-1-600x905.jpg 600w\" sizes=\"(max-width: 800px) 100vw, 800px\" \/><\/p>\n<p><img loading=\"lazy\" decoding=\"async\" class=\" wp-image-813\" src=\"https:\/\/yumicos.com\/wp-content\/uploads\/2025\/02\/14-1024x883.jpg\" alt=\"Wise Cosplay Costume Detail View \u2013 Zenless Zone Zero\" width=\"800\" height=\"690\" srcset=\"https:\/\/yumicos.com\/wp-content\/uploads\/2025\/02\/14-1024x883.jpg 1024w, https:\/\/yumicos.com\/wp-content\/uploads\/2025\/02\/14-300x259.jpg 300w, https:\/\/yumicos.com\/wp-content\/uploads\/2025\/02\/14-768x662.jpg 768w, https:\/\/yumicos.com\/wp-content\/uploads\/2025\/02\/14-1536x1325.jpg 1536w, https:\/\/yumicos.com\/wp-content\/uploads\/2025\/02\/14-600x518.jpg 600w, https:\/\/yumicos.com\/wp-content\/uploads\/2025\/02\/14.jpg 1600w\" sizes=\"(max-width: 800px) 100vw, 800px\" \/><\/p>\n<p><img loading=\"lazy\" decoding=\"async\" class=\" wp-image-814\" src=\"https:\/\/yumicos.com\/wp-content\/uploads\/2025\/02\/15-1024x1021.jpg\" alt=\"Wise Cosplay Costume Detail View\" width=\"800\" height=\"798\" srcset=\"https:\/\/yumicos.com\/wp-content\/uploads\/2025\/02\/15-1024x1021.jpg 1024w, https:\/\/yumicos.com\/wp-content\/uploads\/2025\/02\/15-300x300.jpg 300w, https:\/\/yumicos.com\/wp-content\/uploads\/2025\/02\/15-150x150.jpg 150w, https:\/\/yumicos.com\/wp-content\/uploads\/2025\/02\/15-768x766.jpg 768w, https:\/\/yumicos.com\/wp-content\/uploads\/2025\/02\/15-1536x1532.jpg 1536w, https:\/\/yumicos.com\/wp-content\/uploads\/2025\/02\/15-600x599.jpg 600w, https:\/\/yumicos.com\/wp-content\/uploads\/2025\/02\/15-100x100.jpg 100w, https:\/\/yumicos.com\/wp-content\/uploads\/2025\/02\/15-50x50.jpg 50w, https:\/\/yumicos.com\/wp-content\/uploads\/2025\/02\/15.jpg 1600w\" sizes=\"(max-width: 800px) 100vw, 800px\" \/><\/p>\n<p><img loading=\"lazy\" decoding=\"async\" class=\" wp-image-815\" src=\"https:\/\/yumicos.com\/wp-content\/uploads\/2025\/02\/16-1-1024x701.jpg\" alt=\"Wise Cosplay Costume Detail View \u2013 Zenless Zone Zero\" width=\"800\" height=\"548\" srcset=\"https:\/\/yumicos.com\/wp-content\/uploads\/2025\/02\/16-1-1024x701.jpg 1024w, https:\/\/yumicos.com\/wp-content\/uploads\/2025\/02\/16-1-300x206.jpg 300w, https:\/\/yumicos.com\/wp-content\/uploads\/2025\/02\/16-1-768x526.jpg 768w, https:\/\/yumicos.com\/wp-content\/uploads\/2025\/02\/16-1-1536x1052.jpg 1536w, https:\/\/yumicos.com\/wp-content\/uploads\/2025\/02\/16-1-600x411.jpg 600w, https:\/\/yumicos.com\/wp-content\/uploads\/2025\/02\/16-1.jpg 1600w\" sizes=\"(max-width: 800px) 100vw, 800px\" \/><\/p>\n<p><img loading=\"lazy\" decoding=\"async\" class=\" wp-image-816\" src=\"https:\/\/yumicos.com\/wp-content\/uploads\/2025\/02\/17.jpg\" alt=\"Wise Cosplay Costume Detail View \u2013 Zenless Zone Zero\" width=\"800\" height=\"1149\" srcset=\"https:\/\/yumicos.com\/wp-content\/uploads\/2025\/02\/17.jpg 1337w, https:\/\/yumicos.com\/wp-content\/uploads\/2025\/02\/17-209x300.jpg 209w, https:\/\/yumicos.com\/wp-content\/uploads\/2025\/02\/17-713x1024.jpg 713w, https:\/\/yumicos.com\/wp-content\/uploads\/2025\/02\/17-768x1103.jpg 768w, https:\/\/yumicos.com\/wp-content\/uploads\/2025\/02\/17-1070x1536.jpg 1070w, https:\/\/yumicos.com\/wp-content\/uploads\/2025\/02\/17-600x862.jpg 600w\" sizes=\"(max-width: 800px) 100vw, 800px\" \/><\/p>\n<p><img loading=\"lazy\" decoding=\"async\" class=\" wp-image-817\" src=\"https:\/\/yumicos.com\/wp-content\/uploads\/2025\/02\/18.jpg\" alt=\"Wise Cosplay Costume Detail View \u2013 Zenless Zone Zero\" width=\"800\" height=\"1188\" srcset=\"https:\/\/yumicos.com\/wp-content\/uploads\/2025\/02\/18.jpg 1293w, https:\/\/yumicos.com\/wp-content\/uploads\/2025\/02\/18-202x300.jpg 202w, https:\/\/yumicos.com\/wp-content\/uploads\/2025\/02\/18-690x1024.jpg 690w, https:\/\/yumicos.com\/wp-content\/uploads\/2025\/02\/18-768x1140.jpg 768w, https:\/\/yumicos.com\/wp-content\/uploads\/2025\/02\/18-1034x1536.jpg 1034w, https:\/\/yumicos.com\/wp-content\/uploads\/2025\/02\/18-600x891.jpg 600w\" sizes=\"(max-width: 800px) 100vw, 800px\" \/><\/p>\n","protected":false},"excerpt":{"rendered":"<p data-start=\"557\" data-end=\"752\">Ad\u00e9ntrate en el mundo de Zenless Zone Zero con el disfraz de Wise. Dise\u00f1ado con detalles intrincados, este traje de alta calidad es perfecto para cualquier evento de cosplay o reuni\u00f3n de fans.<\/p>\n","protected":false},"featured_media":9010,"comment_status":"open","ping_status":"closed","template":"","meta":{"_acf_changed":false,"_monsterinsights_skip_tracking":false,"_monsterinsights_sitenote_active":false,"_monsterinsights_sitenote_note":"","_monsterinsights_sitenote_category":0,"site-sidebar-layout":"default","site-content-layout":"","ast-site-content-layout":"default","site-content-style":"default","site-sidebar-style":"default","ast-global-header-display":"","ast-banner-title-visibility":"","ast-main-header-display":"","ast-hfb-above-header-display":"","ast-hfb-below-header-display":"","ast-hfb-mobile-header-display":"","site-post-title":"","ast-breadcrumbs-content":"","ast-featured-img":"","footer-sml-layout":"","theme-transparent-header-meta":"default","adv-header-id-meta":"","stick-header-meta":"default","header-above-stick-meta":"","header-main-stick-meta":"","header-below-stick-meta":"","astra-migrate-meta-layouts":"default","ast-page-background-enabled":"default","ast-page-background-meta":{"desktop":{"background-color":"var(--ast-global-color-4)","background-image":"","background-repeat":"repeat","background-position":"center center","background-size":"auto","background-attachment":"scroll","background-type":"","background-media":"","overlay-type":"","overlay-color":"","overlay-opacity":"","overlay-gradient":""},"tablet":{"background-color":"","background-image":"","background-repeat":"repeat","background-position":"center center","background-size":"auto","background-attachment":"scroll","background-type":"","background-media":"","overlay-type":"","overlay-color":"","overlay-opacity":"","overlay-gradient":""},"mobile":{"background-color":"","background-image":"","background-repeat":"repeat","background-position":"center center","background-size":"auto","background-attachment":"scroll","background-type":"","background-media":"","overlay-type":"","overlay-color":"","overlay-opacity":"","overlay-gradient":""}},"ast-content-background-meta":{"desktop":{"background-color":"var(--ast-global-color-5)","background-image":"","background-repeat":"repeat","background-position":"center center","background-size":"auto","background-attachment":"scroll","background-type":"","background-media":"","overlay-type":"","overlay-color":"","overlay-opacity":"","overlay-gradient":""},"tablet":{"background-color":"var(--ast-global-color-5)","background-image":"","background-repeat":"repeat","background-position":"center center","background-size":"auto","background-attachment":"scroll","background-type":"","background-media":"","overlay-type":"","overlay-color":"","overlay-opacity":"","overlay-gradient":""},"mobile":{"background-color":"var(--ast-global-color-5)","background-image":"","background-repeat":"repeat","background-position":"center center","background-size":"auto","background-attachment":"scroll","background-type":"","background-media":"","overlay-type":"","overlay-color":"","overlay-opacity":"","overlay-gradient":""}}},"product_brand":[],"product_cat":[112,287],"product_tag":[],"class_list":{"0":"post-33982","1":"product","2":"type-product","3":"status-publish","4":"has-post-thumbnail","6":"product_cat-game-cosplay","7":"product_cat-zenless-zone-zero-cosplay","8":"desktop-align-left","9":"tablet-align-left","10":"mobile-align-left","11":"ast-product-gallery-layout-horizontal-slider","12":"ast-product-single-variable","13":"ast-product-tabs-layout-horizontal","15":"first","16":"instock","17":"purchasable","18":"product-type-variable"},"acf":[],"aioseo_notices":[],"_links":{"self":[{"href":"https:\/\/yumicos.com\/es\/wp-json\/wp\/v2\/product\/33982","targetHints":{"allow":["GET"]}}],"collection":[{"href":"https:\/\/yumicos.com\/es\/wp-json\/wp\/v2\/product"}],"about":[{"href":"https:\/\/yumicos.com\/es\/wp-json\/wp\/v2\/types\/product"}],"replies":[{"embeddable":true,"href":"https:\/\/yumicos.com\/es\/wp-json\/wp\/v2\/comments?post=33982"}],"wp:featuredmedia":[{"embeddable":true,"href":"https:\/\/yumicos.com\/es\/wp-json\/wp\/v2\/media\/9010"}],"wp:attachment":[{"href":"https:\/\/yumicos.com\/es\/wp-json\/wp\/v2\/media?parent=33982"}],"wp:term":[{"taxonomy":"product_brand","embeddable":true,"href":"https:\/\/yumicos.com\/es\/wp-json\/wp\/v2\/product_brand?post=33982"},{"taxonomy":"product_cat","embeddable":true,"href":"https:\/\/yumicos.com\/es\/wp-json\/wp\/v2\/product_cat?post=33982"},{"taxonomy":"product_tag","embeddable":true,"href":"https:\/\/yumicos.com\/es\/wp-json\/wp\/v2\/product_tag?post=33982"}],"curies":[{"name":"wp","href":"https:\/\/api.w.org\/{rel}","templated":true}]}}