{"id":33553,"date":"2025-03-03T16:18:19","date_gmt":"2025-03-03T16:18:19","guid":{"rendered":"https:\/\/yumicos.com\/product\/conjunto-de-disfraz-de-costurera-gwen-de-league-of-legends-the-hallowed-seamstress\/"},"modified":"2025-10-22T08:47:27","modified_gmt":"2025-10-22T08:47:27","slug":"gwen-league-of-legends-cosplay-costume","status":"publish","type":"product","link":"https:\/\/yumicos.com\/es\/product\/gwen-league-of-legends-cosplay-costume\/","title":{"rendered":"Conjunto de disfraz de costurera Gwen de League of Legends The Hallowed Seamstress"},"content":{"rendered":"<p><img fetchpriority=\"high\" decoding=\"async\" class=\"alignnone size-full wp-image-285\" src=\"https:\/\/yumicos.com\/wp-content\/uploads\/2025\/01\/chanp.jpg\" alt=\"\" width=\"790\" height=\"92\" srcset=\"https:\/\/yumicos.com\/wp-content\/uploads\/2025\/01\/chanp.jpg 790w, https:\/\/yumicos.com\/wp-content\/uploads\/2025\/01\/chanp-300x35.jpg 300w, https:\/\/yumicos.com\/wp-content\/uploads\/2025\/01\/chanp-768x89.jpg 768w, https:\/\/yumicos.com\/wp-content\/uploads\/2025\/01\/chanp-600x70.jpg 600w\" sizes=\"(max-width: 790px) 100vw, 790px\" \/><\/p>\n<p><strong>Fuente<\/strong>: <strong>Fuente<\/strong>: <a href=\"https:\/\/yumicos.com\/es\/product-category\/game-cosplay\/league-of-legends-cosplay\/\">League of Legends<\/a><\/p>\n<p><strong>Personaje<\/strong>: La Santificada Costurera Gwen<\/p>\n<p><strong>Incluye<\/strong>: Vestido, guantes, polis\u00f3n, polainas, tocado, medias, decoraci\u00f3n de cintura<\/p>\n<p><strong>Material<\/strong>: Poli\u00e9ster, cuero<\/p>\n<p><strong>Instrucciones de cuidado<\/strong>: Lavar a mano en agua fr\u00eda, colgar para secar, sin lej\u00eda<\/p>\n<p><strong>Talla:<\/strong>Tenga en cuenta que las tallas asi\u00e1ticas pueden tener una discrepancia de 1-3 cm debido a la t\u00e9cnica de medici\u00f3n.<\/p>\n<p><strong>Punta:<\/strong> 1CM \u2248 0.39Inch<\/p>\n<p><img decoding=\"async\" class=\"alignnone size-full wp-image-288\" src=\"https:\/\/yumicos.com\/wp-content\/uploads\/2025\/01\/shiwuzhanshi.jpg\" alt=\"\" width=\"790\" height=\"92\" srcset=\"https:\/\/yumicos.com\/wp-content\/uploads\/2025\/01\/shiwuzhanshi.jpg 790w, https:\/\/yumicos.com\/wp-content\/uploads\/2025\/01\/shiwuzhanshi-300x35.jpg 300w, https:\/\/yumicos.com\/wp-content\/uploads\/2025\/01\/shiwuzhanshi-768x89.jpg 768w, https:\/\/yumicos.com\/wp-content\/uploads\/2025\/01\/shiwuzhanshi-600x70.jpg 600w\" sizes=\"(max-width: 790px) 100vw, 790px\" \/><\/p>\n<p><img decoding=\"async\" class=\"size-full wp-image-1205\" src=\"https:\/\/yumicos.com\/wp-content\/uploads\/2025\/03\/2.jpg\" alt=\"Front view of Gwen Cosplay Costume from League of Legends\" width=\"750\" height=\"714\" srcset=\"https:\/\/yumicos.com\/wp-content\/uploads\/2025\/03\/2.jpg 750w, https:\/\/yumicos.com\/wp-content\/uploads\/2025\/03\/2-300x286.jpg 300w, https:\/\/yumicos.com\/wp-content\/uploads\/2025\/03\/2-600x571.jpg 600w\" sizes=\"(max-width: 750px) 100vw, 750px\" \/><\/p>\n<p><img loading=\"lazy\" decoding=\"async\" class=\"alignnone size-full wp-image-287\" src=\"https:\/\/yumicos.com\/wp-content\/uploads\/2025\/01\/xijie.jpg\" alt=\"\" width=\"790\" height=\"92\" srcset=\"https:\/\/yumicos.com\/wp-content\/uploads\/2025\/01\/xijie.jpg 790w, https:\/\/yumicos.com\/wp-content\/uploads\/2025\/01\/xijie-300x35.jpg 300w, https:\/\/yumicos.com\/wp-content\/uploads\/2025\/01\/xijie-768x89.jpg 768w, https:\/\/yumicos.com\/wp-content\/uploads\/2025\/01\/xijie-600x70.jpg 600w\" sizes=\"(max-width: 790px) 100vw, 790px\" \/><\/p>\n<p><img loading=\"lazy\" decoding=\"async\" class=\"size-full wp-image-1211\" src=\"https:\/\/yumicos.com\/wp-content\/uploads\/2025\/03\/7.png\" alt=\"Close-up details of Gwen Cosplay Costume\" width=\"750\" height=\"750\" srcset=\"https:\/\/yumicos.com\/wp-content\/uploads\/2025\/03\/7.png 750w, https:\/\/yumicos.com\/wp-content\/uploads\/2025\/03\/7-300x300.png 300w, https:\/\/yumicos.com\/wp-content\/uploads\/2025\/03\/7-150x150.png 150w, https:\/\/yumicos.com\/wp-content\/uploads\/2025\/03\/7-600x600.png 600w, https:\/\/yumicos.com\/wp-content\/uploads\/2025\/03\/7-100x100.png 100w, https:\/\/yumicos.com\/wp-content\/uploads\/2025\/03\/7-50x50.png 50w\" sizes=\"(max-width: 750px) 100vw, 750px\" \/><\/p>\n<p><img loading=\"lazy\" decoding=\"async\" class=\"size-full wp-image-1212\" src=\"https:\/\/yumicos.com\/wp-content\/uploads\/2025\/03\/8.png\" alt=\"Close-up details of Gwen Cosplay Costume\" width=\"750\" height=\"750\" srcset=\"https:\/\/yumicos.com\/wp-content\/uploads\/2025\/03\/8.png 750w, https:\/\/yumicos.com\/wp-content\/uploads\/2025\/03\/8-300x300.png 300w, https:\/\/yumicos.com\/wp-content\/uploads\/2025\/03\/8-150x150.png 150w, https:\/\/yumicos.com\/wp-content\/uploads\/2025\/03\/8-600x600.png 600w, https:\/\/yumicos.com\/wp-content\/uploads\/2025\/03\/8-100x100.png 100w, https:\/\/yumicos.com\/wp-content\/uploads\/2025\/03\/8-50x50.png 50w\" sizes=\"(max-width: 750px) 100vw, 750px\" \/><\/p>\n<p><img loading=\"lazy\" decoding=\"async\" class=\"size-full wp-image-1213\" src=\"https:\/\/yumicos.com\/wp-content\/uploads\/2025\/03\/9.png\" alt=\"Close-up details of Gwen Cosplay Costume\" width=\"750\" height=\"750\" srcset=\"https:\/\/yumicos.com\/wp-content\/uploads\/2025\/03\/9.png 750w, https:\/\/yumicos.com\/wp-content\/uploads\/2025\/03\/9-300x300.png 300w, https:\/\/yumicos.com\/wp-content\/uploads\/2025\/03\/9-150x150.png 150w, https:\/\/yumicos.com\/wp-content\/uploads\/2025\/03\/9-600x600.png 600w, https:\/\/yumicos.com\/wp-content\/uploads\/2025\/03\/9-100x100.png 100w, https:\/\/yumicos.com\/wp-content\/uploads\/2025\/03\/9-50x50.png 50w\" sizes=\"(max-width: 750px) 100vw, 750px\" \/><\/p>\n<p><img loading=\"lazy\" decoding=\"async\" class=\"size-full wp-image-1214\" src=\"https:\/\/yumicos.com\/wp-content\/uploads\/2025\/03\/10-1.png\" alt=\"Close-up details of Gwen Cosplay Costume\" width=\"750\" height=\"750\" srcset=\"https:\/\/yumicos.com\/wp-content\/uploads\/2025\/03\/10-1.png 750w, https:\/\/yumicos.com\/wp-content\/uploads\/2025\/03\/10-1-300x300.png 300w, https:\/\/yumicos.com\/wp-content\/uploads\/2025\/03\/10-1-150x150.png 150w, https:\/\/yumicos.com\/wp-content\/uploads\/2025\/03\/10-1-600x600.png 600w, https:\/\/yumicos.com\/wp-content\/uploads\/2025\/03\/10-1-100x100.png 100w, https:\/\/yumicos.com\/wp-content\/uploads\/2025\/03\/10-1-50x50.png 50w\" sizes=\"(max-width: 750px) 100vw, 750px\" \/><\/p>\n","protected":false},"excerpt":{"rendered":"<p>Replica fielmente el atuendo de Gwen The Hallowed Seamstress de League of Legends<\/p>\n","protected":false},"featured_media":9730,"comment_status":"open","ping_status":"closed","template":"","meta":{"_acf_changed":false,"_monsterinsights_skip_tracking":false,"_monsterinsights_sitenote_active":false,"_monsterinsights_sitenote_note":"","_monsterinsights_sitenote_category":0,"site-sidebar-layout":"default","site-content-layout":"","ast-site-content-layout":"default","site-content-style":"default","site-sidebar-style":"default","ast-global-header-display":"","ast-banner-title-visibility":"","ast-main-header-display":"","ast-hfb-above-header-display":"","ast-hfb-below-header-display":"","ast-hfb-mobile-header-display":"","site-post-title":"","ast-breadcrumbs-content":"","ast-featured-img":"","footer-sml-layout":"","theme-transparent-header-meta":"default","adv-header-id-meta":"","stick-header-meta":"default","header-above-stick-meta":"","header-main-stick-meta":"","header-below-stick-meta":"","astra-migrate-meta-layouts":"default","ast-page-background-enabled":"default","ast-page-background-meta":{"desktop":{"background-color":"var(--ast-global-color-4)","background-image":"","background-repeat":"repeat","background-position":"center center","background-size":"auto","background-attachment":"scroll","background-type":"","background-media":"","overlay-type":"","overlay-color":"","overlay-opacity":"","overlay-gradient":""},"tablet":{"background-color":"","background-image":"","background-repeat":"repeat","background-position":"center center","background-size":"auto","background-attachment":"scroll","background-type":"","background-media":"","overlay-type":"","overlay-color":"","overlay-opacity":"","overlay-gradient":""},"mobile":{"background-color":"","background-image":"","background-repeat":"repeat","background-position":"center center","background-size":"auto","background-attachment":"scroll","background-type":"","background-media":"","overlay-type":"","overlay-color":"","overlay-opacity":"","overlay-gradient":""}},"ast-content-background-meta":{"desktop":{"background-color":"var(--ast-global-color-5)","background-image":"","background-repeat":"repeat","background-position":"center center","background-size":"auto","background-attachment":"scroll","background-type":"","background-media":"","overlay-type":"","overlay-color":"","overlay-opacity":"","overlay-gradient":""},"tablet":{"background-color":"var(--ast-global-color-5)","background-image":"","background-repeat":"repeat","background-position":"center center","background-size":"auto","background-attachment":"scroll","background-type":"","background-media":"","overlay-type":"","overlay-color":"","overlay-opacity":"","overlay-gradient":""},"mobile":{"background-color":"var(--ast-global-color-5)","background-image":"","background-repeat":"repeat","background-position":"center center","background-size":"auto","background-attachment":"scroll","background-type":"","background-media":"","overlay-type":"","overlay-color":"","overlay-opacity":"","overlay-gradient":""}}},"product_brand":[],"product_cat":[112,319],"product_tag":[],"class_list":{"0":"post-33553","1":"product","2":"type-product","3":"status-publish","4":"has-post-thumbnail","6":"product_cat-game-cosplay","7":"product_cat-league-of-legends-cosplay","8":"desktop-align-left","9":"tablet-align-left","10":"mobile-align-left","11":"ast-product-gallery-layout-horizontal-slider","12":"ast-product-single-variable","13":"ast-product-tabs-layout-horizontal","15":"first","16":"instock","17":"purchasable","18":"product-type-variable"},"acf":[],"aioseo_notices":[],"_links":{"self":[{"href":"https:\/\/yumicos.com\/es\/wp-json\/wp\/v2\/product\/33553","targetHints":{"allow":["GET"]}}],"collection":[{"href":"https:\/\/yumicos.com\/es\/wp-json\/wp\/v2\/product"}],"about":[{"href":"https:\/\/yumicos.com\/es\/wp-json\/wp\/v2\/types\/product"}],"replies":[{"embeddable":true,"href":"https:\/\/yumicos.com\/es\/wp-json\/wp\/v2\/comments?post=33553"}],"wp:featuredmedia":[{"embeddable":true,"href":"https:\/\/yumicos.com\/es\/wp-json\/wp\/v2\/media\/9730"}],"wp:attachment":[{"href":"https:\/\/yumicos.com\/es\/wp-json\/wp\/v2\/media?parent=33553"}],"wp:term":[{"taxonomy":"product_brand","embeddable":true,"href":"https:\/\/yumicos.com\/es\/wp-json\/wp\/v2\/product_brand?post=33553"},{"taxonomy":"product_cat","embeddable":true,"href":"https:\/\/yumicos.com\/es\/wp-json\/wp\/v2\/product_cat?post=33553"},{"taxonomy":"product_tag","embeddable":true,"href":"https:\/\/yumicos.com\/es\/wp-json\/wp\/v2\/product_tag?post=33553"}],"curies":[{"name":"wp","href":"https:\/\/api.w.org\/{rel}","templated":true}]}}