{"id":32080,"date":"2025-03-20T10:48:02","date_gmt":"2025-03-20T10:48:02","guid":{"rendered":"https:\/\/yumicos.com\/product\/peluca-cosplay-hu-tao-peluca-para-cosplay-inspirada-en-genshin-impact\/"},"modified":"2025-03-20T10:48:02","modified_gmt":"2025-03-20T10:48:02","slug":"hu-tao-cosplay-wig","status":"publish","type":"product","link":"https:\/\/yumicos.com\/es\/product\/hu-tao-cosplay-wig\/","title":{"rendered":"Peluca Cosplay Hu Tao &#8211; Peluca para Cosplay inspirada en Genshin Impact"},"content":{"rendered":"<figure id=\"attachment_1666\" aria-describedby=\"caption-attachment-1666\" style=\"width: 800px\" class=\"wp-caption alignnone\"><img fetchpriority=\"high\" decoding=\"async\" class=\"size-full wp-image-1666\" src=\"https:\/\/yumicos.com\/wp-content\/uploads\/2025\/03\/1742467539.png\" alt=\"Hu Tao Cosplay Wig \u2013 Genshin Impact Inspired\" width=\"800\" height=\"800\" srcset=\"https:\/\/yumicos.com\/wp-content\/uploads\/2025\/03\/1742467539.png 800w, https:\/\/yumicos.com\/wp-content\/uploads\/2025\/03\/1742467539-300x300.png 300w, https:\/\/yumicos.com\/wp-content\/uploads\/2025\/03\/1742467539-150x150.png 150w, https:\/\/yumicos.com\/wp-content\/uploads\/2025\/03\/1742467539-768x768.png 768w, https:\/\/yumicos.com\/wp-content\/uploads\/2025\/03\/1742467539-70x70.png 70w, https:\/\/yumicos.com\/wp-content\/uploads\/2025\/03\/1742467539-600x600.png 600w, https:\/\/yumicos.com\/wp-content\/uploads\/2025\/03\/1742467539-100x100.png 100w, https:\/\/yumicos.com\/wp-content\/uploads\/2025\/03\/1742467539-50x50.png 50w\" sizes=\"(max-width: 800px) 100vw, 800px\" \/><figcaption id=\"caption-attachment-1666\" class=\"wp-caption-text\">Peluca Hu Tao Cosplay para eventos de cosplay<\/figcaption><\/figure>\n","protected":false},"excerpt":{"rendered":"<p>Peluca de alta calidad para cosplay de Hu Tao inspirada en <em data-start=\"188\" data-end=\"204\">Genshin Impact<\/em>. Con su caracter\u00edstico color marr\u00f3n oscuro con reflejos rojos y trenzas gemelas. Hecha de fibras resistentes al calor, f\u00e1cil de peinar y c\u00f3moda de llevar.<\/p>\n","protected":false},"featured_media":11218,"comment_status":"open","ping_status":"closed","template":"","meta":{"_acf_changed":false,"_monsterinsights_skip_tracking":false,"_monsterinsights_sitenote_active":false,"_monsterinsights_sitenote_note":"","_monsterinsights_sitenote_category":0,"site-sidebar-layout":"default","site-content-layout":"","ast-site-content-layout":"default","site-content-style":"default","site-sidebar-style":"default","ast-global-header-display":"","ast-banner-title-visibility":"","ast-main-header-display":"","ast-hfb-above-header-display":"","ast-hfb-below-header-display":"","ast-hfb-mobile-header-display":"","site-post-title":"","ast-breadcrumbs-content":"","ast-featured-img":"","footer-sml-layout":"","theme-transparent-header-meta":"default","adv-header-id-meta":"","stick-header-meta":"default","header-above-stick-meta":"","header-main-stick-meta":"","header-below-stick-meta":"","astra-migrate-meta-layouts":"default","ast-page-background-enabled":"default","ast-page-background-meta":{"desktop":{"background-color":"var(--ast-global-color-4)","background-image":"","background-repeat":"repeat","background-position":"center center","background-size":"auto","background-attachment":"scroll","background-type":"","background-media":"","overlay-type":"","overlay-color":"","overlay-opacity":"","overlay-gradient":""},"tablet":{"background-color":"","background-image":"","background-repeat":"repeat","background-position":"center center","background-size":"auto","background-attachment":"scroll","background-type":"","background-media":"","overlay-type":"","overlay-color":"","overlay-opacity":"","overlay-gradient":""},"mobile":{"background-color":"","background-image":"","background-repeat":"repeat","background-position":"center center","background-size":"auto","background-attachment":"scroll","background-type":"","background-media":"","overlay-type":"","overlay-color":"","overlay-opacity":"","overlay-gradient":""}},"ast-content-background-meta":{"desktop":{"background-color":"var(--ast-global-color-5)","background-image":"","background-repeat":"repeat","background-position":"center center","background-size":"auto","background-attachment":"scroll","background-type":"","background-media":"","overlay-type":"","overlay-color":"","overlay-opacity":"","overlay-gradient":""},"tablet":{"background-color":"var(--ast-global-color-5)","background-image":"","background-repeat":"repeat","background-position":"center center","background-size":"auto","background-attachment":"scroll","background-type":"","background-media":"","overlay-type":"","overlay-color":"","overlay-opacity":"","overlay-gradient":""},"mobile":{"background-color":"var(--ast-global-color-5)","background-image":"","background-repeat":"repeat","background-position":"center center","background-size":"auto","background-attachment":"scroll","background-type":"","background-media":"","overlay-type":"","overlay-color":"","overlay-opacity":"","overlay-gradient":""}}},"product_brand":[],"product_cat":[112,184],"product_tag":[],"class_list":{"0":"post-32080","1":"product","2":"type-product","3":"status-publish","4":"has-post-thumbnail","6":"product_cat-game-cosplay","7":"product_cat-genshin-impact-cosplay","8":"desktop-align-left","9":"tablet-align-left","10":"mobile-align-left","11":"ast-product-gallery-layout-horizontal-slider","12":"ast-product-gallery-with-no-image","13":"ast-product-tabs-layout-horizontal","15":"first","16":"instock","17":"purchasable","18":"product-type-simple"},"acf":[],"aioseo_notices":[],"_links":{"self":[{"href":"https:\/\/yumicos.com\/es\/wp-json\/wp\/v2\/product\/32080","targetHints":{"allow":["GET"]}}],"collection":[{"href":"https:\/\/yumicos.com\/es\/wp-json\/wp\/v2\/product"}],"about":[{"href":"https:\/\/yumicos.com\/es\/wp-json\/wp\/v2\/types\/product"}],"replies":[{"embeddable":true,"href":"https:\/\/yumicos.com\/es\/wp-json\/wp\/v2\/comments?post=32080"}],"wp:featuredmedia":[{"embeddable":true,"href":"https:\/\/yumicos.com\/es\/wp-json\/wp\/v2\/media\/11218"}],"wp:attachment":[{"href":"https:\/\/yumicos.com\/es\/wp-json\/wp\/v2\/media?parent=32080"}],"wp:term":[{"taxonomy":"product_brand","embeddable":true,"href":"https:\/\/yumicos.com\/es\/wp-json\/wp\/v2\/product_brand?post=32080"},{"taxonomy":"product_cat","embeddable":true,"href":"https:\/\/yumicos.com\/es\/wp-json\/wp\/v2\/product_cat?post=32080"},{"taxonomy":"product_tag","embeddable":true,"href":"https:\/\/yumicos.com\/es\/wp-json\/wp\/v2\/product_tag?post=32080"}],"curies":[{"name":"wp","href":"https:\/\/api.w.org\/{rel}","templated":true}]}}