{"id":31620,"date":"2025-03-24T07:25:55","date_gmt":"2025-03-24T07:25:55","guid":{"rendered":"https:\/\/yumicos.com\/product\/yumicos-mizii-cosplay-costume-official-inspired-outfit-for-fans\/"},"modified":"2025-10-19T16:22:16","modified_gmt":"2025-10-19T16:22:16","slug":"yumicos-mizii-cosplay-costume-official-inspired-outfit-for-fans","status":"publish","type":"product","link":"https:\/\/yumicos.com\/es\/product\/yumicos-mizii-cosplay-costume-official-inspired-outfit-for-fans\/","title":{"rendered":"YumiCos Mizii Cosplay Costume &#8211; Official Inspired Outfit for Fans"},"content":{"rendered":"<p><img fetchpriority=\"high\" decoding=\"async\" class=\"alignnone size-full wp-image-285\" src=\"https:\/\/yumicos.com\/wp-content\/uploads\/2025\/01\/chanp.jpg\" alt=\"\" width=\"790\" height=\"92\" srcset=\"https:\/\/yumicos.com\/wp-content\/uploads\/2025\/01\/chanp.jpg 790w, https:\/\/yumicos.com\/wp-content\/uploads\/2025\/01\/chanp-300x35.jpg 300w, https:\/\/yumicos.com\/wp-content\/uploads\/2025\/01\/chanp-768x89.jpg 768w, https:\/\/yumicos.com\/wp-content\/uploads\/2025\/01\/chanp-600x70.jpg 600w\" sizes=\"(max-width: 790px) 100vw, 790px\" \/><\/p>\n<p><strong>Personaje<\/strong>: Mizii<\/p>\n<p><strong>Incluye<\/strong>: Falda,Cintur\u00f3n,Guantes,Calcetines<\/p>\n<p data-start=\"0\" data-end=\"105\"><strong data-start=\"0\" data-end=\"13\">Material:<\/strong> Hecho de poli\u00e9ster de alta calidad y piel sint\u00e9tica para un ajuste c\u00f3modo y duradero.<\/p>\n<p data-start=\"107\" data-end=\"204\"><strong data-start=\"107\" data-end=\"129\">Instrucciones de cuidado:<\/strong> Lavar a mano en agua fr\u00eda, evitar la lej\u00eda y colgar para secar para obtener mejores resultados.<\/p>\n<p data-start=\"206\" data-end=\"319\"><strong data-start=\"206\" data-end=\"215\">Talla:<\/strong> Tenga en cuenta que el tallaje sigue los est\u00e1ndares asi\u00e1ticos y puede variar entre 1 y 3 cm debido a la medici\u00f3n manual.<\/p>\n<p data-start=\"321\" data-end=\"347\" data-is-last-node=\"\" data-is-only-node=\"\"><strong data-start=\"321\" data-end=\"329\">Punta:<\/strong> 1 cm \u2248 0,39 pulgadas.<\/p>\n<p data-start=\"321\" data-end=\"347\" data-is-last-node=\"\" data-is-only-node=\"\"><img decoding=\"async\" class=\"alignnone size-full wp-image-287\" src=\"https:\/\/yumicos.com\/wp-content\/uploads\/2025\/01\/xijie.jpg\" alt=\"\" width=\"790\" height=\"92\" srcset=\"https:\/\/yumicos.com\/wp-content\/uploads\/2025\/01\/xijie.jpg 790w, https:\/\/yumicos.com\/wp-content\/uploads\/2025\/01\/xijie-300x35.jpg 300w, https:\/\/yumicos.com\/wp-content\/uploads\/2025\/01\/xijie-768x89.jpg 768w, https:\/\/yumicos.com\/wp-content\/uploads\/2025\/01\/xijie-600x70.jpg 600w\" sizes=\"(max-width: 790px) 100vw, 790px\" \/><\/p>\n<p><img decoding=\"async\" class=\" wp-image-1784\" src=\"https:\/\/yumicos.com\/wp-content\/uploads\/2025\/03\/O1CN01yf0VBy1XKXb6dl2zD_3046442905-0-cib-1024x1024.jpg\" alt=\"YumiCos Mizii Cosplay Costume Close-Up Details - High-Quality Craftsmanship\" width=\"750\" height=\"750\" srcset=\"https:\/\/yumicos.com\/wp-content\/uploads\/2025\/03\/O1CN01yf0VBy1XKXb6dl2zD_3046442905-0-cib-1024x1024.jpg 1024w, https:\/\/yumicos.com\/wp-content\/uploads\/2025\/03\/O1CN01yf0VBy1XKXb6dl2zD_3046442905-0-cib-300x300.jpg 300w, https:\/\/yumicos.com\/wp-content\/uploads\/2025\/03\/O1CN01yf0VBy1XKXb6dl2zD_3046442905-0-cib-150x150.jpg 150w, https:\/\/yumicos.com\/wp-content\/uploads\/2025\/03\/O1CN01yf0VBy1XKXb6dl2zD_3046442905-0-cib-768x768.jpg 768w, https:\/\/yumicos.com\/wp-content\/uploads\/2025\/03\/O1CN01yf0VBy1XKXb6dl2zD_3046442905-0-cib-1536x1536.jpg 1536w, https:\/\/yumicos.com\/wp-content\/uploads\/2025\/03\/O1CN01yf0VBy1XKXb6dl2zD_3046442905-0-cib-70x70.jpg 70w, https:\/\/yumicos.com\/wp-content\/uploads\/2025\/03\/O1CN01yf0VBy1XKXb6dl2zD_3046442905-0-cib-600x600.jpg 600w, https:\/\/yumicos.com\/wp-content\/uploads\/2025\/03\/O1CN01yf0VBy1XKXb6dl2zD_3046442905-0-cib-100x100.jpg 100w, https:\/\/yumicos.com\/wp-content\/uploads\/2025\/03\/O1CN01yf0VBy1XKXb6dl2zD_3046442905-0-cib-50x50.jpg 50w, https:\/\/yumicos.com\/wp-content\/uploads\/2025\/03\/O1CN01yf0VBy1XKXb6dl2zD_3046442905-0-cib.jpg 1920w\" sizes=\"(max-width: 750px) 100vw, 750px\" \/><\/p>\n<p><img loading=\"lazy\" decoding=\"async\" class=\" wp-image-1786\" src=\"https:\/\/yumicos.com\/wp-content\/uploads\/2025\/03\/O1CN01ygZ6us1XKXb49URbg_3046442905-0-cib-1024x1024.jpg\" alt=\"YumiCos Mizii Cosplay Costume Close-Up Details - High-Quality Craftsmanship\" width=\"750\" height=\"750\" srcset=\"https:\/\/yumicos.com\/wp-content\/uploads\/2025\/03\/O1CN01ygZ6us1XKXb49URbg_3046442905-0-cib-1024x1024.jpg 1024w, https:\/\/yumicos.com\/wp-content\/uploads\/2025\/03\/O1CN01ygZ6us1XKXb49URbg_3046442905-0-cib-300x300.jpg 300w, https:\/\/yumicos.com\/wp-content\/uploads\/2025\/03\/O1CN01ygZ6us1XKXb49URbg_3046442905-0-cib-150x150.jpg 150w, https:\/\/yumicos.com\/wp-content\/uploads\/2025\/03\/O1CN01ygZ6us1XKXb49URbg_3046442905-0-cib-768x768.jpg 768w, https:\/\/yumicos.com\/wp-content\/uploads\/2025\/03\/O1CN01ygZ6us1XKXb49URbg_3046442905-0-cib-1536x1536.jpg 1536w, https:\/\/yumicos.com\/wp-content\/uploads\/2025\/03\/O1CN01ygZ6us1XKXb49URbg_3046442905-0-cib-70x70.jpg 70w, https:\/\/yumicos.com\/wp-content\/uploads\/2025\/03\/O1CN01ygZ6us1XKXb49URbg_3046442905-0-cib-600x600.jpg 600w, https:\/\/yumicos.com\/wp-content\/uploads\/2025\/03\/O1CN01ygZ6us1XKXb49URbg_3046442905-0-cib-100x100.jpg 100w, https:\/\/yumicos.com\/wp-content\/uploads\/2025\/03\/O1CN01ygZ6us1XKXb49URbg_3046442905-0-cib-50x50.jpg 50w, https:\/\/yumicos.com\/wp-content\/uploads\/2025\/03\/O1CN01ygZ6us1XKXb49URbg_3046442905-0-cib.jpg 1920w\" sizes=\"(max-width: 750px) 100vw, 750px\" \/><\/p>\n","protected":false},"excerpt":{"rendered":"<p><strong>Da vida a tu personaje favorito de YumiCos con este impresionante disfraz de Mizii Cosplay Con un dise\u00f1o inspirado en el oficial, telas de primera calidad y detalles meticulosos, este traje es perfecto para convenciones, eventos de cosplay o sesiones de fotos. \u00a1Haz tu pedido ahora y convi\u00e9rtete en Mizii!<\/strong><\/p>\n<ul>\n<li><\/li>\n<\/ul>\n","protected":false},"featured_media":11378,"comment_status":"open","ping_status":"closed","template":"","meta":{"_acf_changed":false,"_monsterinsights_skip_tracking":false,"_monsterinsights_sitenote_active":false,"_monsterinsights_sitenote_note":"","_monsterinsights_sitenote_category":0,"site-sidebar-layout":"default","site-content-layout":"","ast-site-content-layout":"default","site-content-style":"default","site-sidebar-style":"default","ast-global-header-display":"","ast-banner-title-visibility":"","ast-main-header-display":"","ast-hfb-above-header-display":"","ast-hfb-below-header-display":"","ast-hfb-mobile-header-display":"","site-post-title":"","ast-breadcrumbs-content":"","ast-featured-img":"","footer-sml-layout":"","theme-transparent-header-meta":"default","adv-header-id-meta":"","stick-header-meta":"default","header-above-stick-meta":"","header-main-stick-meta":"","header-below-stick-meta":"","astra-migrate-meta-layouts":"default","ast-page-background-enabled":"default","ast-page-background-meta":{"desktop":{"background-color":"var(--ast-global-color-4)","background-image":"","background-repeat":"repeat","background-position":"center center","background-size":"auto","background-attachment":"scroll","background-type":"","background-media":"","overlay-type":"","overlay-color":"","overlay-opacity":"","overlay-gradient":""},"tablet":{"background-color":"","background-image":"","background-repeat":"repeat","background-position":"center center","background-size":"auto","background-attachment":"scroll","background-type":"","background-media":"","overlay-type":"","overlay-color":"","overlay-opacity":"","overlay-gradient":""},"mobile":{"background-color":"","background-image":"","background-repeat":"repeat","background-position":"center center","background-size":"auto","background-attachment":"scroll","background-type":"","background-media":"","overlay-type":"","overlay-color":"","overlay-opacity":"","overlay-gradient":""}},"ast-content-background-meta":{"desktop":{"background-color":"var(--ast-global-color-5)","background-image":"","background-repeat":"repeat","background-position":"center center","background-size":"auto","background-attachment":"scroll","background-type":"","background-media":"","overlay-type":"","overlay-color":"","overlay-opacity":"","overlay-gradient":""},"tablet":{"background-color":"var(--ast-global-color-5)","background-image":"","background-repeat":"repeat","background-position":"center center","background-size":"auto","background-attachment":"scroll","background-type":"","background-media":"","overlay-type":"","overlay-color":"","overlay-opacity":"","overlay-gradient":""},"mobile":{"background-color":"var(--ast-global-color-5)","background-image":"","background-repeat":"repeat","background-position":"center center","background-size":"auto","background-attachment":"scroll","background-type":"","background-media":"","overlay-type":"","overlay-color":"","overlay-opacity":"","overlay-gradient":""}}},"product_brand":[],"product_cat":[157,344],"product_tag":[],"class_list":{"0":"post-31620","1":"product","2":"type-product","3":"status-publish","4":"has-post-thumbnail","6":"product_cat-anime","7":"product_cat-a-b-c-d-e-f-g","8":"desktop-align-left","9":"tablet-align-left","10":"mobile-align-left","11":"ast-product-gallery-layout-horizontal-slider","12":"ast-product-single-variable","13":"ast-product-tabs-layout-horizontal","15":"first","16":"instock","17":"purchasable","18":"product-type-variable"},"acf":[],"aioseo_notices":[],"_links":{"self":[{"href":"https:\/\/yumicos.com\/es\/wp-json\/wp\/v2\/product\/31620","targetHints":{"allow":["GET"]}}],"collection":[{"href":"https:\/\/yumicos.com\/es\/wp-json\/wp\/v2\/product"}],"about":[{"href":"https:\/\/yumicos.com\/es\/wp-json\/wp\/v2\/types\/product"}],"replies":[{"embeddable":true,"href":"https:\/\/yumicos.com\/es\/wp-json\/wp\/v2\/comments?post=31620"}],"wp:featuredmedia":[{"embeddable":true,"href":"https:\/\/yumicos.com\/es\/wp-json\/wp\/v2\/media\/11378"}],"wp:attachment":[{"href":"https:\/\/yumicos.com\/es\/wp-json\/wp\/v2\/media?parent=31620"}],"wp:term":[{"taxonomy":"product_brand","embeddable":true,"href":"https:\/\/yumicos.com\/es\/wp-json\/wp\/v2\/product_brand?post=31620"},{"taxonomy":"product_cat","embeddable":true,"href":"https:\/\/yumicos.com\/es\/wp-json\/wp\/v2\/product_cat?post=31620"},{"taxonomy":"product_tag","embeddable":true,"href":"https:\/\/yumicos.com\/es\/wp-json\/wp\/v2\/product_tag?post=31620"}],"curies":[{"name":"wp","href":"https:\/\/api.w.org\/{rel}","templated":true}]}}