{"id":30575,"date":"2025-10-16T18:10:14","date_gmt":"2025-10-16T18:10:14","guid":{"rendered":"https:\/\/yumicos.com\/product\/mira-cosplay-costume-how-its-done-performance-outfit-kpop-demon-hunters-cosplay-by-yumicos\/"},"modified":"2025-10-19T08:28:17","modified_gmt":"2025-10-19T08:28:17","slug":"mira-how-its-done-cosplay-costume","status":"publish","type":"product","link":"https:\/\/yumicos.com\/es\/product\/mira-how-its-done-cosplay-costume\/","title":{"rendered":"Mira Cosplay Costume &#8211; &#8220;How It&#8217;s Done&#8221; Performance Outfit | Kpop Demon Hunters Cosplay by Yumicos"},"content":{"rendered":"<p><img fetchpriority=\"high\" decoding=\"async\" class=\"alignnone size-full wp-image-285\" src=\"https:\/\/yumicos.com\/wp-content\/uploads\/2025\/01\/chanp.jpg\" alt=\"\" width=\"790\" height=\"92\" srcset=\"https:\/\/yumicos.com\/wp-content\/uploads\/2025\/01\/chanp.jpg 790w, https:\/\/yumicos.com\/wp-content\/uploads\/2025\/01\/chanp-300x35.jpg 300w, https:\/\/yumicos.com\/wp-content\/uploads\/2025\/01\/chanp-768x89.jpg 768w, https:\/\/yumicos.com\/wp-content\/uploads\/2025\/01\/chanp-600x70.jpg 600w\" sizes=\"(max-width: 790px) 100vw, 790px\" \/><\/p>\n<p><strong>Fuente<\/strong><a href=\"https:\/\/yumicos.com\/es\/product-category\/kpop-series-es\/\">:Kpop<\/a><\/p>\n<p><strong>Personaje<\/strong>: Mira<\/p>\n<p><strong>Incluye<\/strong>: Abrigo+Pantal\u00f3n interior+Falda corta+Epaulette+Decoraci\u00f3n en el cuello+Decoraci\u00f3n en la cintura+Pantal\u00f3n+Guante+Pendientes<\/p>\n<p><strong>Material<\/strong>: poli\u00e9ster, uniforme.<\/p>\n<div class=\"table\">\n<p><strong>Instrucciones de cuidado<\/strong>: Lavar a mano en agua fr\u00eda, colgar para secar, no usar lej\u00eda<\/p>\n<p><strong>Talla:<\/strong>Tenga en cuenta que las tallas asi\u00e1ticas pueden tener una discrepancia de 1-3 cm debido a la t\u00e9cnica de medici\u00f3n.<\/p>\n<\/div>\n<p><img decoding=\"async\" class=\"alignnone size-full wp-image-288\" src=\"https:\/\/yumicos.com\/wp-content\/uploads\/2025\/01\/shiwuzhanshi.jpg\" alt=\"\" width=\"790\" height=\"92\" srcset=\"https:\/\/yumicos.com\/wp-content\/uploads\/2025\/01\/shiwuzhanshi.jpg 790w, https:\/\/yumicos.com\/wp-content\/uploads\/2025\/01\/shiwuzhanshi-300x35.jpg 300w, https:\/\/yumicos.com\/wp-content\/uploads\/2025\/01\/shiwuzhanshi-768x89.jpg 768w, https:\/\/yumicos.com\/wp-content\/uploads\/2025\/01\/shiwuzhanshi-600x70.jpg 600w\" sizes=\"(max-width: 790px) 100vw, 790px\" \/><\/p>\n<p><img decoding=\"async\" class=\" wp-image-30207\" src=\"https:\/\/yumicos.com\/wp-content\/uploads\/2025\/10\/3-4.jpg\" alt=\"Yumicos Mira \u201cHow It\u2019s Done\u201d Cosplay Costume Front View\" width=\"750\" height=\"1000\" srcset=\"https:\/\/yumicos.com\/wp-content\/uploads\/2025\/10\/3-4.jpg 1440w, https:\/\/yumicos.com\/wp-content\/uploads\/2025\/10\/3-4-225x300.jpg 225w, https:\/\/yumicos.com\/wp-content\/uploads\/2025\/10\/3-4-768x1024.jpg 768w, https:\/\/yumicos.com\/wp-content\/uploads\/2025\/10\/3-4-1152x1536.jpg 1152w, https:\/\/yumicos.com\/wp-content\/uploads\/2025\/10\/3-4-450x600.jpg 450w, https:\/\/yumicos.com\/wp-content\/uploads\/2025\/10\/3-4-600x800.jpg 600w\" sizes=\"(max-width: 750px) 100vw, 750px\" \/><\/p>\n<p><img loading=\"lazy\" decoding=\"async\" class=\" wp-image-30216\" src=\"https:\/\/yumicos.com\/wp-content\/uploads\/2025\/10\/4-4.jpg\" alt=\"Mira \u201cHow It\u2019s Done\u201d Outfit Back | Yumicos\" width=\"750\" height=\"1000\" srcset=\"https:\/\/yumicos.com\/wp-content\/uploads\/2025\/10\/4-4.jpg 1440w, https:\/\/yumicos.com\/wp-content\/uploads\/2025\/10\/4-4-225x300.jpg 225w, https:\/\/yumicos.com\/wp-content\/uploads\/2025\/10\/4-4-768x1024.jpg 768w, https:\/\/yumicos.com\/wp-content\/uploads\/2025\/10\/4-4-1152x1536.jpg 1152w, https:\/\/yumicos.com\/wp-content\/uploads\/2025\/10\/4-4-450x600.jpg 450w, https:\/\/yumicos.com\/wp-content\/uploads\/2025\/10\/4-4-600x800.jpg 600w\" sizes=\"(max-width: 750px) 100vw, 750px\" \/><\/p>\n<p><img loading=\"lazy\" decoding=\"async\" class=\"alignnone size-full wp-image-287\" src=\"https:\/\/yumicos.com\/wp-content\/uploads\/2025\/01\/xijie.jpg\" alt=\"\" width=\"790\" height=\"92\" srcset=\"https:\/\/yumicos.com\/wp-content\/uploads\/2025\/01\/xijie.jpg 790w, https:\/\/yumicos.com\/wp-content\/uploads\/2025\/01\/xijie-300x35.jpg 300w, https:\/\/yumicos.com\/wp-content\/uploads\/2025\/01\/xijie-768x89.jpg 768w, https:\/\/yumicos.com\/wp-content\/uploads\/2025\/01\/xijie-600x70.jpg 600w\" sizes=\"(max-width: 790px) 100vw, 790px\" \/><\/p>\n<p><img loading=\"lazy\" decoding=\"async\" class=\" wp-image-30234\" src=\"https:\/\/yumicos.com\/wp-content\/uploads\/2025\/10\/6-2.jpg\" alt=\"Mira Cosplay Costume Fabric &amp; Accessories \u2013 Yumicos\" width=\"750\" height=\"822\" srcset=\"https:\/\/yumicos.com\/wp-content\/uploads\/2025\/10\/6-2.jpg 1500w, https:\/\/yumicos.com\/wp-content\/uploads\/2025\/10\/6-2-274x300.jpg 274w, https:\/\/yumicos.com\/wp-content\/uploads\/2025\/10\/6-2-934x1024.jpg 934w, https:\/\/yumicos.com\/wp-content\/uploads\/2025\/10\/6-2-768x842.jpg 768w, https:\/\/yumicos.com\/wp-content\/uploads\/2025\/10\/6-2-1401x1536.jpg 1401w, https:\/\/yumicos.com\/wp-content\/uploads\/2025\/10\/6-2-547x600.jpg 547w, https:\/\/yumicos.com\/wp-content\/uploads\/2025\/10\/6-2-600x658.jpg 600w\" sizes=\"(max-width: 750px) 100vw, 750px\" \/><\/p>\n<p><img loading=\"lazy\" decoding=\"async\" class=\" wp-image-30243\" src=\"https:\/\/yumicos.com\/wp-content\/uploads\/2025\/10\/7-3.jpg\" alt=\"Mira Cosplay Costume Fabric &amp; Accessories \u2013 Yumicos\" width=\"750\" height=\"745\" srcset=\"https:\/\/yumicos.com\/wp-content\/uploads\/2025\/10\/7-3.jpg 1500w, https:\/\/yumicos.com\/wp-content\/uploads\/2025\/10\/7-3-300x298.jpg 300w, https:\/\/yumicos.com\/wp-content\/uploads\/2025\/10\/7-3-1024x1016.jpg 1024w, https:\/\/yumicos.com\/wp-content\/uploads\/2025\/10\/7-3-150x150.jpg 150w, https:\/\/yumicos.com\/wp-content\/uploads\/2025\/10\/7-3-768x762.jpg 768w, https:\/\/yumicos.com\/wp-content\/uploads\/2025\/10\/7-3-70x70.jpg 70w, https:\/\/yumicos.com\/wp-content\/uploads\/2025\/10\/7-3-600x596.jpg 600w, https:\/\/yumicos.com\/wp-content\/uploads\/2025\/10\/7-3-100x100.jpg 100w, https:\/\/yumicos.com\/wp-content\/uploads\/2025\/10\/7-3-50x50.jpg 50w\" sizes=\"(max-width: 750px) 100vw, 750px\" \/><\/p>\n<p><img loading=\"lazy\" decoding=\"async\" class=\" wp-image-30252\" src=\"https:\/\/yumicos.com\/wp-content\/uploads\/2025\/10\/8-2.jpg\" alt=\"Mira Cosplay Costume Fabric &amp; Accessories \u2013 Yumicos\" width=\"750\" height=\"864\" srcset=\"https:\/\/yumicos.com\/wp-content\/uploads\/2025\/10\/8-2.jpg 1500w, https:\/\/yumicos.com\/wp-content\/uploads\/2025\/10\/8-2-261x300.jpg 261w, https:\/\/yumicos.com\/wp-content\/uploads\/2025\/10\/8-2-889x1024.jpg 889w, https:\/\/yumicos.com\/wp-content\/uploads\/2025\/10\/8-2-768x884.jpg 768w, https:\/\/yumicos.com\/wp-content\/uploads\/2025\/10\/8-2-1334x1536.jpg 1334w, https:\/\/yumicos.com\/wp-content\/uploads\/2025\/10\/8-2-521x600.jpg 521w, https:\/\/yumicos.com\/wp-content\/uploads\/2025\/10\/8-2-600x691.jpg 600w\" sizes=\"(max-width: 750px) 100vw, 750px\" \/><\/p>\n","protected":false},"excerpt":{"rendered":"<p>El <strong data-start=\"1094\" data-end=\"1118\">disfraz de Mira<\/strong> de <em data-start=\"1124\" data-end=\"1144\">Kpop Demon Hunters<\/em> ya est\u00e1 disponible en Yumicos!<br data-start=\"1175\" data-end=\"1178\" \/>Con el ic\u00f3nico look de Mira &#8220;How It&#8217;s Done&#8221; con un elegante top recortado, falda amarilla de piel sint\u00e9tica y detalles de cadenas colgantes, perfecto para convenciones, sesiones de fotos de Kpop y elegantes actuaciones de cosplay.<\/p>\n","protected":false},"featured_media":30197,"comment_status":"open","ping_status":"closed","template":"","meta":{"_acf_changed":false,"_monsterinsights_skip_tracking":false,"_monsterinsights_sitenote_active":false,"_monsterinsights_sitenote_note":"","_monsterinsights_sitenote_category":0,"site-sidebar-layout":"default","site-content-layout":"","ast-site-content-layout":"default","site-content-style":"default","site-sidebar-style":"default","ast-global-header-display":"","ast-banner-title-visibility":"","ast-main-header-display":"","ast-hfb-above-header-display":"","ast-hfb-below-header-display":"","ast-hfb-mobile-header-display":"","site-post-title":"","ast-breadcrumbs-content":"","ast-featured-img":"","footer-sml-layout":"","theme-transparent-header-meta":"default","adv-header-id-meta":"","stick-header-meta":"default","header-above-stick-meta":"","header-main-stick-meta":"","header-below-stick-meta":"","astra-migrate-meta-layouts":"default","ast-page-background-enabled":"default","ast-page-background-meta":{"desktop":{"background-color":"var(--ast-global-color-4)","background-image":"","background-repeat":"repeat","background-position":"center center","background-size":"auto","background-attachment":"scroll","background-type":"","background-media":"","overlay-type":"","overlay-color":"","overlay-opacity":"","overlay-gradient":""},"tablet":{"background-color":"","background-image":"","background-repeat":"repeat","background-position":"center center","background-size":"auto","background-attachment":"scroll","background-type":"","background-media":"","overlay-type":"","overlay-color":"","overlay-opacity":"","overlay-gradient":""},"mobile":{"background-color":"","background-image":"","background-repeat":"repeat","background-position":"center center","background-size":"auto","background-attachment":"scroll","background-type":"","background-media":"","overlay-type":"","overlay-color":"","overlay-opacity":"","overlay-gradient":""}},"ast-content-background-meta":{"desktop":{"background-color":"var(--ast-global-color-5)","background-image":"","background-repeat":"repeat","background-position":"center center","background-size":"auto","background-attachment":"scroll","background-type":"","background-media":"","overlay-type":"","overlay-color":"","overlay-opacity":"","overlay-gradient":""},"tablet":{"background-color":"var(--ast-global-color-5)","background-image":"","background-repeat":"repeat","background-position":"center center","background-size":"auto","background-attachment":"scroll","background-type":"","background-media":"","overlay-type":"","overlay-color":"","overlay-opacity":"","overlay-gradient":""},"mobile":{"background-color":"var(--ast-global-color-5)","background-image":"","background-repeat":"repeat","background-position":"center center","background-size":"auto","background-attachment":"scroll","background-type":"","background-media":"","overlay-type":"","overlay-color":"","overlay-opacity":"","overlay-gradient":""}}},"product_brand":[],"product_cat":[353],"product_tag":[],"class_list":{"0":"post-30575","1":"product","2":"type-product","3":"status-publish","4":"has-post-thumbnail","6":"product_cat-kpop-series-es","7":"desktop-align-left","8":"tablet-align-left","9":"mobile-align-left","10":"ast-product-gallery-layout-horizontal-slider","11":"ast-product-gallery-with-no-image","12":"ast-product-single-variable","13":"ast-product-tabs-layout-horizontal","15":"first","16":"instock","17":"purchasable","18":"product-type-variable"},"acf":[],"aioseo_notices":[],"_links":{"self":[{"href":"https:\/\/yumicos.com\/es\/wp-json\/wp\/v2\/product\/30575","targetHints":{"allow":["GET"]}}],"collection":[{"href":"https:\/\/yumicos.com\/es\/wp-json\/wp\/v2\/product"}],"about":[{"href":"https:\/\/yumicos.com\/es\/wp-json\/wp\/v2\/types\/product"}],"replies":[{"embeddable":true,"href":"https:\/\/yumicos.com\/es\/wp-json\/wp\/v2\/comments?post=30575"}],"wp:featuredmedia":[{"embeddable":true,"href":"https:\/\/yumicos.com\/es\/wp-json\/wp\/v2\/media\/30197"}],"wp:attachment":[{"href":"https:\/\/yumicos.com\/es\/wp-json\/wp\/v2\/media?parent=30575"}],"wp:term":[{"taxonomy":"product_brand","embeddable":true,"href":"https:\/\/yumicos.com\/es\/wp-json\/wp\/v2\/product_brand?post=30575"},{"taxonomy":"product_cat","embeddable":true,"href":"https:\/\/yumicos.com\/es\/wp-json\/wp\/v2\/product_cat?post=30575"},{"taxonomy":"product_tag","embeddable":true,"href":"https:\/\/yumicos.com\/es\/wp-json\/wp\/v2\/product_tag?post=30575"}],"curies":[{"name":"wp","href":"https:\/\/api.w.org\/{rel}","templated":true}]}}