{"id":29808,"date":"2025-04-07T18:21:20","date_gmt":"2025-04-07T18:21:20","guid":{"rendered":"https:\/\/yumicos.com\/product\/disfraz-breath-of-the-wild-link-mujer\/"},"modified":"2025-10-16T15:37:45","modified_gmt":"2025-10-16T15:37:45","slug":"breath-of-the-wild-link-female-cosplay-costume","status":"publish","type":"product","link":"https:\/\/yumicos.com\/es\/product\/breath-of-the-wild-link-female-cosplay-costume\/","title":{"rendered":"Disfraz Breath of the Wild Link Mujer"},"content":{"rendered":"<p><img fetchpriority=\"high\" decoding=\"async\" class=\"alignnone size-full wp-image-285\" src=\"https:\/\/yumicos.com\/wp-content\/uploads\/2025\/01\/chanp.jpg\" alt=\"\" width=\"790\" height=\"92\" srcset=\"https:\/\/yumicos.com\/wp-content\/uploads\/2025\/01\/chanp.jpg 790w, https:\/\/yumicos.com\/wp-content\/uploads\/2025\/01\/chanp-300x35.jpg 300w, https:\/\/yumicos.com\/wp-content\/uploads\/2025\/01\/chanp-768x89.jpg 768w, https:\/\/yumicos.com\/wp-content\/uploads\/2025\/01\/chanp-600x70.jpg 600w\" sizes=\"(max-width: 790px) 100vw, 790px\" \/><\/p>\n<p><strong>Notas: \u00a1\u00a1En stock!!<\/strong><\/p>\n<p><strong>Fuente<\/strong>: <a href=\"https:\/\/yumicos.com\/es\/product-category\/game-cosplay\/tears-of-the-kingdom\/\">L\u00e1grimas del Reino<\/a><\/p>\n<p><strong>Personaje<\/strong>: Link<\/p>\n<p><strong>Incluye<\/strong>: camiseta de tirantes+pantal\u00f3n+adornos en la cintura+manga+adornos en las piernas+velo+pa\u00f1uelo+mangas+hombros+tocado<\/p>\n<p><strong>Instrucciones de cuidado<\/strong>: Lavar a mano en agua fr\u00eda, colgar para secar, sin lej\u00eda<\/p>\n<p><strong>Talla:<\/strong>Tenga en cuenta que las tallas asi\u00e1ticas pueden tener una discrepancia de 1-3 cm debido a la t\u00e9cnica de medici\u00f3n.<\/p>\n<p><strong>Punta:<\/strong> 1CM \u2248 0.39Inch<\/p>\n<p><img decoding=\"async\" class=\"size-full wp-image-2257\" src=\"https:\/\/yumicos.com\/wp-content\/uploads\/2025\/04\/lk_01.jpg\" alt=\"Close-up details of Breath of the Wild Link Female Cosplay Costume\" width=\"750\" height=\"830\" srcset=\"https:\/\/yumicos.com\/wp-content\/uploads\/2025\/04\/lk_01.jpg 750w, https:\/\/yumicos.com\/wp-content\/uploads\/2025\/04\/lk_01-271x300.jpg 271w, https:\/\/yumicos.com\/wp-content\/uploads\/2025\/04\/lk_01-11x12.jpg 11w, https:\/\/yumicos.com\/wp-content\/uploads\/2025\/04\/lk_01-600x664.jpg 600w\" sizes=\"(max-width: 750px) 100vw, 750px\" \/><br \/>\n<img decoding=\"async\" class=\"size-full wp-image-2258\" src=\"https:\/\/yumicos.com\/wp-content\/uploads\/2025\/04\/lk_02.jpg\" alt=\"Close-up details of Breath of the Wild Link Female Cosplay Costume\" width=\"750\" height=\"704\" srcset=\"https:\/\/yumicos.com\/wp-content\/uploads\/2025\/04\/lk_02.jpg 750w, https:\/\/yumicos.com\/wp-content\/uploads\/2025\/04\/lk_02-300x282.jpg 300w, https:\/\/yumicos.com\/wp-content\/uploads\/2025\/04\/lk_02-13x12.jpg 13w, https:\/\/yumicos.com\/wp-content\/uploads\/2025\/04\/lk_02-600x563.jpg 600w\" sizes=\"(max-width: 750px) 100vw, 750px\" \/><br \/>\n<img loading=\"lazy\" decoding=\"async\" class=\"size-full wp-image-2259\" src=\"https:\/\/yumicos.com\/wp-content\/uploads\/2025\/04\/lk_03.jpg\" alt=\"Front view of Breath of the Wild Link Female Cosplay Costume\" width=\"750\" height=\"840\" srcset=\"https:\/\/yumicos.com\/wp-content\/uploads\/2025\/04\/lk_03.jpg 750w, https:\/\/yumicos.com\/wp-content\/uploads\/2025\/04\/lk_03-268x300.jpg 268w, https:\/\/yumicos.com\/wp-content\/uploads\/2025\/04\/lk_03-11x12.jpg 11w, https:\/\/yumicos.com\/wp-content\/uploads\/2025\/04\/lk_03-600x672.jpg 600w\" sizes=\"(max-width: 750px) 100vw, 750px\" \/><br \/>\n<img loading=\"lazy\" decoding=\"async\" class=\"size-full wp-image-2260\" src=\"https:\/\/yumicos.com\/wp-content\/uploads\/2025\/04\/lk_04.jpg\" alt=\"Front view of Breath of the Wild Link Female Cosplay Costume\" width=\"750\" height=\"826\" srcset=\"https:\/\/yumicos.com\/wp-content\/uploads\/2025\/04\/lk_04.jpg 750w, https:\/\/yumicos.com\/wp-content\/uploads\/2025\/04\/lk_04-272x300.jpg 272w, https:\/\/yumicos.com\/wp-content\/uploads\/2025\/04\/lk_04-11x12.jpg 11w, https:\/\/yumicos.com\/wp-content\/uploads\/2025\/04\/lk_04-600x661.jpg 600w\" sizes=\"(max-width: 750px) 100vw, 750px\" \/><br \/>\n<img loading=\"lazy\" decoding=\"async\" class=\"size-full wp-image-2261\" src=\"https:\/\/yumicos.com\/wp-content\/uploads\/2025\/04\/lk_05.jpg\" alt=\" Front view of Breath of the Wild Link Female Cosplay Costume\" width=\"750\" height=\"800\" srcset=\"https:\/\/yumicos.com\/wp-content\/uploads\/2025\/04\/lk_05.jpg 750w, https:\/\/yumicos.com\/wp-content\/uploads\/2025\/04\/lk_05-281x300.jpg 281w, https:\/\/yumicos.com\/wp-content\/uploads\/2025\/04\/lk_05-11x12.jpg 11w, https:\/\/yumicos.com\/wp-content\/uploads\/2025\/04\/lk_05-600x640.jpg 600w\" sizes=\"(max-width: 750px) 100vw, 750px\" \/><br \/>\n<img loading=\"lazy\" decoding=\"async\" class=\"size-full wp-image-2262\" src=\"https:\/\/yumicos.com\/wp-content\/uploads\/2025\/04\/lk_06.jpg\" alt=\"Front view of Breath of the Wild Link Female Cosplay Costume\" width=\"750\" height=\"800\" srcset=\"https:\/\/yumicos.com\/wp-content\/uploads\/2025\/04\/lk_06.jpg 750w, https:\/\/yumicos.com\/wp-content\/uploads\/2025\/04\/lk_06-281x300.jpg 281w, https:\/\/yumicos.com\/wp-content\/uploads\/2025\/04\/lk_06-11x12.jpg 11w, https:\/\/yumicos.com\/wp-content\/uploads\/2025\/04\/lk_06-600x640.jpg 600w\" sizes=\"(max-width: 750px) 100vw, 750px\" \/><br \/>\n<img loading=\"lazy\" decoding=\"async\" class=\"size-full wp-image-2263\" src=\"https:\/\/yumicos.com\/wp-content\/uploads\/2025\/04\/lk_07.jpg\" alt=\"Front view of Breath of the Wild Link Female Cosplay Costume\" width=\"750\" height=\"830\" srcset=\"https:\/\/yumicos.com\/wp-content\/uploads\/2025\/04\/lk_07.jpg 750w, https:\/\/yumicos.com\/wp-content\/uploads\/2025\/04\/lk_07-271x300.jpg 271w, https:\/\/yumicos.com\/wp-content\/uploads\/2025\/04\/lk_07-11x12.jpg 11w, https:\/\/yumicos.com\/wp-content\/uploads\/2025\/04\/lk_07-600x664.jpg 600w\" sizes=\"(max-width: 750px) 100vw, 750px\" \/><br \/>\n<img loading=\"lazy\" decoding=\"async\" class=\"size-full wp-image-2264\" src=\"https:\/\/yumicos.com\/wp-content\/uploads\/2025\/04\/lk_08.jpg\" alt=\"Front view of Breath of the Wild Link Female Cosplay Costume\" width=\"750\" height=\"861\" srcset=\"https:\/\/yumicos.com\/wp-content\/uploads\/2025\/04\/lk_08.jpg 750w, https:\/\/yumicos.com\/wp-content\/uploads\/2025\/04\/lk_08-261x300.jpg 261w, https:\/\/yumicos.com\/wp-content\/uploads\/2025\/04\/lk_08-10x12.jpg 10w, https:\/\/yumicos.com\/wp-content\/uploads\/2025\/04\/lk_08-600x689.jpg 600w\" sizes=\"(max-width: 750px) 100vw, 750px\" \/><br \/>\n<img loading=\"lazy\" decoding=\"async\" class=\"size-full wp-image-2265\" src=\"https:\/\/yumicos.com\/wp-content\/uploads\/2025\/04\/lk_09.jpg\" alt=\"Front view of Breath of the Wild Link Female Cosplay Costume\" width=\"750\" height=\"795\" srcset=\"https:\/\/yumicos.com\/wp-content\/uploads\/2025\/04\/lk_09.jpg 750w, https:\/\/yumicos.com\/wp-content\/uploads\/2025\/04\/lk_09-283x300.jpg 283w, https:\/\/yumicos.com\/wp-content\/uploads\/2025\/04\/lk_09-11x12.jpg 11w, https:\/\/yumicos.com\/wp-content\/uploads\/2025\/04\/lk_09-600x636.jpg 600w\" sizes=\"(max-width: 750px) 100vw, 750px\" \/><br \/>\n<img loading=\"lazy\" decoding=\"async\" class=\"size-full wp-image-2266\" src=\"https:\/\/yumicos.com\/wp-content\/uploads\/2025\/04\/lk_10.jpg\" alt=\"Front view of Breath of the Wild Link Female Cosplay Costume\" width=\"750\" height=\"788\" srcset=\"https:\/\/yumicos.com\/wp-content\/uploads\/2025\/04\/lk_10.jpg 750w, https:\/\/yumicos.com\/wp-content\/uploads\/2025\/04\/lk_10-286x300.jpg 286w, https:\/\/yumicos.com\/wp-content\/uploads\/2025\/04\/lk_10-11x12.jpg 11w, https:\/\/yumicos.com\/wp-content\/uploads\/2025\/04\/lk_10-600x630.jpg 600w\" sizes=\"(max-width: 750px) 100vw, 750px\" \/><br \/>\n<img loading=\"lazy\" decoding=\"async\" class=\"alignnone size-full wp-image-2267\" src=\"https:\/\/yumicos.com\/wp-content\/uploads\/2025\/04\/lk_11.jpg\" alt=\"\" width=\"750\" height=\"316\" srcset=\"https:\/\/yumicos.com\/wp-content\/uploads\/2025\/04\/lk_11.jpg 750w, https:\/\/yumicos.com\/wp-content\/uploads\/2025\/04\/lk_11-300x126.jpg 300w, https:\/\/yumicos.com\/wp-content\/uploads\/2025\/04\/lk_11-18x8.jpg 18w, https:\/\/yumicos.com\/wp-content\/uploads\/2025\/04\/lk_11-600x253.jpg 600w\" sizes=\"(max-width: 750px) 100vw, 750px\" \/><\/p>\n","protected":false},"excerpt":{"rendered":"<p class=\"\" data-start=\"99\" data-end=\"404\"><strong data-start=\"99\" data-end=\"404\">Encarna al ic\u00f3nico personaje femenino Link de <em data-start=\"146\" data-end=\"166\">Breath of the Wild<\/em> con este disfraz de cosplay detallado y de alta calidad. Perfecto para eventos de cosplay y fans de <em data-start=\"259\" data-end=\"266\">Zelda<\/em>, este disfraz ofrece un aspecto aut\u00e9ntico con una artesan\u00eda fina y un ajuste c\u00f3modo. Disponible en varias tallas con env\u00edo a todo el mundo.<\/strong><\/p>\n","protected":false},"featured_media":12722,"comment_status":"open","ping_status":"closed","template":"","meta":{"_acf_changed":false,"_monsterinsights_skip_tracking":false,"_monsterinsights_sitenote_active":false,"_monsterinsights_sitenote_note":"","_monsterinsights_sitenote_category":0,"site-sidebar-layout":"default","site-content-layout":"","ast-site-content-layout":"default","site-content-style":"default","site-sidebar-style":"default","ast-global-header-display":"","ast-banner-title-visibility":"","ast-main-header-display":"","ast-hfb-above-header-display":"","ast-hfb-below-header-display":"","ast-hfb-mobile-header-display":"","site-post-title":"","ast-breadcrumbs-content":"","ast-featured-img":"","footer-sml-layout":"","theme-transparent-header-meta":"default","adv-header-id-meta":"","stick-header-meta":"default","header-above-stick-meta":"","header-main-stick-meta":"","header-below-stick-meta":"","astra-migrate-meta-layouts":"default","ast-page-background-enabled":"default","ast-page-background-meta":{"desktop":{"background-color":"var(--ast-global-color-4)","background-image":"","background-repeat":"repeat","background-position":"center center","background-size":"auto","background-attachment":"scroll","background-type":"","background-media":"","overlay-type":"","overlay-color":"","overlay-opacity":"","overlay-gradient":""},"tablet":{"background-color":"","background-image":"","background-repeat":"repeat","background-position":"center center","background-size":"auto","background-attachment":"scroll","background-type":"","background-media":"","overlay-type":"","overlay-color":"","overlay-opacity":"","overlay-gradient":""},"mobile":{"background-color":"","background-image":"","background-repeat":"repeat","background-position":"center center","background-size":"auto","background-attachment":"scroll","background-type":"","background-media":"","overlay-type":"","overlay-color":"","overlay-opacity":"","overlay-gradient":""}},"ast-content-background-meta":{"desktop":{"background-color":"var(--ast-global-color-5)","background-image":"","background-repeat":"repeat","background-position":"center center","background-size":"auto","background-attachment":"scroll","background-type":"","background-media":"","overlay-type":"","overlay-color":"","overlay-opacity":"","overlay-gradient":""},"tablet":{"background-color":"var(--ast-global-color-5)","background-image":"","background-repeat":"repeat","background-position":"center center","background-size":"auto","background-attachment":"scroll","background-type":"","background-media":"","overlay-type":"","overlay-color":"","overlay-opacity":"","overlay-gradient":""},"mobile":{"background-color":"var(--ast-global-color-5)","background-image":"","background-repeat":"repeat","background-position":"center center","background-size":"auto","background-attachment":"scroll","background-type":"","background-media":"","overlay-type":"","overlay-color":"","overlay-opacity":"","overlay-gradient":""}}},"product_brand":[],"product_cat":[112,295],"product_tag":[],"class_list":{"0":"post-29808","1":"product","2":"type-product","3":"status-publish","4":"has-post-thumbnail","6":"product_cat-game-cosplay","7":"product_cat-tears-of-the-kingdom","8":"desktop-align-left","9":"tablet-align-left","10":"mobile-align-left","11":"ast-product-gallery-layout-horizontal-slider","12":"ast-product-single-variable","13":"ast-product-tabs-layout-horizontal","15":"first","16":"instock","17":"taxable","18":"shipping-taxable","19":"purchasable","20":"product-type-variable"},"acf":[],"aioseo_notices":[],"_links":{"self":[{"href":"https:\/\/yumicos.com\/es\/wp-json\/wp\/v2\/product\/29808","targetHints":{"allow":["GET"]}}],"collection":[{"href":"https:\/\/yumicos.com\/es\/wp-json\/wp\/v2\/product"}],"about":[{"href":"https:\/\/yumicos.com\/es\/wp-json\/wp\/v2\/types\/product"}],"replies":[{"embeddable":true,"href":"https:\/\/yumicos.com\/es\/wp-json\/wp\/v2\/comments?post=29808"}],"wp:featuredmedia":[{"embeddable":true,"href":"https:\/\/yumicos.com\/es\/wp-json\/wp\/v2\/media\/12722"}],"wp:attachment":[{"href":"https:\/\/yumicos.com\/es\/wp-json\/wp\/v2\/media?parent=29808"}],"wp:term":[{"taxonomy":"product_brand","embeddable":true,"href":"https:\/\/yumicos.com\/es\/wp-json\/wp\/v2\/product_brand?post=29808"},{"taxonomy":"product_cat","embeddable":true,"href":"https:\/\/yumicos.com\/es\/wp-json\/wp\/v2\/product_cat?post=29808"},{"taxonomy":"product_tag","embeddable":true,"href":"https:\/\/yumicos.com\/es\/wp-json\/wp\/v2\/product_tag?post=29808"}],"curies":[{"name":"wp","href":"https:\/\/api.w.org\/{rel}","templated":true}]}}