{"id":29477,"date":"2025-04-16T10:27:15","date_gmt":"2025-04-16T10:27:15","guid":{"rendered":"https:\/\/yumicos.com\/product\/astra-yao-cosplay-shoes-zenless-zone-zero-calzado-oficial\/"},"modified":"2025-04-16T10:27:15","modified_gmt":"2025-04-16T10:27:15","slug":"astra-yao-shoes","status":"publish","type":"product","link":"https:\/\/yumicos.com\/es\/product\/astra-yao-shoes\/","title":{"rendered":"Astra Yao Cosplay Shoes &#8211; Zenless Zone Zero Calzado Oficial"},"content":{"rendered":"<p>Nota: Los productos se enviar\u00e1n en un plazo de 7-10 d\u00edas.<\/p>\n<p><strong>Fuente<\/strong>: <a title=\"Zenless Zone Zero\" href=\"\/?product_cat=zenless-zone-zero-cosplay-outfits-zenless-zone-zero-character-apparel\" target=\"_blank\" rel=\"noopener\"><strong>Zenless Zone Zero<\/strong><\/a><\/p>\n<p><strong>Personaje<\/strong>:Astra Yao<\/p>\n<p><strong>Tenga en cuenta:<\/strong><\/p>\n<ul>\n<li data-start=\"17\" data-end=\"132\">Los tama\u00f1os de los zapatos est\u00e1n en China Standard. Por favor, consulte la tabla de tallas de abajo para elegir el tama\u00f1o adecuado para usted.<\/li>\n<li data-start=\"133\" data-end=\"430\">Para los zapatos de tac\u00f3n alto, si la longitud del pie supera los 26,5 cm, se convertir\u00e1n en zapatos de tac\u00f3n bajo y requerir\u00e1n personalizaci\u00f3n.<\/li>\n<li data-start=\"133\" data-end=\"430\">No tendr\u00e1n el mismo aspecto que se muestra en las im\u00e1genes. Por favor, considere cuidadosamente antes de comprar si esto le importa. P\u00f3ngase en contacto con el servicio de atenci\u00f3n al cliente si tiene alguna duda.<\/li>\n<li data-start=\"431\" data-end=\"544\">Para zapatos de hombre con una longitud de pie superior a 26,5 cm, p\u00f3ngase en contacto con el servicio de atenci\u00f3n al cliente para personalizarlos.<\/li>\n<\/ul>\n<table style=\"height: 50px;\" border=\"1px\">\n<tbody>\n<tr>\n<td style=\"width: 20px;\"><strong>Longitud del pie<\/strong><\/td>\n<td style=\"width: 20px;\"><strong>22 cm<\/strong><\/td>\n<td style=\"width: 20px;\"><strong>22.5 cm<\/strong><\/td>\n<td style=\"width: 20px;\"><strong>23cm<\/strong><\/td>\n<td style=\"width: 20px;\"><strong>23.5cm<\/strong><\/td>\n<td style=\"width: 20px;\"><strong>24cm<\/strong><\/td>\n<td style=\"width: 20px;\"><strong>24.5 cm<\/strong><\/td>\n<td style=\"width: 20px;\"><strong>25 cm<\/strong><\/td>\n<td style=\"width: 20px;\"><strong>25.5 cm<\/strong><\/td>\n<td style=\"width: 20px;\"><strong>26 cm<\/strong><\/td>\n<td style=\"width: 20px;\"><strong>26.5 cm<\/strong><\/td>\n<\/tr>\n<tr>\n<td style=\"width: 20px;\"><strong>Talla US<\/strong><\/td>\n<td style=\"width: 20px;\">4.5<\/td>\n<td style=\"width: 20px;\">5<\/td>\n<td style=\"width: 20px;\">6<\/td>\n<td style=\"width: 20px;\">6.5<\/td>\n<td style=\"width: 20px;\">7.5<\/td>\n<td style=\"width: 20px;\">8.5<\/td>\n<td style=\"width: 20px;\">9.5<\/td>\n<td style=\"width: 20px;\">10<\/td>\n<td style=\"width: 20px;\">10.5<\/td>\n<td style=\"width: 20px;\">11<\/td>\n<\/tr>\n<tr>\n<td style=\"width: 20px;\"><strong>Talla UK<\/strong><\/td>\n<td style=\"width: 20px;\">2<\/td>\n<td style=\"width: 20px;\">2.5<\/td>\n<td style=\"width: 20px;\">3.5<\/td>\n<td style=\"width: 20px;\">4<\/td>\n<td style=\"width: 20px;\">5<\/td>\n<td style=\"width: 20px;\">6<\/td>\n<td style=\"width: 20px;\">7<\/td>\n<td style=\"width: 20px;\">7.5<\/td>\n<td style=\"width: 20px;\">8<\/td>\n<td style=\"width: 20px;\">8.5<\/td>\n<\/tr>\n<tr>\n<td style=\"width: 20px;\"><strong>China Tama\u00f1o<\/strong><\/td>\n<td style=\"width: 20px;\">34<\/td>\n<td style=\"width: 20px;\">35<\/td>\n<td style=\"width: 20px;\">36<\/td>\n<td style=\"width: 20px;\">37<\/td>\n<td style=\"width: 20px;\">38<\/td>\n<td style=\"width: 20px;\">39<\/td>\n<td style=\"width: 20px;\">40<\/td>\n<td style=\"width: 20px;\">41<\/td>\n<td style=\"width: 20px;\">42<\/td>\n<td style=\"width: 20px;\">43<\/td>\n<\/tr>\n<\/tbody>\n<\/table>\n","protected":false},"excerpt":{"rendered":"<p class=\"\" data-start=\"1853\" data-end=\"2023\">Completa tu Cosplay de Astra Yao con los zapatos oficiales de <em data-start=\"1914\" data-end=\"1933\">Zenless Zone Zero<\/em>. Dise\u00f1ados para ofrecer comodidad y precisi\u00f3n, estos zapatos combinar\u00e1n a la perfecci\u00f3n con tu atuendo de cosplay.<\/p>\n","protected":false},"featured_media":13210,"comment_status":"open","ping_status":"closed","template":"","meta":{"_acf_changed":false,"_monsterinsights_skip_tracking":false,"_monsterinsights_sitenote_active":false,"_monsterinsights_sitenote_note":"","_monsterinsights_sitenote_category":0,"site-sidebar-layout":"default","site-content-layout":"","ast-site-content-layout":"default","site-content-style":"default","site-sidebar-style":"default","ast-global-header-display":"","ast-banner-title-visibility":"","ast-main-header-display":"","ast-hfb-above-header-display":"","ast-hfb-below-header-display":"","ast-hfb-mobile-header-display":"","site-post-title":"","ast-breadcrumbs-content":"","ast-featured-img":"","footer-sml-layout":"","theme-transparent-header-meta":"default","adv-header-id-meta":"","stick-header-meta":"default","header-above-stick-meta":"","header-main-stick-meta":"","header-below-stick-meta":"","astra-migrate-meta-layouts":"default","ast-page-background-enabled":"default","ast-page-background-meta":{"desktop":{"background-color":"var(--ast-global-color-4)","background-image":"","background-repeat":"repeat","background-position":"center center","background-size":"auto","background-attachment":"scroll","background-type":"","background-media":"","overlay-type":"","overlay-color":"","overlay-opacity":"","overlay-gradient":""},"tablet":{"background-color":"","background-image":"","background-repeat":"repeat","background-position":"center center","background-size":"auto","background-attachment":"scroll","background-type":"","background-media":"","overlay-type":"","overlay-color":"","overlay-opacity":"","overlay-gradient":""},"mobile":{"background-color":"","background-image":"","background-repeat":"repeat","background-position":"center center","background-size":"auto","background-attachment":"scroll","background-type":"","background-media":"","overlay-type":"","overlay-color":"","overlay-opacity":"","overlay-gradient":""}},"ast-content-background-meta":{"desktop":{"background-color":"var(--ast-global-color-5)","background-image":"","background-repeat":"repeat","background-position":"center center","background-size":"auto","background-attachment":"scroll","background-type":"","background-media":"","overlay-type":"","overlay-color":"","overlay-opacity":"","overlay-gradient":""},"tablet":{"background-color":"var(--ast-global-color-5)","background-image":"","background-repeat":"repeat","background-position":"center center","background-size":"auto","background-attachment":"scroll","background-type":"","background-media":"","overlay-type":"","overlay-color":"","overlay-opacity":"","overlay-gradient":""},"mobile":{"background-color":"var(--ast-global-color-5)","background-image":"","background-repeat":"repeat","background-position":"center center","background-size":"auto","background-attachment":"scroll","background-type":"","background-media":"","overlay-type":"","overlay-color":"","overlay-opacity":"","overlay-gradient":""}}},"product_brand":[],"product_cat":[112,287],"product_tag":[],"class_list":{"0":"post-29477","1":"product","2":"type-product","3":"status-publish","4":"has-post-thumbnail","6":"product_cat-game-cosplay","7":"product_cat-zenless-zone-zero-cosplay","8":"desktop-align-left","9":"tablet-align-left","10":"mobile-align-left","11":"ast-product-gallery-layout-horizontal-slider","12":"ast-product-gallery-with-no-image","13":"ast-product-single-variable","14":"ast-product-tabs-layout-horizontal","16":"first","17":"instock","18":"purchasable","19":"product-type-variable"},"acf":[],"aioseo_notices":[],"_links":{"self":[{"href":"https:\/\/yumicos.com\/es\/wp-json\/wp\/v2\/product\/29477","targetHints":{"allow":["GET"]}}],"collection":[{"href":"https:\/\/yumicos.com\/es\/wp-json\/wp\/v2\/product"}],"about":[{"href":"https:\/\/yumicos.com\/es\/wp-json\/wp\/v2\/types\/product"}],"replies":[{"embeddable":true,"href":"https:\/\/yumicos.com\/es\/wp-json\/wp\/v2\/comments?post=29477"}],"wp:featuredmedia":[{"embeddable":true,"href":"https:\/\/yumicos.com\/es\/wp-json\/wp\/v2\/media\/13210"}],"wp:attachment":[{"href":"https:\/\/yumicos.com\/es\/wp-json\/wp\/v2\/media?parent=29477"}],"wp:term":[{"taxonomy":"product_brand","embeddable":true,"href":"https:\/\/yumicos.com\/es\/wp-json\/wp\/v2\/product_brand?post=29477"},{"taxonomy":"product_cat","embeddable":true,"href":"https:\/\/yumicos.com\/es\/wp-json\/wp\/v2\/product_cat?post=29477"},{"taxonomy":"product_tag","embeddable":true,"href":"https:\/\/yumicos.com\/es\/wp-json\/wp\/v2\/product_tag?post=29477"}],"curies":[{"name":"wp","href":"https:\/\/api.w.org\/{rel}","templated":true}]}}