{"id":28682,"date":"2025-10-15T12:14:28","date_gmt":"2025-10-15T12:14:28","guid":{"rendered":"https:\/\/yumicos.com\/product\/yumicos-collab-series-kpop-demon-hunters-huntrix-rumi-golden-performance-cosplay-costume-traje-negro\/"},"modified":"2025-10-16T20:24:56","modified_gmt":"2025-10-16T20:24:56","slug":"rumi-cosplay-golden-performance-outfit","status":"publish","type":"product","link":"https:\/\/yumicos.com\/es\/product\/rumi-cosplay-golden-performance-outfit\/","title":{"rendered":"Yumicos Collab Series KPOP Demon Hunters &#8211; Huntrix Rumi Golden Performance Cosplay Costume (Traje Negro)"},"content":{"rendered":"<p><img fetchpriority=\"high\" decoding=\"async\" class=\"alignnone size-full wp-image-285\" src=\"https:\/\/yumicos.com\/wp-content\/uploads\/2025\/01\/chanp.jpg\" alt=\"\" width=\"790\" height=\"92\" srcset=\"https:\/\/yumicos.com\/wp-content\/uploads\/2025\/01\/chanp.jpg 790w, https:\/\/yumicos.com\/wp-content\/uploads\/2025\/01\/chanp-300x35.jpg 300w, https:\/\/yumicos.com\/wp-content\/uploads\/2025\/01\/chanp-768x89.jpg 768w, https:\/\/yumicos.com\/wp-content\/uploads\/2025\/01\/chanp-600x70.jpg 600w\" sizes=\"(max-width: 790px) 100vw, 790px\" \/><\/p>\n<p><strong>Fuente<\/strong>:Kpop<\/p>\n<p><strong>Personaje<\/strong>: Rumi<\/p>\n<p><strong>Incluye<\/strong>: Abrigo+Pantal\u00f3n interior+Shorts+Cintur\u00f3n+Pendientes<\/p>\n<p><strong>Material<\/strong>: poli\u00e9ster, uniforme.<\/p>\n<div class=\"table\">\n<p><strong>Instrucciones de cuidado<\/strong>: Lavar a mano en agua fr\u00eda, colgar para secar, no usar lej\u00eda<\/p>\n<p><strong>Talla:<\/strong>Tenga en cuenta que las tallas asi\u00e1ticas pueden tener una discrepancia de 1-3 cm debido a la t\u00e9cnica de medici\u00f3n.<\/p>\n<\/div>\n<p><img decoding=\"async\" class=\"alignnone size-full wp-image-288\" src=\"https:\/\/yumicos.com\/wp-content\/uploads\/2025\/01\/shiwuzhanshi.jpg\" alt=\"\" width=\"790\" height=\"92\" srcset=\"https:\/\/yumicos.com\/wp-content\/uploads\/2025\/01\/shiwuzhanshi.jpg 790w, https:\/\/yumicos.com\/wp-content\/uploads\/2025\/01\/shiwuzhanshi-300x35.jpg 300w, https:\/\/yumicos.com\/wp-content\/uploads\/2025\/01\/shiwuzhanshi-768x89.jpg 768w, https:\/\/yumicos.com\/wp-content\/uploads\/2025\/01\/shiwuzhanshi-600x70.jpg 600w\" sizes=\"(max-width: 790px) 100vw, 790px\" \/><\/p>\n<p><img decoding=\"async\" class=\"size-full wp-image-28369\" src=\"https:\/\/yumicos.com\/wp-content\/uploads\/2025\/10\/02-2.jpg\" alt=\"Rumi Golden Cosplay Costume Front\" width=\"750\" height=\"1097\" srcset=\"https:\/\/yumicos.com\/wp-content\/uploads\/2025\/10\/02-2.jpg 750w, https:\/\/yumicos.com\/wp-content\/uploads\/2025\/10\/02-2-205x300.jpg 205w, https:\/\/yumicos.com\/wp-content\/uploads\/2025\/10\/02-2-700x1024.jpg 700w, https:\/\/yumicos.com\/wp-content\/uploads\/2025\/10\/02-2-410x600.jpg 410w, https:\/\/yumicos.com\/wp-content\/uploads\/2025\/10\/02-2-600x878.jpg 600w\" sizes=\"(max-width: 750px) 100vw, 750px\" \/><br \/>\n<img loading=\"lazy\" decoding=\"async\" class=\"size-full wp-image-28387\" src=\"https:\/\/yumicos.com\/wp-content\/uploads\/2025\/10\/03-1.jpg\" alt=\"Rumi Golden Cosplay Costume Back\" width=\"750\" height=\"1083\" srcset=\"https:\/\/yumicos.com\/wp-content\/uploads\/2025\/10\/03-1.jpg 750w, https:\/\/yumicos.com\/wp-content\/uploads\/2025\/10\/03-1-208x300.jpg 208w, https:\/\/yumicos.com\/wp-content\/uploads\/2025\/10\/03-1-709x1024.jpg 709w, https:\/\/yumicos.com\/wp-content\/uploads\/2025\/10\/03-1-416x600.jpg 416w, https:\/\/yumicos.com\/wp-content\/uploads\/2025\/10\/03-1-600x866.jpg 600w\" sizes=\"(max-width: 750px) 100vw, 750px\" \/><\/p>\n<p><img loading=\"lazy\" decoding=\"async\" class=\"alignnone size-full wp-image-287\" src=\"https:\/\/yumicos.com\/wp-content\/uploads\/2025\/01\/xijie.jpg\" alt=\"\" width=\"790\" height=\"92\" srcset=\"https:\/\/yumicos.com\/wp-content\/uploads\/2025\/01\/xijie.jpg 790w, https:\/\/yumicos.com\/wp-content\/uploads\/2025\/01\/xijie-300x35.jpg 300w, https:\/\/yumicos.com\/wp-content\/uploads\/2025\/01\/xijie-768x89.jpg 768w, https:\/\/yumicos.com\/wp-content\/uploads\/2025\/01\/xijie-600x70.jpg 600w\" sizes=\"(max-width: 790px) 100vw, 790px\" \/><br \/>\n<img loading=\"lazy\" decoding=\"async\" class=\"size-full wp-image-28441\" src=\"https:\/\/yumicos.com\/wp-content\/uploads\/2025\/10\/07.jpg\" alt=\"Rumi Cosplay Costume Fabric &amp; Accessories\" width=\"750\" height=\"889\" srcset=\"https:\/\/yumicos.com\/wp-content\/uploads\/2025\/10\/07.jpg 750w, https:\/\/yumicos.com\/wp-content\/uploads\/2025\/10\/07-253x300.jpg 253w, https:\/\/yumicos.com\/wp-content\/uploads\/2025\/10\/07-506x600.jpg 506w, https:\/\/yumicos.com\/wp-content\/uploads\/2025\/10\/07-600x711.jpg 600w\" sizes=\"(max-width: 750px) 100vw, 750px\" \/><br \/>\n<img loading=\"lazy\" decoding=\"async\" class=\"size-full wp-image-28450\" src=\"https:\/\/yumicos.com\/wp-content\/uploads\/2025\/10\/08.jpg\" alt=\"Rumi Cosplay Costume Fabric &amp; Accessories\" width=\"750\" height=\"665\" srcset=\"https:\/\/yumicos.com\/wp-content\/uploads\/2025\/10\/08.jpg 750w, https:\/\/yumicos.com\/wp-content\/uploads\/2025\/10\/08-300x266.jpg 300w, https:\/\/yumicos.com\/wp-content\/uploads\/2025\/10\/08-600x532.jpg 600w\" sizes=\"(max-width: 750px) 100vw, 750px\" \/><br \/>\n<img loading=\"lazy\" decoding=\"async\" class=\"size-full wp-image-28459\" src=\"https:\/\/yumicos.com\/wp-content\/uploads\/2025\/10\/09.jpg\" alt=\"Rumi Cosplay Costume Fabric &amp; Accessories\" width=\"750\" height=\"630\" srcset=\"https:\/\/yumicos.com\/wp-content\/uploads\/2025\/10\/09.jpg 750w, https:\/\/yumicos.com\/wp-content\/uploads\/2025\/10\/09-300x252.jpg 300w, https:\/\/yumicos.com\/wp-content\/uploads\/2025\/10\/09-600x504.jpg 600w\" sizes=\"(max-width: 750px) 100vw, 750px\" \/><br \/>\n<img loading=\"lazy\" decoding=\"async\" class=\"size-full wp-image-28468\" src=\"https:\/\/yumicos.com\/wp-content\/uploads\/2025\/10\/10-1.jpg\" alt=\"Rumi Cosplay Costume Fabric &amp; Accessories\" width=\"750\" height=\"634\" srcset=\"https:\/\/yumicos.com\/wp-content\/uploads\/2025\/10\/10-1.jpg 750w, https:\/\/yumicos.com\/wp-content\/uploads\/2025\/10\/10-1-300x254.jpg 300w, https:\/\/yumicos.com\/wp-content\/uploads\/2025\/10\/10-1-600x507.jpg 600w\" sizes=\"(max-width: 750px) 100vw, 750px\" \/><\/p>\n<p><img loading=\"lazy\" decoding=\"async\" class=\"size-full wp-image-28477\" src=\"https:\/\/yumicos.com\/wp-content\/uploads\/2025\/10\/11-1.jpg\" alt=\"Rumi Cosplay Costume Fabric &amp; Accessories\" width=\"750\" height=\"407\" srcset=\"https:\/\/yumicos.com\/wp-content\/uploads\/2025\/10\/11-1.jpg 750w, https:\/\/yumicos.com\/wp-content\/uploads\/2025\/10\/11-1-300x163.jpg 300w, https:\/\/yumicos.com\/wp-content\/uploads\/2025\/10\/11-1-600x326.jpg 600w\" sizes=\"(max-width: 750px) 100vw, 750px\" \/><\/p>\n","protected":false},"excerpt":{"rendered":"<blockquote data-start=\"1264\" data-end=\"1492\">\n<p data-start=\"1266\" data-end=\"1492\">El <strong data-start=\"1270\" data-end=\"1294\">disfraz de Rumi<\/strong> de Yumicos captura el carisma de la Serie Dorada de Huntrix. Dise\u00f1ado con detalles dorados met\u00e1licos en los hombros, tejidos negros de primera calidad y un atrevido aspecto esc\u00e9nico, perfecto tanto para cosplay como para actuaciones.<\/p>\n<\/blockquote>\n<p data-start=\"1494\" data-end=\"1503\">\n","protected":false},"featured_media":28494,"comment_status":"open","ping_status":"closed","template":"","meta":{"_acf_changed":false,"_monsterinsights_skip_tracking":false,"_monsterinsights_sitenote_active":false,"_monsterinsights_sitenote_note":"","_monsterinsights_sitenote_category":0,"site-sidebar-layout":"default","site-content-layout":"","ast-site-content-layout":"default","site-content-style":"default","site-sidebar-style":"default","ast-global-header-display":"","ast-banner-title-visibility":"","ast-main-header-display":"","ast-hfb-above-header-display":"","ast-hfb-below-header-display":"","ast-hfb-mobile-header-display":"","site-post-title":"","ast-breadcrumbs-content":"","ast-featured-img":"","footer-sml-layout":"","theme-transparent-header-meta":"default","adv-header-id-meta":"","stick-header-meta":"default","header-above-stick-meta":"","header-main-stick-meta":"","header-below-stick-meta":"","astra-migrate-meta-layouts":"default","ast-page-background-enabled":"default","ast-page-background-meta":{"desktop":{"background-color":"var(--ast-global-color-4)","background-image":"","background-repeat":"repeat","background-position":"center center","background-size":"auto","background-attachment":"scroll","background-type":"","background-media":"","overlay-type":"","overlay-color":"","overlay-opacity":"","overlay-gradient":""},"tablet":{"background-color":"","background-image":"","background-repeat":"repeat","background-position":"center center","background-size":"auto","background-attachment":"scroll","background-type":"","background-media":"","overlay-type":"","overlay-color":"","overlay-opacity":"","overlay-gradient":""},"mobile":{"background-color":"","background-image":"","background-repeat":"repeat","background-position":"center center","background-size":"auto","background-attachment":"scroll","background-type":"","background-media":"","overlay-type":"","overlay-color":"","overlay-opacity":"","overlay-gradient":""}},"ast-content-background-meta":{"desktop":{"background-color":"var(--ast-global-color-5)","background-image":"","background-repeat":"repeat","background-position":"center center","background-size":"auto","background-attachment":"scroll","background-type":"","background-media":"","overlay-type":"","overlay-color":"","overlay-opacity":"","overlay-gradient":""},"tablet":{"background-color":"var(--ast-global-color-5)","background-image":"","background-repeat":"repeat","background-position":"center center","background-size":"auto","background-attachment":"scroll","background-type":"","background-media":"","overlay-type":"","overlay-color":"","overlay-opacity":"","overlay-gradient":""},"mobile":{"background-color":"var(--ast-global-color-5)","background-image":"","background-repeat":"repeat","background-position":"center center","background-size":"auto","background-attachment":"scroll","background-type":"","background-media":"","overlay-type":"","overlay-color":"","overlay-opacity":"","overlay-gradient":""}}},"product_brand":[],"product_cat":[353],"product_tag":[],"class_list":{"0":"post-28682","1":"product","2":"type-product","3":"status-publish","4":"has-post-thumbnail","6":"product_cat-kpop-series-es","7":"desktop-align-left","8":"tablet-align-left","9":"mobile-align-left","10":"ast-product-gallery-layout-horizontal-slider","11":"ast-product-single-variable","12":"ast-product-tabs-layout-horizontal","14":"first","15":"instock","16":"purchasable","17":"product-type-variable"},"acf":[],"aioseo_notices":[],"_links":{"self":[{"href":"https:\/\/yumicos.com\/es\/wp-json\/wp\/v2\/product\/28682","targetHints":{"allow":["GET"]}}],"collection":[{"href":"https:\/\/yumicos.com\/es\/wp-json\/wp\/v2\/product"}],"about":[{"href":"https:\/\/yumicos.com\/es\/wp-json\/wp\/v2\/types\/product"}],"replies":[{"embeddable":true,"href":"https:\/\/yumicos.com\/es\/wp-json\/wp\/v2\/comments?post=28682"}],"wp:featuredmedia":[{"embeddable":true,"href":"https:\/\/yumicos.com\/es\/wp-json\/wp\/v2\/media\/28494"}],"wp:attachment":[{"href":"https:\/\/yumicos.com\/es\/wp-json\/wp\/v2\/media?parent=28682"}],"wp:term":[{"taxonomy":"product_brand","embeddable":true,"href":"https:\/\/yumicos.com\/es\/wp-json\/wp\/v2\/product_brand?post=28682"},{"taxonomy":"product_cat","embeddable":true,"href":"https:\/\/yumicos.com\/es\/wp-json\/wp\/v2\/product_cat?post=28682"},{"taxonomy":"product_tag","embeddable":true,"href":"https:\/\/yumicos.com\/es\/wp-json\/wp\/v2\/product_tag?post=28682"}],"curies":[{"name":"wp","href":"https:\/\/api.w.org\/{rel}","templated":true}]}}