{"id":28116,"date":"2025-10-13T17:32:18","date_gmt":"2025-10-13T17:32:18","guid":{"rendered":"https:\/\/yumicos.com\/product\/los-diarios-del-boticario-maomao-cosplay-costume-moonlight-waltz-dress\/"},"modified":"2025-10-13T17:32:18","modified_gmt":"2025-10-13T17:32:18","slug":"the-apothecary-diaries-maomao-moonlight-waltz-cosplay-costume","status":"publish","type":"product","link":"https:\/\/yumicos.com\/es\/product\/the-apothecary-diaries-maomao-moonlight-waltz-cosplay-costume\/","title":{"rendered":"Los diarios del boticario Maomao Cosplay Costume &#8211; Moonlight Waltz Dress"},"content":{"rendered":"<p><img fetchpriority=\"high\" decoding=\"async\" class=\"alignnone size-full wp-image-285\" src=\"https:\/\/yumicos.com\/wp-content\/uploads\/2025\/01\/chanp.jpg\" alt=\"\" width=\"790\" height=\"92\" srcset=\"https:\/\/yumicos.com\/wp-content\/uploads\/2025\/01\/chanp.jpg 790w, https:\/\/yumicos.com\/wp-content\/uploads\/2025\/01\/chanp-300x35.jpg 300w, https:\/\/yumicos.com\/wp-content\/uploads\/2025\/01\/chanp-768x89.jpg 768w, https:\/\/yumicos.com\/wp-content\/uploads\/2025\/01\/chanp-600x70.jpg 600w\" sizes=\"(max-width: 790px) 100vw, 790px\" \/><\/p>\n<p><strong>Fuente<\/strong>:<a title=\"The Apothecary Diaries\" href=\"https:\/\/yumicos.com\/es\/product-category\/the-apothecary-diaries-es\/\" target=\"_blank\" rel=\"noopener noreferrer\"><strong> Los diarios del boticario<\/strong><\/a><\/p>\n<p><strong>Personaje<\/strong>: Maomao<\/p>\n<p><strong>Incluye<\/strong>: Abrigo,Camisa,Falda,Chal,Adorno de cintura,Sombrero,Pendientes<\/p>\n<p><strong>Material<\/strong>: poli\u00e9ster, uniforme.<\/p>\n<div class=\"table\">\n<p><strong>Instrucciones de cuidado<\/strong>: Lavar a mano en agua fr\u00eda, colgar para secar, no usar lej\u00eda<\/p>\n<p><strong>Talla:<\/strong>Tenga en cuenta que las tallas asi\u00e1ticas pueden tener una discrepancia de 1-3 cm debido a la t\u00e9cnica de medici\u00f3n.<\/p>\n<\/div>\n<p><img decoding=\"async\" class=\"alignnone size-full wp-image-288\" src=\"https:\/\/yumicos.com\/wp-content\/uploads\/2025\/01\/shiwuzhanshi.jpg\" alt=\"\" width=\"790\" height=\"92\" srcset=\"https:\/\/yumicos.com\/wp-content\/uploads\/2025\/01\/shiwuzhanshi.jpg 790w, https:\/\/yumicos.com\/wp-content\/uploads\/2025\/01\/shiwuzhanshi-300x35.jpg 300w, https:\/\/yumicos.com\/wp-content\/uploads\/2025\/01\/shiwuzhanshi-768x89.jpg 768w, https:\/\/yumicos.com\/wp-content\/uploads\/2025\/01\/shiwuzhanshi-600x70.jpg 600w\" sizes=\"(max-width: 790px) 100vw, 790px\" \/><\/p>\n<p><img decoding=\"async\" class=\" wp-image-27600\" src=\"https:\/\/yumicos.com\/wp-content\/uploads\/2025\/10\/01.jpg\" alt=\"The Apothecary Diaries Maomao Cosplay Costume Front \u2013 Moonlight Waltz Dress\" width=\"750\" height=\"1000\" srcset=\"https:\/\/yumicos.com\/wp-content\/uploads\/2025\/10\/01.jpg 1440w, https:\/\/yumicos.com\/wp-content\/uploads\/2025\/10\/01-225x300.jpg 225w, https:\/\/yumicos.com\/wp-content\/uploads\/2025\/10\/01-768x1024.jpg 768w, https:\/\/yumicos.com\/wp-content\/uploads\/2025\/10\/01-1152x1536.jpg 1152w, https:\/\/yumicos.com\/wp-content\/uploads\/2025\/10\/01-450x600.jpg 450w, https:\/\/yumicos.com\/wp-content\/uploads\/2025\/10\/01-600x800.jpg 600w\" sizes=\"(max-width: 750px) 100vw, 750px\" \/><\/p>\n<p><img loading=\"lazy\" decoding=\"async\" class=\"size-full wp-image-27618\" src=\"https:\/\/yumicos.com\/wp-content\/uploads\/2025\/10\/02.jpg\" alt=\"The Apothecary Diaries Maomao Cosplay Costume Back \u2013 Moonlight Waltz\" width=\"750\" height=\"1000\" srcset=\"https:\/\/yumicos.com\/wp-content\/uploads\/2025\/10\/02.jpg 1440w, https:\/\/yumicos.com\/wp-content\/uploads\/2025\/10\/02-225x300.jpg 225w, https:\/\/yumicos.com\/wp-content\/uploads\/2025\/10\/02-768x1024.jpg 768w, https:\/\/yumicos.com\/wp-content\/uploads\/2025\/10\/02-1152x1536.jpg 1152w, https:\/\/yumicos.com\/wp-content\/uploads\/2025\/10\/02-450x600.jpg 450w, https:\/\/yumicos.com\/wp-content\/uploads\/2025\/10\/02-600x800.jpg 600w\" sizes=\"(max-width: 750px) 100vw, 750px\" \/><\/p>\n<p><img loading=\"lazy\" decoding=\"async\" class=\"alignnone size-full wp-image-287\" src=\"https:\/\/yumicos.com\/wp-content\/uploads\/2025\/01\/xijie.jpg\" alt=\"\" width=\"790\" height=\"92\" srcset=\"https:\/\/yumicos.com\/wp-content\/uploads\/2025\/01\/xijie.jpg 790w, https:\/\/yumicos.com\/wp-content\/uploads\/2025\/01\/xijie-300x35.jpg 300w, https:\/\/yumicos.com\/wp-content\/uploads\/2025\/01\/xijie-768x89.jpg 768w, https:\/\/yumicos.com\/wp-content\/uploads\/2025\/01\/xijie-600x70.jpg 600w\" sizes=\"(max-width: 790px) 100vw, 790px\" \/><\/p>\n<p><img loading=\"lazy\" decoding=\"async\" class=\"size-full wp-image-27645\" src=\"https:\/\/yumicos.com\/wp-content\/uploads\/2025\/10\/3.jpg\" alt=\"The Apothecary Diaries Maomao Cosplay Costume Fabric &amp; Accessories\" width=\"750\" height=\"750\" srcset=\"https:\/\/yumicos.com\/wp-content\/uploads\/2025\/10\/3.jpg 1000w, https:\/\/yumicos.com\/wp-content\/uploads\/2025\/10\/3-300x300.jpg 300w, https:\/\/yumicos.com\/wp-content\/uploads\/2025\/10\/3-150x150.jpg 150w, https:\/\/yumicos.com\/wp-content\/uploads\/2025\/10\/3-768x768.jpg 768w, https:\/\/yumicos.com\/wp-content\/uploads\/2025\/10\/3-70x70.jpg 70w, https:\/\/yumicos.com\/wp-content\/uploads\/2025\/10\/3-600x600.jpg 600w, https:\/\/yumicos.com\/wp-content\/uploads\/2025\/10\/3-100x100.jpg 100w, https:\/\/yumicos.com\/wp-content\/uploads\/2025\/10\/3-50x50.jpg 50w\" sizes=\"(max-width: 750px) 100vw, 750px\" \/><\/p>\n<p><img loading=\"lazy\" decoding=\"async\" class=\"size-full wp-image-27663\" src=\"https:\/\/yumicos.com\/wp-content\/uploads\/2025\/10\/4.jpg\" alt=\"The Apothecary Diaries Maomao Cosplay Costume Fabric &amp; Accessories\" width=\"750\" height=\"750\" srcset=\"https:\/\/yumicos.com\/wp-content\/uploads\/2025\/10\/4.jpg 1000w, https:\/\/yumicos.com\/wp-content\/uploads\/2025\/10\/4-300x300.jpg 300w, https:\/\/yumicos.com\/wp-content\/uploads\/2025\/10\/4-150x150.jpg 150w, https:\/\/yumicos.com\/wp-content\/uploads\/2025\/10\/4-768x768.jpg 768w, https:\/\/yumicos.com\/wp-content\/uploads\/2025\/10\/4-70x70.jpg 70w, https:\/\/yumicos.com\/wp-content\/uploads\/2025\/10\/4-600x600.jpg 600w, https:\/\/yumicos.com\/wp-content\/uploads\/2025\/10\/4-100x100.jpg 100w, https:\/\/yumicos.com\/wp-content\/uploads\/2025\/10\/4-50x50.jpg 50w\" sizes=\"(max-width: 750px) 100vw, 750px\" \/><\/p>\n","protected":false},"excerpt":{"rendered":"<p data-start=\"906\" data-end=\"1194\">Transf\u00f3rmate en Maomao de <em data-start=\"969\" data-end=\"993\">The Apothecary Diaries<\/em> con este encantador disfraz de cosplay de Moonlight Waltz. Dise\u00f1ado con delicados bordados, tejidos suaves y una silueta aut\u00e9ntica, captura la elegancia y el encanto de Maomao para los cosplayers apasionados.<\/p>\n","protected":false},"featured_media":27617,"comment_status":"open","ping_status":"closed","template":"","meta":{"_acf_changed":false,"_monsterinsights_skip_tracking":false,"_monsterinsights_sitenote_active":false,"_monsterinsights_sitenote_note":"","_monsterinsights_sitenote_category":0,"site-sidebar-layout":"default","site-content-layout":"","ast-site-content-layout":"default","site-content-style":"default","site-sidebar-style":"default","ast-global-header-display":"","ast-banner-title-visibility":"","ast-main-header-display":"","ast-hfb-above-header-display":"","ast-hfb-below-header-display":"","ast-hfb-mobile-header-display":"","site-post-title":"","ast-breadcrumbs-content":"","ast-featured-img":"","footer-sml-layout":"","theme-transparent-header-meta":"default","adv-header-id-meta":"","stick-header-meta":"default","header-above-stick-meta":"","header-main-stick-meta":"","header-below-stick-meta":"","astra-migrate-meta-layouts":"default","ast-page-background-enabled":"default","ast-page-background-meta":{"desktop":{"background-color":"var(--ast-global-color-4)","background-image":"","background-repeat":"repeat","background-position":"center center","background-size":"auto","background-attachment":"scroll","background-type":"","background-media":"","overlay-type":"","overlay-color":"","overlay-opacity":"","overlay-gradient":""},"tablet":{"background-color":"","background-image":"","background-repeat":"repeat","background-position":"center center","background-size":"auto","background-attachment":"scroll","background-type":"","background-media":"","overlay-type":"","overlay-color":"","overlay-opacity":"","overlay-gradient":""},"mobile":{"background-color":"","background-image":"","background-repeat":"repeat","background-position":"center center","background-size":"auto","background-attachment":"scroll","background-type":"","background-media":"","overlay-type":"","overlay-color":"","overlay-opacity":"","overlay-gradient":""}},"ast-content-background-meta":{"desktop":{"background-color":"var(--ast-global-color-5)","background-image":"","background-repeat":"repeat","background-position":"center center","background-size":"auto","background-attachment":"scroll","background-type":"","background-media":"","overlay-type":"","overlay-color":"","overlay-opacity":"","overlay-gradient":""},"tablet":{"background-color":"var(--ast-global-color-5)","background-image":"","background-repeat":"repeat","background-position":"center center","background-size":"auto","background-attachment":"scroll","background-type":"","background-media":"","overlay-type":"","overlay-color":"","overlay-opacity":"","overlay-gradient":""},"mobile":{"background-color":"var(--ast-global-color-5)","background-image":"","background-repeat":"repeat","background-position":"center center","background-size":"auto","background-attachment":"scroll","background-type":"","background-media":"","overlay-type":"","overlay-color":"","overlay-opacity":"","overlay-gradient":""}}},"product_brand":[],"product_cat":[157,271],"product_tag":[],"class_list":{"0":"post-28116","1":"product","2":"type-product","3":"status-publish","4":"has-post-thumbnail","6":"product_cat-anime","7":"product_cat-the-apothecary-diaries","8":"desktop-align-left","9":"tablet-align-left","10":"mobile-align-left","11":"ast-product-gallery-layout-horizontal-slider","12":"ast-product-single-variable","13":"ast-product-tabs-layout-horizontal","15":"first","16":"instock","17":"purchasable","18":"product-type-variable"},"acf":[],"aioseo_notices":[],"_links":{"self":[{"href":"https:\/\/yumicos.com\/es\/wp-json\/wp\/v2\/product\/28116","targetHints":{"allow":["GET"]}}],"collection":[{"href":"https:\/\/yumicos.com\/es\/wp-json\/wp\/v2\/product"}],"about":[{"href":"https:\/\/yumicos.com\/es\/wp-json\/wp\/v2\/types\/product"}],"replies":[{"embeddable":true,"href":"https:\/\/yumicos.com\/es\/wp-json\/wp\/v2\/comments?post=28116"}],"wp:featuredmedia":[{"embeddable":true,"href":"https:\/\/yumicos.com\/es\/wp-json\/wp\/v2\/media\/27617"}],"wp:attachment":[{"href":"https:\/\/yumicos.com\/es\/wp-json\/wp\/v2\/media?parent=28116"}],"wp:term":[{"taxonomy":"product_brand","embeddable":true,"href":"https:\/\/yumicos.com\/es\/wp-json\/wp\/v2\/product_brand?post=28116"},{"taxonomy":"product_cat","embeddable":true,"href":"https:\/\/yumicos.com\/es\/wp-json\/wp\/v2\/product_cat?post=28116"},{"taxonomy":"product_tag","embeddable":true,"href":"https:\/\/yumicos.com\/es\/wp-json\/wp\/v2\/product_tag?post=28116"}],"curies":[{"name":"wp","href":"https:\/\/api.w.org\/{rel}","templated":true}]}}