{"id":24945,"date":"2025-06-11T16:37:05","date_gmt":"2025-06-11T16:37:05","guid":{"rendered":"https:\/\/yumicos.com\/product\/peluca-cosplay-yuji-itadori-pelo-corto-de-punta-rosa\/"},"modified":"2025-10-11T16:13:47","modified_gmt":"2025-10-11T16:13:47","slug":"yuji-itadori-cosplay-wig","status":"publish","type":"product","link":"https:\/\/yumicos.com\/es\/product\/yuji-itadori-cosplay-wig\/","title":{"rendered":"Peluca Cosplay Yuji Itadori &#8211; Pelo corto de punta rosa"},"content":{"rendered":"<figure id=\"attachment_4644\" aria-describedby=\"caption-attachment-4644\" style=\"width: 750px\" class=\"wp-caption alignnone\"><img fetchpriority=\"high\" decoding=\"async\" class=\"size-full wp-image-4644\" src=\"https:\/\/yumicos.com\/wp-content\/uploads\/2025\/06\/6-1.jpg\" alt=\"Front view of Yuji Itadori cosplay wig\" width=\"750\" height=\"750\" srcset=\"https:\/\/yumicos.com\/wp-content\/uploads\/2025\/06\/6-1.jpg 1500w, https:\/\/yumicos.com\/wp-content\/uploads\/2025\/06\/6-1-300x300.jpg 300w, https:\/\/yumicos.com\/wp-content\/uploads\/2025\/06\/6-1-1024x1024.jpg 1024w, https:\/\/yumicos.com\/wp-content\/uploads\/2025\/06\/6-1-150x150.jpg 150w, https:\/\/yumicos.com\/wp-content\/uploads\/2025\/06\/6-1-768x768.jpg 768w, https:\/\/yumicos.com\/wp-content\/uploads\/2025\/06\/6-1-12x12.jpg 12w, https:\/\/yumicos.com\/wp-content\/uploads\/2025\/06\/6-1-70x70.jpg 70w, https:\/\/yumicos.com\/wp-content\/uploads\/2025\/06\/6-1-600x600.jpg 600w, https:\/\/yumicos.com\/wp-content\/uploads\/2025\/06\/6-1-100x100.jpg 100w, https:\/\/yumicos.com\/wp-content\/uploads\/2025\/06\/6-1-50x50.jpg 50w\" sizes=\"(max-width: 750px) 100vw, 750px\" \/><figcaption id=\"caption-attachment-4644\" class=\"wp-caption-text\">L\u00ednea natural del cabello con color anime<\/figcaption><\/figure>\n","protected":false},"excerpt":{"rendered":"<p data-start=\"2392\" data-end=\"2577\">Esta peluca corta de punta captura a la perfecci\u00f3n el peinado caracter\u00edstico de Yuji Itadori. Fabricada con fibra sint\u00e9tica resistente al calor para mayor comodidad y flexibilidad de peinado.<\/p>\n","protected":false},"featured_media":16978,"comment_status":"open","ping_status":"closed","template":"","meta":{"_acf_changed":false,"_monsterinsights_skip_tracking":false,"_monsterinsights_sitenote_active":false,"_monsterinsights_sitenote_note":"","_monsterinsights_sitenote_category":0,"site-sidebar-layout":"default","site-content-layout":"","ast-site-content-layout":"default","site-content-style":"default","site-sidebar-style":"default","ast-global-header-display":"","ast-banner-title-visibility":"","ast-main-header-display":"","ast-hfb-above-header-display":"","ast-hfb-below-header-display":"","ast-hfb-mobile-header-display":"","site-post-title":"","ast-breadcrumbs-content":"","ast-featured-img":"","footer-sml-layout":"","theme-transparent-header-meta":"default","adv-header-id-meta":"","stick-header-meta":"default","header-above-stick-meta":"","header-main-stick-meta":"","header-below-stick-meta":"","astra-migrate-meta-layouts":"default","ast-page-background-enabled":"default","ast-page-background-meta":{"desktop":{"background-color":"var(--ast-global-color-4)","background-image":"","background-repeat":"repeat","background-position":"center center","background-size":"auto","background-attachment":"scroll","background-type":"","background-media":"","overlay-type":"","overlay-color":"","overlay-opacity":"","overlay-gradient":""},"tablet":{"background-color":"","background-image":"","background-repeat":"repeat","background-position":"center center","background-size":"auto","background-attachment":"scroll","background-type":"","background-media":"","overlay-type":"","overlay-color":"","overlay-opacity":"","overlay-gradient":""},"mobile":{"background-color":"","background-image":"","background-repeat":"repeat","background-position":"center center","background-size":"auto","background-attachment":"scroll","background-type":"","background-media":"","overlay-type":"","overlay-color":"","overlay-opacity":"","overlay-gradient":""}},"ast-content-background-meta":{"desktop":{"background-color":"var(--ast-global-color-5)","background-image":"","background-repeat":"repeat","background-position":"center center","background-size":"auto","background-attachment":"scroll","background-type":"","background-media":"","overlay-type":"","overlay-color":"","overlay-opacity":"","overlay-gradient":""},"tablet":{"background-color":"var(--ast-global-color-5)","background-image":"","background-repeat":"repeat","background-position":"center center","background-size":"auto","background-attachment":"scroll","background-type":"","background-media":"","overlay-type":"","overlay-color":"","overlay-opacity":"","overlay-gradient":""},"mobile":{"background-color":"var(--ast-global-color-5)","background-image":"","background-repeat":"repeat","background-position":"center center","background-size":"auto","background-attachment":"scroll","background-type":"","background-media":"","overlay-type":"","overlay-color":"","overlay-opacity":"","overlay-gradient":""}}},"product_brand":[],"product_cat":[157,168,169],"product_tag":[],"class_list":{"0":"post-24945","1":"product","2":"type-product","3":"status-publish","4":"has-post-thumbnail","6":"product_cat-anime","7":"product_cat-h-i-j-k-l-m-n","8":"product_cat-jujutsu-kaisen","9":"desktop-align-left","10":"tablet-align-left","11":"mobile-align-left","12":"ast-product-gallery-layout-horizontal-slider","13":"ast-product-gallery-with-no-image","14":"ast-product-tabs-layout-horizontal","16":"first","17":"instock","18":"purchasable","19":"product-type-simple"},"acf":[],"aioseo_notices":[],"_links":{"self":[{"href":"https:\/\/yumicos.com\/es\/wp-json\/wp\/v2\/product\/24945","targetHints":{"allow":["GET"]}}],"collection":[{"href":"https:\/\/yumicos.com\/es\/wp-json\/wp\/v2\/product"}],"about":[{"href":"https:\/\/yumicos.com\/es\/wp-json\/wp\/v2\/types\/product"}],"replies":[{"embeddable":true,"href":"https:\/\/yumicos.com\/es\/wp-json\/wp\/v2\/comments?post=24945"}],"wp:featuredmedia":[{"embeddable":true,"href":"https:\/\/yumicos.com\/es\/wp-json\/wp\/v2\/media\/16978"}],"wp:attachment":[{"href":"https:\/\/yumicos.com\/es\/wp-json\/wp\/v2\/media?parent=24945"}],"wp:term":[{"taxonomy":"product_brand","embeddable":true,"href":"https:\/\/yumicos.com\/es\/wp-json\/wp\/v2\/product_brand?post=24945"},{"taxonomy":"product_cat","embeddable":true,"href":"https:\/\/yumicos.com\/es\/wp-json\/wp\/v2\/product_cat?post=24945"},{"taxonomy":"product_tag","embeddable":true,"href":"https:\/\/yumicos.com\/es\/wp-json\/wp\/v2\/product_tag?post=24945"}],"curies":[{"name":"wp","href":"https:\/\/api.w.org\/{rel}","templated":true}]}}