{"id":24272,"date":"2025-05-27T18:53:11","date_gmt":"2025-05-27T18:53:11","guid":{"rendered":"https:\/\/yumicos.com\/product\/genshin-impact-skirk-cosplay-costume-abyss-mentor-outfit\/"},"modified":"2025-10-13T15:16:47","modified_gmt":"2025-10-13T15:16:47","slug":"genshin-impact-skirk-cosplay-costume","status":"publish","type":"product","link":"https:\/\/yumicos.com\/es\/product\/genshin-impact-skirk-cosplay-costume\/","title":{"rendered":"Disfraz de Genshin Impact Skirk &#8211; Traje de Mentor del Abismo"},"content":{"rendered":"<p><img fetchpriority=\"high\" decoding=\"async\" class=\"alignnone size-full wp-image-285\" src=\"https:\/\/yumicos.com\/wp-content\/uploads\/2025\/01\/chanp.jpg\" alt=\"\" width=\"790\" height=\"92\" srcset=\"https:\/\/yumicos.com\/wp-content\/uploads\/2025\/01\/chanp.jpg 790w, https:\/\/yumicos.com\/wp-content\/uploads\/2025\/01\/chanp-300x35.jpg 300w, https:\/\/yumicos.com\/wp-content\/uploads\/2025\/01\/chanp-768x89.jpg 768w, https:\/\/yumicos.com\/wp-content\/uploads\/2025\/01\/chanp-600x70.jpg 600w\" sizes=\"(max-width: 790px) 100vw, 790px\" \/><\/p>\n<p><strong>Fuente<\/strong>: <a href=\"https:\/\/yumicos.com\/es\/product-category\/game-cosplay-es\/genshin-impact-cosplay-es\/\">Genshin Impact<\/a><\/p>\n<p><strong>Personaje<\/strong>: Skirk<\/p>\n<p><strong>Incluye<\/strong>:Vestido+cinta+calcetines+guantes+dorso+dorno de pecho+dorno de cabeza+dorno de brazo+dorno de espalda+pantal\u00f3n+correa de hombro+dorno de cuello<\/p>\n<p data-start=\"0\" data-end=\"105\"><strong data-start=\"0\" data-end=\"13\">Material:<\/strong> Hecho de poli\u00e9ster de alta calidad y piel sint\u00e9tica para un ajuste c\u00f3modo y duradero.<\/p>\n<p data-start=\"107\" data-end=\"204\"><strong data-start=\"107\" data-end=\"129\">Instrucciones de cuidado:<\/strong> Lavar a mano en agua fr\u00eda, evitar la lej\u00eda y colgar para secar para obtener mejores resultados.<\/p>\n<p data-start=\"206\" data-end=\"319\"><strong data-start=\"206\" data-end=\"215\">Talla:<\/strong> Tenga en cuenta que el tallaje sigue los est\u00e1ndares asi\u00e1ticos y puede variar entre 1 y 3 cm debido a la medici\u00f3n manual.<\/p>\n<p data-start=\"321\" data-end=\"347\" data-is-last-node=\"\" data-is-only-node=\"\"><strong data-start=\"321\" data-end=\"329\">Punta:<\/strong> 1 cm \u2248 0,39 pulgadas.<\/p>\n<p><img decoding=\"async\" class=\"alignnone size-full wp-image-288\" src=\"https:\/\/yumicos.com\/wp-content\/uploads\/2025\/01\/shiwuzhanshi.jpg\" alt=\"\" width=\"790\" height=\"92\" srcset=\"https:\/\/yumicos.com\/wp-content\/uploads\/2025\/01\/shiwuzhanshi.jpg 790w, https:\/\/yumicos.com\/wp-content\/uploads\/2025\/01\/shiwuzhanshi-300x35.jpg 300w, https:\/\/yumicos.com\/wp-content\/uploads\/2025\/01\/shiwuzhanshi-768x89.jpg 768w, https:\/\/yumicos.com\/wp-content\/uploads\/2025\/01\/shiwuzhanshi-600x70.jpg 600w\" sizes=\"(max-width: 790px) 100vw, 790px\" \/><\/p>\n<p><img decoding=\"async\" class=\"size-full wp-image-4181\" src=\"https:\/\/yumicos.com\/wp-content\/uploads\/2025\/05\/2-15.jpg\" alt=\"Full front view of Genshin Skirk cosplay costume\" width=\"800\" height=\"1920\" \/><\/p>\n<p><img loading=\"lazy\" decoding=\"async\" class=\"size-full wp-image-4182\" src=\"https:\/\/yumicos.com\/wp-content\/uploads\/2025\/05\/3-15.jpg\" alt=\"Rear view of Skirk cosplay outfit from Genshin Impact\" width=\"800\" height=\"1920\" \/><\/p>\n<p><img loading=\"lazy\" decoding=\"async\" class=\"alignnone size-full wp-image-287\" src=\"https:\/\/yumicos.com\/wp-content\/uploads\/2025\/01\/xijie.jpg\" alt=\"\" width=\"790\" height=\"92\" srcset=\"https:\/\/yumicos.com\/wp-content\/uploads\/2025\/01\/xijie.jpg 790w, https:\/\/yumicos.com\/wp-content\/uploads\/2025\/01\/xijie-300x35.jpg 300w, https:\/\/yumicos.com\/wp-content\/uploads\/2025\/01\/xijie-768x89.jpg 768w, https:\/\/yumicos.com\/wp-content\/uploads\/2025\/01\/xijie-600x70.jpg 600w\" sizes=\"(max-width: 790px) 100vw, 790px\" \/><\/p>\n<p><img loading=\"lazy\" decoding=\"async\" class=\"size-full wp-image-4185\" src=\"https:\/\/yumicos.com\/wp-content\/uploads\/2025\/05\/6-13.jpg\" alt=\"Close-up of Skirk cosplay embroidery and fabric\" width=\"750\" height=\"1920\" \/><\/p>\n<p><img loading=\"lazy\" decoding=\"async\" class=\"size-full wp-image-4186\" src=\"https:\/\/yumicos.com\/wp-content\/uploads\/2025\/05\/7-12.jpg\" alt=\"Close-up of Skirk cosplay embroidery and fabric\" width=\"750\" height=\"1920\" \/><\/p>\n<p><img loading=\"lazy\" decoding=\"async\" class=\"size-full wp-image-4187\" src=\"https:\/\/yumicos.com\/wp-content\/uploads\/2025\/05\/8-12.jpg\" alt=\"Close-up of Skirk cosplay embroidery and fabric\" width=\"750\" height=\"1920\" \/><\/p>\n<p><img loading=\"lazy\" decoding=\"async\" class=\"size-full wp-image-4188\" src=\"https:\/\/yumicos.com\/wp-content\/uploads\/2025\/05\/9-12.jpg\" alt=\"Close-up of Skirk cosplay embroidery and fabric\" width=\"750\" height=\"1920\" \/><\/p>\n<p><img loading=\"lazy\" decoding=\"async\" class=\"size-full wp-image-4189\" src=\"https:\/\/yumicos.com\/wp-content\/uploads\/2025\/05\/10-9.jpg\" alt=\"Close-up of Skirk cosplay embroidery and fabric\" width=\"750\" height=\"1920\" \/><\/p>\n<p><img loading=\"lazy\" decoding=\"async\" class=\"size-full wp-image-4190\" src=\"https:\/\/yumicos.com\/wp-content\/uploads\/2025\/05\/11-10.jpg\" alt=\"Close-up of Skirk cosplay embroidery and fabric\" width=\"750\" height=\"1920\" \/><\/p>\n<p><img loading=\"lazy\" decoding=\"async\" class=\"size-full wp-image-4191\" src=\"https:\/\/yumicos.com\/wp-content\/uploads\/2025\/05\/12-10.jpg\" alt=\"Close-up of Skirk cosplay embroidery and fabric\" width=\"750\" height=\"1920\" \/><\/p>\n<p><img loading=\"lazy\" decoding=\"async\" class=\"size-full wp-image-4192\" src=\"https:\/\/yumicos.com\/wp-content\/uploads\/2025\/05\/13-10.jpg\" alt=\"Close-up of Skirk cosplay embroidery and fabric\" width=\"750\" height=\"1920\" \/><\/p>\n<p><img loading=\"lazy\" decoding=\"async\" class=\"size-full wp-image-4193\" src=\"https:\/\/yumicos.com\/wp-content\/uploads\/2025\/05\/14-8.jpg\" alt=\"Close-up of Skirk cosplay embroidery and fabric\" width=\"750\" height=\"1920\" \/><\/p>\n","protected":false},"excerpt":{"rendered":"<p data-start=\"868\" data-end=\"1035\">Este disfraz de cosplay de Skirk est\u00e1 inspirado en su aparici\u00f3n como mentor del Abismo en <em data-start=\"948\" data-end=\"964\">Genshin Impact<\/em>. Dise\u00f1ado con precisi\u00f3n para convenciones, sesiones de fotos y coleccionistas.<\/p>\n","protected":false},"featured_media":16450,"comment_status":"open","ping_status":"closed","template":"","meta":{"_acf_changed":false,"_monsterinsights_skip_tracking":false,"_monsterinsights_sitenote_active":false,"_monsterinsights_sitenote_note":"","_monsterinsights_sitenote_category":0,"site-sidebar-layout":"default","site-content-layout":"","ast-site-content-layout":"default","site-content-style":"default","site-sidebar-style":"default","ast-global-header-display":"","ast-banner-title-visibility":"","ast-main-header-display":"","ast-hfb-above-header-display":"","ast-hfb-below-header-display":"","ast-hfb-mobile-header-display":"","site-post-title":"","ast-breadcrumbs-content":"","ast-featured-img":"","footer-sml-layout":"","theme-transparent-header-meta":"default","adv-header-id-meta":"","stick-header-meta":"default","header-above-stick-meta":"","header-main-stick-meta":"","header-below-stick-meta":"","astra-migrate-meta-layouts":"default","ast-page-background-enabled":"default","ast-page-background-meta":{"desktop":{"background-color":"var(--ast-global-color-4)","background-image":"","background-repeat":"repeat","background-position":"center center","background-size":"auto","background-attachment":"scroll","background-type":"","background-media":"","overlay-type":"","overlay-color":"","overlay-opacity":"","overlay-gradient":""},"tablet":{"background-color":"","background-image":"","background-repeat":"repeat","background-position":"center center","background-size":"auto","background-attachment":"scroll","background-type":"","background-media":"","overlay-type":"","overlay-color":"","overlay-opacity":"","overlay-gradient":""},"mobile":{"background-color":"","background-image":"","background-repeat":"repeat","background-position":"center center","background-size":"auto","background-attachment":"scroll","background-type":"","background-media":"","overlay-type":"","overlay-color":"","overlay-opacity":"","overlay-gradient":""}},"ast-content-background-meta":{"desktop":{"background-color":"var(--ast-global-color-5)","background-image":"","background-repeat":"repeat","background-position":"center center","background-size":"auto","background-attachment":"scroll","background-type":"","background-media":"","overlay-type":"","overlay-color":"","overlay-opacity":"","overlay-gradient":""},"tablet":{"background-color":"var(--ast-global-color-5)","background-image":"","background-repeat":"repeat","background-position":"center center","background-size":"auto","background-attachment":"scroll","background-type":"","background-media":"","overlay-type":"","overlay-color":"","overlay-opacity":"","overlay-gradient":""},"mobile":{"background-color":"var(--ast-global-color-5)","background-image":"","background-repeat":"repeat","background-position":"center center","background-size":"auto","background-attachment":"scroll","background-type":"","background-media":"","overlay-type":"","overlay-color":"","overlay-opacity":"","overlay-gradient":""}}},"product_brand":[],"product_cat":[112,184],"product_tag":[],"class_list":{"0":"post-24272","1":"product","2":"type-product","3":"status-publish","4":"has-post-thumbnail","6":"product_cat-game-cosplay","7":"product_cat-genshin-impact-cosplay","8":"desktop-align-left","9":"tablet-align-left","10":"mobile-align-left","11":"ast-product-gallery-layout-horizontal-slider","12":"ast-product-single-variable","13":"ast-product-tabs-layout-horizontal","15":"first","16":"instock","17":"taxable","18":"shipping-taxable","19":"purchasable","20":"product-type-variable"},"acf":[],"aioseo_notices":[],"_links":{"self":[{"href":"https:\/\/yumicos.com\/es\/wp-json\/wp\/v2\/product\/24272","targetHints":{"allow":["GET"]}}],"collection":[{"href":"https:\/\/yumicos.com\/es\/wp-json\/wp\/v2\/product"}],"about":[{"href":"https:\/\/yumicos.com\/es\/wp-json\/wp\/v2\/types\/product"}],"replies":[{"embeddable":true,"href":"https:\/\/yumicos.com\/es\/wp-json\/wp\/v2\/comments?post=24272"}],"wp:featuredmedia":[{"embeddable":true,"href":"https:\/\/yumicos.com\/es\/wp-json\/wp\/v2\/media\/16450"}],"wp:attachment":[{"href":"https:\/\/yumicos.com\/es\/wp-json\/wp\/v2\/media?parent=24272"}],"wp:term":[{"taxonomy":"product_brand","embeddable":true,"href":"https:\/\/yumicos.com\/es\/wp-json\/wp\/v2\/product_brand?post=24272"},{"taxonomy":"product_cat","embeddable":true,"href":"https:\/\/yumicos.com\/es\/wp-json\/wp\/v2\/product_cat?post=24272"},{"taxonomy":"product_tag","embeddable":true,"href":"https:\/\/yumicos.com\/es\/wp-json\/wp\/v2\/product_tag?post=24272"}],"curies":[{"name":"wp","href":"https:\/\/api.w.org\/{rel}","templated":true}]}}