{"id":21859,"date":"2025-07-08T07:32:43","date_gmt":"2025-07-08T07:32:43","guid":{"rendered":"https:\/\/yumicos.com\/product\/nikke-arcana-cosplay-costume-diosa-de-la-victoria-cosplay-outfit\/"},"modified":"2025-10-11T15:53:43","modified_gmt":"2025-10-11T15:53:43","slug":"nikke-arcana-cosplay-costume","status":"publish","type":"product","link":"https:\/\/yumicos.com\/es\/product\/nikke-arcana-cosplay-costume\/","title":{"rendered":"NIKKE Arcana Cosplay Costume | Diosa de la Victoria Cosplay Outfit"},"content":{"rendered":"<p><img fetchpriority=\"high\" decoding=\"async\" class=\"alignnone size-full wp-image-285\" src=\"https:\/\/yumicos.com\/wp-content\/uploads\/2025\/01\/chanp.jpg\" alt=\"\" width=\"790\" height=\"92\" srcset=\"https:\/\/yumicos.com\/wp-content\/uploads\/2025\/01\/chanp.jpg 790w, https:\/\/yumicos.com\/wp-content\/uploads\/2025\/01\/chanp-300x35.jpg 300w, https:\/\/yumicos.com\/wp-content\/uploads\/2025\/01\/chanp-768x89.jpg 768w, https:\/\/yumicos.com\/wp-content\/uploads\/2025\/01\/chanp-600x70.jpg 600w\" sizes=\"(max-width: 790px) 100vw, 790px\" \/><\/p>\n<p><strong>Fuente<\/strong><a href=\"\/?product_cat=diosa-de-la-victoria-nikke\">:Goddess of Victory: NIKKE<\/a><\/p>\n<p><strong>Personaje<\/strong>: Arcana<\/p>\n<p><strong>Incluye<\/strong>:Vestido+chaleco+brazalete+cinta+pulsera+anillos+pendientes+accesorios para el pelo<\/p>\n<p data-start=\"0\" data-end=\"105\"><strong data-start=\"0\" data-end=\"13\">Material:<\/strong> Fabricado en poli\u00e9ster de alta calidad y piel sint\u00e9tica para un ajuste c\u00f3modo y duradero.<\/p>\n<p data-start=\"107\" data-end=\"204\"><strong data-start=\"107\" data-end=\"129\">Instrucciones de cuidado:<\/strong> Lavar a mano en agua fr\u00eda, evitar la lej\u00eda y colgar para secar para obtener mejores resultados.<\/p>\n<p data-start=\"206\" data-end=\"319\"><strong data-start=\"206\" data-end=\"215\">Talla:<\/strong> Tenga en cuenta que el tallaje sigue los est\u00e1ndares asi\u00e1ticos y puede variar entre 1 y 3 cm debido a la medici\u00f3n manual.<\/p>\n<p data-start=\"321\" data-end=\"347\" data-is-last-node=\"\" data-is-only-node=\"\"><strong data-start=\"321\" data-end=\"329\">Punta:<\/strong> 1 cm \u2248 0,39 pulgadas.<\/p>\n<p><img decoding=\"async\" class=\"alignnone size-full wp-image-288\" src=\"https:\/\/yumicos.com\/wp-content\/uploads\/2025\/01\/shiwuzhanshi.jpg\" alt=\"\" width=\"790\" height=\"92\" srcset=\"https:\/\/yumicos.com\/wp-content\/uploads\/2025\/01\/shiwuzhanshi.jpg 790w, https:\/\/yumicos.com\/wp-content\/uploads\/2025\/01\/shiwuzhanshi-300x35.jpg 300w, https:\/\/yumicos.com\/wp-content\/uploads\/2025\/01\/shiwuzhanshi-768x89.jpg 768w, https:\/\/yumicos.com\/wp-content\/uploads\/2025\/01\/shiwuzhanshi-600x70.jpg 600w\" sizes=\"(max-width: 790px) 100vw, 790px\" \/><\/p>\n<p><img decoding=\"async\" class=\"size-full wp-image-5120\" src=\"https:\/\/yumicos.com\/wp-content\/uploads\/2025\/07\/6.jpg\" alt=\"Arcana cosplay costume front full view\" width=\"750\" height=\"1102\" srcset=\"https:\/\/yumicos.com\/wp-content\/uploads\/2025\/07\/6.jpg 750w, https:\/\/yumicos.com\/wp-content\/uploads\/2025\/07\/6-204x300.jpg 204w, https:\/\/yumicos.com\/wp-content\/uploads\/2025\/07\/6-697x1024.jpg 697w, https:\/\/yumicos.com\/wp-content\/uploads\/2025\/07\/6-8x12.jpg 8w, https:\/\/yumicos.com\/wp-content\/uploads\/2025\/07\/6-600x882.jpg 600w\" sizes=\"(max-width: 750px) 100vw, 750px\" \/><br \/>\n<img loading=\"lazy\" decoding=\"async\" class=\"size-full wp-image-5121\" src=\"https:\/\/yumicos.com\/wp-content\/uploads\/2025\/07\/7.jpg\" alt=\"Arcana cosplay costume front full view\" width=\"750\" height=\"1126\" srcset=\"https:\/\/yumicos.com\/wp-content\/uploads\/2025\/07\/7.jpg 750w, https:\/\/yumicos.com\/wp-content\/uploads\/2025\/07\/7-200x300.jpg 200w, https:\/\/yumicos.com\/wp-content\/uploads\/2025\/07\/7-682x1024.jpg 682w, https:\/\/yumicos.com\/wp-content\/uploads\/2025\/07\/7-8x12.jpg 8w, https:\/\/yumicos.com\/wp-content\/uploads\/2025\/07\/7-600x901.jpg 600w\" sizes=\"(max-width: 750px) 100vw, 750px\" \/><\/p>\n<p><img loading=\"lazy\" decoding=\"async\" class=\"alignnone size-full wp-image-287\" src=\"https:\/\/yumicos.com\/wp-content\/uploads\/2025\/01\/xijie.jpg\" alt=\"\" width=\"790\" height=\"92\" srcset=\"https:\/\/yumicos.com\/wp-content\/uploads\/2025\/01\/xijie.jpg 790w, https:\/\/yumicos.com\/wp-content\/uploads\/2025\/01\/xijie-300x35.jpg 300w, https:\/\/yumicos.com\/wp-content\/uploads\/2025\/01\/xijie-768x89.jpg 768w, https:\/\/yumicos.com\/wp-content\/uploads\/2025\/01\/xijie-600x70.jpg 600w\" sizes=\"(max-width: 790px) 100vw, 790px\" \/><\/p>\n<p><img loading=\"lazy\" decoding=\"async\" class=\"size-full wp-image-5122\" src=\"https:\/\/yumicos.com\/wp-content\/uploads\/2025\/07\/9.jpg\" alt=\"Primer plano de los accesorios y tejidos de cosplay Arcana\" width=\"750\" height=\"503\" srcset=\"https:\/\/yumicos.com\/wp-content\/uploads\/2025\/07\/9.jpg 750w, https:\/\/yumicos.com\/wp-content\/uploads\/2025\/07\/9-300x201.jpg 300w, https:\/\/yumicos.com\/wp-content\/uploads\/2025\/07\/9-18x12.jpg 18w, https:\/\/yumicos.com\/wp-content\/uploads\/2025\/07\/9-600x402.jpg 600w\" sizes=\"(max-width: 750px) 100vw, 750px\" \/><br \/>\n<img loading=\"lazy\" decoding=\"async\" class=\"size-full wp-image-5123\" src=\"https:\/\/yumicos.com\/wp-content\/uploads\/2025\/07\/10.jpg\" alt=\"Primer plano de los accesorios y tejidos de cosplay Arcana\" width=\"750\" height=\"462\" srcset=\"https:\/\/yumicos.com\/wp-content\/uploads\/2025\/07\/10.jpg 750w, https:\/\/yumicos.com\/wp-content\/uploads\/2025\/07\/10-300x185.jpg 300w, https:\/\/yumicos.com\/wp-content\/uploads\/2025\/07\/10-18x12.jpg 18w, https:\/\/yumicos.com\/wp-content\/uploads\/2025\/07\/10-600x370.jpg 600w\" sizes=\"(max-width: 750px) 100vw, 750px\" \/><br \/>\n<img loading=\"lazy\" decoding=\"async\" class=\"size-full wp-image-5124\" src=\"https:\/\/yumicos.com\/wp-content\/uploads\/2025\/07\/11.jpg\" alt=\"Primer plano de los accesorios y tejidos de cosplay Arcana\" width=\"750\" height=\"464\" srcset=\"https:\/\/yumicos.com\/wp-content\/uploads\/2025\/07\/11.jpg 750w, https:\/\/yumicos.com\/wp-content\/uploads\/2025\/07\/11-300x186.jpg 300w, https:\/\/yumicos.com\/wp-content\/uploads\/2025\/07\/11-18x12.jpg 18w, https:\/\/yumicos.com\/wp-content\/uploads\/2025\/07\/11-600x371.jpg 600w\" sizes=\"(max-width: 750px) 100vw, 750px\" \/><br \/>\n<img loading=\"lazy\" decoding=\"async\" class=\"size-full wp-image-5125\" src=\"https:\/\/yumicos.com\/wp-content\/uploads\/2025\/07\/12.jpg\" alt=\"Primer plano de los accesorios y tejidos de cosplay Arcana\" width=\"750\" height=\"542\" srcset=\"https:\/\/yumicos.com\/wp-content\/uploads\/2025\/07\/12.jpg 750w, https:\/\/yumicos.com\/wp-content\/uploads\/2025\/07\/12-300x217.jpg 300w, https:\/\/yumicos.com\/wp-content\/uploads\/2025\/07\/12-18x12.jpg 18w, https:\/\/yumicos.com\/wp-content\/uploads\/2025\/07\/12-600x434.jpg 600w\" sizes=\"(max-width: 750px) 100vw, 750px\" \/><\/p>\n","protected":false},"excerpt":{"rendered":"<p data-start=\"710\" data-end=\"980\">Da vida a Arcana de <em data-start=\"728\" data-end=\"755\">NIKKE: Goddess of Victory<\/em> con este disfraz de cosplay meticulosamente elaborado. Con detalles vibrantes, tejidos de alta calidad y un llamativo dise\u00f1o fiel al personaje, este traje es perfecto para eventos de cosplay, sesiones de fotos o coleccionismo. <\/p>\n","protected":false},"featured_media":17643,"comment_status":"open","ping_status":"closed","template":"","meta":{"_acf_changed":false,"_monsterinsights_skip_tracking":false,"_monsterinsights_sitenote_active":false,"_monsterinsights_sitenote_note":"","_monsterinsights_sitenote_category":0,"site-sidebar-layout":"default","site-content-layout":"","ast-site-content-layout":"default","site-content-style":"default","site-sidebar-style":"default","ast-global-header-display":"","ast-banner-title-visibility":"","ast-main-header-display":"","ast-hfb-above-header-display":"","ast-hfb-below-header-display":"","ast-hfb-mobile-header-display":"","site-post-title":"","ast-breadcrumbs-content":"","ast-featured-img":"","footer-sml-layout":"","theme-transparent-header-meta":"default","adv-header-id-meta":"","stick-header-meta":"default","header-above-stick-meta":"","header-main-stick-meta":"","header-below-stick-meta":"","astra-migrate-meta-layouts":"default","ast-page-background-enabled":"default","ast-page-background-meta":{"desktop":{"background-color":"var(--ast-global-color-4)","background-image":"","background-repeat":"repeat","background-position":"center center","background-size":"auto","background-attachment":"scroll","background-type":"","background-media":"","overlay-type":"","overlay-color":"","overlay-opacity":"","overlay-gradient":""},"tablet":{"background-color":"","background-image":"","background-repeat":"repeat","background-position":"center center","background-size":"auto","background-attachment":"scroll","background-type":"","background-media":"","overlay-type":"","overlay-color":"","overlay-opacity":"","overlay-gradient":""},"mobile":{"background-color":"","background-image":"","background-repeat":"repeat","background-position":"center center","background-size":"auto","background-attachment":"scroll","background-type":"","background-media":"","overlay-type":"","overlay-color":"","overlay-opacity":"","overlay-gradient":""}},"ast-content-background-meta":{"desktop":{"background-color":"var(--ast-global-color-5)","background-image":"","background-repeat":"repeat","background-position":"center center","background-size":"auto","background-attachment":"scroll","background-type":"","background-media":"","overlay-type":"","overlay-color":"","overlay-opacity":"","overlay-gradient":""},"tablet":{"background-color":"var(--ast-global-color-5)","background-image":"","background-repeat":"repeat","background-position":"center center","background-size":"auto","background-attachment":"scroll","background-type":"","background-media":"","overlay-type":"","overlay-color":"","overlay-opacity":"","overlay-gradient":""},"mobile":{"background-color":"var(--ast-global-color-5)","background-image":"","background-repeat":"repeat","background-position":"center center","background-size":"auto","background-attachment":"scroll","background-type":"","background-media":"","overlay-type":"","overlay-color":"","overlay-opacity":"","overlay-gradient":""}}},"product_brand":[],"product_cat":[112,160],"product_tag":[],"class_list":{"0":"post-21859","1":"product","2":"type-product","3":"status-publish","4":"has-post-thumbnail","6":"product_cat-game-cosplay","7":"product_cat-goddess-of-victory-nikke","8":"desktop-align-left","9":"tablet-align-left","10":"mobile-align-left","11":"ast-product-gallery-layout-horizontal-slider","12":"ast-product-single-variable","13":"ast-product-tabs-layout-horizontal","15":"first","16":"instock","17":"purchasable","18":"product-type-variable"},"acf":[],"aioseo_notices":[],"_links":{"self":[{"href":"https:\/\/yumicos.com\/es\/wp-json\/wp\/v2\/product\/21859","targetHints":{"allow":["GET"]}}],"collection":[{"href":"https:\/\/yumicos.com\/es\/wp-json\/wp\/v2\/product"}],"about":[{"href":"https:\/\/yumicos.com\/es\/wp-json\/wp\/v2\/types\/product"}],"replies":[{"embeddable":true,"href":"https:\/\/yumicos.com\/es\/wp-json\/wp\/v2\/comments?post=21859"}],"wp:featuredmedia":[{"embeddable":true,"href":"https:\/\/yumicos.com\/es\/wp-json\/wp\/v2\/media\/17643"}],"wp:attachment":[{"href":"https:\/\/yumicos.com\/es\/wp-json\/wp\/v2\/media?parent=21859"}],"wp:term":[{"taxonomy":"product_brand","embeddable":true,"href":"https:\/\/yumicos.com\/es\/wp-json\/wp\/v2\/product_brand?post=21859"},{"taxonomy":"product_cat","embeddable":true,"href":"https:\/\/yumicos.com\/es\/wp-json\/wp\/v2\/product_cat?post=21859"},{"taxonomy":"product_tag","embeddable":true,"href":"https:\/\/yumicos.com\/es\/wp-json\/wp\/v2\/product_tag?post=21859"}],"curies":[{"name":"wp","href":"https:\/\/api.w.org\/{rel}","templated":true}]}}