{"id":19365,"date":"2025-02-19T09:37:09","date_gmt":"2025-02-19T09:37:09","guid":{"rendered":"https:\/\/yumicos.com\/politica-de-devoluciones-y-reembolsos\/"},"modified":"2025-10-29T16:06:52","modified_gmt":"2025-10-29T16:06:52","slug":"politica-de-devoluciones-y-reembolsos","status":"publish","type":"page","link":"https:\/\/yumicos.com\/es\/politica-de-devoluciones-y-reembolsos\/","title":{"rendered":"Pol\u00edtica de devoluciones y reembolsos"},"content":{"rendered":"\t\t<div data-elementor-type=\"wp-page\" data-elementor-id=\"19365\" class=\"elementor elementor-19365 elementor-9\" data-elementor-post-type=\"page\">\n\t\t\t\t<div class=\"elementor-element elementor-element-6931e233 e-flex e-con-boxed e-con e-parent\" data-id=\"6931e233\" data-element_type=\"container\">\n\t\t\t\t\t<div class=\"e-con-inner\">\n\t\t\t\t<div class=\"elementor-element elementor-element-38699a93 elementor-widget elementor-widget-text-editor\" data-id=\"38699a93\" data-element_type=\"widget\" data-widget_type=\"text-editor.default\">\n\t\t\t\t<div class=\"elementor-widget-container\">\n\t\t\t\t\t\t\t\t\t<h3 data-start=\"83\" data-end=\"94\">Devoluciones<\/h3>\n<p data-start=\"96\" data-end=\"234\">Nuestra pol\u00edtica tiene una duraci\u00f3n de 15 d\u00edas. Si han transcurrido 15 d\u00edas desde la llegada de su pedido, lamentablemente, no podemos ofrecerle un reembolso o cambio.<\/p>\n<p data-start=\"236\" data-end=\"445\">Para poder realizar una devoluci\u00f3n, su art\u00edculo debe estar sin usar, en las mismas condiciones en las que lo recibi\u00f3 y en el embalaje original. (Puede probarse el disfraz, pero aseg\u00farese de que permanece limpio y sin da\u00f1os)<\/p>\n<p data-start=\"447\" data-end=\"514\">Para completar su devoluci\u00f3n, necesitamos un recibo o prueba de compra.<\/p>\n<p data-start=\"516\" data-end=\"570\">No se aceptan devoluciones en las siguientes condiciones<\/p>\n<ol data-start=\"571\" data-end=\"1127\">\n<li data-start=\"571\" data-end=\"623\">Las devoluciones parciales de disfraces no ser\u00e1n reembolsadas.<\/li>\n<li data-start=\"624\" data-end=\"675\">Los art\u00edculos desgastados, usados o alterados no pueden devolverse.<\/li>\n<li data-start=\"676\" data-end=\"734\">No se aceptar\u00e1n devoluciones de ropa interior, calcetines ni medias.<\/li>\n<li data-start=\"735\" data-end=\"844\">Los art\u00edculos dise\u00f1ados para ser usados una sola vez o en interiores (como cubrezapatos, cubrebotas, etc.) no pueden devolverse.<\/li>\n<li data-start=\"845\" data-end=\"1127\">Los paquetes rechazados sin autorizaci\u00f3n conllevar\u00e1n un cargo por el coste total del pedido en concepto de gastos de env\u00edo de la devoluci\u00f3n. Esto se aplica en los casos en los que se olvida de firmar para el paquete y es devuelto a nosotros. Si desea que le volvamos a enviar el art\u00edculo, deber\u00e1 abonar los nuevos gastos de env\u00edo.<\/li>\n<\/ol>\n<p data-start=\"1129\" data-end=\"1197\">Ciertas situaciones pueden dar derecho a un reembolso parcial (si procede):<\/p>\n<ol data-start=\"1198\" data-end=\"1363\">\n<li data-start=\"1198\" data-end=\"1308\">Cualquier art\u00edculo que no est\u00e9 en su estado original, da\u00f1ado o al que le falten piezas por razones que no se deban a un error nuestro.<\/li>\n<li data-start=\"1309\" data-end=\"1363\">Cualquier art\u00edculo devuelto m\u00e1s de 15 d\u00edas despu\u00e9s de la entrega.<\/li>\n<\/ol>\n<p data-start=\"1365\" data-end=\"1562\"><strong data-start=\"1365\" data-end=\"1379\">Importante:<\/strong> P\u00f3ngase en contacto con nosotros en <strong><span style=\"text-decoration: underline;\">yumicos.cosplay@gmail.com<\/span><\/strong> para obtener la direcci\u00f3n de devoluci\u00f3n correcta antes de devolver los art\u00edculos. Las devoluciones no autorizadas en las que no se encuentre el paquete no ser\u00e1n reembolsadas.<\/p>\n<hr data-start=\"1564\" data-end=\"1567\" \/>\n<h3 data-start=\"1569\" data-end=\"1580\">Devoluciones<\/h3>\n<p data-start=\"1582\" data-end=\"1912\">Una vez recibida e inspeccionada su devoluci\u00f3n, le enviaremos un correo electr\u00f3nico para notificarle que hemos recibido su art\u00edculo devuelto. Tambi\u00e9n le notificaremos la aprobaci\u00f3n o el rechazo de su reembolso. Si es aprobado, su reembolso ser\u00e1 procesado y aplicado autom\u00e1ticamente a su tarjeta de cr\u00e9dito o m\u00e9todo de pago original en unos pocos d\u00edas.<\/p>\n<hr data-start=\"1914\" data-end=\"1917\" \/>\n<h3 data-start=\"1919\" data-end=\"1962\">Reembolsos atrasados o no recibidos (si procede)<\/h3>\n<p data-start=\"1964\" data-end=\"2244\">Si a\u00fan no ha recibido el reembolso, compruebe primero su cuenta bancaria. A continuaci\u00f3n, p\u00f3ngase en contacto con la entidad emisora de su tarjeta de cr\u00e9dito, ya que puede transcurrir alg\u00fan tiempo antes de que se contabilice oficialmente el reembolso. A continuaci\u00f3n, p\u00f3ngase en contacto con su banco, ya que suele transcurrir alg\u00fan tiempo de tramitaci\u00f3n antes de que aparezca el reembolso.<\/p>\n<p data-start=\"2246\" data-end=\"2360\">Si ha hecho todo lo anterior y a\u00fan no ha recibido el reembolso, p\u00f3ngase en contacto con nosotros en <br \/><strong><span style=\"text-decoration: underline;\">yumicos.cosplay@gmail.com<\/span><\/strong><\/p>\n<p><\/p>\t\t\t\t\t\t\t\t<\/div>\n\t\t\t\t<\/div>\n\t\t\t\t\t<\/div>\n\t\t\t\t<\/div>\n\t\t\t\t<\/div>\n\t\t","protected":false},"excerpt":{"rendered":"<p>Devoluciones Nuestra pol\u00edtica tiene una duraci\u00f3n de 15 d\u00edas. Si han transcurrido 15 d\u00edas desde la llegada de su pedido, [&hellip;]<\/p>\n","protected":false},"author":1,"featured_media":0,"parent":0,"menu_order":0,"comment_status":"closed","ping_status":"closed","template":"","meta":{"_acf_changed":false,"_monsterinsights_skip_tracking":false,"_monsterinsights_sitenote_active":false,"_monsterinsights_sitenote_note":"","_monsterinsights_sitenote_category":0,"site-sidebar-layout":"default","site-content-layout":"","ast-site-content-layout":"","site-content-style":"default","site-sidebar-style":"default","ast-global-header-display":"","ast-banner-title-visibility":"","ast-main-header-display":"","ast-hfb-above-header-display":"","ast-hfb-below-header-display":"","ast-hfb-mobile-header-display":"","site-post-title":"","ast-breadcrumbs-content":"","ast-featured-img":"","footer-sml-layout":"","theme-transparent-header-meta":"","adv-header-id-meta":"","stick-header-meta":"","header-above-stick-meta":"","header-main-stick-meta":"","header-below-stick-meta":"","astra-migrate-meta-layouts":"default","ast-page-background-enabled":"default","ast-page-background-meta":{"desktop":{"background-color":"var(--ast-global-color-4)","background-image":"","background-repeat":"repeat","background-position":"center center","background-size":"auto","background-attachment":"scroll","background-type":"","background-media":"","overlay-type":"","overlay-color":"","overlay-opacity":"","overlay-gradient":""},"tablet":{"background-color":"","background-image":"","background-repeat":"repeat","background-position":"center center","background-size":"auto","background-attachment":"scroll","background-type":"","background-media":"","overlay-type":"","overlay-color":"","overlay-opacity":"","overlay-gradient":""},"mobile":{"background-color":"","background-image":"","background-repeat":"repeat","background-position":"center center","background-size":"auto","background-attachment":"scroll","background-type":"","background-media":"","overlay-type":"","overlay-color":"","overlay-opacity":"","overlay-gradient":""}},"ast-content-background-meta":{"desktop":{"background-color":"var(--ast-global-color-5)","background-image":"","background-repeat":"repeat","background-position":"center center","background-size":"auto","background-attachment":"scroll","background-type":"","background-media":"","overlay-type":"","overlay-color":"","overlay-opacity":"","overlay-gradient":""},"tablet":{"background-color":"var(--ast-global-color-5)","background-image":"","background-repeat":"repeat","background-position":"center center","background-size":"auto","background-attachment":"scroll","background-type":"","background-media":"","overlay-type":"","overlay-color":"","overlay-opacity":"","overlay-gradient":""},"mobile":{"background-color":"var(--ast-global-color-5)","background-image":"","background-repeat":"repeat","background-position":"center center","background-size":"auto","background-attachment":"scroll","background-type":"","background-media":"","overlay-type":"","overlay-color":"","overlay-opacity":"","overlay-gradient":""}},"two_page_speed":[],"footnotes":""},"class_list":["post-19365","page","type-page","status-publish","hentry"],"acf":[],"aioseo_notices":[],"_links":{"self":[{"href":"https:\/\/yumicos.com\/es\/wp-json\/wp\/v2\/pages\/19365","targetHints":{"allow":["GET"]}}],"collection":[{"href":"https:\/\/yumicos.com\/es\/wp-json\/wp\/v2\/pages"}],"about":[{"href":"https:\/\/yumicos.com\/es\/wp-json\/wp\/v2\/types\/page"}],"author":[{"embeddable":true,"href":"https:\/\/yumicos.com\/es\/wp-json\/wp\/v2\/users\/1"}],"replies":[{"embeddable":true,"href":"https:\/\/yumicos.com\/es\/wp-json\/wp\/v2\/comments?post=19365"}],"version-history":[{"count":10,"href":"https:\/\/yumicos.com\/es\/wp-json\/wp\/v2\/pages\/19365\/revisions"}],"predecessor-version":[{"id":36938,"href":"https:\/\/yumicos.com\/es\/wp-json\/wp\/v2\/pages\/19365\/revisions\/36938"}],"wp:attachment":[{"href":"https:\/\/yumicos.com\/es\/wp-json\/wp\/v2\/media?parent=19365"}],"curies":[{"name":"wp","href":"https:\/\/api.w.org\/{rel}","templated":true}]}}