{"id":35288,"date":"2025-01-27T15:50:53","date_gmt":"2025-01-27T15:50:53","guid":{"rendered":"https:\/\/yumicos.com\/product\/genshin-impact-hu-tao-cosplay-kostuem-perfekt-fuer-fans-des-77-direktors-des-wangshu-inn\/"},"modified":"2025-10-22T12:45:19","modified_gmt":"2025-10-22T12:45:19","slug":"hu-tao-cosplay-costume","status":"publish","type":"product","link":"https:\/\/yumicos.com\/de\/product\/hu-tao-cosplay-costume\/","title":{"rendered":"Genshin Impact Hu Tao Cosplay Kost\u00fcm &#8211; perfekt f\u00fcr Fans des 77. Direktors des Wangshu Inn"},"content":{"rendered":"<p><img fetchpriority=\"high\" decoding=\"async\" class=\"alignnone size-full wp-image-285\" src=\"https:\/\/yumicos.com\/wp-content\/uploads\/2025\/01\/chanp.jpg\" alt=\"\" width=\"790\" height=\"92\" srcset=\"https:\/\/yumicos.com\/wp-content\/uploads\/2025\/01\/chanp.jpg 790w, https:\/\/yumicos.com\/wp-content\/uploads\/2025\/01\/chanp-300x35.jpg 300w, https:\/\/yumicos.com\/wp-content\/uploads\/2025\/01\/chanp-768x89.jpg 768w, https:\/\/yumicos.com\/wp-content\/uploads\/2025\/01\/chanp-600x70.jpg 600w\" sizes=\"(max-width: 790px) 100vw, 790px\" \/><\/p>\n<p><strong>Quelle<\/strong>: <a href=\"https:\/\/yumicos.com\/de\/product-category\/game-cosplay\/genshin-impact-cosplay\/\">Genshin Impact<\/a><\/p>\n<p><strong>Zeichen<\/strong>: Hu Tao<\/p>\n<p><strong>Enthalten<\/strong>: Tops, Hut, Kragen, Zubeh\u00f6r, Shorts, Armband, Socken, Vision, Ring.<\/p>\n<p><strong>Pflegehinweise<\/strong>: Handw\u00e4sche in kaltem Wasser, zum Trocknen aufh\u00e4ngen, nicht bleichen<\/p>\n<p><strong>Gr\u00f6\u00dfe:<\/strong>Bitte beachten Sie, dass asiatische Gr\u00f6\u00dfen aufgrund der Messtechnik 1-3 cm abweichen k\u00f6nnen.<\/p>\n<p><img decoding=\"async\" class=\"alignnone size-full wp-image-288\" src=\"https:\/\/yumicos.com\/wp-content\/uploads\/2025\/01\/shiwuzhanshi.jpg\" alt=\"\" width=\"790\" height=\"92\" srcset=\"https:\/\/yumicos.com\/wp-content\/uploads\/2025\/01\/shiwuzhanshi.jpg 790w, https:\/\/yumicos.com\/wp-content\/uploads\/2025\/01\/shiwuzhanshi-300x35.jpg 300w, https:\/\/yumicos.com\/wp-content\/uploads\/2025\/01\/shiwuzhanshi-768x89.jpg 768w, https:\/\/yumicos.com\/wp-content\/uploads\/2025\/01\/shiwuzhanshi-600x70.jpg 600w\" sizes=\"(max-width: 790px) 100vw, 790px\" \/><\/p>\n<p style=\"text-align: left;\"><img decoding=\"async\" class=\"size-large wp-image-379 alignnone\" src=\"https:\/\/yumicos.com\/wp-content\/uploads\/2025\/01\/1-3-768x1024.jpg\" alt=\"A model wearing the Hu Tao cosplay costume from Genshin Impact, showcasing the full outfit with accurate details. \" width=\"768\" height=\"1024\" srcset=\"https:\/\/yumicos.com\/wp-content\/uploads\/2025\/01\/1-3-768x1024.jpg 768w, https:\/\/yumicos.com\/wp-content\/uploads\/2025\/01\/1-3-225x300.jpg 225w, https:\/\/yumicos.com\/wp-content\/uploads\/2025\/01\/1-3-600x800.jpg 600w, https:\/\/yumicos.com\/wp-content\/uploads\/2025\/01\/1-3.jpg 1000w\" sizes=\"(max-width: 768px) 100vw, 768px\" \/><\/p>\n<p style=\"text-align: left;\"><img loading=\"lazy\" decoding=\"async\" class=\"size-large wp-image-380\" src=\"https:\/\/yumicos.com\/wp-content\/uploads\/2025\/01\/2-3-768x1024.jpg\" alt=\"A model wearing the Hu Tao cosplay costume from Genshin Impact, showcasing the full outfit with accurate details. \" width=\"768\" height=\"1024\" srcset=\"https:\/\/yumicos.com\/wp-content\/uploads\/2025\/01\/2-3-768x1024.jpg 768w, https:\/\/yumicos.com\/wp-content\/uploads\/2025\/01\/2-3-225x300.jpg 225w, https:\/\/yumicos.com\/wp-content\/uploads\/2025\/01\/2-3-600x800.jpg 600w, https:\/\/yumicos.com\/wp-content\/uploads\/2025\/01\/2-3.jpg 1000w\" sizes=\"(max-width: 768px) 100vw, 768px\" \/><\/p>\n<p style=\"text-align: left;\"><img loading=\"lazy\" decoding=\"async\" class=\"size-large wp-image-381\" src=\"https:\/\/yumicos.com\/wp-content\/uploads\/2025\/01\/3-2-768x1024.jpg\" alt=\"A model wearing the Hu Tao cosplay costume from Genshin Impact, showcasing the full outfit with accurate details. \" width=\"768\" height=\"1024\" srcset=\"https:\/\/yumicos.com\/wp-content\/uploads\/2025\/01\/3-2-768x1024.jpg 768w, https:\/\/yumicos.com\/wp-content\/uploads\/2025\/01\/3-2-225x300.jpg 225w, https:\/\/yumicos.com\/wp-content\/uploads\/2025\/01\/3-2-600x800.jpg 600w, https:\/\/yumicos.com\/wp-content\/uploads\/2025\/01\/3-2.jpg 1000w\" sizes=\"(max-width: 768px) 100vw, 768px\" \/><\/p>\n<p style=\"text-align: left;\"><img loading=\"lazy\" decoding=\"async\" class=\"size-large wp-image-382\" src=\"https:\/\/yumicos.com\/wp-content\/uploads\/2025\/01\/4-2-768x1024.jpg\" alt=\"A model wearing the Hu Tao cosplay costume from Genshin Impact, showcasing the full outfit with accurate details.\" width=\"768\" height=\"1024\" srcset=\"https:\/\/yumicos.com\/wp-content\/uploads\/2025\/01\/4-2-768x1024.jpg 768w, https:\/\/yumicos.com\/wp-content\/uploads\/2025\/01\/4-2-225x300.jpg 225w, https:\/\/yumicos.com\/wp-content\/uploads\/2025\/01\/4-2-600x800.jpg 600w, https:\/\/yumicos.com\/wp-content\/uploads\/2025\/01\/4-2.jpg 1000w\" sizes=\"(max-width: 768px) 100vw, 768px\" \/><\/p>\n<p style=\"text-align: left;\"><img loading=\"lazy\" decoding=\"async\" class=\" wp-image-383\" src=\"https:\/\/yumicos.com\/wp-content\/uploads\/2025\/01\/5-3-768x1024.jpg\" alt=\"A model wearing the Hu Tao cosplay costume from Genshin Impact, showcasing the full outfit with accurate details. \" width=\"768\" height=\"1024\" srcset=\"https:\/\/yumicos.com\/wp-content\/uploads\/2025\/01\/5-3-768x1024.jpg 768w, https:\/\/yumicos.com\/wp-content\/uploads\/2025\/01\/5-3-225x300.jpg 225w, https:\/\/yumicos.com\/wp-content\/uploads\/2025\/01\/5-3-600x800.jpg 600w, https:\/\/yumicos.com\/wp-content\/uploads\/2025\/01\/5-3.jpg 1000w\" sizes=\"(max-width: 768px) 100vw, 768px\" \/><\/p>\n<p style=\"text-align: left;\"><img loading=\"lazy\" decoding=\"async\" class=\"alignnone size-full wp-image-287\" src=\"https:\/\/yumicos.com\/wp-content\/uploads\/2025\/01\/xijie.jpg\" alt=\"\" width=\"790\" height=\"92\" srcset=\"https:\/\/yumicos.com\/wp-content\/uploads\/2025\/01\/xijie.jpg 790w, https:\/\/yumicos.com\/wp-content\/uploads\/2025\/01\/xijie-300x35.jpg 300w, https:\/\/yumicos.com\/wp-content\/uploads\/2025\/01\/xijie-768x89.jpg 768w, https:\/\/yumicos.com\/wp-content\/uploads\/2025\/01\/xijie-600x70.jpg 600w\" sizes=\"(max-width: 790px) 100vw, 790px\" \/><\/p>\n<p style=\"text-align: left;\"><img loading=\"lazy\" decoding=\"async\" class=\" wp-image-378\" src=\"https:\/\/yumicos.com\/wp-content\/uploads\/2025\/01\/6-2.jpg\" alt=\"Close-up view of the embroidery and fabric details of the Hu Tao cosplay costume from Genshin Impact.\" width=\"768\" height=\"588\" srcset=\"https:\/\/yumicos.com\/wp-content\/uploads\/2025\/01\/6-2.jpg 1000w, https:\/\/yumicos.com\/wp-content\/uploads\/2025\/01\/6-2-300x230.jpg 300w, https:\/\/yumicos.com\/wp-content\/uploads\/2025\/01\/6-2-768x588.jpg 768w, https:\/\/yumicos.com\/wp-content\/uploads\/2025\/01\/6-2-600x460.jpg 600w\" sizes=\"(max-width: 768px) 100vw, 768px\" \/><\/p>\n<p style=\"text-align: left;\"><img loading=\"lazy\" decoding=\"async\" class=\" wp-image-384\" src=\"https:\/\/yumicos.com\/wp-content\/uploads\/2025\/01\/7-2.jpg\" alt=\"Close-up view of the embroidery and fabric details of the Hu Tao cosplay costume from Genshin Impact. \" width=\"768\" height=\"775\" srcset=\"https:\/\/yumicos.com\/wp-content\/uploads\/2025\/01\/7-2.jpg 1000w, https:\/\/yumicos.com\/wp-content\/uploads\/2025\/01\/7-2-297x300.jpg 297w, https:\/\/yumicos.com\/wp-content\/uploads\/2025\/01\/7-2-150x150.jpg 150w, https:\/\/yumicos.com\/wp-content\/uploads\/2025\/01\/7-2-768x775.jpg 768w, https:\/\/yumicos.com\/wp-content\/uploads\/2025\/01\/7-2-600x605.jpg 600w, https:\/\/yumicos.com\/wp-content\/uploads\/2025\/01\/7-2-100x100.jpg 100w, https:\/\/yumicos.com\/wp-content\/uploads\/2025\/01\/7-2-50x50.jpg 50w\" sizes=\"(max-width: 768px) 100vw, 768px\" \/><\/p>\n<p style=\"text-align: left;\"><img loading=\"lazy\" decoding=\"async\" class=\" wp-image-385\" src=\"https:\/\/yumicos.com\/wp-content\/uploads\/2025\/01\/8-3.jpg\" alt=\"Close-up view of the embroidery and fabric details of the Hu Tao cosplay costume from Genshin Impact. \" width=\"768\" height=\"770\" srcset=\"https:\/\/yumicos.com\/wp-content\/uploads\/2025\/01\/8-3.jpg 1000w, https:\/\/yumicos.com\/wp-content\/uploads\/2025\/01\/8-3-300x300.jpg 300w, https:\/\/yumicos.com\/wp-content\/uploads\/2025\/01\/8-3-150x150.jpg 150w, https:\/\/yumicos.com\/wp-content\/uploads\/2025\/01\/8-3-768x770.jpg 768w, https:\/\/yumicos.com\/wp-content\/uploads\/2025\/01\/8-3-600x602.jpg 600w, https:\/\/yumicos.com\/wp-content\/uploads\/2025\/01\/8-3-100x100.jpg 100w, https:\/\/yumicos.com\/wp-content\/uploads\/2025\/01\/8-3-50x50.jpg 50w\" sizes=\"(max-width: 768px) 100vw, 768px\" \/><\/p>\n<p style=\"text-align: left;\"><img loading=\"lazy\" decoding=\"async\" class=\" wp-image-386\" src=\"https:\/\/yumicos.com\/wp-content\/uploads\/2025\/01\/9-3.jpg\" alt=\"Close-up view of the embroidery and fabric details of the Hu Tao cosplay costume from Genshin Impact.\" width=\"768\" height=\"582\" srcset=\"https:\/\/yumicos.com\/wp-content\/uploads\/2025\/01\/9-3.jpg 1000w, https:\/\/yumicos.com\/wp-content\/uploads\/2025\/01\/9-3-300x227.jpg 300w, https:\/\/yumicos.com\/wp-content\/uploads\/2025\/01\/9-3-768x582.jpg 768w, https:\/\/yumicos.com\/wp-content\/uploads\/2025\/01\/9-3-600x455.jpg 600w\" sizes=\"(max-width: 768px) 100vw, 768px\" \/><\/p>\n<p style=\"text-align: left;\"><img loading=\"lazy\" decoding=\"async\" class=\" wp-image-387\" src=\"https:\/\/yumicos.com\/wp-content\/uploads\/2025\/01\/10-3.jpg\" alt=\"Close-up view of the embroidery and fabric details of the Hu Tao cosplay costume from Genshin Impact. \" width=\"768\" height=\"507\" srcset=\"https:\/\/yumicos.com\/wp-content\/uploads\/2025\/01\/10-3.jpg 1000w, https:\/\/yumicos.com\/wp-content\/uploads\/2025\/01\/10-3-300x198.jpg 300w, https:\/\/yumicos.com\/wp-content\/uploads\/2025\/01\/10-3-768x507.jpg 768w, https:\/\/yumicos.com\/wp-content\/uploads\/2025\/01\/10-3-600x396.jpg 600w\" sizes=\"(max-width: 768px) 100vw, 768px\" \/><\/p>\n<p><img loading=\"lazy\" decoding=\"async\" class=\"wp-image-388 alignleft\" src=\"https:\/\/yumicos.com\/wp-content\/uploads\/2025\/01\/10-4.jpg\" alt=\"Close-up view of the embroidery and fabric details of the Hu Tao cosplay costume from Genshin Impact. \" width=\"768\" height=\"507\" srcset=\"https:\/\/yumicos.com\/wp-content\/uploads\/2025\/01\/10-4.jpg 1000w, https:\/\/yumicos.com\/wp-content\/uploads\/2025\/01\/10-4-300x198.jpg 300w, https:\/\/yumicos.com\/wp-content\/uploads\/2025\/01\/10-4-768x507.jpg 768w, https:\/\/yumicos.com\/wp-content\/uploads\/2025\/01\/10-4-600x396.jpg 600w\" sizes=\"(max-width: 768px) 100vw, 768px\" \/><\/p>\n","protected":false},"excerpt":{"rendered":"<p><strong>&#8220;Verwandle dich in Hu Tao aus Genshin Impact mit diesem sorgf\u00e4ltig gefertigten Cosplay-Outfit. Perfekt f\u00fcr Fans, mit detaillierten Stickereien und hochwertigen Stoffen, die den Charakter zum Leben erwecken.&#8221;<\/strong><\/p>\n<h3><\/h3>\n","protected":false},"featured_media":7349,"comment_status":"open","ping_status":"closed","template":"","meta":{"_acf_changed":false,"_monsterinsights_skip_tracking":false,"_monsterinsights_sitenote_active":false,"_monsterinsights_sitenote_note":"","_monsterinsights_sitenote_category":0,"site-sidebar-layout":"default","site-content-layout":"","ast-site-content-layout":"default","site-content-style":"default","site-sidebar-style":"default","ast-global-header-display":"","ast-banner-title-visibility":"","ast-main-header-display":"","ast-hfb-above-header-display":"","ast-hfb-below-header-display":"","ast-hfb-mobile-header-display":"","site-post-title":"","ast-breadcrumbs-content":"","ast-featured-img":"","footer-sml-layout":"","theme-transparent-header-meta":"default","adv-header-id-meta":"","stick-header-meta":"default","header-above-stick-meta":"","header-main-stick-meta":"","header-below-stick-meta":"","astra-migrate-meta-layouts":"default","ast-page-background-enabled":"default","ast-page-background-meta":{"desktop":{"background-color":"var(--ast-global-color-4)","background-image":"","background-repeat":"repeat","background-position":"center center","background-size":"auto","background-attachment":"scroll","background-type":"","background-media":"","overlay-type":"","overlay-color":"","overlay-opacity":"","overlay-gradient":""},"tablet":{"background-color":"","background-image":"","background-repeat":"repeat","background-position":"center center","background-size":"auto","background-attachment":"scroll","background-type":"","background-media":"","overlay-type":"","overlay-color":"","overlay-opacity":"","overlay-gradient":""},"mobile":{"background-color":"","background-image":"","background-repeat":"repeat","background-position":"center center","background-size":"auto","background-attachment":"scroll","background-type":"","background-media":"","overlay-type":"","overlay-color":"","overlay-opacity":"","overlay-gradient":""}},"ast-content-background-meta":{"desktop":{"background-color":"var(--ast-global-color-5)","background-image":"","background-repeat":"repeat","background-position":"center center","background-size":"auto","background-attachment":"scroll","background-type":"","background-media":"","overlay-type":"","overlay-color":"","overlay-opacity":"","overlay-gradient":""},"tablet":{"background-color":"var(--ast-global-color-5)","background-image":"","background-repeat":"repeat","background-position":"center center","background-size":"auto","background-attachment":"scroll","background-type":"","background-media":"","overlay-type":"","overlay-color":"","overlay-opacity":"","overlay-gradient":""},"mobile":{"background-color":"var(--ast-global-color-5)","background-image":"","background-repeat":"repeat","background-position":"center center","background-size":"auto","background-attachment":"scroll","background-type":"","background-media":"","overlay-type":"","overlay-color":"","overlay-opacity":"","overlay-gradient":""}}},"product_brand":[],"product_cat":[113,189],"product_tag":[],"class_list":{"0":"post-35288","1":"product","2":"type-product","3":"status-publish","4":"has-post-thumbnail","6":"product_cat-game-cosplay","7":"product_cat-genshin-impact-cosplay","8":"desktop-align-left","9":"tablet-align-left","10":"mobile-align-left","11":"ast-product-gallery-layout-horizontal-slider","12":"ast-product-single-variable","13":"ast-product-tabs-layout-horizontal","15":"first","16":"instock","17":"sale","18":"purchasable","19":"product-type-variable"},"acf":[],"aioseo_notices":[],"_links":{"self":[{"href":"https:\/\/yumicos.com\/de\/wp-json\/wp\/v2\/product\/35288","targetHints":{"allow":["GET"]}}],"collection":[{"href":"https:\/\/yumicos.com\/de\/wp-json\/wp\/v2\/product"}],"about":[{"href":"https:\/\/yumicos.com\/de\/wp-json\/wp\/v2\/types\/product"}],"replies":[{"embeddable":true,"href":"https:\/\/yumicos.com\/de\/wp-json\/wp\/v2\/comments?post=35288"}],"wp:featuredmedia":[{"embeddable":true,"href":"https:\/\/yumicos.com\/de\/wp-json\/wp\/v2\/media\/7349"}],"wp:attachment":[{"href":"https:\/\/yumicos.com\/de\/wp-json\/wp\/v2\/media?parent=35288"}],"wp:term":[{"taxonomy":"product_brand","embeddable":true,"href":"https:\/\/yumicos.com\/de\/wp-json\/wp\/v2\/product_brand?post=35288"},{"taxonomy":"product_cat","embeddable":true,"href":"https:\/\/yumicos.com\/de\/wp-json\/wp\/v2\/product_cat?post=35288"},{"taxonomy":"product_tag","embeddable":true,"href":"https:\/\/yumicos.com\/de\/wp-json\/wp\/v2\/product_tag?post=35288"}],"curies":[{"name":"wp","href":"https:\/\/api.w.org\/{rel}","templated":true}]}}