{"id":34638,"date":"2025-02-09T06:30:34","date_gmt":"2025-02-09T06:30:34","guid":{"rendered":"https:\/\/yumicos.com\/product\/maomao-cosplay-kostuem-komplettset-outfit-fuer-cosplay-events\/"},"modified":"2025-10-22T11:32:04","modified_gmt":"2025-10-22T11:32:04","slug":"maomao-cosplay-costume","status":"publish","type":"product","link":"https:\/\/yumicos.com\/de\/product\/maomao-cosplay-costume\/","title":{"rendered":"Maomao Cosplay Kost\u00fcm &#8211; Komplettset Outfit f\u00fcr Cosplay Events"},"content":{"rendered":"<p><img fetchpriority=\"high\" decoding=\"async\" class=\"alignnone size-full wp-image-285\" src=\"https:\/\/yumicos.com\/wp-content\/uploads\/2025\/01\/chanp.jpg\" alt=\"\" width=\"790\" height=\"92\" srcset=\"https:\/\/yumicos.com\/wp-content\/uploads\/2025\/01\/chanp.jpg 790w, https:\/\/yumicos.com\/wp-content\/uploads\/2025\/01\/chanp-300x35.jpg 300w, https:\/\/yumicos.com\/wp-content\/uploads\/2025\/01\/chanp-768x89.jpg 768w, https:\/\/yumicos.com\/wp-content\/uploads\/2025\/01\/chanp-600x70.jpg 600w\" sizes=\"(max-width: 790px) 100vw, 790px\" \/><\/p>\n<p><strong>Quelle<\/strong>:<a title=\"The Apothecary Diaries\" href=\"https:\/\/yumicos.com\/de\/product-category\/anime\/o-p-q-r-s-t\/the-apothecary-diaries\/\" target=\"_blank\" rel=\"noopener noreferrer\"><strong> Die Apothekertageb\u00fccher<\/strong><\/a><\/p>\n<p><strong>Charakter<\/strong>: Maomao<\/p>\n<p><strong>Enthalten<\/strong>: Oberteile, R\u00f6cke, Haarschmuck.<\/p>\n<p><strong>Material<\/strong>: Polyester, Uniform.<\/p>\n<div class=\"table\">\n<p><strong>Pflegehinweise<\/strong>: Handw\u00e4sche in kaltem Wasser, zum Trocknen aufh\u00e4ngen, nicht bleichen<\/p>\n<p><strong>Gr\u00f6\u00dfe:<\/strong>Bitte beachten Sie, dass asiatische Gr\u00f6\u00dfen aufgrund der Messtechnik 1-3 cm abweichen k\u00f6nnen.<\/p>\n<p><img decoding=\"async\" class=\"alignnone size-full wp-image-288\" src=\"https:\/\/yumicos.com\/wp-content\/uploads\/2025\/01\/shiwuzhanshi.jpg\" alt=\"\" width=\"790\" height=\"92\" srcset=\"https:\/\/yumicos.com\/wp-content\/uploads\/2025\/01\/shiwuzhanshi.jpg 790w, https:\/\/yumicos.com\/wp-content\/uploads\/2025\/01\/shiwuzhanshi-300x35.jpg 300w, https:\/\/yumicos.com\/wp-content\/uploads\/2025\/01\/shiwuzhanshi-768x89.jpg 768w, https:\/\/yumicos.com\/wp-content\/uploads\/2025\/01\/shiwuzhanshi-600x70.jpg 600w\" sizes=\"(max-width: 790px) 100vw, 790px\" \/><\/p>\n<p><img decoding=\"async\" class=\"size-large wp-image-575\" src=\"https:\/\/yumicos.com\/wp-content\/uploads\/2025\/02\/1-2-768x1024.jpg\" alt=\"Front view of Maomao Cosplay Costume \" width=\"768\" height=\"1024\" srcset=\"https:\/\/yumicos.com\/wp-content\/uploads\/2025\/02\/1-2-768x1024.jpg 768w, https:\/\/yumicos.com\/wp-content\/uploads\/2025\/02\/1-2-225x300.jpg 225w, https:\/\/yumicos.com\/wp-content\/uploads\/2025\/02\/1-2-600x800.jpg 600w, https:\/\/yumicos.com\/wp-content\/uploads\/2025\/02\/1-2.jpg 1000w\" sizes=\"(max-width: 768px) 100vw, 768px\" \/><\/p>\n<p><img loading=\"lazy\" decoding=\"async\" class=\"size-large wp-image-576\" src=\"https:\/\/yumicos.com\/wp-content\/uploads\/2025\/02\/4-4-768x1024.jpg\" alt=\"Front view of Maomao Cosplay Costume \" width=\"768\" height=\"1024\" srcset=\"https:\/\/yumicos.com\/wp-content\/uploads\/2025\/02\/4-4-768x1024.jpg 768w, https:\/\/yumicos.com\/wp-content\/uploads\/2025\/02\/4-4-225x300.jpg 225w, https:\/\/yumicos.com\/wp-content\/uploads\/2025\/02\/4-4-600x800.jpg 600w, https:\/\/yumicos.com\/wp-content\/uploads\/2025\/02\/4-4.jpg 1000w\" sizes=\"(max-width: 768px) 100vw, 768px\" \/><\/p>\n<p><img loading=\"lazy\" decoding=\"async\" class=\"size-large wp-image-577\" src=\"https:\/\/yumicos.com\/wp-content\/uploads\/2025\/02\/5-4-768x1024.jpg\" alt=\"Back view of Maomao Cosplay Costume\" width=\"768\" height=\"1024\" srcset=\"https:\/\/yumicos.com\/wp-content\/uploads\/2025\/02\/5-4-768x1024.jpg 768w, https:\/\/yumicos.com\/wp-content\/uploads\/2025\/02\/5-4-225x300.jpg 225w, https:\/\/yumicos.com\/wp-content\/uploads\/2025\/02\/5-4-600x800.jpg 600w, https:\/\/yumicos.com\/wp-content\/uploads\/2025\/02\/5-4.jpg 1000w\" sizes=\"(max-width: 768px) 100vw, 768px\" \/><\/p>\n<p><img loading=\"lazy\" decoding=\"async\" class=\"alignnone size-full wp-image-287\" src=\"https:\/\/yumicos.com\/wp-content\/uploads\/2025\/01\/xijie.jpg\" alt=\"\" width=\"790\" height=\"92\" srcset=\"https:\/\/yumicos.com\/wp-content\/uploads\/2025\/01\/xijie.jpg 790w, https:\/\/yumicos.com\/wp-content\/uploads\/2025\/01\/xijie-300x35.jpg 300w, https:\/\/yumicos.com\/wp-content\/uploads\/2025\/01\/xijie-768x89.jpg 768w, https:\/\/yumicos.com\/wp-content\/uploads\/2025\/01\/xijie-600x70.jpg 600w\" sizes=\"(max-width: 790px) 100vw, 790px\" \/><\/p>\n<p><img loading=\"lazy\" decoding=\"async\" class=\" wp-image-574\" src=\"https:\/\/yumicos.com\/wp-content\/uploads\/2025\/02\/800-4-3.jpg\" alt=\"Close-up details of Maomao Cosplay Costume\" width=\"768\" height=\"768\" srcset=\"https:\/\/yumicos.com\/wp-content\/uploads\/2025\/02\/800-4-3.jpg 1000w, https:\/\/yumicos.com\/wp-content\/uploads\/2025\/02\/800-4-3-300x300.jpg 300w, https:\/\/yumicos.com\/wp-content\/uploads\/2025\/02\/800-4-3-150x150.jpg 150w, https:\/\/yumicos.com\/wp-content\/uploads\/2025\/02\/800-4-3-768x768.jpg 768w, https:\/\/yumicos.com\/wp-content\/uploads\/2025\/02\/800-4-3-600x600.jpg 600w, https:\/\/yumicos.com\/wp-content\/uploads\/2025\/02\/800-4-3-100x100.jpg 100w, https:\/\/yumicos.com\/wp-content\/uploads\/2025\/02\/800-4-3-50x50.jpg 50w\" sizes=\"(max-width: 768px) 100vw, 768px\" \/><\/p>\n<p><img loading=\"lazy\" decoding=\"async\" class=\" wp-image-579\" src=\"https:\/\/yumicos.com\/wp-content\/uploads\/2025\/02\/10-4.jpg\" alt=\"Close-up details of Maomao Cosplay Costume \" width=\"768\" height=\"697\" srcset=\"https:\/\/yumicos.com\/wp-content\/uploads\/2025\/02\/10-4.jpg 1000w, https:\/\/yumicos.com\/wp-content\/uploads\/2025\/02\/10-4-300x272.jpg 300w, https:\/\/yumicos.com\/wp-content\/uploads\/2025\/02\/10-4-768x697.jpg 768w, https:\/\/yumicos.com\/wp-content\/uploads\/2025\/02\/10-4-600x544.jpg 600w\" sizes=\"(max-width: 768px) 100vw, 768px\" \/><\/p>\n<\/div>\n","protected":false},"excerpt":{"rendered":"<p>Holen Sie sich noch heute das <strong>Maomao Cosplay-Kost\u00fcm<\/strong>! Dieses hochwertige Komplettset wurde f\u00fcr ultimativen Komfort und Genauigkeit entworfen, perfekt f\u00fcr jedes Cosplay-Event oder jede Convention.<\/p>\n","protected":false},"featured_media":8125,"comment_status":"open","ping_status":"closed","template":"","meta":{"_acf_changed":false,"_monsterinsights_skip_tracking":false,"_monsterinsights_sitenote_active":false,"_monsterinsights_sitenote_note":"","_monsterinsights_sitenote_category":0,"site-sidebar-layout":"default","site-content-layout":"","ast-site-content-layout":"default","site-content-style":"default","site-sidebar-style":"default","ast-global-header-display":"","ast-banner-title-visibility":"","ast-main-header-display":"","ast-hfb-above-header-display":"","ast-hfb-below-header-display":"","ast-hfb-mobile-header-display":"","site-post-title":"","ast-breadcrumbs-content":"","ast-featured-img":"","footer-sml-layout":"","theme-transparent-header-meta":"default","adv-header-id-meta":"","stick-header-meta":"default","header-above-stick-meta":"","header-main-stick-meta":"","header-below-stick-meta":"","astra-migrate-meta-layouts":"default","ast-page-background-enabled":"default","ast-page-background-meta":{"desktop":{"background-color":"var(--ast-global-color-4)","background-image":"","background-repeat":"repeat","background-position":"center center","background-size":"auto","background-attachment":"scroll","background-type":"","background-media":"","overlay-type":"","overlay-color":"","overlay-opacity":"","overlay-gradient":""},"tablet":{"background-color":"","background-image":"","background-repeat":"repeat","background-position":"center center","background-size":"auto","background-attachment":"scroll","background-type":"","background-media":"","overlay-type":"","overlay-color":"","overlay-opacity":"","overlay-gradient":""},"mobile":{"background-color":"","background-image":"","background-repeat":"repeat","background-position":"center center","background-size":"auto","background-attachment":"scroll","background-type":"","background-media":"","overlay-type":"","overlay-color":"","overlay-opacity":"","overlay-gradient":""}},"ast-content-background-meta":{"desktop":{"background-color":"var(--ast-global-color-5)","background-image":"","background-repeat":"repeat","background-position":"center center","background-size":"auto","background-attachment":"scroll","background-type":"","background-media":"","overlay-type":"","overlay-color":"","overlay-opacity":"","overlay-gradient":""},"tablet":{"background-color":"var(--ast-global-color-5)","background-image":"","background-repeat":"repeat","background-position":"center center","background-size":"auto","background-attachment":"scroll","background-type":"","background-media":"","overlay-type":"","overlay-color":"","overlay-opacity":"","overlay-gradient":""},"mobile":{"background-color":"var(--ast-global-color-5)","background-image":"","background-repeat":"repeat","background-position":"center center","background-size":"auto","background-attachment":"scroll","background-type":"","background-media":"","overlay-type":"","overlay-color":"","overlay-opacity":"","overlay-gradient":""}}},"product_brand":[],"product_cat":[152,266],"product_tag":[],"class_list":{"0":"post-34638","1":"product","2":"type-product","3":"status-publish","4":"has-post-thumbnail","6":"product_cat-anime","7":"product_cat-the-apothecary-diaries","8":"desktop-align-left","9":"tablet-align-left","10":"mobile-align-left","11":"ast-product-gallery-layout-horizontal-slider","12":"ast-product-single-variable","13":"ast-product-tabs-layout-horizontal","15":"first","16":"instock","17":"sale","18":"purchasable","19":"product-type-variable"},"acf":[],"aioseo_notices":[],"_links":{"self":[{"href":"https:\/\/yumicos.com\/de\/wp-json\/wp\/v2\/product\/34638","targetHints":{"allow":["GET"]}}],"collection":[{"href":"https:\/\/yumicos.com\/de\/wp-json\/wp\/v2\/product"}],"about":[{"href":"https:\/\/yumicos.com\/de\/wp-json\/wp\/v2\/types\/product"}],"replies":[{"embeddable":true,"href":"https:\/\/yumicos.com\/de\/wp-json\/wp\/v2\/comments?post=34638"}],"wp:featuredmedia":[{"embeddable":true,"href":"https:\/\/yumicos.com\/de\/wp-json\/wp\/v2\/media\/8125"}],"wp:attachment":[{"href":"https:\/\/yumicos.com\/de\/wp-json\/wp\/v2\/media?parent=34638"}],"wp:term":[{"taxonomy":"product_brand","embeddable":true,"href":"https:\/\/yumicos.com\/de\/wp-json\/wp\/v2\/product_brand?post=34638"},{"taxonomy":"product_cat","embeddable":true,"href":"https:\/\/yumicos.com\/de\/wp-json\/wp\/v2\/product_cat?post=34638"},{"taxonomy":"product_tag","embeddable":true,"href":"https:\/\/yumicos.com\/de\/wp-json\/wp\/v2\/product_tag?post=34638"}],"curies":[{"name":"wp","href":"https:\/\/api.w.org\/{rel}","templated":true}]}}