{"id":33113,"date":"2025-03-06T08:33:29","date_gmt":"2025-03-06T08:33:29","guid":{"rendered":"https:\/\/yumicos.com\/product\/zenless-zone-zero-nekomiya-mana-cosplay-kostuem-full-set-outfit\/"},"modified":"2025-10-21T10:13:23","modified_gmt":"2025-10-21T10:13:23","slug":"nekomiya-mana-zzz-cosplay-costume","status":"publish","type":"product","link":"https:\/\/yumicos.com\/de\/product\/nekomiya-mana-zzz-cosplay-costume\/","title":{"rendered":"Zenless Zone Zero Nekomiya Mana Cosplay Kost\u00fcm &#8211; Full Set Outfit"},"content":{"rendered":"<p><img fetchpriority=\"high\" decoding=\"async\" class=\"alignnone size-full wp-image-285\" src=\"https:\/\/yumicos.com\/wp-content\/uploads\/2025\/01\/chanp.jpg\" alt=\"\" width=\"790\" height=\"92\" srcset=\"https:\/\/yumicos.com\/wp-content\/uploads\/2025\/01\/chanp.jpg 790w, https:\/\/yumicos.com\/wp-content\/uploads\/2025\/01\/chanp-300x35.jpg 300w, https:\/\/yumicos.com\/wp-content\/uploads\/2025\/01\/chanp-768x89.jpg 768w, https:\/\/yumicos.com\/wp-content\/uploads\/2025\/01\/chanp-600x70.jpg 600w\" sizes=\"(max-width: 790px) 100vw, 790px\" \/><\/p>\n<p><strong>Quelle<\/strong>: <a title=\"Zenless Zone Zero\" href=\"\/?product_cat=zenless-zone-zero-cosplay-outfits-zenless-zone-zero-character-apparel\" target=\"_blank\" rel=\"noopener\"><strong>Zenless Zone Zero<\/strong><\/a><\/p>\n<p><strong>Zeichen<\/strong>: Nekomata Mana<\/p>\n<p><strong>Enthaltene Artikel<\/strong>: Overall, \u00c4rmel, Kopfbedeckung, Beinsocken, Beinstulpen, H\u00fcfttasche, Haarschmuck, Schw\u00e4nze, sonstiges Zubeh\u00f6r.<\/p>\n<p><strong>Material<\/strong>: Polyester, Uniform, Leder<\/p>\n<p><strong>Pflegehinweise<\/strong>: Handw\u00e4sche in kaltem Wasser, zum Trocknen aufh\u00e4ngen, nicht bleichen.<\/p>\n<p><strong>Gr\u00f6\u00dfe:<\/strong>Asiatische Gr\u00f6\u00dfe, die Gr\u00f6\u00dfentabelle kann 1-3 cm Fehler aufgrund der Messmethode haben.<\/p>\n<p><strong>Spitze:<\/strong> 1CM \u2248 0.39Inch<\/p>\n<p><img decoding=\"async\" class=\"alignnone size-full wp-image-287\" src=\"https:\/\/yumicos.com\/wp-content\/uploads\/2025\/01\/xijie.jpg\" alt=\"\" width=\"790\" height=\"92\" srcset=\"https:\/\/yumicos.com\/wp-content\/uploads\/2025\/01\/xijie.jpg 790w, https:\/\/yumicos.com\/wp-content\/uploads\/2025\/01\/xijie-300x35.jpg 300w, https:\/\/yumicos.com\/wp-content\/uploads\/2025\/01\/xijie-768x89.jpg 768w, https:\/\/yumicos.com\/wp-content\/uploads\/2025\/01\/xijie-600x70.jpg 600w\" sizes=\"(max-width: 790px) 100vw, 790px\" \/><\/p>\n<p><img decoding=\"async\" class=\"size-full wp-image-1317\" src=\"https:\/\/yumicos.com\/wp-content\/uploads\/2025\/03\/6.jpg\" alt=\"Close-up details of Nekomiya Mana Cosplay Outfit \" width=\"800\" height=\"800\" srcset=\"https:\/\/yumicos.com\/wp-content\/uploads\/2025\/03\/6.jpg 800w, https:\/\/yumicos.com\/wp-content\/uploads\/2025\/03\/6-300x300.jpg 300w, https:\/\/yumicos.com\/wp-content\/uploads\/2025\/03\/6-150x150.jpg 150w, https:\/\/yumicos.com\/wp-content\/uploads\/2025\/03\/6-768x768.jpg 768w, https:\/\/yumicos.com\/wp-content\/uploads\/2025\/03\/6-600x600.jpg 600w, https:\/\/yumicos.com\/wp-content\/uploads\/2025\/03\/6-100x100.jpg 100w, https:\/\/yumicos.com\/wp-content\/uploads\/2025\/03\/6-50x50.jpg 50w\" sizes=\"(max-width: 800px) 100vw, 800px\" \/><\/p>\n<p><img loading=\"lazy\" decoding=\"async\" class=\"size-full wp-image-1318\" src=\"https:\/\/yumicos.com\/wp-content\/uploads\/2025\/03\/7-1.jpg\" alt=\"Close-up details of Nekomiya Mana Cosplay Outfit \" width=\"800\" height=\"800\" srcset=\"https:\/\/yumicos.com\/wp-content\/uploads\/2025\/03\/7-1.jpg 800w, https:\/\/yumicos.com\/wp-content\/uploads\/2025\/03\/7-1-300x300.jpg 300w, https:\/\/yumicos.com\/wp-content\/uploads\/2025\/03\/7-1-150x150.jpg 150w, https:\/\/yumicos.com\/wp-content\/uploads\/2025\/03\/7-1-768x768.jpg 768w, https:\/\/yumicos.com\/wp-content\/uploads\/2025\/03\/7-1-600x600.jpg 600w, https:\/\/yumicos.com\/wp-content\/uploads\/2025\/03\/7-1-100x100.jpg 100w, https:\/\/yumicos.com\/wp-content\/uploads\/2025\/03\/7-1-50x50.jpg 50w\" sizes=\"(max-width: 800px) 100vw, 800px\" \/><\/p>\n<p><img loading=\"lazy\" decoding=\"async\" class=\"size-full wp-image-1319\" src=\"https:\/\/yumicos.com\/wp-content\/uploads\/2025\/03\/8-1.jpg\" alt=\"Close-up details of Nekomiya Mana Cosplay Outfit \" width=\"800\" height=\"800\" srcset=\"https:\/\/yumicos.com\/wp-content\/uploads\/2025\/03\/8-1.jpg 800w, https:\/\/yumicos.com\/wp-content\/uploads\/2025\/03\/8-1-300x300.jpg 300w, https:\/\/yumicos.com\/wp-content\/uploads\/2025\/03\/8-1-150x150.jpg 150w, https:\/\/yumicos.com\/wp-content\/uploads\/2025\/03\/8-1-768x768.jpg 768w, https:\/\/yumicos.com\/wp-content\/uploads\/2025\/03\/8-1-600x600.jpg 600w, https:\/\/yumicos.com\/wp-content\/uploads\/2025\/03\/8-1-100x100.jpg 100w, https:\/\/yumicos.com\/wp-content\/uploads\/2025\/03\/8-1-50x50.jpg 50w\" sizes=\"(max-width: 800px) 100vw, 800px\" \/><\/p>\n<p><img loading=\"lazy\" decoding=\"async\" class=\"size-full wp-image-1320\" src=\"https:\/\/yumicos.com\/wp-content\/uploads\/2025\/03\/9-2.jpg\" alt=\"Close-up details of Nekomiya Mana Cosplay Outfit \" width=\"800\" height=\"800\" srcset=\"https:\/\/yumicos.com\/wp-content\/uploads\/2025\/03\/9-2.jpg 800w, https:\/\/yumicos.com\/wp-content\/uploads\/2025\/03\/9-2-300x300.jpg 300w, https:\/\/yumicos.com\/wp-content\/uploads\/2025\/03\/9-2-150x150.jpg 150w, https:\/\/yumicos.com\/wp-content\/uploads\/2025\/03\/9-2-768x768.jpg 768w, https:\/\/yumicos.com\/wp-content\/uploads\/2025\/03\/9-2-600x600.jpg 600w, https:\/\/yumicos.com\/wp-content\/uploads\/2025\/03\/9-2-100x100.jpg 100w, https:\/\/yumicos.com\/wp-content\/uploads\/2025\/03\/9-2-50x50.jpg 50w\" sizes=\"(max-width: 800px) 100vw, 800px\" \/><\/p>\n<p><img loading=\"lazy\" decoding=\"async\" class=\"size-full wp-image-1321\" src=\"https:\/\/yumicos.com\/wp-content\/uploads\/2025\/03\/10-1.jpg\" alt=\"Close-up details of Nekomiya Mana Cosplay Outfit \" width=\"800\" height=\"800\" srcset=\"https:\/\/yumicos.com\/wp-content\/uploads\/2025\/03\/10-1.jpg 800w, https:\/\/yumicos.com\/wp-content\/uploads\/2025\/03\/10-1-300x300.jpg 300w, https:\/\/yumicos.com\/wp-content\/uploads\/2025\/03\/10-1-150x150.jpg 150w, https:\/\/yumicos.com\/wp-content\/uploads\/2025\/03\/10-1-768x768.jpg 768w, https:\/\/yumicos.com\/wp-content\/uploads\/2025\/03\/10-1-600x600.jpg 600w, https:\/\/yumicos.com\/wp-content\/uploads\/2025\/03\/10-1-100x100.jpg 100w, https:\/\/yumicos.com\/wp-content\/uploads\/2025\/03\/10-1-50x50.jpg 50w\" sizes=\"(max-width: 800px) 100vw, 800px\" \/><\/p>\n<p><img loading=\"lazy\" decoding=\"async\" class=\"size-full wp-image-1322\" src=\"https:\/\/yumicos.com\/wp-content\/uploads\/2025\/03\/11-1.jpg\" alt=\"Close-up details of Nekomiya Mana Cosplay Outfit \" width=\"800\" height=\"800\" srcset=\"https:\/\/yumicos.com\/wp-content\/uploads\/2025\/03\/11-1.jpg 800w, https:\/\/yumicos.com\/wp-content\/uploads\/2025\/03\/11-1-300x300.jpg 300w, https:\/\/yumicos.com\/wp-content\/uploads\/2025\/03\/11-1-150x150.jpg 150w, https:\/\/yumicos.com\/wp-content\/uploads\/2025\/03\/11-1-768x768.jpg 768w, https:\/\/yumicos.com\/wp-content\/uploads\/2025\/03\/11-1-600x600.jpg 600w, https:\/\/yumicos.com\/wp-content\/uploads\/2025\/03\/11-1-100x100.jpg 100w, https:\/\/yumicos.com\/wp-content\/uploads\/2025\/03\/11-1-50x50.jpg 50w\" sizes=\"(max-width: 800px) 100vw, 800px\" \/><\/p>\n<p><img loading=\"lazy\" decoding=\"async\" class=\"size-full wp-image-1323\" src=\"https:\/\/yumicos.com\/wp-content\/uploads\/2025\/03\/12.jpg\" alt=\"Close-up details of Nekomiya Mana Cosplay Outfit \" width=\"800\" height=\"800\" srcset=\"https:\/\/yumicos.com\/wp-content\/uploads\/2025\/03\/12.jpg 800w, https:\/\/yumicos.com\/wp-content\/uploads\/2025\/03\/12-300x300.jpg 300w, https:\/\/yumicos.com\/wp-content\/uploads\/2025\/03\/12-150x150.jpg 150w, https:\/\/yumicos.com\/wp-content\/uploads\/2025\/03\/12-768x768.jpg 768w, https:\/\/yumicos.com\/wp-content\/uploads\/2025\/03\/12-600x600.jpg 600w, https:\/\/yumicos.com\/wp-content\/uploads\/2025\/03\/12-100x100.jpg 100w, https:\/\/yumicos.com\/wp-content\/uploads\/2025\/03\/12-50x50.jpg 50w\" sizes=\"(max-width: 800px) 100vw, 800px\" \/><\/p>\n<p><img loading=\"lazy\" decoding=\"async\" class=\"size-full wp-image-1324\" src=\"https:\/\/yumicos.com\/wp-content\/uploads\/2025\/03\/13.jpg\" alt=\"Close-up details of Nekomiya Mana Cosplay Outfit \" width=\"800\" height=\"800\" srcset=\"https:\/\/yumicos.com\/wp-content\/uploads\/2025\/03\/13.jpg 800w, https:\/\/yumicos.com\/wp-content\/uploads\/2025\/03\/13-300x300.jpg 300w, https:\/\/yumicos.com\/wp-content\/uploads\/2025\/03\/13-150x150.jpg 150w, https:\/\/yumicos.com\/wp-content\/uploads\/2025\/03\/13-768x768.jpg 768w, https:\/\/yumicos.com\/wp-content\/uploads\/2025\/03\/13-600x600.jpg 600w, https:\/\/yumicos.com\/wp-content\/uploads\/2025\/03\/13-100x100.jpg 100w, https:\/\/yumicos.com\/wp-content\/uploads\/2025\/03\/13-50x50.jpg 50w\" sizes=\"(max-width: 800px) 100vw, 800px\" \/><\/p>\n","protected":false},"excerpt":{"rendered":"<p>Hochwertiges Nekomiya Mana Cosplay-Outfit aus Zenless Zone Zero. Enth\u00e4lt ein komplettes Set mit detaillierten Accessoires, perfekt f\u00fcr Conventions und Events.<\/p>\n","protected":false},"featured_media":10125,"comment_status":"open","ping_status":"closed","template":"","meta":{"_acf_changed":false,"_monsterinsights_skip_tracking":false,"_monsterinsights_sitenote_active":false,"_monsterinsights_sitenote_note":"","_monsterinsights_sitenote_category":0,"site-sidebar-layout":"default","site-content-layout":"","ast-site-content-layout":"default","site-content-style":"default","site-sidebar-style":"default","ast-global-header-display":"","ast-banner-title-visibility":"","ast-main-header-display":"","ast-hfb-above-header-display":"","ast-hfb-below-header-display":"","ast-hfb-mobile-header-display":"","site-post-title":"","ast-breadcrumbs-content":"","ast-featured-img":"","footer-sml-layout":"","theme-transparent-header-meta":"default","adv-header-id-meta":"","stick-header-meta":"default","header-above-stick-meta":"","header-main-stick-meta":"","header-below-stick-meta":"","astra-migrate-meta-layouts":"default","ast-page-background-enabled":"default","ast-page-background-meta":{"desktop":{"background-color":"var(--ast-global-color-4)","background-image":"","background-repeat":"repeat","background-position":"center center","background-size":"auto","background-attachment":"scroll","background-type":"","background-media":"","overlay-type":"","overlay-color":"","overlay-opacity":"","overlay-gradient":""},"tablet":{"background-color":"","background-image":"","background-repeat":"repeat","background-position":"center center","background-size":"auto","background-attachment":"scroll","background-type":"","background-media":"","overlay-type":"","overlay-color":"","overlay-opacity":"","overlay-gradient":""},"mobile":{"background-color":"","background-image":"","background-repeat":"repeat","background-position":"center center","background-size":"auto","background-attachment":"scroll","background-type":"","background-media":"","overlay-type":"","overlay-color":"","overlay-opacity":"","overlay-gradient":""}},"ast-content-background-meta":{"desktop":{"background-color":"var(--ast-global-color-5)","background-image":"","background-repeat":"repeat","background-position":"center center","background-size":"auto","background-attachment":"scroll","background-type":"","background-media":"","overlay-type":"","overlay-color":"","overlay-opacity":"","overlay-gradient":""},"tablet":{"background-color":"var(--ast-global-color-5)","background-image":"","background-repeat":"repeat","background-position":"center center","background-size":"auto","background-attachment":"scroll","background-type":"","background-media":"","overlay-type":"","overlay-color":"","overlay-opacity":"","overlay-gradient":""},"mobile":{"background-color":"var(--ast-global-color-5)","background-image":"","background-repeat":"repeat","background-position":"center center","background-size":"auto","background-attachment":"scroll","background-type":"","background-media":"","overlay-type":"","overlay-color":"","overlay-opacity":"","overlay-gradient":""}}},"product_brand":[],"product_cat":[113,282],"product_tag":[],"class_list":{"0":"post-33113","1":"product","2":"type-product","3":"status-publish","4":"has-post-thumbnail","6":"product_cat-game-cosplay","7":"product_cat-zenless-zone-zero-cosplay","8":"desktop-align-left","9":"tablet-align-left","10":"mobile-align-left","11":"ast-product-gallery-layout-horizontal-slider","12":"ast-product-single-variable","13":"ast-product-tabs-layout-horizontal","15":"first","16":"instock","17":"purchasable","18":"product-type-variable"},"acf":[],"aioseo_notices":[],"_links":{"self":[{"href":"https:\/\/yumicos.com\/de\/wp-json\/wp\/v2\/product\/33113","targetHints":{"allow":["GET"]}}],"collection":[{"href":"https:\/\/yumicos.com\/de\/wp-json\/wp\/v2\/product"}],"about":[{"href":"https:\/\/yumicos.com\/de\/wp-json\/wp\/v2\/types\/product"}],"replies":[{"embeddable":true,"href":"https:\/\/yumicos.com\/de\/wp-json\/wp\/v2\/comments?post=33113"}],"wp:featuredmedia":[{"embeddable":true,"href":"https:\/\/yumicos.com\/de\/wp-json\/wp\/v2\/media\/10125"}],"wp:attachment":[{"href":"https:\/\/yumicos.com\/de\/wp-json\/wp\/v2\/media?parent=33113"}],"wp:term":[{"taxonomy":"product_brand","embeddable":true,"href":"https:\/\/yumicos.com\/de\/wp-json\/wp\/v2\/product_brand?post=33113"},{"taxonomy":"product_cat","embeddable":true,"href":"https:\/\/yumicos.com\/de\/wp-json\/wp\/v2\/product_cat?post=33113"},{"taxonomy":"product_tag","embeddable":true,"href":"https:\/\/yumicos.com\/de\/wp-json\/wp\/v2\/product_tag?post=33113"}],"curies":[{"name":"wp","href":"https:\/\/api.w.org\/{rel}","templated":true}]}}