{"id":32985,"date":"2025-03-13T09:35:22","date_gmt":"2025-03-13T09:35:22","guid":{"rendered":"https:\/\/yumicos.com\/product\/league-of-legends-arcane-season-2-vi-cosplay-kostuem-hochwertiges-komplett-outfit-fuer-cosplay-events\/"},"modified":"2025-10-21T10:01:21","modified_gmt":"2025-10-21T10:01:21","slug":"vi-cosplay","status":"publish","type":"product","link":"https:\/\/yumicos.com\/de\/product\/vi-cosplay\/","title":{"rendered":"League of Legends Arcane Season 2 Vi Cosplay Kost\u00fcm &#8211; Hochwertiges Komplett-Outfit f\u00fcr Cosplay-Events"},"content":{"rendered":"<p><img fetchpriority=\"high\" decoding=\"async\" class=\"alignnone size-full wp-image-285\" src=\"https:\/\/yumicos.com\/wp-content\/uploads\/2025\/01\/chanp.jpg\" alt=\"\" width=\"790\" height=\"92\" srcset=\"https:\/\/yumicos.com\/wp-content\/uploads\/2025\/01\/chanp.jpg 790w, https:\/\/yumicos.com\/wp-content\/uploads\/2025\/01\/chanp-300x35.jpg 300w, https:\/\/yumicos.com\/wp-content\/uploads\/2025\/01\/chanp-768x89.jpg 768w, https:\/\/yumicos.com\/wp-content\/uploads\/2025\/01\/chanp-600x70.jpg 600w\" sizes=\"(max-width: 790px) 100vw, 790px\" \/><\/p>\n<p><strong>Quelle<\/strong>: <strong><a title=\"X-Men\" href=\"https:\/\/yumicos.com\/de\/product-category\/game-cosplay\/league-of-legends-cosplay\/\" target=\"_blank\" rel=\"noopener\">League of Legends<\/a> <\/strong><\/p>\n<p><strong>Charakter<\/strong>:  VI<\/p>\n<p><strong>Enthalten<\/strong>: Hut, Mantel, Innenkleidung, Hose, Beinschmuck, Handschuhe, Ohrclip, Kopfbedeckung<\/p>\n<p><strong>Material:<\/strong> Polyester, Uniform, Leder.<\/p>\n<p><strong>Pflegehinweise<\/strong>: Handw\u00e4sche in kaltem Wasser, zum Trocknen aufh\u00e4ngen, nicht bleichen<\/p>\n<p><strong>Gr\u00f6\u00dfe:<\/strong>Bitte beachten Sie, dass asiatische Gr\u00f6\u00dfen aufgrund der Messtechnik 1-3 cm abweichen k\u00f6nnen.<\/p>\n<p><strong>Spitze:<\/strong> 1CM \u2248 0.39Inch<\/p>\n<p><img decoding=\"async\" class=\"alignnone size-full wp-image-287\" src=\"https:\/\/yumicos.com\/wp-content\/uploads\/2025\/01\/xijie.jpg\" alt=\"\" width=\"790\" height=\"92\" srcset=\"https:\/\/yumicos.com\/wp-content\/uploads\/2025\/01\/xijie.jpg 790w, https:\/\/yumicos.com\/wp-content\/uploads\/2025\/01\/xijie-300x35.jpg 300w, https:\/\/yumicos.com\/wp-content\/uploads\/2025\/01\/xijie-768x89.jpg 768w, https:\/\/yumicos.com\/wp-content\/uploads\/2025\/01\/xijie-600x70.jpg 600w\" sizes=\"(max-width: 790px) 100vw, 790px\" \/><\/p>\n<p><img decoding=\"async\" class=\" wp-image-1390\" src=\"https:\/\/yumicos.com\/wp-content\/uploads\/2025\/03\/6-2-908x1024.jpg\" alt=\"Vi Cosplay Costume Detail View \u2013 League of Legends Arcane Season 2\" width=\"750\" height=\"846\" srcset=\"https:\/\/yumicos.com\/wp-content\/uploads\/2025\/03\/6-2-908x1024.jpg 908w, https:\/\/yumicos.com\/wp-content\/uploads\/2025\/03\/6-2-266x300.jpg 266w, https:\/\/yumicos.com\/wp-content\/uploads\/2025\/03\/6-2-768x867.jpg 768w, https:\/\/yumicos.com\/wp-content\/uploads\/2025\/03\/6-2-600x677.jpg 600w, https:\/\/yumicos.com\/wp-content\/uploads\/2025\/03\/6-2.jpg 1200w\" sizes=\"(max-width: 750px) 100vw, 750px\" \/><\/p>\n<p><img loading=\"lazy\" decoding=\"async\" class=\" wp-image-1391\" src=\"https:\/\/yumicos.com\/wp-content\/uploads\/2025\/03\/7-3-873x1024.jpg\" alt=\"Vi Cosplay Costume Detail View \u2013 League of Legends Arcane Season 2\" width=\"750\" height=\"880\" srcset=\"https:\/\/yumicos.com\/wp-content\/uploads\/2025\/03\/7-3-873x1024.jpg 873w, https:\/\/yumicos.com\/wp-content\/uploads\/2025\/03\/7-3-256x300.jpg 256w, https:\/\/yumicos.com\/wp-content\/uploads\/2025\/03\/7-3-768x901.jpg 768w, https:\/\/yumicos.com\/wp-content\/uploads\/2025\/03\/7-3-600x704.jpg 600w, https:\/\/yumicos.com\/wp-content\/uploads\/2025\/03\/7-3.jpg 1200w\" sizes=\"(max-width: 750px) 100vw, 750px\" \/><\/p>\n<p><img loading=\"lazy\" decoding=\"async\" class=\" wp-image-1392\" src=\"https:\/\/yumicos.com\/wp-content\/uploads\/2025\/03\/8-3-853x1024.jpg\" alt=\"Vi Cosplay Costume Detail View \u2013 League of Legends Arcane Season 2\" width=\"750\" height=\"900\" srcset=\"https:\/\/yumicos.com\/wp-content\/uploads\/2025\/03\/8-3-853x1024.jpg 853w, https:\/\/yumicos.com\/wp-content\/uploads\/2025\/03\/8-3-250x300.jpg 250w, https:\/\/yumicos.com\/wp-content\/uploads\/2025\/03\/8-3-768x922.jpg 768w, https:\/\/yumicos.com\/wp-content\/uploads\/2025\/03\/8-3-600x721.jpg 600w, https:\/\/yumicos.com\/wp-content\/uploads\/2025\/03\/8-3.jpg 1200w\" sizes=\"(max-width: 750px) 100vw, 750px\" \/><\/p>\n<p><img loading=\"lazy\" decoding=\"async\" class=\" wp-image-1393\" src=\"https:\/\/yumicos.com\/wp-content\/uploads\/2025\/03\/9-3-998x1024.jpg\" alt=\"Vi Cosplay Costume Detail View \u2013 League of Legends Arcane Season 2\" width=\"750\" height=\"770\" srcset=\"https:\/\/yumicos.com\/wp-content\/uploads\/2025\/03\/9-3-998x1024.jpg 998w, https:\/\/yumicos.com\/wp-content\/uploads\/2025\/03\/9-3-292x300.jpg 292w, https:\/\/yumicos.com\/wp-content\/uploads\/2025\/03\/9-3-768x788.jpg 768w, https:\/\/yumicos.com\/wp-content\/uploads\/2025\/03\/9-3-600x616.jpg 600w, https:\/\/yumicos.com\/wp-content\/uploads\/2025\/03\/9-3-50x50.jpg 50w, https:\/\/yumicos.com\/wp-content\/uploads\/2025\/03\/9-3.jpg 1200w\" sizes=\"(max-width: 750px) 100vw, 750px\" \/><\/p>\n<p><img loading=\"lazy\" decoding=\"async\" class=\" wp-image-1394\" src=\"https:\/\/yumicos.com\/wp-content\/uploads\/2025\/03\/10-3-1024x793.jpg\" alt=\"Vi Cosplay Costume Detail View \u2013 League of Legends Arcane Season 2\" width=\"750\" height=\"581\" srcset=\"https:\/\/yumicos.com\/wp-content\/uploads\/2025\/03\/10-3-1024x793.jpg 1024w, https:\/\/yumicos.com\/wp-content\/uploads\/2025\/03\/10-3-300x232.jpg 300w, https:\/\/yumicos.com\/wp-content\/uploads\/2025\/03\/10-3-768x595.jpg 768w, https:\/\/yumicos.com\/wp-content\/uploads\/2025\/03\/10-3-600x465.jpg 600w, https:\/\/yumicos.com\/wp-content\/uploads\/2025\/03\/10-3.jpg 1200w\" sizes=\"(max-width: 750px) 100vw, 750px\" \/><\/p>\n<p><img loading=\"lazy\" decoding=\"async\" class=\" wp-image-1395\" src=\"https:\/\/yumicos.com\/wp-content\/uploads\/2025\/03\/11-3-849x1024.jpg\" alt=\" Vi Cosplay Costume Detail View \u2013 League of Legends Arcane Season 2\" width=\"750\" height=\"905\" srcset=\"https:\/\/yumicos.com\/wp-content\/uploads\/2025\/03\/11-3-849x1024.jpg 849w, https:\/\/yumicos.com\/wp-content\/uploads\/2025\/03\/11-3-249x300.jpg 249w, https:\/\/yumicos.com\/wp-content\/uploads\/2025\/03\/11-3-768x926.jpg 768w, https:\/\/yumicos.com\/wp-content\/uploads\/2025\/03\/11-3-600x724.jpg 600w, https:\/\/yumicos.com\/wp-content\/uploads\/2025\/03\/11-3.jpg 1200w\" sizes=\"(max-width: 750px) 100vw, 750px\" \/><\/p>\n<p><img loading=\"lazy\" decoding=\"async\" class=\" wp-image-1396\" src=\"https:\/\/yumicos.com\/wp-content\/uploads\/2025\/03\/12-2-903x1024.jpg\" alt=\" Vi Cosplay Costume Detail View \u2013 League of Legends Arcane Season 2\" width=\"750\" height=\"850\" srcset=\"https:\/\/yumicos.com\/wp-content\/uploads\/2025\/03\/12-2-903x1024.jpg 903w, https:\/\/yumicos.com\/wp-content\/uploads\/2025\/03\/12-2-265x300.jpg 265w, https:\/\/yumicos.com\/wp-content\/uploads\/2025\/03\/12-2-768x871.jpg 768w, https:\/\/yumicos.com\/wp-content\/uploads\/2025\/03\/12-2-600x681.jpg 600w, https:\/\/yumicos.com\/wp-content\/uploads\/2025\/03\/12-2.jpg 1200w\" sizes=\"(max-width: 750px) 100vw, 750px\" \/><\/p>\n<p><img loading=\"lazy\" decoding=\"async\" class=\" wp-image-1397\" src=\"https:\/\/yumicos.com\/wp-content\/uploads\/2025\/03\/13-1-1024x906.jpg\" alt=\"Vi Cosplay Costume Detail View \u2013 League of Legends Arcane Season 2\" width=\"750\" height=\"664\" srcset=\"https:\/\/yumicos.com\/wp-content\/uploads\/2025\/03\/13-1-1024x906.jpg 1024w, https:\/\/yumicos.com\/wp-content\/uploads\/2025\/03\/13-1-300x266.jpg 300w, https:\/\/yumicos.com\/wp-content\/uploads\/2025\/03\/13-1-768x680.jpg 768w, https:\/\/yumicos.com\/wp-content\/uploads\/2025\/03\/13-1-600x531.jpg 600w, https:\/\/yumicos.com\/wp-content\/uploads\/2025\/03\/13-1.jpg 1200w\" sizes=\"(max-width: 750px) 100vw, 750px\" \/><\/p>\n<p><img loading=\"lazy\" decoding=\"async\" class=\" wp-image-1398\" src=\"https:\/\/yumicos.com\/wp-content\/uploads\/2025\/03\/14-880x1024.jpg\" alt=\"Vi Cosplay Costume Detail View \u2013 League of Legends Arcane Season 2\" width=\"750\" height=\"873\" srcset=\"https:\/\/yumicos.com\/wp-content\/uploads\/2025\/03\/14-880x1024.jpg 880w, https:\/\/yumicos.com\/wp-content\/uploads\/2025\/03\/14-258x300.jpg 258w, https:\/\/yumicos.com\/wp-content\/uploads\/2025\/03\/14-768x894.jpg 768w, https:\/\/yumicos.com\/wp-content\/uploads\/2025\/03\/14-600x699.jpg 600w, https:\/\/yumicos.com\/wp-content\/uploads\/2025\/03\/14.jpg 1200w\" sizes=\"(max-width: 750px) 100vw, 750px\" \/><\/p>\n","protected":false},"excerpt":{"rendered":"<p data-start=\"603\" data-end=\"788\">Dieses Vi Cosplay-Kost\u00fcm aus League of Legends Arcane Season 2 ist aus hochwertigen Materialien gefertigt und bietet eine perfekte Passform und einen authentischen Look. Ideal f\u00fcr Conventions, Partys und Fotoshootings.<\/p>\n<h3 data-start=\"790\" data-end=\"817\"><\/h3>\n","protected":false},"featured_media":10349,"comment_status":"open","ping_status":"closed","template":"","meta":{"_acf_changed":false,"_monsterinsights_skip_tracking":false,"_monsterinsights_sitenote_active":false,"_monsterinsights_sitenote_note":"","_monsterinsights_sitenote_category":0,"site-sidebar-layout":"default","site-content-layout":"","ast-site-content-layout":"default","site-content-style":"default","site-sidebar-style":"default","ast-global-header-display":"","ast-banner-title-visibility":"","ast-main-header-display":"","ast-hfb-above-header-display":"","ast-hfb-below-header-display":"","ast-hfb-mobile-header-display":"","site-post-title":"","ast-breadcrumbs-content":"","ast-featured-img":"","footer-sml-layout":"","theme-transparent-header-meta":"default","adv-header-id-meta":"","stick-header-meta":"default","header-above-stick-meta":"","header-main-stick-meta":"","header-below-stick-meta":"","astra-migrate-meta-layouts":"default","ast-page-background-enabled":"default","ast-page-background-meta":{"desktop":{"background-color":"var(--ast-global-color-4)","background-image":"","background-repeat":"repeat","background-position":"center center","background-size":"auto","background-attachment":"scroll","background-type":"","background-media":"","overlay-type":"","overlay-color":"","overlay-opacity":"","overlay-gradient":""},"tablet":{"background-color":"","background-image":"","background-repeat":"repeat","background-position":"center center","background-size":"auto","background-attachment":"scroll","background-type":"","background-media":"","overlay-type":"","overlay-color":"","overlay-opacity":"","overlay-gradient":""},"mobile":{"background-color":"","background-image":"","background-repeat":"repeat","background-position":"center center","background-size":"auto","background-attachment":"scroll","background-type":"","background-media":"","overlay-type":"","overlay-color":"","overlay-opacity":"","overlay-gradient":""}},"ast-content-background-meta":{"desktop":{"background-color":"var(--ast-global-color-5)","background-image":"","background-repeat":"repeat","background-position":"center center","background-size":"auto","background-attachment":"scroll","background-type":"","background-media":"","overlay-type":"","overlay-color":"","overlay-opacity":"","overlay-gradient":""},"tablet":{"background-color":"var(--ast-global-color-5)","background-image":"","background-repeat":"repeat","background-position":"center center","background-size":"auto","background-attachment":"scroll","background-type":"","background-media":"","overlay-type":"","overlay-color":"","overlay-opacity":"","overlay-gradient":""},"mobile":{"background-color":"var(--ast-global-color-5)","background-image":"","background-repeat":"repeat","background-position":"center center","background-size":"auto","background-attachment":"scroll","background-type":"","background-media":"","overlay-type":"","overlay-color":"","overlay-opacity":"","overlay-gradient":""}}},"product_brand":[],"product_cat":[113,314],"product_tag":[],"class_list":{"0":"post-32985","1":"product","2":"type-product","3":"status-publish","4":"has-post-thumbnail","6":"product_cat-game-cosplay","7":"product_cat-league-of-legends-cosplay","8":"desktop-align-left","9":"tablet-align-left","10":"mobile-align-left","11":"ast-product-gallery-layout-horizontal-slider","12":"ast-product-single-variable","13":"ast-product-tabs-layout-horizontal","15":"first","16":"instock","17":"sale","18":"purchasable","19":"product-type-variable"},"acf":[],"aioseo_notices":[],"_links":{"self":[{"href":"https:\/\/yumicos.com\/de\/wp-json\/wp\/v2\/product\/32985","targetHints":{"allow":["GET"]}}],"collection":[{"href":"https:\/\/yumicos.com\/de\/wp-json\/wp\/v2\/product"}],"about":[{"href":"https:\/\/yumicos.com\/de\/wp-json\/wp\/v2\/types\/product"}],"replies":[{"embeddable":true,"href":"https:\/\/yumicos.com\/de\/wp-json\/wp\/v2\/comments?post=32985"}],"wp:featuredmedia":[{"embeddable":true,"href":"https:\/\/yumicos.com\/de\/wp-json\/wp\/v2\/media\/10349"}],"wp:attachment":[{"href":"https:\/\/yumicos.com\/de\/wp-json\/wp\/v2\/media?parent=32985"}],"wp:term":[{"taxonomy":"product_brand","embeddable":true,"href":"https:\/\/yumicos.com\/de\/wp-json\/wp\/v2\/product_brand?post=32985"},{"taxonomy":"product_cat","embeddable":true,"href":"https:\/\/yumicos.com\/de\/wp-json\/wp\/v2\/product_cat?post=32985"},{"taxonomy":"product_tag","embeddable":true,"href":"https:\/\/yumicos.com\/de\/wp-json\/wp\/v2\/product_tag?post=32985"}],"curies":[{"name":"wp","href":"https:\/\/api.w.org\/{rel}","templated":true}]}}