{"id":32841,"date":"2025-03-14T08:47:38","date_gmt":"2025-03-14T08:47:38","guid":{"rendered":"https:\/\/yumicos.com\/product\/identity-v-little-girl-eurydice-cosplay-kostuem-hochwertiges-komplettes-outfit-fuer-rollenspiele-cosplay-events\/"},"modified":"2025-10-20T15:48:06","modified_gmt":"2025-10-20T15:48:06","slug":"little-girl-costume","status":"publish","type":"product","link":"https:\/\/yumicos.com\/de\/product\/little-girl-costume\/","title":{"rendered":"Identity V Little Girl Eurydice Cosplay Kost\u00fcm &#8211; Hochwertiges, komplettes Outfit f\u00fcr Rollenspiele &#038; Cosplay Events"},"content":{"rendered":"<p><img fetchpriority=\"high\" decoding=\"async\" class=\"alignnone size-full wp-image-288\" src=\"https:\/\/yumicos.com\/wp-content\/uploads\/2025\/01\/shiwuzhanshi.jpg\" alt=\"\" width=\"790\" height=\"92\" srcset=\"https:\/\/yumicos.com\/wp-content\/uploads\/2025\/01\/shiwuzhanshi.jpg 790w, https:\/\/yumicos.com\/wp-content\/uploads\/2025\/01\/shiwuzhanshi-300x35.jpg 300w, https:\/\/yumicos.com\/wp-content\/uploads\/2025\/01\/shiwuzhanshi-768x89.jpg 768w, https:\/\/yumicos.com\/wp-content\/uploads\/2025\/01\/shiwuzhanshi-600x70.jpg 600w\" sizes=\"(max-width: 790px) 100vw, 790px\" \/><\/p>\n<p><strong>Quelle<\/strong><a href=\"https:\/\/yumicos.com\/de\/product-category\/game-cosplay\/identity-v-cosplay-costumes\/\">:Identit\u00e4t V<\/a><\/p>\n<p><strong>Charakter<\/strong>:Kleines M\u00e4dchen<\/p>\n<p><strong>Enthalten<\/strong>: Kleid, R\u00fccken Taille Bogen, Haar-Accessoires, Haarnadel, Ohr-Clip, Blumenkrone, G\u00fcrtel, Schleifen<\/p>\n<p><strong>Material<\/strong>: Polyester, Leder.<\/p>\n<p><strong>Pflegehinweise<\/strong>: Handw\u00e4sche in kaltem Wasser, zum Trocknen aufh\u00e4ngen, nicht bleichen.<\/p>\n<p><strong>Gr\u00f6\u00dfe:<\/strong>Bitte beachten Sie, dass asiatische Gr\u00f6\u00dfen aufgrund der Messtechnik 1-3 cm abweichen k\u00f6nnen.<\/p>\n<p><strong>Spitze:<\/strong> 1CM \u2248 0.39Inch<\/p>\n<p><img decoding=\"async\" class=\"alignnone size-full wp-image-287\" src=\"https:\/\/yumicos.com\/wp-content\/uploads\/2025\/01\/xijie.jpg\" alt=\"\" width=\"790\" height=\"92\" srcset=\"https:\/\/yumicos.com\/wp-content\/uploads\/2025\/01\/xijie.jpg 790w, https:\/\/yumicos.com\/wp-content\/uploads\/2025\/01\/xijie-300x35.jpg 300w, https:\/\/yumicos.com\/wp-content\/uploads\/2025\/01\/xijie-768x89.jpg 768w, https:\/\/yumicos.com\/wp-content\/uploads\/2025\/01\/xijie-600x70.jpg 600w\" sizes=\"(max-width: 790px) 100vw, 790px\" \/><br \/>\n<img decoding=\"async\" class=\" wp-image-1436\" src=\"https:\/\/yumicos.com\/wp-content\/uploads\/2025\/03\/1-2.jpg\" alt=\"Identity V Little Girl Eurydice Cosplay Costume Detail View\" width=\"750\" height=\"840\" srcset=\"https:\/\/yumicos.com\/wp-content\/uploads\/2025\/03\/1-2.jpg 750w, https:\/\/yumicos.com\/wp-content\/uploads\/2025\/03\/1-2-268x300.jpg 268w, https:\/\/yumicos.com\/wp-content\/uploads\/2025\/03\/1-2-600x672.jpg 600w\" sizes=\"(max-width: 750px) 100vw, 750px\" \/><br \/>\n<img loading=\"lazy\" decoding=\"async\" class=\" wp-image-1437\" src=\"https:\/\/yumicos.com\/wp-content\/uploads\/2025\/03\/2-5-712x1024.jpg\" alt=\"Identity V Little Girl Eurydice Cosplay Costume Detail View\" width=\"750\" height=\"1078\" srcset=\"https:\/\/yumicos.com\/wp-content\/uploads\/2025\/03\/2-5-712x1024.jpg 712w, https:\/\/yumicos.com\/wp-content\/uploads\/2025\/03\/2-5-209x300.jpg 209w, https:\/\/yumicos.com\/wp-content\/uploads\/2025\/03\/2-5-600x863.jpg 600w, https:\/\/yumicos.com\/wp-content\/uploads\/2025\/03\/2-5.jpg 750w\" sizes=\"(max-width: 750px) 100vw, 750px\" \/><br \/>\n<img loading=\"lazy\" decoding=\"async\" class=\" wp-image-1438\" src=\"https:\/\/yumicos.com\/wp-content\/uploads\/2025\/03\/3-4-678x1024.jpg\" alt=\" Identity V Little Girl Eurydice Cosplay Costume Detail View\" width=\"750\" height=\"1133\" srcset=\"https:\/\/yumicos.com\/wp-content\/uploads\/2025\/03\/3-4-678x1024.jpg 678w, https:\/\/yumicos.com\/wp-content\/uploads\/2025\/03\/3-4-199x300.jpg 199w, https:\/\/yumicos.com\/wp-content\/uploads\/2025\/03\/3-4-600x906.jpg 600w, https:\/\/yumicos.com\/wp-content\/uploads\/2025\/03\/3-4.jpg 750w\" sizes=\"(max-width: 750px) 100vw, 750px\" \/><br \/>\n<img loading=\"lazy\" decoding=\"async\" class=\"size-full wp-image-1439\" src=\"https:\/\/yumicos.com\/wp-content\/uploads\/2025\/03\/01.jpg\" alt=\"Identity V Little Girl Eurydice Cosplay Costume Front View\" width=\"750\" height=\"943\" srcset=\"https:\/\/yumicos.com\/wp-content\/uploads\/2025\/03\/01.jpg 750w, https:\/\/yumicos.com\/wp-content\/uploads\/2025\/03\/01-239x300.jpg 239w, https:\/\/yumicos.com\/wp-content\/uploads\/2025\/03\/01-600x754.jpg 600w\" sizes=\"(max-width: 750px) 100vw, 750px\" \/><br \/>\n<img loading=\"lazy\" decoding=\"async\" class=\"size-full wp-image-1440\" src=\"https:\/\/yumicos.com\/wp-content\/uploads\/2025\/03\/02.jpg\" alt=\"Identity V Little Girl Eurydice Cosplay Costume Front View\" width=\"750\" height=\"949\" srcset=\"https:\/\/yumicos.com\/wp-content\/uploads\/2025\/03\/02.jpg 750w, https:\/\/yumicos.com\/wp-content\/uploads\/2025\/03\/02-237x300.jpg 237w, https:\/\/yumicos.com\/wp-content\/uploads\/2025\/03\/02-600x759.jpg 600w\" sizes=\"(max-width: 750px) 100vw, 750px\" \/><\/p>\n","protected":false},"excerpt":{"rendered":"<p data-start=\"663\" data-end=\"896\">Dieses Cosplay-Kost\u00fcm f\u00fcr das kleine M\u00e4dchen Eurydike wurde entworfen, um den ikonischen Look von Identity V zu replizieren. Das aus hochwertigen Materialien gefertigte Kost\u00fcm bietet eine bequeme Passform und ein authentisches Design, ideal f\u00fcr Conventions, Partys und Fotoshootings.<\/p>\n","protected":false},"featured_media":10565,"comment_status":"open","ping_status":"closed","template":"","meta":{"_acf_changed":false,"_monsterinsights_skip_tracking":false,"_monsterinsights_sitenote_active":false,"_monsterinsights_sitenote_note":"","_monsterinsights_sitenote_category":0,"site-sidebar-layout":"default","site-content-layout":"","ast-site-content-layout":"default","site-content-style":"default","site-sidebar-style":"default","ast-global-header-display":"","ast-banner-title-visibility":"","ast-main-header-display":"","ast-hfb-above-header-display":"","ast-hfb-below-header-display":"","ast-hfb-mobile-header-display":"","site-post-title":"","ast-breadcrumbs-content":"","ast-featured-img":"","footer-sml-layout":"","theme-transparent-header-meta":"default","adv-header-id-meta":"","stick-header-meta":"default","header-above-stick-meta":"","header-main-stick-meta":"","header-below-stick-meta":"","astra-migrate-meta-layouts":"default","ast-page-background-enabled":"default","ast-page-background-meta":{"desktop":{"background-color":"var(--ast-global-color-4)","background-image":"","background-repeat":"repeat","background-position":"center center","background-size":"auto","background-attachment":"scroll","background-type":"","background-media":"","overlay-type":"","overlay-color":"","overlay-opacity":"","overlay-gradient":""},"tablet":{"background-color":"","background-image":"","background-repeat":"repeat","background-position":"center center","background-size":"auto","background-attachment":"scroll","background-type":"","background-media":"","overlay-type":"","overlay-color":"","overlay-opacity":"","overlay-gradient":""},"mobile":{"background-color":"","background-image":"","background-repeat":"repeat","background-position":"center center","background-size":"auto","background-attachment":"scroll","background-type":"","background-media":"","overlay-type":"","overlay-color":"","overlay-opacity":"","overlay-gradient":""}},"ast-content-background-meta":{"desktop":{"background-color":"var(--ast-global-color-5)","background-image":"","background-repeat":"repeat","background-position":"center center","background-size":"auto","background-attachment":"scroll","background-type":"","background-media":"","overlay-type":"","overlay-color":"","overlay-opacity":"","overlay-gradient":""},"tablet":{"background-color":"var(--ast-global-color-5)","background-image":"","background-repeat":"repeat","background-position":"center center","background-size":"auto","background-attachment":"scroll","background-type":"","background-media":"","overlay-type":"","overlay-color":"","overlay-opacity":"","overlay-gradient":""},"mobile":{"background-color":"var(--ast-global-color-5)","background-image":"","background-repeat":"repeat","background-position":"center center","background-size":"auto","background-attachment":"scroll","background-type":"","background-media":"","overlay-type":"","overlay-color":"","overlay-opacity":"","overlay-gradient":""}}},"product_brand":[],"product_cat":[113,330],"product_tag":[],"class_list":{"0":"post-32841","1":"product","2":"type-product","3":"status-publish","4":"has-post-thumbnail","6":"product_cat-game-cosplay","7":"product_cat-identity-v-cosplay-costumes","8":"desktop-align-left","9":"tablet-align-left","10":"mobile-align-left","11":"ast-product-gallery-layout-horizontal-slider","12":"ast-product-single-variable","13":"ast-product-tabs-layout-horizontal","15":"first","16":"instock","17":"purchasable","18":"product-type-variable"},"acf":[],"aioseo_notices":[],"_links":{"self":[{"href":"https:\/\/yumicos.com\/de\/wp-json\/wp\/v2\/product\/32841","targetHints":{"allow":["GET"]}}],"collection":[{"href":"https:\/\/yumicos.com\/de\/wp-json\/wp\/v2\/product"}],"about":[{"href":"https:\/\/yumicos.com\/de\/wp-json\/wp\/v2\/types\/product"}],"replies":[{"embeddable":true,"href":"https:\/\/yumicos.com\/de\/wp-json\/wp\/v2\/comments?post=32841"}],"wp:featuredmedia":[{"embeddable":true,"href":"https:\/\/yumicos.com\/de\/wp-json\/wp\/v2\/media\/10565"}],"wp:attachment":[{"href":"https:\/\/yumicos.com\/de\/wp-json\/wp\/v2\/media?parent=32841"}],"wp:term":[{"taxonomy":"product_brand","embeddable":true,"href":"https:\/\/yumicos.com\/de\/wp-json\/wp\/v2\/product_brand?post=32841"},{"taxonomy":"product_cat","embeddable":true,"href":"https:\/\/yumicos.com\/de\/wp-json\/wp\/v2\/product_cat?post=32841"},{"taxonomy":"product_tag","embeddable":true,"href":"https:\/\/yumicos.com\/de\/wp-json\/wp\/v2\/product_tag?post=32841"}],"curies":[{"name":"wp","href":"https:\/\/api.w.org\/{rel}","templated":true}]}}