{"id":32781,"date":"2025-03-17T07:15:18","date_gmt":"2025-03-17T07:15:18","guid":{"rendered":"https:\/\/yumicos.com\/product\/final-fantasy-xiv-rotmagier-cosplay-kostuem-hochwertiges-authentisches-rotmagier-outfit\/"},"modified":"2025-10-20T15:47:55","modified_gmt":"2025-10-20T15:47:55","slug":"ffxiv-red-mage-costume","status":"publish","type":"product","link":"https:\/\/yumicos.com\/de\/product\/ffxiv-red-mage-costume\/","title":{"rendered":"Final Fantasy XIV Rotmagier Cosplay Kost\u00fcm &#8211; Hochwertiges, authentisches Rotmagier Outfit"},"content":{"rendered":"<p><img fetchpriority=\"high\" decoding=\"async\" class=\"alignnone size-full wp-image-285\" src=\"https:\/\/yumicos.com\/wp-content\/uploads\/2025\/01\/chanp.jpg\" alt=\"\" width=\"790\" height=\"92\" srcset=\"https:\/\/yumicos.com\/wp-content\/uploads\/2025\/01\/chanp.jpg 790w, https:\/\/yumicos.com\/wp-content\/uploads\/2025\/01\/chanp-300x35.jpg 300w, https:\/\/yumicos.com\/wp-content\/uploads\/2025\/01\/chanp-768x89.jpg 768w, https:\/\/yumicos.com\/wp-content\/uploads\/2025\/01\/chanp-600x70.jpg 600w\" sizes=\"(max-width: 790px) 100vw, 790px\" \/><\/p>\n<p><strong>Quelle<\/strong>:FF14<\/p>\n<p><strong>Charakter<\/strong>: Rotmagier<\/p>\n<p><strong>Enthalten<\/strong>: Kleidung und Zubeh\u00f6r<\/p>\n<p data-start=\"0\" data-end=\"105\"><strong data-start=\"0\" data-end=\"13\">Material:<\/strong> Hergestellt aus hochwertigem Polyester und Kunstleder f\u00fcr eine bequeme und dauerhafte Passform.<\/p>\n<p data-start=\"107\" data-end=\"204\"><strong data-start=\"107\" data-end=\"129\">Pflegehinweise:<\/strong> Handw\u00e4sche in kaltem Wasser, nicht bleichen und zum Trocknen aufh\u00e4ngen.<\/p>\n<p data-start=\"206\" data-end=\"319\"><strong data-start=\"206\" data-end=\"215\">Gr\u00f6\u00dfe:<\/strong> Bitte beachten Sie, dass die Gr\u00f6\u00dfenangaben asiatischen Standards folgen und aufgrund der manuellen Messung um 1-3 cm variieren k\u00f6nnen.<\/p>\n<p data-start=\"321\" data-end=\"347\" data-is-last-node=\"\" data-is-only-node=\"\"><strong data-start=\"321\" data-end=\"329\">Spitze:<\/strong> 1 cm \u2248 0.39 inch.<\/p>\n<p><img decoding=\"async\" class=\"alignnone size-full wp-image-287\" src=\"https:\/\/yumicos.com\/wp-content\/uploads\/2025\/01\/xijie.jpg\" alt=\"\" width=\"790\" height=\"92\" srcset=\"https:\/\/yumicos.com\/wp-content\/uploads\/2025\/01\/xijie.jpg 790w, https:\/\/yumicos.com\/wp-content\/uploads\/2025\/01\/xijie-300x35.jpg 300w, https:\/\/yumicos.com\/wp-content\/uploads\/2025\/01\/xijie-768x89.jpg 768w, https:\/\/yumicos.com\/wp-content\/uploads\/2025\/01\/xijie-600x70.jpg 600w\" sizes=\"(max-width: 790px) 100vw, 790px\" \/><\/p>\n<p><img decoding=\"async\" class=\" wp-image-1454\" src=\"https:\/\/yumicos.com\/wp-content\/uploads\/2025\/03\/3-5-872x1024.jpg\" alt=\"Red Mage Cosplay Costume Detail View \u2013 Final Fantasy XIV\" width=\"750\" height=\"881\" srcset=\"https:\/\/yumicos.com\/wp-content\/uploads\/2025\/03\/3-5-872x1024.jpg 872w, https:\/\/yumicos.com\/wp-content\/uploads\/2025\/03\/3-5-255x300.jpg 255w, https:\/\/yumicos.com\/wp-content\/uploads\/2025\/03\/3-5-768x902.jpg 768w, https:\/\/yumicos.com\/wp-content\/uploads\/2025\/03\/3-5-1308x1536.jpg 1308w, https:\/\/yumicos.com\/wp-content\/uploads\/2025\/03\/3-5-600x705.jpg 600w, https:\/\/yumicos.com\/wp-content\/uploads\/2025\/03\/3-5.jpg 1500w\" sizes=\"(max-width: 750px) 100vw, 750px\" \/><\/p>\n<p><img loading=\"lazy\" decoding=\"async\" class=\" wp-image-1455\" src=\"https:\/\/yumicos.com\/wp-content\/uploads\/2025\/03\/4-4-746x1024.jpg\" alt=\"Red Mage Cosplay Costume Detail View \u2013 Final Fantasy XIV\" width=\"750\" height=\"1029\" srcset=\"https:\/\/yumicos.com\/wp-content\/uploads\/2025\/03\/4-4-746x1024.jpg 746w, https:\/\/yumicos.com\/wp-content\/uploads\/2025\/03\/4-4-218x300.jpg 218w, https:\/\/yumicos.com\/wp-content\/uploads\/2025\/03\/4-4-768x1055.jpg 768w, https:\/\/yumicos.com\/wp-content\/uploads\/2025\/03\/4-4-1118x1536.jpg 1118w, https:\/\/yumicos.com\/wp-content\/uploads\/2025\/03\/4-4-600x824.jpg 600w, https:\/\/yumicos.com\/wp-content\/uploads\/2025\/03\/4-4.jpg 1398w\" sizes=\"(max-width: 750px) 100vw, 750px\" \/><\/p>\n<p><img loading=\"lazy\" decoding=\"async\" class=\" wp-image-1456\" src=\"https:\/\/yumicos.com\/wp-content\/uploads\/2025\/03\/5-4-826x1024.jpg\" alt=\"Red Mage Cosplay Costume Detail View \u2013 Final Fantasy XIV\" width=\"750\" height=\"930\" srcset=\"https:\/\/yumicos.com\/wp-content\/uploads\/2025\/03\/5-4-826x1024.jpg 826w, https:\/\/yumicos.com\/wp-content\/uploads\/2025\/03\/5-4-242x300.jpg 242w, https:\/\/yumicos.com\/wp-content\/uploads\/2025\/03\/5-4-768x952.jpg 768w, https:\/\/yumicos.com\/wp-content\/uploads\/2025\/03\/5-4-1239x1536.jpg 1239w, https:\/\/yumicos.com\/wp-content\/uploads\/2025\/03\/5-4-600x744.jpg 600w, https:\/\/yumicos.com\/wp-content\/uploads\/2025\/03\/5-4.jpg 1500w\" sizes=\"(max-width: 750px) 100vw, 750px\" \/><\/p>\n<p><img loading=\"lazy\" decoding=\"async\" class=\" wp-image-1457\" src=\"https:\/\/yumicos.com\/wp-content\/uploads\/2025\/03\/6-3-938x1024.jpg\" alt=\"Red Mage Cosplay Costume Detail View \u2013 Final Fantasy XIV\" width=\"750\" height=\"819\" srcset=\"https:\/\/yumicos.com\/wp-content\/uploads\/2025\/03\/6-3-938x1024.jpg 938w, https:\/\/yumicos.com\/wp-content\/uploads\/2025\/03\/6-3-275x300.jpg 275w, https:\/\/yumicos.com\/wp-content\/uploads\/2025\/03\/6-3-768x838.jpg 768w, https:\/\/yumicos.com\/wp-content\/uploads\/2025\/03\/6-3-1407x1536.jpg 1407w, https:\/\/yumicos.com\/wp-content\/uploads\/2025\/03\/6-3-600x655.jpg 600w, https:\/\/yumicos.com\/wp-content\/uploads\/2025\/03\/6-3.jpg 1500w\" sizes=\"(max-width: 750px) 100vw, 750px\" \/><\/p>\n","protected":false},"excerpt":{"rendered":"<p data-start=\"577\" data-end=\"833\">Dieses Rotmagier-Cosplay-Kost\u00fcm aus Final Fantasy XIV zeichnet sich durch hochwertige Materialien und ein detailgetreues Design aus, das dem Charakter im Spiel entspricht. Dieses Kost\u00fcm eignet sich perfekt f\u00fcr Conventions, Rollenspiele und Fotoshootings und sorgt daf\u00fcr, dass du als echter Rotmagier auff\u00e4llst.<\/p>\n","protected":false},"featured_media":10653,"comment_status":"open","ping_status":"closed","template":"","meta":{"_acf_changed":false,"_monsterinsights_skip_tracking":false,"_monsterinsights_sitenote_active":false,"_monsterinsights_sitenote_note":"","_monsterinsights_sitenote_category":0,"site-sidebar-layout":"default","site-content-layout":"","ast-site-content-layout":"default","site-content-style":"default","site-sidebar-style":"default","ast-global-header-display":"","ast-banner-title-visibility":"","ast-main-header-display":"","ast-hfb-above-header-display":"","ast-hfb-below-header-display":"","ast-hfb-mobile-header-display":"","site-post-title":"","ast-breadcrumbs-content":"","ast-featured-img":"","footer-sml-layout":"","theme-transparent-header-meta":"default","adv-header-id-meta":"","stick-header-meta":"default","header-above-stick-meta":"","header-main-stick-meta":"","header-below-stick-meta":"","astra-migrate-meta-layouts":"default","ast-page-background-enabled":"default","ast-page-background-meta":{"desktop":{"background-color":"var(--ast-global-color-4)","background-image":"","background-repeat":"repeat","background-position":"center center","background-size":"auto","background-attachment":"scroll","background-type":"","background-media":"","overlay-type":"","overlay-color":"","overlay-opacity":"","overlay-gradient":""},"tablet":{"background-color":"","background-image":"","background-repeat":"repeat","background-position":"center center","background-size":"auto","background-attachment":"scroll","background-type":"","background-media":"","overlay-type":"","overlay-color":"","overlay-opacity":"","overlay-gradient":""},"mobile":{"background-color":"","background-image":"","background-repeat":"repeat","background-position":"center center","background-size":"auto","background-attachment":"scroll","background-type":"","background-media":"","overlay-type":"","overlay-color":"","overlay-opacity":"","overlay-gradient":""}},"ast-content-background-meta":{"desktop":{"background-color":"var(--ast-global-color-5)","background-image":"","background-repeat":"repeat","background-position":"center center","background-size":"auto","background-attachment":"scroll","background-type":"","background-media":"","overlay-type":"","overlay-color":"","overlay-opacity":"","overlay-gradient":""},"tablet":{"background-color":"var(--ast-global-color-5)","background-image":"","background-repeat":"repeat","background-position":"center center","background-size":"auto","background-attachment":"scroll","background-type":"","background-media":"","overlay-type":"","overlay-color":"","overlay-opacity":"","overlay-gradient":""},"mobile":{"background-color":"var(--ast-global-color-5)","background-image":"","background-repeat":"repeat","background-position":"center center","background-size":"auto","background-attachment":"scroll","background-type":"","background-media":"","overlay-type":"","overlay-color":"","overlay-opacity":"","overlay-gradient":""}}},"product_brand":[],"product_cat":[152,113,356],"product_tag":[],"class_list":{"0":"post-32781","1":"product","2":"type-product","3":"status-publish","4":"has-post-thumbnail","6":"product_cat-anime","7":"product_cat-game-cosplay","8":"product_cat-final-fantasy-outfits","9":"desktop-align-left","10":"tablet-align-left","11":"mobile-align-left","12":"ast-product-gallery-layout-horizontal-slider","13":"ast-product-single-variable","14":"ast-product-tabs-layout-horizontal","16":"first","17":"instock","18":"sale","19":"purchasable","20":"product-type-variable"},"acf":[],"aioseo_notices":[],"_links":{"self":[{"href":"https:\/\/yumicos.com\/de\/wp-json\/wp\/v2\/product\/32781","targetHints":{"allow":["GET"]}}],"collection":[{"href":"https:\/\/yumicos.com\/de\/wp-json\/wp\/v2\/product"}],"about":[{"href":"https:\/\/yumicos.com\/de\/wp-json\/wp\/v2\/types\/product"}],"replies":[{"embeddable":true,"href":"https:\/\/yumicos.com\/de\/wp-json\/wp\/v2\/comments?post=32781"}],"wp:featuredmedia":[{"embeddable":true,"href":"https:\/\/yumicos.com\/de\/wp-json\/wp\/v2\/media\/10653"}],"wp:attachment":[{"href":"https:\/\/yumicos.com\/de\/wp-json\/wp\/v2\/media?parent=32781"}],"wp:term":[{"taxonomy":"product_brand","embeddable":true,"href":"https:\/\/yumicos.com\/de\/wp-json\/wp\/v2\/product_brand?post=32781"},{"taxonomy":"product_cat","embeddable":true,"href":"https:\/\/yumicos.com\/de\/wp-json\/wp\/v2\/product_cat?post=32781"},{"taxonomy":"product_tag","embeddable":true,"href":"https:\/\/yumicos.com\/de\/wp-json\/wp\/v2\/product_tag?post=32781"}],"curies":[{"name":"wp","href":"https:\/\/api.w.org\/{rel}","templated":true}]}}