{"id":28815,"date":"2025-04-25T19:22:38","date_gmt":"2025-04-25T19:22:38","guid":{"rendered":"https:\/\/yumicos.com\/product\/black-butler-ciel-phantomhive-cosplay-peruecke-ciels-signatur-haar\/"},"modified":"2025-04-25T19:22:38","modified_gmt":"2025-04-25T19:22:38","slug":"black-butler-ciel-phantomhive-cosplay-wig","status":"publish","type":"product","link":"https:\/\/yumicos.com\/de\/product\/black-butler-ciel-phantomhive-cosplay-wig\/","title":{"rendered":"Black Butler Ciel Phantomhive Cosplay Per\u00fccke &#8211; Ciels Signatur Haar"},"content":{"rendered":"<figure id=\"attachment_2834\" aria-describedby=\"caption-attachment-2834\" style=\"width: 800px\" class=\"wp-caption alignnone\"><img fetchpriority=\"high\" decoding=\"async\" class=\"size-full wp-image-2834\" src=\"https:\/\/yumicos.com\/wp-content\/uploads\/2025\/04\/4-11.jpg\" alt=\"Front view of Ciel Phantomhive cosplay wig\" width=\"800\" height=\"800\" srcset=\"https:\/\/yumicos.com\/wp-content\/uploads\/2025\/04\/4-11.jpg 800w, https:\/\/yumicos.com\/wp-content\/uploads\/2025\/04\/4-11-300x300.jpg 300w, https:\/\/yumicos.com\/wp-content\/uploads\/2025\/04\/4-11-150x150.jpg 150w, https:\/\/yumicos.com\/wp-content\/uploads\/2025\/04\/4-11-768x768.jpg 768w, https:\/\/yumicos.com\/wp-content\/uploads\/2025\/04\/4-11-12x12.jpg 12w, https:\/\/yumicos.com\/wp-content\/uploads\/2025\/04\/4-11-70x70.jpg 70w, https:\/\/yumicos.com\/wp-content\/uploads\/2025\/04\/4-11-600x600.jpg 600w, https:\/\/yumicos.com\/wp-content\/uploads\/2025\/04\/4-11-100x100.jpg 100w, https:\/\/yumicos.com\/wp-content\/uploads\/2025\/04\/4-11-50x50.jpg 50w\" sizes=\"(max-width: 800px) 100vw, 800px\" \/><figcaption id=\"caption-attachment-2834\" class=\"wp-caption-text\">Frontansicht, die Ciels charakteristische Frisur zeigt<\/figcaption><\/figure>\n","protected":false},"excerpt":{"rendered":"<p>Diese Cosplay-Per\u00fccke von Ciel Phantomhive zeigt die charakteristische Frisur von Ciel. Die Per\u00fccke ist aus hochwertigen Kunstfasern gefertigt und eignet sich perfekt, um einen authentischen Look f\u00fcr Cosplay-Events oder Fotoshootings zu kreieren.<\/p>\n","protected":false},"featured_media":14173,"comment_status":"open","ping_status":"closed","template":"","meta":{"_acf_changed":false,"_monsterinsights_skip_tracking":false,"_monsterinsights_sitenote_active":false,"_monsterinsights_sitenote_note":"","_monsterinsights_sitenote_category":0,"site-sidebar-layout":"default","site-content-layout":"","ast-site-content-layout":"default","site-content-style":"default","site-sidebar-style":"default","ast-global-header-display":"","ast-banner-title-visibility":"","ast-main-header-display":"","ast-hfb-above-header-display":"","ast-hfb-below-header-display":"","ast-hfb-mobile-header-display":"","site-post-title":"","ast-breadcrumbs-content":"","ast-featured-img":"","footer-sml-layout":"","theme-transparent-header-meta":"default","adv-header-id-meta":"","stick-header-meta":"default","header-above-stick-meta":"","header-main-stick-meta":"","header-below-stick-meta":"","astra-migrate-meta-layouts":"default","ast-page-background-enabled":"default","ast-page-background-meta":{"desktop":{"background-color":"var(--ast-global-color-4)","background-image":"","background-repeat":"repeat","background-position":"center center","background-size":"auto","background-attachment":"scroll","background-type":"","background-media":"","overlay-type":"","overlay-color":"","overlay-opacity":"","overlay-gradient":""},"tablet":{"background-color":"","background-image":"","background-repeat":"repeat","background-position":"center center","background-size":"auto","background-attachment":"scroll","background-type":"","background-media":"","overlay-type":"","overlay-color":"","overlay-opacity":"","overlay-gradient":""},"mobile":{"background-color":"","background-image":"","background-repeat":"repeat","background-position":"center center","background-size":"auto","background-attachment":"scroll","background-type":"","background-media":"","overlay-type":"","overlay-color":"","overlay-opacity":"","overlay-gradient":""}},"ast-content-background-meta":{"desktop":{"background-color":"var(--ast-global-color-5)","background-image":"","background-repeat":"repeat","background-position":"center center","background-size":"auto","background-attachment":"scroll","background-type":"","background-media":"","overlay-type":"","overlay-color":"","overlay-opacity":"","overlay-gradient":""},"tablet":{"background-color":"var(--ast-global-color-5)","background-image":"","background-repeat":"repeat","background-position":"center center","background-size":"auto","background-attachment":"scroll","background-type":"","background-media":"","overlay-type":"","overlay-color":"","overlay-opacity":"","overlay-gradient":""},"mobile":{"background-color":"var(--ast-global-color-5)","background-image":"","background-repeat":"repeat","background-position":"center center","background-size":"auto","background-attachment":"scroll","background-type":"","background-media":"","overlay-type":"","overlay-color":"","overlay-opacity":"","overlay-gradient":""}}},"product_brand":[],"product_cat":[152,210],"product_tag":[],"class_list":{"0":"post-28815","1":"product","2":"type-product","3":"status-publish","4":"has-post-thumbnail","6":"product_cat-anime","7":"product_cat-black-butler-cosplay","8":"desktop-align-left","9":"tablet-align-left","10":"mobile-align-left","11":"ast-product-gallery-layout-horizontal-slider","12":"ast-product-gallery-with-no-image","13":"ast-product-tabs-layout-horizontal","15":"first","16":"instock","17":"purchasable","18":"product-type-simple"},"acf":[],"aioseo_notices":[],"_links":{"self":[{"href":"https:\/\/yumicos.com\/de\/wp-json\/wp\/v2\/product\/28815","targetHints":{"allow":["GET"]}}],"collection":[{"href":"https:\/\/yumicos.com\/de\/wp-json\/wp\/v2\/product"}],"about":[{"href":"https:\/\/yumicos.com\/de\/wp-json\/wp\/v2\/types\/product"}],"replies":[{"embeddable":true,"href":"https:\/\/yumicos.com\/de\/wp-json\/wp\/v2\/comments?post=28815"}],"wp:featuredmedia":[{"embeddable":true,"href":"https:\/\/yumicos.com\/de\/wp-json\/wp\/v2\/media\/14173"}],"wp:attachment":[{"href":"https:\/\/yumicos.com\/de\/wp-json\/wp\/v2\/media?parent=28815"}],"wp:term":[{"taxonomy":"product_brand","embeddable":true,"href":"https:\/\/yumicos.com\/de\/wp-json\/wp\/v2\/product_brand?post=28815"},{"taxonomy":"product_cat","embeddable":true,"href":"https:\/\/yumicos.com\/de\/wp-json\/wp\/v2\/product_cat?post=28815"},{"taxonomy":"product_tag","embeddable":true,"href":"https:\/\/yumicos.com\/de\/wp-json\/wp\/v2\/product_tag?post=28815"}],"curies":[{"name":"wp","href":"https:\/\/api.w.org\/{rel}","templated":true}]}}