{"id":28292,"date":"2025-04-27T18:50:28","date_gmt":"2025-04-27T18:50:28","guid":{"rendered":"https:\/\/yumicos.com\/product\/black-butler-ciel-phantomhive-gruene-hexe-cosplay-kostuem-kuroshitsuji-outfit\/"},"modified":"2025-10-15T10:00:00","modified_gmt":"2025-10-15T10:00:00","slug":"black-butler-ciel-phantomhive-green-witch-cosplay-costume","status":"publish","type":"product","link":"https:\/\/yumicos.com\/de\/product\/black-butler-ciel-phantomhive-green-witch-cosplay-costume\/","title":{"rendered":"Black Butler Ciel Phantomhive Gr\u00fcne Hexe Cosplay Kost\u00fcm | Kuroshitsuji Outfit"},"content":{"rendered":"<p><img fetchpriority=\"high\" decoding=\"async\" class=\"alignnone size-full wp-image-285\" src=\"https:\/\/yumicos.com\/wp-content\/uploads\/2025\/01\/chanp.jpg\" alt=\"\" width=\"790\" height=\"92\" srcset=\"https:\/\/yumicos.com\/wp-content\/uploads\/2025\/01\/chanp.jpg 790w, https:\/\/yumicos.com\/wp-content\/uploads\/2025\/01\/chanp-300x35.jpg 300w, https:\/\/yumicos.com\/wp-content\/uploads\/2025\/01\/chanp-768x89.jpg 768w, https:\/\/yumicos.com\/wp-content\/uploads\/2025\/01\/chanp-600x70.jpg 600w\" sizes=\"(max-width: 790px) 100vw, 790px\" \/><\/p>\n<p><strong>Quelle<\/strong>: <a href=\"https:\/\/yumicos.com\/de\/product-category\/anime-de\/a-b-c-d-e-f-g\/black-butler-cosplay-de\/\">Black Butler<\/a><\/p>\n<p><strong>Charakter<\/strong>: Ciel Phantomhive Gr\u00fcne Hexe<\/p>\n<p><strong>Enth\u00e4lt<\/strong>:Kleid+R\u00fcckenschleife+Kopfbedeckung+Halsband+\u00c4rmel+Bandeau+Socken+Armschmuck+Waist<\/p>\n<p data-start=\"0\" data-end=\"105\"><strong data-start=\"0\" data-end=\"13\">Material:<\/strong> Hergestellt aus hochwertigem Polyester und Kunstleder f\u00fcr eine bequeme und dauerhafte Passform.<\/p>\n<p data-start=\"107\" data-end=\"204\"><strong data-start=\"107\" data-end=\"129\">Pflegehinweise:<\/strong> Von Hand in kaltem Wasser waschen, nicht bleichen und zum Trocknen aufh\u00e4ngen, um beste Ergebnisse zu erzielen.<\/p>\n<p data-start=\"206\" data-end=\"319\"><strong data-start=\"206\" data-end=\"215\">Gr\u00f6\u00dfe:<\/strong> Bitte beachten Sie, dass die Gr\u00f6\u00dfenangaben asiatischen Standards folgen und aufgrund der manuellen Messung um 1-3 cm variieren k\u00f6nnen.<\/p>\n<p data-start=\"321\" data-end=\"347\" data-is-last-node=\"\" data-is-only-node=\"\"><strong data-start=\"321\" data-end=\"329\">Spitze:<\/strong> 1 cm \u2248 0.39 inch.<\/p>\n<p><img decoding=\"async\" class=\"alignnone size-full wp-image-288\" src=\"https:\/\/yumicos.com\/wp-content\/uploads\/2025\/01\/shiwuzhanshi.jpg\" alt=\"\" width=\"790\" height=\"92\" srcset=\"https:\/\/yumicos.com\/wp-content\/uploads\/2025\/01\/shiwuzhanshi.jpg 790w, https:\/\/yumicos.com\/wp-content\/uploads\/2025\/01\/shiwuzhanshi-300x35.jpg 300w, https:\/\/yumicos.com\/wp-content\/uploads\/2025\/01\/shiwuzhanshi-768x89.jpg 768w, https:\/\/yumicos.com\/wp-content\/uploads\/2025\/01\/shiwuzhanshi-600x70.jpg 600w\" sizes=\"(max-width: 790px) 100vw, 790px\" \/><\/p>\n<p><img decoding=\"async\" class=\"size-full wp-image-2889\" src=\"https:\/\/yumicos.com\/wp-content\/uploads\/2025\/04\/1-15.jpg\" alt=\"Front view of Black Butler Ciel Phantomhive Green Witch cosplay costume\" width=\"750\" height=\"1920\" \/><\/p>\n<p><img loading=\"lazy\" decoding=\"async\" class=\"size-full wp-image-2890\" src=\"https:\/\/yumicos.com\/wp-content\/uploads\/2025\/04\/2-16.jpg\" alt=\"Front view of Black Butler Ciel Phantomhive Green Witch cosplay costume\" width=\"750\" height=\"1920\" \/><\/p>\n<p><img loading=\"lazy\" decoding=\"async\" class=\"size-full wp-image-2891\" src=\"https:\/\/yumicos.com\/wp-content\/uploads\/2025\/04\/3-15.jpg\" alt=\"Front view of Black Butler Ciel Phantomhive Green Witch cosplay costume\" width=\"750\" height=\"1920\" \/><\/p>\n<p><img loading=\"lazy\" decoding=\"async\" class=\"alignnone size-full wp-image-287\" src=\"https:\/\/yumicos.com\/wp-content\/uploads\/2025\/01\/xijie.jpg\" alt=\"\" width=\"790\" height=\"92\" srcset=\"https:\/\/yumicos.com\/wp-content\/uploads\/2025\/01\/xijie.jpg 790w, https:\/\/yumicos.com\/wp-content\/uploads\/2025\/01\/xijie-300x35.jpg 300w, https:\/\/yumicos.com\/wp-content\/uploads\/2025\/01\/xijie-768x89.jpg 768w, https:\/\/yumicos.com\/wp-content\/uploads\/2025\/01\/xijie-600x70.jpg 600w\" sizes=\"(max-width: 790px) 100vw, 790px\" \/><\/p>\n<p><img loading=\"lazy\" decoding=\"async\" class=\"size-full wp-image-2905\" src=\"https:\/\/yumicos.com\/wp-content\/uploads\/2025\/04\/17.jpg\" alt=\"Close-up details of Black Butler Ciel Phantomhive Green Witch cosplay costume\" width=\"750\" height=\"1789\" \/><\/p>\n<p><img loading=\"lazy\" decoding=\"async\" class=\"size-full wp-image-2904\" src=\"https:\/\/yumicos.com\/wp-content\/uploads\/2025\/04\/16-3.jpg\" alt=\"Close-up details of Black Butler Ciel Phantomhive Green Witch cosplay costume\" width=\"750\" height=\"1820\" \/><\/p>\n<p><img loading=\"lazy\" decoding=\"async\" class=\"size-full wp-image-2903\" src=\"https:\/\/yumicos.com\/wp-content\/uploads\/2025\/04\/15-6.jpg\" alt=\"Close-up details of Black Butler Ciel Phantomhive Green Witch cosplay costume\" width=\"750\" height=\"1920\" \/><\/p>\n<p><img loading=\"lazy\" decoding=\"async\" class=\"size-full wp-image-2902\" src=\"https:\/\/yumicos.com\/wp-content\/uploads\/2025\/04\/14-6.jpg\" alt=\"Close-up details of Black Butler Ciel Phantomhive Green Witch cosplay costume\" width=\"750\" height=\"1799\" \/><\/p>\n<p><img loading=\"lazy\" decoding=\"async\" class=\"size-full wp-image-2901\" src=\"https:\/\/yumicos.com\/wp-content\/uploads\/2025\/04\/13-11.jpg\" alt=\"Close-up details of Black Butler Ciel Phantomhive Green Witch cosplay costume\" width=\"750\" height=\"1796\" \/><\/p>\n<p><img loading=\"lazy\" decoding=\"async\" class=\"size-full wp-image-2900\" src=\"https:\/\/yumicos.com\/wp-content\/uploads\/2025\/04\/12-10.jpg\" alt=\"Close-up details of Black Butler Ciel Phantomhive Green Witch cosplay costume\" width=\"750\" height=\"1920\" \/><\/p>\n<p><img loading=\"lazy\" decoding=\"async\" class=\"size-full wp-image-2899\" src=\"https:\/\/yumicos.com\/wp-content\/uploads\/2025\/04\/11-10.jpg\" alt=\"Close-up details of Black Butler Ciel Phantomhive Green Witch cosplay costume\" width=\"750\" height=\"1377\" \/><\/p>\n<p><img loading=\"lazy\" decoding=\"async\" class=\"size-full wp-image-2898\" src=\"https:\/\/yumicos.com\/wp-content\/uploads\/2025\/04\/10-9.jpg\" alt=\"Close-up details of Black Butler Ciel Phantomhive Green Witch cosplay costume\" width=\"750\" height=\"1897\" \/><\/p>\n<p><img loading=\"lazy\" decoding=\"async\" class=\"size-full wp-image-2897\" src=\"https:\/\/yumicos.com\/wp-content\/uploads\/2025\/04\/9-11.jpg\" alt=\"Close-up details of Black Butler Ciel Phantomhive Green Witch cosplay costume\" width=\"750\" height=\"1749\" \/><\/p>\n<p><img loading=\"lazy\" decoding=\"async\" class=\"size-full wp-image-2896\" src=\"https:\/\/yumicos.com\/wp-content\/uploads\/2025\/04\/8-12.jpg\" alt=\"Close-up details of Black Butler Ciel Phantomhive Green Witch cosplay costume\" width=\"750\" height=\"1920\" \/><\/p>\n<p><img loading=\"lazy\" decoding=\"async\" class=\"size-full wp-image-2895\" src=\"https:\/\/yumicos.com\/wp-content\/uploads\/2025\/04\/7-12.jpg\" alt=\"Close-up details of Black Butler Ciel Phantomhive Green Witch cosplay costume\" width=\"750\" height=\"1102\" \/><\/p>\n<p><img loading=\"lazy\" decoding=\"async\" class=\"size-full wp-image-2894\" src=\"https:\/\/yumicos.com\/wp-content\/uploads\/2025\/04\/6-12.jpg\" alt=\"Close-up details of Black Butler Ciel Phantomhive Green Witch cosplay costume\" width=\"750\" height=\"1338\" \/><\/p>\n","protected":false},"excerpt":{"rendered":"<p>Elegantes und detailreiches Black Butler Ciel Phantomhive Green Witch Cosplay Kost\u00fcm, perfekt f\u00fcr Anime Conventions und Events.<\/p>\n","protected":false},"featured_media":14437,"comment_status":"open","ping_status":"closed","template":"","meta":{"_acf_changed":false,"_monsterinsights_skip_tracking":false,"_monsterinsights_sitenote_active":false,"_monsterinsights_sitenote_note":"","_monsterinsights_sitenote_category":0,"site-sidebar-layout":"default","site-content-layout":"","ast-site-content-layout":"default","site-content-style":"default","site-sidebar-style":"default","ast-global-header-display":"","ast-banner-title-visibility":"","ast-main-header-display":"","ast-hfb-above-header-display":"","ast-hfb-below-header-display":"","ast-hfb-mobile-header-display":"","site-post-title":"","ast-breadcrumbs-content":"","ast-featured-img":"","footer-sml-layout":"","theme-transparent-header-meta":"default","adv-header-id-meta":"","stick-header-meta":"default","header-above-stick-meta":"","header-main-stick-meta":"","header-below-stick-meta":"","astra-migrate-meta-layouts":"default","ast-page-background-enabled":"default","ast-page-background-meta":{"desktop":{"background-color":"var(--ast-global-color-4)","background-image":"","background-repeat":"repeat","background-position":"center center","background-size":"auto","background-attachment":"scroll","background-type":"","background-media":"","overlay-type":"","overlay-color":"","overlay-opacity":"","overlay-gradient":""},"tablet":{"background-color":"","background-image":"","background-repeat":"repeat","background-position":"center center","background-size":"auto","background-attachment":"scroll","background-type":"","background-media":"","overlay-type":"","overlay-color":"","overlay-opacity":"","overlay-gradient":""},"mobile":{"background-color":"","background-image":"","background-repeat":"repeat","background-position":"center center","background-size":"auto","background-attachment":"scroll","background-type":"","background-media":"","overlay-type":"","overlay-color":"","overlay-opacity":"","overlay-gradient":""}},"ast-content-background-meta":{"desktop":{"background-color":"var(--ast-global-color-5)","background-image":"","background-repeat":"repeat","background-position":"center center","background-size":"auto","background-attachment":"scroll","background-type":"","background-media":"","overlay-type":"","overlay-color":"","overlay-opacity":"","overlay-gradient":""},"tablet":{"background-color":"var(--ast-global-color-5)","background-image":"","background-repeat":"repeat","background-position":"center center","background-size":"auto","background-attachment":"scroll","background-type":"","background-media":"","overlay-type":"","overlay-color":"","overlay-opacity":"","overlay-gradient":""},"mobile":{"background-color":"var(--ast-global-color-5)","background-image":"","background-repeat":"repeat","background-position":"center center","background-size":"auto","background-attachment":"scroll","background-type":"","background-media":"","overlay-type":"","overlay-color":"","overlay-opacity":"","overlay-gradient":""}}},"product_brand":[],"product_cat":[152,339,210],"product_tag":[],"class_list":{"0":"post-28292","1":"product","2":"type-product","3":"status-publish","4":"has-post-thumbnail","6":"product_cat-anime","7":"product_cat-a-b-c-d-e-f-g","8":"product_cat-black-butler-cosplay","9":"desktop-align-left","10":"tablet-align-left","11":"mobile-align-left","12":"ast-product-gallery-layout-horizontal-slider","13":"ast-product-single-variable","14":"ast-product-tabs-layout-horizontal","16":"first","17":"instock","18":"purchasable","19":"product-type-variable"},"acf":[],"aioseo_notices":[],"_links":{"self":[{"href":"https:\/\/yumicos.com\/de\/wp-json\/wp\/v2\/product\/28292","targetHints":{"allow":["GET"]}}],"collection":[{"href":"https:\/\/yumicos.com\/de\/wp-json\/wp\/v2\/product"}],"about":[{"href":"https:\/\/yumicos.com\/de\/wp-json\/wp\/v2\/types\/product"}],"replies":[{"embeddable":true,"href":"https:\/\/yumicos.com\/de\/wp-json\/wp\/v2\/comments?post=28292"}],"wp:featuredmedia":[{"embeddable":true,"href":"https:\/\/yumicos.com\/de\/wp-json\/wp\/v2\/media\/14437"}],"wp:attachment":[{"href":"https:\/\/yumicos.com\/de\/wp-json\/wp\/v2\/media?parent=28292"}],"wp:term":[{"taxonomy":"product_brand","embeddable":true,"href":"https:\/\/yumicos.com\/de\/wp-json\/wp\/v2\/product_brand?post=28292"},{"taxonomy":"product_cat","embeddable":true,"href":"https:\/\/yumicos.com\/de\/wp-json\/wp\/v2\/product_cat?post=28292"},{"taxonomy":"product_tag","embeddable":true,"href":"https:\/\/yumicos.com\/de\/wp-json\/wp\/v2\/product_tag?post=28292"}],"curies":[{"name":"wp","href":"https:\/\/api.w.org\/{rel}","templated":true}]}}