{"id":28142,"date":"2025-04-29T18:39:29","date_gmt":"2025-04-29T18:39:29","guid":{"rendered":"https:\/\/yumicos.com\/product\/genshin-impact-escoffier-cosplay-schuhe-fontaine-style-footwear\/"},"modified":"2025-04-29T18:39:29","modified_gmt":"2025-04-29T18:39:29","slug":"genshin-impact-escoffier-cosplay-shoes-fontaine","status":"publish","type":"product","link":"https:\/\/yumicos.com\/de\/product\/genshin-impact-escoffier-cosplay-shoes-fontaine\/","title":{"rendered":"Genshin Impact Escoffier Cosplay Schuhe &#8211; Fontaine Style Footwear"},"content":{"rendered":"<div style=\"width: 100%;\">\n<p><strong>Hinweis: Die Produkte werden innerhalb von 7-10 Tagen verschickt.<\/strong><\/p>\n<p><strong>Quelle:<a href=\"http:\/\/Genshin Impact\">Genshin Impact<\/a><\/strong><\/p>\n<p><strong>Zeichen<\/strong>:Escoffier<\/p>\n<p><strong>Enthalten<\/strong>: Schuhe<\/p>\n<p><strong>Bitte beachten:<\/strong><\/p>\n<ul>\n<li data-start=\"17\" data-end=\"132\">Die Schuhgr\u00f6\u00dfen sind in China Standard. Bitte beachten Sie die Gr\u00f6\u00dfentabelle unten, um die richtige Gr\u00f6\u00dfe f\u00fcr Sie zu w\u00e4hlen.<\/li>\n<li data-start=\"133\" data-end=\"430\">F\u00fcr Schuhe mit hohen Abs\u00e4tzen, wenn die Fu\u00dfl\u00e4nge 26,5 cm \u00fcberschreitet, werden sie zu niedrigen Abs\u00e4tzen gemacht und erfordern eine Anpassung.<\/li>\n<li data-start=\"133\" data-end=\"430\">Sie sehen dann nicht mehr so aus wie auf den Bildern gezeigt. Bitte \u00fcberlegen Sie vor dem Kauf sorgf\u00e4ltig, ob dies f\u00fcr Sie wichtig ist. Wenden Sie sich an den Kundenservice, wenn Sie irgendwelche Fragen haben.<\/li>\n<li data-start=\"431\" data-end=\"544\">Bei Herrenschuhen mit einer Fu\u00dfl\u00e4nge von mehr als 26,5 cm wenden Sie sich bitte an den Kundenservice f\u00fcr eine individuelle Anpassung.<\/li>\n<\/ul>\n<table style=\"height: 50px;\" border=\"1px\">\n<tbody>\n<tr>\n<td style=\"width: 20px;\"><strong>Fu\u00dfl\u00e4nge<\/strong><\/td>\n<td style=\"width: 20px;\"><strong>22cm<\/strong><\/td>\n<td style=\"width: 20px;\"><strong>22.5 cm<\/strong><\/td>\n<td style=\"width: 20px;\"><strong>23cm<\/strong><\/td>\n<td style=\"width: 20px;\"><strong>23.5 cm<\/strong><\/td>\n<td style=\"width: 20px;\"><strong>24cm<\/strong><\/td>\n<td style=\"width: 20px;\"><strong>24.5cm<\/strong><\/td>\n<td style=\"width: 20px;\"><strong>25cm<\/strong><\/td>\n<td style=\"width: 20px;\"><strong>25.5cm<\/strong><\/td>\n<td style=\"width: 20px;\"><strong>26cm<\/strong><\/td>\n<td style=\"width: 20px;\"><strong>26.5 cm<\/strong><\/td>\n<\/tr>\n<tr>\n<td style=\"width: 20px;\"><strong>US Gr\u00f6\u00dfe<\/strong><\/td>\n<td style=\"width: 20px;\">4.5<\/td>\n<td style=\"width: 20px;\">5<\/td>\n<td style=\"width: 20px;\">6<\/td>\n<td style=\"width: 20px;\">6.5<\/td>\n<td style=\"width: 20px;\">7.5<\/td>\n<td style=\"width: 20px;\">8.5<\/td>\n<td style=\"width: 20px;\">9.5<\/td>\n<td style=\"width: 20px;\">10<\/td>\n<td style=\"width: 20px;\">10.5<\/td>\n<td style=\"width: 20px;\">11<\/td>\n<\/tr>\n<tr>\n<td style=\"width: 20px;\"><strong>UK Gr\u00f6\u00dfe<\/strong><\/td>\n<td style=\"width: 20px;\">2<\/td>\n<td style=\"width: 20px;\">2.5<\/td>\n<td style=\"width: 20px;\">3.5<\/td>\n<td style=\"width: 20px;\">4<\/td>\n<td style=\"width: 20px;\">5<\/td>\n<td style=\"width: 20px;\">6<\/td>\n<td style=\"width: 20px;\">7<\/td>\n<td style=\"width: 20px;\">7.5<\/td>\n<td style=\"width: 20px;\">8<\/td>\n<td style=\"width: 20px;\">8.5<\/td>\n<\/tr>\n<tr>\n<td style=\"width: 20px;\"><strong>China Gr\u00f6\u00dfe<\/strong><\/td>\n<td style=\"width: 20px;\">34<\/td>\n<td style=\"width: 20px;\">35<\/td>\n<td style=\"width: 20px;\">36<\/td>\n<td style=\"width: 20px;\">37<\/td>\n<td style=\"width: 20px;\">38<\/td>\n<td style=\"width: 20px;\">39<\/td>\n<td style=\"width: 20px;\">40<\/td>\n<td style=\"width: 20px;\">41<\/td>\n<td style=\"width: 20px;\">42<\/td>\n<td style=\"width: 20px;\">43<\/td>\n<\/tr>\n<\/tbody>\n<\/table>\n<\/div>\n","protected":false},"excerpt":{"rendered":"<p>Vervollst\u00e4ndige dein Escoffier-Cosplay mit seinen charakteristischen schwarzen Schuhen im Fontaine-Stil. Entworfen f\u00fcr Genauigkeit und Komfort.<\/p>\n","protected":false},"featured_media":14525,"comment_status":"open","ping_status":"closed","template":"","meta":{"_acf_changed":false,"_monsterinsights_skip_tracking":false,"_monsterinsights_sitenote_active":false,"_monsterinsights_sitenote_note":"","_monsterinsights_sitenote_category":0,"site-sidebar-layout":"default","site-content-layout":"","ast-site-content-layout":"default","site-content-style":"default","site-sidebar-style":"default","ast-global-header-display":"","ast-banner-title-visibility":"","ast-main-header-display":"","ast-hfb-above-header-display":"","ast-hfb-below-header-display":"","ast-hfb-mobile-header-display":"","site-post-title":"","ast-breadcrumbs-content":"","ast-featured-img":"","footer-sml-layout":"","theme-transparent-header-meta":"default","adv-header-id-meta":"","stick-header-meta":"default","header-above-stick-meta":"","header-main-stick-meta":"","header-below-stick-meta":"","astra-migrate-meta-layouts":"default","ast-page-background-enabled":"default","ast-page-background-meta":{"desktop":{"background-color":"var(--ast-global-color-4)","background-image":"","background-repeat":"repeat","background-position":"center center","background-size":"auto","background-attachment":"scroll","background-type":"","background-media":"","overlay-type":"","overlay-color":"","overlay-opacity":"","overlay-gradient":""},"tablet":{"background-color":"","background-image":"","background-repeat":"repeat","background-position":"center center","background-size":"auto","background-attachment":"scroll","background-type":"","background-media":"","overlay-type":"","overlay-color":"","overlay-opacity":"","overlay-gradient":""},"mobile":{"background-color":"","background-image":"","background-repeat":"repeat","background-position":"center center","background-size":"auto","background-attachment":"scroll","background-type":"","background-media":"","overlay-type":"","overlay-color":"","overlay-opacity":"","overlay-gradient":""}},"ast-content-background-meta":{"desktop":{"background-color":"var(--ast-global-color-5)","background-image":"","background-repeat":"repeat","background-position":"center center","background-size":"auto","background-attachment":"scroll","background-type":"","background-media":"","overlay-type":"","overlay-color":"","overlay-opacity":"","overlay-gradient":""},"tablet":{"background-color":"var(--ast-global-color-5)","background-image":"","background-repeat":"repeat","background-position":"center center","background-size":"auto","background-attachment":"scroll","background-type":"","background-media":"","overlay-type":"","overlay-color":"","overlay-opacity":"","overlay-gradient":""},"mobile":{"background-color":"var(--ast-global-color-5)","background-image":"","background-repeat":"repeat","background-position":"center center","background-size":"auto","background-attachment":"scroll","background-type":"","background-media":"","overlay-type":"","overlay-color":"","overlay-opacity":"","overlay-gradient":""}}},"product_brand":[],"product_cat":[113,189],"product_tag":[],"class_list":{"0":"post-28142","1":"product","2":"type-product","3":"status-publish","4":"has-post-thumbnail","6":"product_cat-game-cosplay","7":"product_cat-genshin-impact-cosplay","8":"desktop-align-left","9":"tablet-align-left","10":"mobile-align-left","11":"ast-product-gallery-layout-horizontal-slider","12":"ast-product-gallery-with-no-image","13":"ast-product-single-variable","14":"ast-product-tabs-layout-horizontal","16":"first","17":"instock","18":"purchasable","19":"product-type-variable"},"acf":[],"aioseo_notices":[],"_links":{"self":[{"href":"https:\/\/yumicos.com\/de\/wp-json\/wp\/v2\/product\/28142","targetHints":{"allow":["GET"]}}],"collection":[{"href":"https:\/\/yumicos.com\/de\/wp-json\/wp\/v2\/product"}],"about":[{"href":"https:\/\/yumicos.com\/de\/wp-json\/wp\/v2\/types\/product"}],"replies":[{"embeddable":true,"href":"https:\/\/yumicos.com\/de\/wp-json\/wp\/v2\/comments?post=28142"}],"wp:featuredmedia":[{"embeddable":true,"href":"https:\/\/yumicos.com\/de\/wp-json\/wp\/v2\/media\/14525"}],"wp:attachment":[{"href":"https:\/\/yumicos.com\/de\/wp-json\/wp\/v2\/media?parent=28142"}],"wp:term":[{"taxonomy":"product_brand","embeddable":true,"href":"https:\/\/yumicos.com\/de\/wp-json\/wp\/v2\/product_brand?post=28142"},{"taxonomy":"product_cat","embeddable":true,"href":"https:\/\/yumicos.com\/de\/wp-json\/wp\/v2\/product_cat?post=28142"},{"taxonomy":"product_tag","embeddable":true,"href":"https:\/\/yumicos.com\/de\/wp-json\/wp\/v2\/product_tag?post=28142"}],"curies":[{"name":"wp","href":"https:\/\/api.w.org\/{rel}","templated":true}]}}