{"id":27383,"date":"2025-05-04T20:09:03","date_gmt":"2025-05-04T20:09:03","guid":{"rendered":"https:\/\/yumicos.com\/product\/nier-automata-a2-cosplay-kostuem-yorha-typ-a-nr-2-outfit\/"},"modified":"2025-05-04T20:09:03","modified_gmt":"2025-05-04T20:09:03","slug":"nier-automata-a2-cosplay-costume","status":"publish","type":"product","link":"https:\/\/yumicos.com\/de\/product\/nier-automata-a2-cosplay-costume\/","title":{"rendered":"NieR: Automata A2 Cosplay Kost\u00fcm &#8211; YoRHa Typ A Nr.2 Outfit"},"content":{"rendered":"<p><img fetchpriority=\"high\" decoding=\"async\" class=\"alignnone size-full wp-image-285\" src=\"https:\/\/yumicos.com\/wp-content\/uploads\/2025\/01\/chanp.jpg\" alt=\"\" width=\"790\" height=\"92\" srcset=\"https:\/\/yumicos.com\/wp-content\/uploads\/2025\/01\/chanp.jpg 790w, https:\/\/yumicos.com\/wp-content\/uploads\/2025\/01\/chanp-300x35.jpg 300w, https:\/\/yumicos.com\/wp-content\/uploads\/2025\/01\/chanp-768x89.jpg 768w, https:\/\/yumicos.com\/wp-content\/uploads\/2025\/01\/chanp-600x70.jpg 600w\" sizes=\"(max-width: 790px) 100vw, 790px\" \/><\/p>\n<p><strong> Anime<\/strong>:<a title=\"Nier: Automata\" href=\"https:\/\/yumicos.com\/de\/product-category\/game-cosplay-de\/nier-automata-yorha-cosplay-de\/\" target=\"_blank\" rel=\"noopener\"><strong> Nier: Automata<\/strong><\/a><\/p>\n<p><strong> Charakter<\/strong>: A2<\/p>\n<p><strong>Enthalten<\/strong>: Kleidung+Handschuhe+Hose+Socken<\/p>\n<p><strong>Material<\/strong>: Polyester, Uniform.<\/p>\n<div class=\"table\">\n<p><strong>Pflegehinweise<\/strong>: Handw\u00e4sche in kaltem Wasser, zum Trocknen aufh\u00e4ngen, nicht bleichen<\/p>\n<p><strong>Gr\u00f6\u00dfe:<\/strong>Bitte beachten Sie, dass asiatische Gr\u00f6\u00dfen aufgrund der Messtechnik 1-3 cm abweichen k\u00f6nnen.<\/p>\n<\/div>\n<p><img decoding=\"async\" class=\"alignnone size-full wp-image-288\" src=\"https:\/\/yumicos.com\/wp-content\/uploads\/2025\/01\/shiwuzhanshi.jpg\" alt=\"\" width=\"790\" height=\"92\" srcset=\"https:\/\/yumicos.com\/wp-content\/uploads\/2025\/01\/shiwuzhanshi.jpg 790w, https:\/\/yumicos.com\/wp-content\/uploads\/2025\/01\/shiwuzhanshi-300x35.jpg 300w, https:\/\/yumicos.com\/wp-content\/uploads\/2025\/01\/shiwuzhanshi-768x89.jpg 768w, https:\/\/yumicos.com\/wp-content\/uploads\/2025\/01\/shiwuzhanshi-600x70.jpg 600w\" sizes=\"(max-width: 790px) 100vw, 790px\" \/><\/p>\n<p><img decoding=\"async\" class=\" wp-image-3170\" src=\"https:\/\/yumicos.com\/wp-content\/uploads\/2025\/05\/5-1.jpg\" alt=\"Front view of A2 costume from NieR: Automata\" width=\"750\" height=\"752\" srcset=\"https:\/\/yumicos.com\/wp-content\/uploads\/2025\/05\/5-1-300x300.jpg 300w, https:\/\/yumicos.com\/wp-content\/uploads\/2025\/05\/5-1-150x150.jpg 150w, https:\/\/yumicos.com\/wp-content\/uploads\/2025\/05\/5-1-12x12.jpg 12w, https:\/\/yumicos.com\/wp-content\/uploads\/2025\/05\/5-1-70x70.jpg 70w, https:\/\/yumicos.com\/wp-content\/uploads\/2025\/05\/5-1-100x100.jpg 100w, https:\/\/yumicos.com\/wp-content\/uploads\/2025\/05\/5-1-50x50.jpg 50w\" sizes=\"(max-width: 750px) 100vw, 750px\" \/><\/p>\n<p><img loading=\"lazy\" decoding=\"async\" class=\"alignnone size-full wp-image-287\" src=\"https:\/\/yumicos.com\/wp-content\/uploads\/2025\/01\/xijie.jpg\" alt=\"\" width=\"790\" height=\"92\" srcset=\"https:\/\/yumicos.com\/wp-content\/uploads\/2025\/01\/xijie.jpg 790w, https:\/\/yumicos.com\/wp-content\/uploads\/2025\/01\/xijie-300x35.jpg 300w, https:\/\/yumicos.com\/wp-content\/uploads\/2025\/01\/xijie-768x89.jpg 768w, https:\/\/yumicos.com\/wp-content\/uploads\/2025\/01\/xijie-600x70.jpg 600w\" sizes=\"(max-width: 790px) 100vw, 790px\" \/><\/p>\n<p><img loading=\"lazy\" decoding=\"async\" class=\"size-full wp-image-3179\" src=\"https:\/\/yumicos.com\/wp-content\/uploads\/2025\/05\/7-1.jpg\" alt=\" Close-up of fabric and stitching on A2 cosplay\" width=\"750\" height=\"1920\" \/><\/p>\n<p><img loading=\"lazy\" decoding=\"async\" class=\"size-full wp-image-3180\" src=\"https:\/\/yumicos.com\/wp-content\/uploads\/2025\/05\/8-1.jpg\" alt=\"Close-up of fabric and stitching on A2 cosplay\" width=\"750\" height=\"1920\" \/><\/p>\n<p><img loading=\"lazy\" decoding=\"async\" class=\"size-full wp-image-3181\" src=\"https:\/\/yumicos.com\/wp-content\/uploads\/2025\/05\/9-1.jpg\" alt=\"Close-up of fabric and stitching on A2 cosplay\" width=\"750\" height=\"1920\" \/><\/p>\n","protected":false},"excerpt":{"rendered":"<p>Taucht ein in die post-apokalyptische Welt von <em data-start=\"650\" data-end=\"666\">NieR: Automata<\/em> mit diesem A2 Cosplay-Kost\u00fcm. Das mit Pr\u00e4zision gefertigte Kost\u00fcm spiegelt den wilden und unabh\u00e4ngigen Look von YoRHa Type A No.2 wider. Ideal f\u00fcr Conventions, Fotoshootings und Fans des beliebten Action-RPGs.<\/p>\n","protected":false},"featured_media":14877,"comment_status":"open","ping_status":"closed","template":"","meta":{"_acf_changed":false,"_monsterinsights_skip_tracking":false,"_monsterinsights_sitenote_active":false,"_monsterinsights_sitenote_note":"","_monsterinsights_sitenote_category":0,"site-sidebar-layout":"default","site-content-layout":"","ast-site-content-layout":"default","site-content-style":"default","site-sidebar-style":"default","ast-global-header-display":"","ast-banner-title-visibility":"","ast-main-header-display":"","ast-hfb-above-header-display":"","ast-hfb-below-header-display":"","ast-hfb-mobile-header-display":"","site-post-title":"","ast-breadcrumbs-content":"","ast-featured-img":"","footer-sml-layout":"","theme-transparent-header-meta":"default","adv-header-id-meta":"","stick-header-meta":"default","header-above-stick-meta":"","header-main-stick-meta":"","header-below-stick-meta":"","astra-migrate-meta-layouts":"default","ast-page-background-enabled":"default","ast-page-background-meta":{"desktop":{"background-color":"var(--ast-global-color-4)","background-image":"","background-repeat":"repeat","background-position":"center center","background-size":"auto","background-attachment":"scroll","background-type":"","background-media":"","overlay-type":"","overlay-color":"","overlay-opacity":"","overlay-gradient":""},"tablet":{"background-color":"","background-image":"","background-repeat":"repeat","background-position":"center center","background-size":"auto","background-attachment":"scroll","background-type":"","background-media":"","overlay-type":"","overlay-color":"","overlay-opacity":"","overlay-gradient":""},"mobile":{"background-color":"","background-image":"","background-repeat":"repeat","background-position":"center center","background-size":"auto","background-attachment":"scroll","background-type":"","background-media":"","overlay-type":"","overlay-color":"","overlay-opacity":"","overlay-gradient":""}},"ast-content-background-meta":{"desktop":{"background-color":"var(--ast-global-color-5)","background-image":"","background-repeat":"repeat","background-position":"center center","background-size":"auto","background-attachment":"scroll","background-type":"","background-media":"","overlay-type":"","overlay-color":"","overlay-opacity":"","overlay-gradient":""},"tablet":{"background-color":"var(--ast-global-color-5)","background-image":"","background-repeat":"repeat","background-position":"center center","background-size":"auto","background-attachment":"scroll","background-type":"","background-media":"","overlay-type":"","overlay-color":"","overlay-opacity":"","overlay-gradient":""},"mobile":{"background-color":"var(--ast-global-color-5)","background-image":"","background-repeat":"repeat","background-position":"center center","background-size":"auto","background-attachment":"scroll","background-type":"","background-media":"","overlay-type":"","overlay-color":"","overlay-opacity":"","overlay-gradient":""}}},"product_brand":[],"product_cat":[113,306],"product_tag":[],"class_list":{"0":"post-27383","1":"product","2":"type-product","3":"status-publish","4":"has-post-thumbnail","6":"product_cat-game-cosplay","7":"product_cat-nier-automata-yorha-cosplay","8":"desktop-align-left","9":"tablet-align-left","10":"mobile-align-left","11":"ast-product-gallery-layout-horizontal-slider","12":"ast-product-single-variable","13":"ast-product-tabs-layout-horizontal","15":"first","16":"instock","17":"purchasable","18":"product-type-variable"},"acf":[],"aioseo_notices":[],"_links":{"self":[{"href":"https:\/\/yumicos.com\/de\/wp-json\/wp\/v2\/product\/27383","targetHints":{"allow":["GET"]}}],"collection":[{"href":"https:\/\/yumicos.com\/de\/wp-json\/wp\/v2\/product"}],"about":[{"href":"https:\/\/yumicos.com\/de\/wp-json\/wp\/v2\/types\/product"}],"replies":[{"embeddable":true,"href":"https:\/\/yumicos.com\/de\/wp-json\/wp\/v2\/comments?post=27383"}],"wp:featuredmedia":[{"embeddable":true,"href":"https:\/\/yumicos.com\/de\/wp-json\/wp\/v2\/media\/14877"}],"wp:attachment":[{"href":"https:\/\/yumicos.com\/de\/wp-json\/wp\/v2\/media?parent=27383"}],"wp:term":[{"taxonomy":"product_brand","embeddable":true,"href":"https:\/\/yumicos.com\/de\/wp-json\/wp\/v2\/product_brand?post=27383"},{"taxonomy":"product_cat","embeddable":true,"href":"https:\/\/yumicos.com\/de\/wp-json\/wp\/v2\/product_cat?post=27383"},{"taxonomy":"product_tag","embeddable":true,"href":"https:\/\/yumicos.com\/de\/wp-json\/wp\/v2\/product_tag?post=27383"}],"curies":[{"name":"wp","href":"https:\/\/api.w.org\/{rel}","templated":true}]}}