{"id":26156,"date":"2025-05-11T20:08:35","date_gmt":"2025-05-11T20:08:35","guid":{"rendered":"https:\/\/yumicos.com\/product\/goettin-des-sieges-nikke-bridge-cosplay-kostuem-kampfuniform-outfit\/"},"modified":"2025-10-13T15:58:35","modified_gmt":"2025-10-13T15:58:35","slug":"bridge-cosplay-costume-nikke","status":"publish","type":"product","link":"https:\/\/yumicos.com\/de\/product\/bridge-cosplay-costume-nikke\/","title":{"rendered":"G\u00f6ttin des Sieges: NIKKE Bridge Cosplay Kost\u00fcm &#8211; Kampfuniform Outfit"},"content":{"rendered":"<p><img fetchpriority=\"high\" decoding=\"async\" class=\"alignnone size-full wp-image-285\" src=\"https:\/\/yumicos.com\/wp-content\/uploads\/2025\/01\/chanp.jpg\" alt=\"\" width=\"790\" height=\"92\" srcset=\"https:\/\/yumicos.com\/wp-content\/uploads\/2025\/01\/chanp.jpg 790w, https:\/\/yumicos.com\/wp-content\/uploads\/2025\/01\/chanp-300x35.jpg 300w, https:\/\/yumicos.com\/wp-content\/uploads\/2025\/01\/chanp-768x89.jpg 768w, https:\/\/yumicos.com\/wp-content\/uploads\/2025\/01\/chanp-600x70.jpg 600w\" sizes=\"(max-width: 790px) 100vw, 790px\" \/><\/p>\n<p><strong>Quelle<\/strong><a href=\"https:\/\/yumicos.com\/de\/product-category\/game-cosplay-de\/goddess-of-victory-nikke-de\/\">:G\u00f6ttin des Sieges: NIKKE<\/a><\/p>\n<p><strong>Zeichen<\/strong>: Br\u00fccke<\/p>\n<p><strong>Lieferumfang<\/strong>:Mantel+Kragen+Stulpenband+Rock+Beinsocken+Nackenband+Stulpenband+Stulpenband<\/p>\n<p data-start=\"0\" data-end=\"105\"><strong data-start=\"0\" data-end=\"13\">Material:<\/strong> Hergestellt aus hochwertigem Polyester und Kunstleder f\u00fcr eine bequeme und dauerhafte Passform.<\/p>\n<p data-start=\"107\" data-end=\"204\"><strong data-start=\"107\" data-end=\"129\">Pflegehinweise:<\/strong> Von Hand in kaltem Wasser waschen, nicht bleichen und zum Trocknen aufh\u00e4ngen, um beste Ergebnisse zu erzielen.<\/p>\n<p data-start=\"206\" data-end=\"319\"><strong data-start=\"206\" data-end=\"215\">Gr\u00f6\u00dfe:<\/strong> Bitte beachten Sie, dass die Gr\u00f6\u00dfenangaben asiatischen Standards folgen und aufgrund der manuellen Messung um 1-3 cm variieren k\u00f6nnen.<\/p>\n<p data-start=\"321\" data-end=\"347\" data-is-last-node=\"\" data-is-only-node=\"\"><strong data-start=\"321\" data-end=\"329\">Spitze:<\/strong> 1 cm \u2248 0.39 inch.<\/p>\n<p><img decoding=\"async\" class=\"size-full wp-image-3416\" src=\"https:\/\/yumicos.com\/wp-content\/uploads\/2025\/05\/xq_01.jpg\" alt=\"Close-up of Bridge\u2019s accessories and materials\" width=\"750\" height=\"450\" srcset=\"https:\/\/yumicos.com\/wp-content\/uploads\/2025\/05\/xq_01.jpg 750w, https:\/\/yumicos.com\/wp-content\/uploads\/2025\/05\/xq_01-300x180.jpg 300w, https:\/\/yumicos.com\/wp-content\/uploads\/2025\/05\/xq_01-18x12.jpg 18w, https:\/\/yumicos.com\/wp-content\/uploads\/2025\/05\/xq_01-600x360.jpg 600w\" sizes=\"(max-width: 750px) 100vw, 750px\" \/><br \/>\n<img decoding=\"async\" class=\"size-full wp-image-3417\" src=\"https:\/\/yumicos.com\/wp-content\/uploads\/2025\/05\/xq_02.jpg\" alt=\"Close-up of Bridge\u2019s accessories and materials\" width=\"750\" height=\"830\" srcset=\"https:\/\/yumicos.com\/wp-content\/uploads\/2025\/05\/xq_02.jpg 750w, https:\/\/yumicos.com\/wp-content\/uploads\/2025\/05\/xq_02-271x300.jpg 271w, https:\/\/yumicos.com\/wp-content\/uploads\/2025\/05\/xq_02-11x12.jpg 11w, https:\/\/yumicos.com\/wp-content\/uploads\/2025\/05\/xq_02-600x664.jpg 600w\" sizes=\"(max-width: 750px) 100vw, 750px\" \/><br \/>\n<img loading=\"lazy\" decoding=\"async\" class=\"size-full wp-image-3418\" src=\"https:\/\/yumicos.com\/wp-content\/uploads\/2025\/05\/xq_03.jpg\" alt=\"Close-up of Bridge\u2019s accessories and materials\" width=\"750\" height=\"704\" srcset=\"https:\/\/yumicos.com\/wp-content\/uploads\/2025\/05\/xq_03.jpg 750w, https:\/\/yumicos.com\/wp-content\/uploads\/2025\/05\/xq_03-300x282.jpg 300w, https:\/\/yumicos.com\/wp-content\/uploads\/2025\/05\/xq_03-13x12.jpg 13w, https:\/\/yumicos.com\/wp-content\/uploads\/2025\/05\/xq_03-600x563.jpg 600w\" sizes=\"(max-width: 750px) 100vw, 750px\" \/><br \/>\n<img loading=\"lazy\" decoding=\"async\" class=\"size-full wp-image-3419\" src=\"https:\/\/yumicos.com\/wp-content\/uploads\/2025\/05\/xq_04.jpg\" alt=\"Full front view of Bridge costume from NIKKE\" width=\"750\" height=\"840\" srcset=\"https:\/\/yumicos.com\/wp-content\/uploads\/2025\/05\/xq_04.jpg 750w, https:\/\/yumicos.com\/wp-content\/uploads\/2025\/05\/xq_04-268x300.jpg 268w, https:\/\/yumicos.com\/wp-content\/uploads\/2025\/05\/xq_04-11x12.jpg 11w, https:\/\/yumicos.com\/wp-content\/uploads\/2025\/05\/xq_04-600x672.jpg 600w\" sizes=\"(max-width: 750px) 100vw, 750px\" \/><br \/>\n<img loading=\"lazy\" decoding=\"async\" class=\"size-full wp-image-3420\" src=\"https:\/\/yumicos.com\/wp-content\/uploads\/2025\/05\/xq_05.jpg\" alt=\"Full front view of Bridge costume from NIKKE\" width=\"750\" height=\"826\" srcset=\"https:\/\/yumicos.com\/wp-content\/uploads\/2025\/05\/xq_05.jpg 750w, https:\/\/yumicos.com\/wp-content\/uploads\/2025\/05\/xq_05-272x300.jpg 272w, https:\/\/yumicos.com\/wp-content\/uploads\/2025\/05\/xq_05-11x12.jpg 11w, https:\/\/yumicos.com\/wp-content\/uploads\/2025\/05\/xq_05-600x661.jpg 600w\" sizes=\"(max-width: 750px) 100vw, 750px\" \/><br \/>\n<img loading=\"lazy\" decoding=\"async\" class=\"size-full wp-image-3421\" src=\"https:\/\/yumicos.com\/wp-content\/uploads\/2025\/05\/xq_06.jpg\" alt=\"Full front view of Bridge costume from NIKKE\" width=\"750\" height=\"800\" srcset=\"https:\/\/yumicos.com\/wp-content\/uploads\/2025\/05\/xq_06.jpg 750w, https:\/\/yumicos.com\/wp-content\/uploads\/2025\/05\/xq_06-281x300.jpg 281w, https:\/\/yumicos.com\/wp-content\/uploads\/2025\/05\/xq_06-11x12.jpg 11w, https:\/\/yumicos.com\/wp-content\/uploads\/2025\/05\/xq_06-600x640.jpg 600w\" sizes=\"(max-width: 750px) 100vw, 750px\" \/><br \/>\n<img loading=\"lazy\" decoding=\"async\" class=\"size-full wp-image-3422\" src=\"https:\/\/yumicos.com\/wp-content\/uploads\/2025\/05\/xq_07.jpg\" alt=\"Full front view of Bridge costume from NIKKE\" width=\"750\" height=\"800\" srcset=\"https:\/\/yumicos.com\/wp-content\/uploads\/2025\/05\/xq_07.jpg 750w, https:\/\/yumicos.com\/wp-content\/uploads\/2025\/05\/xq_07-281x300.jpg 281w, https:\/\/yumicos.com\/wp-content\/uploads\/2025\/05\/xq_07-11x12.jpg 11w, https:\/\/yumicos.com\/wp-content\/uploads\/2025\/05\/xq_07-600x640.jpg 600w\" sizes=\"(max-width: 750px) 100vw, 750px\" \/><br \/>\n<img loading=\"lazy\" decoding=\"async\" class=\"size-full wp-image-3423\" src=\"https:\/\/yumicos.com\/wp-content\/uploads\/2025\/05\/xq_08.jpg\" alt=\"Full front view of Bridge costume from NIKKE\" width=\"750\" height=\"830\" srcset=\"https:\/\/yumicos.com\/wp-content\/uploads\/2025\/05\/xq_08.jpg 750w, https:\/\/yumicos.com\/wp-content\/uploads\/2025\/05\/xq_08-271x300.jpg 271w, https:\/\/yumicos.com\/wp-content\/uploads\/2025\/05\/xq_08-11x12.jpg 11w, https:\/\/yumicos.com\/wp-content\/uploads\/2025\/05\/xq_08-600x664.jpg 600w\" sizes=\"(max-width: 750px) 100vw, 750px\" \/><br \/>\n<img loading=\"lazy\" decoding=\"async\" class=\"size-full wp-image-3424\" src=\"https:\/\/yumicos.com\/wp-content\/uploads\/2025\/05\/xq_09.jpg\" alt=\"Full front view of Bridge costume from NIKKE\" width=\"750\" height=\"861\" srcset=\"https:\/\/yumicos.com\/wp-content\/uploads\/2025\/05\/xq_09.jpg 750w, https:\/\/yumicos.com\/wp-content\/uploads\/2025\/05\/xq_09-261x300.jpg 261w, https:\/\/yumicos.com\/wp-content\/uploads\/2025\/05\/xq_09-10x12.jpg 10w, https:\/\/yumicos.com\/wp-content\/uploads\/2025\/05\/xq_09-600x689.jpg 600w\" sizes=\"(max-width: 750px) 100vw, 750px\" \/><br \/>\n<img loading=\"lazy\" decoding=\"async\" class=\"size-full wp-image-3425\" src=\"https:\/\/yumicos.com\/wp-content\/uploads\/2025\/05\/xq_10.jpg\" alt=\"Full front view of Bridge costume from NIKKE\" width=\"750\" height=\"795\" srcset=\"https:\/\/yumicos.com\/wp-content\/uploads\/2025\/05\/xq_10.jpg 750w, https:\/\/yumicos.com\/wp-content\/uploads\/2025\/05\/xq_10-283x300.jpg 283w, https:\/\/yumicos.com\/wp-content\/uploads\/2025\/05\/xq_10-11x12.jpg 11w, https:\/\/yumicos.com\/wp-content\/uploads\/2025\/05\/xq_10-600x636.jpg 600w\" sizes=\"(max-width: 750px) 100vw, 750px\" \/><br \/>\n<img loading=\"lazy\" decoding=\"async\" class=\"size-full wp-image-3426\" src=\"https:\/\/yumicos.com\/wp-content\/uploads\/2025\/05\/xq_11.jpg\" alt=\"Full front view of Bridge costume from NIKKE\" width=\"750\" height=\"788\" srcset=\"https:\/\/yumicos.com\/wp-content\/uploads\/2025\/05\/xq_11.jpg 750w, https:\/\/yumicos.com\/wp-content\/uploads\/2025\/05\/xq_11-286x300.jpg 286w, https:\/\/yumicos.com\/wp-content\/uploads\/2025\/05\/xq_11-11x12.jpg 11w, https:\/\/yumicos.com\/wp-content\/uploads\/2025\/05\/xq_11-600x630.jpg 600w\" sizes=\"(max-width: 750px) 100vw, 750px\" \/><br \/>\n<img loading=\"lazy\" decoding=\"async\" class=\"size-full wp-image-3427\" src=\"https:\/\/yumicos.com\/wp-content\/uploads\/2025\/05\/xq_12.jpg\" alt=\"Rear view of Bridge cosplay outfit from NIKKE\" width=\"750\" height=\"658\" srcset=\"https:\/\/yumicos.com\/wp-content\/uploads\/2025\/05\/xq_12.jpg 750w, https:\/\/yumicos.com\/wp-content\/uploads\/2025\/05\/xq_12-300x263.jpg 300w, https:\/\/yumicos.com\/wp-content\/uploads\/2025\/05\/xq_12-14x12.jpg 14w, https:\/\/yumicos.com\/wp-content\/uploads\/2025\/05\/xq_12-600x526.jpg 600w\" sizes=\"(max-width: 750px) 100vw, 750px\" \/><br \/>\n<img loading=\"lazy\" decoding=\"async\" class=\"size-full wp-image-3428\" src=\"https:\/\/yumicos.com\/wp-content\/uploads\/2025\/05\/xq_13.jpg\" alt=\"Rear view of Bridge cosplay outfit from NIKKE\" width=\"750\" height=\"768\" srcset=\"https:\/\/yumicos.com\/wp-content\/uploads\/2025\/05\/xq_13.jpg 750w, https:\/\/yumicos.com\/wp-content\/uploads\/2025\/05\/xq_13-293x300.jpg 293w, https:\/\/yumicos.com\/wp-content\/uploads\/2025\/05\/xq_13-12x12.jpg 12w, https:\/\/yumicos.com\/wp-content\/uploads\/2025\/05\/xq_13-600x614.jpg 600w, https:\/\/yumicos.com\/wp-content\/uploads\/2025\/05\/xq_13-50x50.jpg 50w\" sizes=\"(max-width: 750px) 100vw, 750px\" \/><br \/>\n<img loading=\"lazy\" decoding=\"async\" class=\"alignnone size-full wp-image-3429\" src=\"https:\/\/yumicos.com\/wp-content\/uploads\/2025\/05\/xq_14.jpg\" alt=\"\" width=\"750\" height=\"129\" srcset=\"https:\/\/yumicos.com\/wp-content\/uploads\/2025\/05\/xq_14.jpg 750w, https:\/\/yumicos.com\/wp-content\/uploads\/2025\/05\/xq_14-300x52.jpg 300w, https:\/\/yumicos.com\/wp-content\/uploads\/2025\/05\/xq_14-18x3.jpg 18w, https:\/\/yumicos.com\/wp-content\/uploads\/2025\/05\/xq_14-600x103.jpg 600w\" sizes=\"(max-width: 750px) 100vw, 750px\" \/><\/p>\n","protected":false},"excerpt":{"rendered":"<p>Betritt das Schlachtfeld mit diesem <strong data-start=\"766\" data-end=\"792\">Bridge Cosplay Kost\u00fcm<\/strong> von <em data-start=\"798\" data-end=\"825\">Goddess of Victory: NIKKE<\/em>!<br data-start=\"826\" data-end=\"829\" \/>Dieses kraftvolle und befehlsgewohnte Kost\u00fcm ist Bridge&#8217;s taktischer Uniform mit viel Liebe zum Detail nachempfunden. Das strukturierte Design, die k\u00fchnen Silhouetten und die dynamische Farbgebung erwecken die wilde Energie der Figur zum Leben.<\/p>\n","protected":false},"featured_media":15477,"comment_status":"open","ping_status":"closed","template":"","meta":{"_acf_changed":false,"_monsterinsights_skip_tracking":false,"_monsterinsights_sitenote_active":false,"_monsterinsights_sitenote_note":"","_monsterinsights_sitenote_category":0,"site-sidebar-layout":"default","site-content-layout":"","ast-site-content-layout":"default","site-content-style":"default","site-sidebar-style":"default","ast-global-header-display":"","ast-banner-title-visibility":"","ast-main-header-display":"","ast-hfb-above-header-display":"","ast-hfb-below-header-display":"","ast-hfb-mobile-header-display":"","site-post-title":"","ast-breadcrumbs-content":"","ast-featured-img":"","footer-sml-layout":"","theme-transparent-header-meta":"default","adv-header-id-meta":"","stick-header-meta":"default","header-above-stick-meta":"","header-main-stick-meta":"","header-below-stick-meta":"","astra-migrate-meta-layouts":"default","ast-page-background-enabled":"default","ast-page-background-meta":{"desktop":{"background-color":"var(--ast-global-color-4)","background-image":"","background-repeat":"repeat","background-position":"center center","background-size":"auto","background-attachment":"scroll","background-type":"","background-media":"","overlay-type":"","overlay-color":"","overlay-opacity":"","overlay-gradient":""},"tablet":{"background-color":"","background-image":"","background-repeat":"repeat","background-position":"center center","background-size":"auto","background-attachment":"scroll","background-type":"","background-media":"","overlay-type":"","overlay-color":"","overlay-opacity":"","overlay-gradient":""},"mobile":{"background-color":"","background-image":"","background-repeat":"repeat","background-position":"center center","background-size":"auto","background-attachment":"scroll","background-type":"","background-media":"","overlay-type":"","overlay-color":"","overlay-opacity":"","overlay-gradient":""}},"ast-content-background-meta":{"desktop":{"background-color":"var(--ast-global-color-5)","background-image":"","background-repeat":"repeat","background-position":"center center","background-size":"auto","background-attachment":"scroll","background-type":"","background-media":"","overlay-type":"","overlay-color":"","overlay-opacity":"","overlay-gradient":""},"tablet":{"background-color":"var(--ast-global-color-5)","background-image":"","background-repeat":"repeat","background-position":"center center","background-size":"auto","background-attachment":"scroll","background-type":"","background-media":"","overlay-type":"","overlay-color":"","overlay-opacity":"","overlay-gradient":""},"mobile":{"background-color":"var(--ast-global-color-5)","background-image":"","background-repeat":"repeat","background-position":"center center","background-size":"auto","background-attachment":"scroll","background-type":"","background-media":"","overlay-type":"","overlay-color":"","overlay-opacity":"","overlay-gradient":""}}},"product_brand":[],"product_cat":[113,161],"product_tag":[],"class_list":{"0":"post-26156","1":"product","2":"type-product","3":"status-publish","4":"has-post-thumbnail","6":"product_cat-game-cosplay","7":"product_cat-goddess-of-victory-nikke","8":"desktop-align-left","9":"tablet-align-left","10":"mobile-align-left","11":"ast-product-gallery-layout-horizontal-slider","12":"ast-product-single-variable","13":"ast-product-tabs-layout-horizontal","15":"first","16":"instock","17":"purchasable","18":"product-type-variable"},"acf":[],"aioseo_notices":[],"_links":{"self":[{"href":"https:\/\/yumicos.com\/de\/wp-json\/wp\/v2\/product\/26156","targetHints":{"allow":["GET"]}}],"collection":[{"href":"https:\/\/yumicos.com\/de\/wp-json\/wp\/v2\/product"}],"about":[{"href":"https:\/\/yumicos.com\/de\/wp-json\/wp\/v2\/types\/product"}],"replies":[{"embeddable":true,"href":"https:\/\/yumicos.com\/de\/wp-json\/wp\/v2\/comments?post=26156"}],"wp:featuredmedia":[{"embeddable":true,"href":"https:\/\/yumicos.com\/de\/wp-json\/wp\/v2\/media\/15477"}],"wp:attachment":[{"href":"https:\/\/yumicos.com\/de\/wp-json\/wp\/v2\/media?parent=26156"}],"wp:term":[{"taxonomy":"product_brand","embeddable":true,"href":"https:\/\/yumicos.com\/de\/wp-json\/wp\/v2\/product_brand?post=26156"},{"taxonomy":"product_cat","embeddable":true,"href":"https:\/\/yumicos.com\/de\/wp-json\/wp\/v2\/product_cat?post=26156"},{"taxonomy":"product_tag","embeddable":true,"href":"https:\/\/yumicos.com\/de\/wp-json\/wp\/v2\/product_tag?post=26156"}],"curies":[{"name":"wp","href":"https:\/\/api.w.org\/{rel}","templated":true}]}}