{"id":26094,"date":"2025-05-13T15:38:07","date_gmt":"2025-05-13T15:38:07","guid":{"rendered":"https:\/\/yumicos.com\/product\/genshin-impact-ifa-cosplay-kostuem-natlan-style-outfit\/"},"modified":"2025-10-13T15:52:42","modified_gmt":"2025-10-13T15:52:42","slug":"genshin-impact-ifa-cosplay-costume","status":"publish","type":"product","link":"https:\/\/yumicos.com\/de\/product\/genshin-impact-ifa-cosplay-costume\/","title":{"rendered":"Genshin Impact Ifa Cosplay Kost\u00fcm &#8211; Natlan Style Outfit"},"content":{"rendered":"<p><img fetchpriority=\"high\" decoding=\"async\" class=\"alignnone size-full wp-image-285\" src=\"https:\/\/yumicos.com\/wp-content\/uploads\/2025\/01\/chanp.jpg\" alt=\"\" width=\"790\" height=\"92\" srcset=\"https:\/\/yumicos.com\/wp-content\/uploads\/2025\/01\/chanp.jpg 790w, https:\/\/yumicos.com\/wp-content\/uploads\/2025\/01\/chanp-300x35.jpg 300w, https:\/\/yumicos.com\/wp-content\/uploads\/2025\/01\/chanp-768x89.jpg 768w, https:\/\/yumicos.com\/wp-content\/uploads\/2025\/01\/chanp-600x70.jpg 600w\" sizes=\"(max-width: 790px) 100vw, 790px\" \/><\/p>\n<p><strong>Quelle<\/strong>: <a href=\"https:\/\/yumicos.com\/de\/product-category\/game-cosplay-de\/genshin-impact-cosplay-de\/\">Genshin Impact<\/a><\/p>\n<p><strong>Zeichen<\/strong>: ifa<\/p>\n<p><strong>Enthalten<\/strong>:Kleidung+Zubeh\u00f6r<\/p>\n<p data-start=\"0\" data-end=\"105\"><strong data-start=\"0\" data-end=\"13\">Material:<\/strong> Hergestellt aus hochwertigem Polyester und Kunstleder f\u00fcr eine bequeme und dauerhafte Passform.<\/p>\n<p data-start=\"107\" data-end=\"204\"><strong data-start=\"107\" data-end=\"129\">Pflegehinweise:<\/strong> Handw\u00e4sche in kaltem Wasser, nicht bleichen und zum Trocknen aufh\u00e4ngen.<\/p>\n<p data-start=\"206\" data-end=\"319\"><strong data-start=\"206\" data-end=\"215\">Gr\u00f6\u00dfe:<\/strong> Bitte beachten Sie, dass die Gr\u00f6\u00dfenangaben asiatischen Standards folgen und aufgrund der manuellen Messung um 1-3 cm variieren k\u00f6nnen.<\/p>\n<p data-start=\"321\" data-end=\"347\" data-is-last-node=\"\" data-is-only-node=\"\"><strong data-start=\"321\" data-end=\"329\">Spitze:<\/strong> 1 cm \u2248 0.39 inch.<\/p>\n<p><img decoding=\"async\" class=\"alignnone size-full wp-image-288\" src=\"https:\/\/yumicos.com\/wp-content\/uploads\/2025\/01\/shiwuzhanshi.jpg\" alt=\"\" width=\"790\" height=\"92\" srcset=\"https:\/\/yumicos.com\/wp-content\/uploads\/2025\/01\/shiwuzhanshi.jpg 790w, https:\/\/yumicos.com\/wp-content\/uploads\/2025\/01\/shiwuzhanshi-300x35.jpg 300w, https:\/\/yumicos.com\/wp-content\/uploads\/2025\/01\/shiwuzhanshi-768x89.jpg 768w, https:\/\/yumicos.com\/wp-content\/uploads\/2025\/01\/shiwuzhanshi-600x70.jpg 600w\" sizes=\"(max-width: 790px) 100vw, 790px\" \/><\/p>\n<p><img decoding=\"async\" class=\"size-full wp-image-3455\" src=\"https:\/\/yumicos.com\/wp-content\/uploads\/2025\/05\/2-7.jpg\" alt=\"Genshin Impact Ifa cosplay costume front\" width=\"750\" height=\"1500\" \/><\/p>\n<p><img loading=\"lazy\" decoding=\"async\" class=\"alignnone size-full wp-image-287\" src=\"https:\/\/yumicos.com\/wp-content\/uploads\/2025\/01\/xijie.jpg\" alt=\"\" width=\"790\" height=\"92\" srcset=\"https:\/\/yumicos.com\/wp-content\/uploads\/2025\/01\/xijie.jpg 790w, https:\/\/yumicos.com\/wp-content\/uploads\/2025\/01\/xijie-300x35.jpg 300w, https:\/\/yumicos.com\/wp-content\/uploads\/2025\/01\/xijie-768x89.jpg 768w, https:\/\/yumicos.com\/wp-content\/uploads\/2025\/01\/xijie-600x70.jpg 600w\" sizes=\"(max-width: 790px) 100vw, 790px\" \/><\/p>\n<p><img loading=\"lazy\" decoding=\"async\" class=\"size-full wp-image-3456\" src=\"https:\/\/yumicos.com\/wp-content\/uploads\/2025\/05\/3-7.jpg\" alt=\"Close-up of accessories and trims from Ifa cosplay\" width=\"750\" height=\"1000\" \/><\/p>\n<p><img loading=\"lazy\" decoding=\"async\" class=\"size-full wp-image-3457\" src=\"https:\/\/yumicos.com\/wp-content\/uploads\/2025\/05\/4-7.jpg\" alt=\"Close-up of accessories and trims from Ifa cosplay\" width=\"750\" height=\"1000\" \/><\/p>\n<p><img loading=\"lazy\" decoding=\"async\" class=\"size-full wp-image-3458\" src=\"https:\/\/yumicos.com\/wp-content\/uploads\/2025\/05\/5-6.jpg\" alt=\"Close-up of accessories and trims from Ifa cosplay\" width=\"750\" height=\"1000\" \/><\/p>\n<p><img loading=\"lazy\" decoding=\"async\" class=\"size-full wp-image-3461\" src=\"https:\/\/yumicos.com\/wp-content\/uploads\/2025\/05\/8-6.jpg\" alt=\"Close-up of accessories and trims from Ifa cosplay\" width=\"750\" height=\"1819\" \/><\/p>\n<p><img loading=\"lazy\" decoding=\"async\" class=\"size-full wp-image-3462\" src=\"https:\/\/yumicos.com\/wp-content\/uploads\/2025\/05\/9-6.jpg\" alt=\"Close-up of accessories and trims from Ifa cosplay\" width=\"750\" height=\"1599\" \/><\/p>\n<p><img loading=\"lazy\" decoding=\"async\" class=\"size-full wp-image-3463\" src=\"https:\/\/yumicos.com\/wp-content\/uploads\/2025\/05\/10-4.jpg\" alt=\"Close-up of accessories and trims from Ifa cosplay\" width=\"750\" height=\"1729\" \/><\/p>\n<p><img loading=\"lazy\" decoding=\"async\" class=\"size-full wp-image-3464\" src=\"https:\/\/yumicos.com\/wp-content\/uploads\/2025\/05\/11-3.jpg\" alt=\"Close-up of accessories and trims from Ifa cosplay\" width=\"750\" height=\"1806\" \/><\/p>\n<p><img loading=\"lazy\" decoding=\"async\" class=\"size-full wp-image-3465\" src=\"https:\/\/yumicos.com\/wp-content\/uploads\/2025\/05\/12-4.jpg\" alt=\"Close-up of accessories and trims from Ifa cosplay\" width=\"750\" height=\"1858\" \/><\/p>\n<p><img loading=\"lazy\" decoding=\"async\" class=\"size-full wp-image-3466\" src=\"https:\/\/yumicos.com\/wp-content\/uploads\/2025\/05\/13-5.jpg\" alt=\"Close-up of accessories and trims from Ifa cosplay\" width=\"750\" height=\"1584\" \/><\/p>\n","protected":false},"excerpt":{"rendered":"<p>Erwecke Ifas Natlan-Charme zum Leben mit diesem detaillierten Cosplay-Kost\u00fcm von Genshin Impact. Mit leuchtenden Farben und charaktergetreuen Details.<\/p>\n","protected":false},"featured_media":15629,"comment_status":"open","ping_status":"closed","template":"","meta":{"_acf_changed":false,"_monsterinsights_skip_tracking":false,"_monsterinsights_sitenote_active":false,"_monsterinsights_sitenote_note":"","_monsterinsights_sitenote_category":0,"site-sidebar-layout":"default","site-content-layout":"","ast-site-content-layout":"default","site-content-style":"default","site-sidebar-style":"default","ast-global-header-display":"","ast-banner-title-visibility":"","ast-main-header-display":"","ast-hfb-above-header-display":"","ast-hfb-below-header-display":"","ast-hfb-mobile-header-display":"","site-post-title":"","ast-breadcrumbs-content":"","ast-featured-img":"","footer-sml-layout":"","theme-transparent-header-meta":"default","adv-header-id-meta":"","stick-header-meta":"default","header-above-stick-meta":"","header-main-stick-meta":"","header-below-stick-meta":"","astra-migrate-meta-layouts":"default","ast-page-background-enabled":"default","ast-page-background-meta":{"desktop":{"background-color":"var(--ast-global-color-4)","background-image":"","background-repeat":"repeat","background-position":"center center","background-size":"auto","background-attachment":"scroll","background-type":"","background-media":"","overlay-type":"","overlay-color":"","overlay-opacity":"","overlay-gradient":""},"tablet":{"background-color":"","background-image":"","background-repeat":"repeat","background-position":"center center","background-size":"auto","background-attachment":"scroll","background-type":"","background-media":"","overlay-type":"","overlay-color":"","overlay-opacity":"","overlay-gradient":""},"mobile":{"background-color":"","background-image":"","background-repeat":"repeat","background-position":"center center","background-size":"auto","background-attachment":"scroll","background-type":"","background-media":"","overlay-type":"","overlay-color":"","overlay-opacity":"","overlay-gradient":""}},"ast-content-background-meta":{"desktop":{"background-color":"var(--ast-global-color-5)","background-image":"","background-repeat":"repeat","background-position":"center center","background-size":"auto","background-attachment":"scroll","background-type":"","background-media":"","overlay-type":"","overlay-color":"","overlay-opacity":"","overlay-gradient":""},"tablet":{"background-color":"var(--ast-global-color-5)","background-image":"","background-repeat":"repeat","background-position":"center center","background-size":"auto","background-attachment":"scroll","background-type":"","background-media":"","overlay-type":"","overlay-color":"","overlay-opacity":"","overlay-gradient":""},"mobile":{"background-color":"var(--ast-global-color-5)","background-image":"","background-repeat":"repeat","background-position":"center center","background-size":"auto","background-attachment":"scroll","background-type":"","background-media":"","overlay-type":"","overlay-color":"","overlay-opacity":"","overlay-gradient":""}}},"product_brand":[],"product_cat":[113,189],"product_tag":[],"class_list":{"0":"post-26094","1":"product","2":"type-product","3":"status-publish","4":"has-post-thumbnail","6":"product_cat-game-cosplay","7":"product_cat-genshin-impact-cosplay","8":"desktop-align-left","9":"tablet-align-left","10":"mobile-align-left","11":"ast-product-gallery-layout-horizontal-slider","12":"ast-product-single-variable","13":"ast-product-tabs-layout-horizontal","15":"first","16":"instock","17":"purchasable","18":"product-type-variable"},"acf":[],"aioseo_notices":[],"_links":{"self":[{"href":"https:\/\/yumicos.com\/de\/wp-json\/wp\/v2\/product\/26094","targetHints":{"allow":["GET"]}}],"collection":[{"href":"https:\/\/yumicos.com\/de\/wp-json\/wp\/v2\/product"}],"about":[{"href":"https:\/\/yumicos.com\/de\/wp-json\/wp\/v2\/types\/product"}],"replies":[{"embeddable":true,"href":"https:\/\/yumicos.com\/de\/wp-json\/wp\/v2\/comments?post=26094"}],"wp:featuredmedia":[{"embeddable":true,"href":"https:\/\/yumicos.com\/de\/wp-json\/wp\/v2\/media\/15629"}],"wp:attachment":[{"href":"https:\/\/yumicos.com\/de\/wp-json\/wp\/v2\/media?parent=26094"}],"wp:term":[{"taxonomy":"product_brand","embeddable":true,"href":"https:\/\/yumicos.com\/de\/wp-json\/wp\/v2\/product_brand?post=26094"},{"taxonomy":"product_cat","embeddable":true,"href":"https:\/\/yumicos.com\/de\/wp-json\/wp\/v2\/product_cat?post=26094"},{"taxonomy":"product_tag","embeddable":true,"href":"https:\/\/yumicos.com\/de\/wp-json\/wp\/v2\/product_tag?post=26094"}],"curies":[{"name":"wp","href":"https:\/\/api.w.org\/{rel}","templated":true}]}}