{"id":25801,"date":"2025-05-14T16:47:24","date_gmt":"2025-05-14T16:47:24","guid":{"rendered":"https:\/\/yumicos.com\/product\/honkai-star-rail-anaxa-cosplay-kostuem\/"},"modified":"2025-10-13T15:39:55","modified_gmt":"2025-10-13T15:39:55","slug":"honkai-star-rail-anaxa-cosplay-costume","status":"publish","type":"product","link":"https:\/\/yumicos.com\/de\/product\/honkai-star-rail-anaxa-cosplay-costume\/","title":{"rendered":"Honkai: Star Rail Anaxa Cosplay Kost\u00fcm"},"content":{"rendered":"<p><img fetchpriority=\"high\" decoding=\"async\" class=\"alignnone size-full wp-image-285\" src=\"https:\/\/yumicos.com\/wp-content\/uploads\/2025\/01\/chanp.jpg\" alt=\"\" width=\"790\" height=\"92\" srcset=\"https:\/\/yumicos.com\/wp-content\/uploads\/2025\/01\/chanp.jpg 790w, https:\/\/yumicos.com\/wp-content\/uploads\/2025\/01\/chanp-300x35.jpg 300w, https:\/\/yumicos.com\/wp-content\/uploads\/2025\/01\/chanp-768x89.jpg 768w, https:\/\/yumicos.com\/wp-content\/uploads\/2025\/01\/chanp-600x70.jpg 600w\" sizes=\"(max-width: 790px) 100vw, 790px\" \/><\/p>\n<p><strong>Quelle<\/strong>:  <a title=\"Honkai Impact 3rd\" href=\"https:\/\/yumicos.com\/de\/product-category\/game-cosplay-de\/honkai-star-rail-de\/\" target=\"_blank\" rel=\"noopener noreferrer\"><strong>Honkai: Star Rail<\/strong><\/a><\/p>\n<p><strong>Charakter<\/strong>: Anaxa<\/p>\n<p><strong>Lieferumfang<\/strong>:Unterhemd+Weste+Hemd+Umhang+Hose+G\u00fcrtel+Handschuhe+Aufkleber+Aufn\u00e4her+Taillenschmuck+Handschuh+Ohrclip+Armschmuck+Ring<\/p>\n<p data-start=\"0\" data-end=\"105\"><strong data-start=\"0\" data-end=\"13\">Material:<\/strong> Hergestellt aus hochwertigem Polyester und Kunstleder f\u00fcr eine bequeme und dauerhafte Passform.<\/p>\n<p data-start=\"107\" data-end=\"204\"><strong data-start=\"107\" data-end=\"129\">Pflegehinweise:<\/strong> Von Hand in kaltem Wasser waschen, nicht bleichen und zum Trocknen aufh\u00e4ngen, um beste Ergebnisse zu erzielen.<\/p>\n<p data-start=\"206\" data-end=\"319\"><strong data-start=\"206\" data-end=\"215\">Gr\u00f6\u00dfe:<\/strong> Bitte beachten Sie, dass die Gr\u00f6\u00dfenangaben asiatischen Standards folgen und aufgrund der manuellen Messung um 1-3 cm variieren k\u00f6nnen.<\/p>\n<p data-start=\"321\" data-end=\"347\" data-is-last-node=\"\" data-is-only-node=\"\"><strong data-start=\"321\" data-end=\"329\">Spitze:<\/strong> 1 cm \u2248 0.39 inch.<\/p>\n<p><img decoding=\"async\" class=\"alignnone size-full wp-image-287\" src=\"https:\/\/yumicos.com\/wp-content\/uploads\/2025\/01\/xijie.jpg\" alt=\"\" width=\"790\" height=\"92\" srcset=\"https:\/\/yumicos.com\/wp-content\/uploads\/2025\/01\/xijie.jpg 790w, https:\/\/yumicos.com\/wp-content\/uploads\/2025\/01\/xijie-300x35.jpg 300w, https:\/\/yumicos.com\/wp-content\/uploads\/2025\/01\/xijie-768x89.jpg 768w, https:\/\/yumicos.com\/wp-content\/uploads\/2025\/01\/xijie-600x70.jpg 600w\" sizes=\"(max-width: 790px) 100vw, 790px\" \/><\/p>\n<p><img decoding=\"async\" class=\"size-full wp-image-3528\" src=\"https:\/\/yumicos.com\/wp-content\/uploads\/2025\/05\/2-9.jpg\" alt=\"Close-up of Anaxa costume detailing and embroidery\" width=\"750\" height=\"1000\" \/><\/p>\n<p><img loading=\"lazy\" decoding=\"async\" class=\"size-full wp-image-3529\" src=\"https:\/\/yumicos.com\/wp-content\/uploads\/2025\/05\/3-9.jpg\" alt=\"Close-up of Anaxa costume detailing and embroidery\" width=\"750\" height=\"1000\" \/><\/p>\n<p><img loading=\"lazy\" decoding=\"async\" class=\"size-full wp-image-3530\" src=\"https:\/\/yumicos.com\/wp-content\/uploads\/2025\/05\/4-8.jpg\" alt=\"Close-up of Anaxa costume detailing and embroidery\" width=\"750\" height=\"1000\" \/><\/p>\n<p><img loading=\"lazy\" decoding=\"async\" class=\"size-full wp-image-3534\" src=\"https:\/\/yumicos.com\/wp-content\/uploads\/2025\/05\/8-8.jpg\" alt=\"Close-up of Anaxa costume detailing and embroidery\" width=\"750\" height=\"1657\" \/><\/p>\n<p><img loading=\"lazy\" decoding=\"async\" class=\"size-full wp-image-3535\" src=\"https:\/\/yumicos.com\/wp-content\/uploads\/2025\/05\/9-8.jpg\" alt=\"Close-up of Anaxa costume detailing and embroidery\" width=\"750\" height=\"1529\" \/><\/p>\n<figure id=\"attachment_3536\" aria-describedby=\"caption-attachment-3536\" style=\"width: 750px\" class=\"wp-caption alignnone\"><img loading=\"lazy\" decoding=\"async\" class=\"size-full wp-image-3536\" src=\"https:\/\/yumicos.com\/wp-content\/uploads\/2025\/05\/10-6.jpg\" alt=\"Close-up of Anaxa costume detailing and embroidery\" width=\"750\" height=\"1920\" \/><figcaption id=\"caption-attachment-3536\" class=\"wp-caption-text\"><br \/><img loading=\"lazy\" decoding=\"async\" class=\"size-full wp-image-3537\" src=\"https:\/\/yumicos.com\/wp-content\/uploads\/2025\/05\/11-5.jpg\" alt=\"Close-up of Anaxa costume detailing and embroidery\" width=\"750\" height=\"1542\" \/><\/figcaption><\/figure>\n<p><img loading=\"lazy\" decoding=\"async\" class=\"size-full wp-image-3538\" src=\"https:\/\/yumicos.com\/wp-content\/uploads\/2025\/05\/12-6.jpg\" alt=\"Close-up of Anaxa costume detailing and embroidery\" width=\"750\" height=\"1920\" \/><\/p>\n","protected":false},"excerpt":{"rendered":"<p>Betritt den Kosmos als Anaxa aus Honkai: Star Rail mit diesem hochwertigen Cosplay-Kost\u00fcm mit mehrschichtigen Details, hochwertigen Stoffen und mitgelieferten Accessoires.<\/p>\n","protected":false},"featured_media":15869,"comment_status":"open","ping_status":"closed","template":"","meta":{"_acf_changed":false,"_monsterinsights_skip_tracking":false,"_monsterinsights_sitenote_active":false,"_monsterinsights_sitenote_note":"","_monsterinsights_sitenote_category":0,"site-sidebar-layout":"default","site-content-layout":"","ast-site-content-layout":"default","site-content-style":"default","site-sidebar-style":"default","ast-global-header-display":"","ast-banner-title-visibility":"","ast-main-header-display":"","ast-hfb-above-header-display":"","ast-hfb-below-header-display":"","ast-hfb-mobile-header-display":"","site-post-title":"","ast-breadcrumbs-content":"","ast-featured-img":"","footer-sml-layout":"","theme-transparent-header-meta":"default","adv-header-id-meta":"","stick-header-meta":"default","header-above-stick-meta":"","header-main-stick-meta":"","header-below-stick-meta":"","astra-migrate-meta-layouts":"default","ast-page-background-enabled":"default","ast-page-background-meta":{"desktop":{"background-color":"var(--ast-global-color-4)","background-image":"","background-repeat":"repeat","background-position":"center center","background-size":"auto","background-attachment":"scroll","background-type":"","background-media":"","overlay-type":"","overlay-color":"","overlay-opacity":"","overlay-gradient":""},"tablet":{"background-color":"","background-image":"","background-repeat":"repeat","background-position":"center center","background-size":"auto","background-attachment":"scroll","background-type":"","background-media":"","overlay-type":"","overlay-color":"","overlay-opacity":"","overlay-gradient":""},"mobile":{"background-color":"","background-image":"","background-repeat":"repeat","background-position":"center center","background-size":"auto","background-attachment":"scroll","background-type":"","background-media":"","overlay-type":"","overlay-color":"","overlay-opacity":"","overlay-gradient":""}},"ast-content-background-meta":{"desktop":{"background-color":"var(--ast-global-color-5)","background-image":"","background-repeat":"repeat","background-position":"center center","background-size":"auto","background-attachment":"scroll","background-type":"","background-media":"","overlay-type":"","overlay-color":"","overlay-opacity":"","overlay-gradient":""},"tablet":{"background-color":"var(--ast-global-color-5)","background-image":"","background-repeat":"repeat","background-position":"center center","background-size":"auto","background-attachment":"scroll","background-type":"","background-media":"","overlay-type":"","overlay-color":"","overlay-opacity":"","overlay-gradient":""},"mobile":{"background-color":"var(--ast-global-color-5)","background-image":"","background-repeat":"repeat","background-position":"center center","background-size":"auto","background-attachment":"scroll","background-type":"","background-media":"","overlay-type":"","overlay-color":"","overlay-opacity":"","overlay-gradient":""}}},"product_brand":[],"product_cat":[113,121],"product_tag":[],"class_list":{"0":"post-25801","1":"product","2":"type-product","3":"status-publish","4":"has-post-thumbnail","6":"product_cat-game-cosplay","7":"product_cat-honkai-star-rail-cosplay","8":"desktop-align-left","9":"tablet-align-left","10":"mobile-align-left","11":"ast-product-gallery-layout-horizontal-slider","12":"ast-product-single-variable","13":"ast-product-tabs-layout-horizontal","15":"first","16":"instock","17":"purchasable","18":"product-type-variable"},"acf":[],"aioseo_notices":[],"_links":{"self":[{"href":"https:\/\/yumicos.com\/de\/wp-json\/wp\/v2\/product\/25801","targetHints":{"allow":["GET"]}}],"collection":[{"href":"https:\/\/yumicos.com\/de\/wp-json\/wp\/v2\/product"}],"about":[{"href":"https:\/\/yumicos.com\/de\/wp-json\/wp\/v2\/types\/product"}],"replies":[{"embeddable":true,"href":"https:\/\/yumicos.com\/de\/wp-json\/wp\/v2\/comments?post=25801"}],"wp:featuredmedia":[{"embeddable":true,"href":"https:\/\/yumicos.com\/de\/wp-json\/wp\/v2\/media\/15869"}],"wp:attachment":[{"href":"https:\/\/yumicos.com\/de\/wp-json\/wp\/v2\/media?parent=25801"}],"wp:term":[{"taxonomy":"product_brand","embeddable":true,"href":"https:\/\/yumicos.com\/de\/wp-json\/wp\/v2\/product_brand?post=25801"},{"taxonomy":"product_cat","embeddable":true,"href":"https:\/\/yumicos.com\/de\/wp-json\/wp\/v2\/product_cat?post=25801"},{"taxonomy":"product_tag","embeddable":true,"href":"https:\/\/yumicos.com\/de\/wp-json\/wp\/v2\/product_tag?post=25801"}],"curies":[{"name":"wp","href":"https:\/\/api.w.org\/{rel}","templated":true}]}}