{"id":23419,"date":"2025-06-11T17:41:00","date_gmt":"2025-06-11T17:41:00","guid":{"rendered":"https:\/\/yumicos.com\/product\/genshin-impact-alhaitham-kfc-zusammenarbeit-cosplay-kostuem\/"},"modified":"2025-10-11T16:04:16","modified_gmt":"2025-10-11T16:04:16","slug":"genshin-impact-alhaitham-kfc-cosplay-costume","status":"publish","type":"product","link":"https:\/\/yumicos.com\/de\/product\/genshin-impact-alhaitham-kfc-cosplay-costume\/","title":{"rendered":"Genshin Impact Alhaitham KFC Zusammenarbeit Cosplay Kost\u00fcm"},"content":{"rendered":"<p><img fetchpriority=\"high\" decoding=\"async\" class=\"alignnone size-full wp-image-285\" src=\"https:\/\/yumicos.com\/wp-content\/uploads\/2025\/01\/chanp.jpg\" alt=\"\" width=\"790\" height=\"92\" srcset=\"https:\/\/yumicos.com\/wp-content\/uploads\/2025\/01\/chanp.jpg 790w, https:\/\/yumicos.com\/wp-content\/uploads\/2025\/01\/chanp-300x35.jpg 300w, https:\/\/yumicos.com\/wp-content\/uploads\/2025\/01\/chanp-768x89.jpg 768w, https:\/\/yumicos.com\/wp-content\/uploads\/2025\/01\/chanp-600x70.jpg 600w\" sizes=\"(max-width: 790px) 100vw, 790px\" \/><\/p>\n<p><strong>Quelle<\/strong>: <a href=\"\/?product_cat=genshin-auswirkungen\">Genshin Impact<\/a><\/p>\n<p><strong>Zeichen<\/strong>:Alhaitham<\/p>\n<p><strong>Enthalten<\/strong>:Kleidung+Accessoires<\/p>\n<p data-start=\"0\" data-end=\"105\"><strong data-start=\"0\" data-end=\"13\">Material:<\/strong> Hergestellt aus hochwertigem Polyester und Kunstleder f\u00fcr eine bequeme und dauerhafte Passform.<\/p>\n<p data-start=\"107\" data-end=\"204\"><strong data-start=\"107\" data-end=\"129\">Pflegehinweise:<\/strong> Handw\u00e4sche in kaltem Wasser, nicht bleichen und zum Trocknen aufh\u00e4ngen.<\/p>\n<p data-start=\"206\" data-end=\"319\"><strong data-start=\"206\" data-end=\"215\">Gr\u00f6\u00dfe:<\/strong> Bitte beachten Sie, dass die Gr\u00f6\u00dfenangaben asiatischen Standards folgen und aufgrund der manuellen Messung um 1-3 cm variieren k\u00f6nnen.<\/p>\n<p data-start=\"321\" data-end=\"347\" data-is-last-node=\"\" data-is-only-node=\"\"><strong data-start=\"321\" data-end=\"329\">Spitze:<\/strong> 1 cm \u2248 0,39 Zoll.<\/p>\n<p><img decoding=\"async\" class=\"alignnone size-full wp-image-287\" src=\"https:\/\/yumicos.com\/wp-content\/uploads\/2025\/01\/xijie.jpg\" alt=\"\" width=\"790\" height=\"92\" srcset=\"https:\/\/yumicos.com\/wp-content\/uploads\/2025\/01\/xijie.jpg 790w, https:\/\/yumicos.com\/wp-content\/uploads\/2025\/01\/xijie-300x35.jpg 300w, https:\/\/yumicos.com\/wp-content\/uploads\/2025\/01\/xijie-768x89.jpg 768w, https:\/\/yumicos.com\/wp-content\/uploads\/2025\/01\/xijie-600x70.jpg 600w\" sizes=\"(max-width: 790px) 100vw, 790px\" \/><\/p>\n<p><img decoding=\"async\" class=\"alignnone size-full wp-image-4704\" src=\"https:\/\/yumicos.com\/wp-content\/uploads\/2025\/06\/3-5.jpg\" alt=\"Nahaufnahme des Alhaitham KFC Cosplay Abzeichens und Stoffdetails\" width=\"750\" height=\"750\" srcset=\"https:\/\/yumicos.com\/wp-content\/uploads\/2025\/06\/3-5.jpg 1500w, https:\/\/yumicos.com\/wp-content\/uploads\/2025\/06\/3-5-300x300.jpg 300w, https:\/\/yumicos.com\/wp-content\/uploads\/2025\/06\/3-5-1024x1024.jpg 1024w, https:\/\/yumicos.com\/wp-content\/uploads\/2025\/06\/3-5-150x150.jpg 150w, https:\/\/yumicos.com\/wp-content\/uploads\/2025\/06\/3-5-768x768.jpg 768w, https:\/\/yumicos.com\/wp-content\/uploads\/2025\/06\/3-5-12x12.jpg 12w, https:\/\/yumicos.com\/wp-content\/uploads\/2025\/06\/3-5-70x70.jpg 70w, https:\/\/yumicos.com\/wp-content\/uploads\/2025\/06\/3-5-600x600.jpg 600w, https:\/\/yumicos.com\/wp-content\/uploads\/2025\/06\/3-5-100x100.jpg 100w, https:\/\/yumicos.com\/wp-content\/uploads\/2025\/06\/3-5-50x50.jpg 50w\" sizes=\"(max-width: 750px) 100vw, 750px\" \/><\/p>\n<p><img loading=\"lazy\" decoding=\"async\" class=\"alignnone size-full wp-image-4705\" src=\"https:\/\/yumicos.com\/wp-content\/uploads\/2025\/06\/4-4.jpg\" alt=\"Nahaufnahme des Alhaitham KFC Cosplay Abzeichens und Stoffdetails\" width=\"750\" height=\"75\"><\/p>\n<p><img loading=\"lazy\" decoding=\"async\" class=\"alignnone size-full wp-image-4706\" src=\"https:\/\/yumicos.com\/wp-content\/uploads\/2025\/06\/5-5.jpg\" alt=\"Nahaufnahme des Alhaitham KFC Cosplay Abzeichens und Stoffdetails\" width=\"750\" height=\"750\" srcset=\"https:\/\/yumicos.com\/wp-content\/uploads\/2025\/06\/5-5.jpg 1500w, https:\/\/yumicos.com\/wp-content\/uploads\/2025\/06\/5-5-300x300.jpg 300w, https:\/\/yumicos.com\/wp-content\/uploads\/2025\/06\/5-5-1024x1024.jpg 1024w, https:\/\/yumicos.com\/wp-content\/uploads\/2025\/06\/5-5-150x150.jpg 150w, https:\/\/yumicos.com\/wp-content\/uploads\/2025\/06\/5-5-768x768.jpg 768w, https:\/\/yumicos.com\/wp-content\/uploads\/2025\/06\/5-5-12x12.jpg 12w, https:\/\/yumicos.com\/wp-content\/uploads\/2025\/06\/5-5-70x70.jpg 70w, https:\/\/yumicos.com\/wp-content\/uploads\/2025\/06\/5-5-600x600.jpg 600w, https:\/\/yumicos.com\/wp-content\/uploads\/2025\/06\/5-5-100x100.jpg 100w, https:\/\/yumicos.com\/wp-content\/uploads\/2025\/06\/5-5-50x50.jpg 50w\" sizes=\"(max-width: 750px) 100vw, 750px\" \/><\/p>\n<p><img loading=\"lazy\" decoding=\"async\" class=\"alignnone size-full wp-image-4707\" src=\"https:\/\/yumicos.com\/wp-content\/uploads\/2025\/06\/6-4.jpg\" alt=\"Nahaufnahme des Alhaitham KFC Cosplay Abzeichens und Stoffdetails\" width=\"750\" height=\"750\" srcset=\"https:\/\/yumicos.com\/wp-content\/uploads\/2025\/06\/6-4.jpg 1500w, https:\/\/yumicos.com\/wp-content\/uploads\/2025\/06\/6-4-300x300.jpg 300w, https:\/\/yumicos.com\/wp-content\/uploads\/2025\/06\/6-4-1024x1024.jpg 1024w, https:\/\/yumicos.com\/wp-content\/uploads\/2025\/06\/6-4-150x150.jpg 150w, https:\/\/yumicos.com\/wp-content\/uploads\/2025\/06\/6-4-768x768.jpg 768w, https:\/\/yumicos.com\/wp-content\/uploads\/2025\/06\/6-4-12x12.jpg 12w, https:\/\/yumicos.com\/wp-content\/uploads\/2025\/06\/6-4-70x70.jpg 70w, https:\/\/yumicos.com\/wp-content\/uploads\/2025\/06\/6-4-600x600.jpg 600w, https:\/\/yumicos.com\/wp-content\/uploads\/2025\/06\/6-4-100x100.jpg 100w, https:\/\/yumicos.com\/wp-content\/uploads\/2025\/06\/6-4-50x50.jpg 50w\" sizes=\"(max-width: 750px) 100vw, 750px\" \/><\/p>\n<p><img loading=\"lazy\" decoding=\"async\" class=\"alignnone size-full wp-image-4708\" src=\"https:\/\/yumicos.com\/wp-content\/uploads\/2025\/06\/7-2.jpg\" alt=\"Nahaufnahme des Alhaitham KFC Cosplay Abzeichens und Stoffdetails\" width=\"750\" height=\"750\" srcset=\"https:\/\/yumicos.com\/wp-content\/uploads\/2025\/06\/7-2.jpg 1500w, https:\/\/yumicos.com\/wp-content\/uploads\/2025\/06\/7-2-300x300.jpg 300w, https:\/\/yumicos.com\/wp-content\/uploads\/2025\/06\/7-2-1024x1024.jpg 1024w, https:\/\/yumicos.com\/wp-content\/uploads\/2025\/06\/7-2-150x150.jpg 150w, https:\/\/yumicos.com\/wp-content\/uploads\/2025\/06\/7-2-768x768.jpg 768w, https:\/\/yumicos.com\/wp-content\/uploads\/2025\/06\/7-2-12x12.jpg 12w, https:\/\/yumicos.com\/wp-content\/uploads\/2025\/06\/7-2-70x70.jpg 70w, https:\/\/yumicos.com\/wp-content\/uploads\/2025\/06\/7-2-600x600.jpg 600w, https:\/\/yumicos.com\/wp-content\/uploads\/2025\/06\/7-2-100x100.jpg 100w, https:\/\/yumicos.com\/wp-content\/uploads\/2025\/06\/7-2-50x50.jpg 50w\" sizes=\"(max-width: 750px) 100vw, 750px\" \/><\/p>\n<p><img loading=\"lazy\" decoding=\"async\" class=\"alignnone size-full wp-image-4709\" src=\"https:\/\/yumicos.com\/wp-content\/uploads\/2025\/06\/8-1.jpg\" alt=\"Nahaufnahme des Alhaitham KFC Cosplay Abzeichens und Stoffdetails\" width=\"750\" height=\"750\" srcset=\"https:\/\/yumicos.com\/wp-content\/uploads\/2025\/06\/8-1.jpg 1500w, https:\/\/yumicos.com\/wp-content\/uploads\/2025\/06\/8-1-300x300.jpg 300w, https:\/\/yumicos.com\/wp-content\/uploads\/2025\/06\/8-1-1024x1024.jpg 1024w, https:\/\/yumicos.com\/wp-content\/uploads\/2025\/06\/8-1-150x150.jpg 150w, https:\/\/yumicos.com\/wp-content\/uploads\/2025\/06\/8-1-768x768.jpg 768w, https:\/\/yumicos.com\/wp-content\/uploads\/2025\/06\/8-1-12x12.jpg 12w, https:\/\/yumicos.com\/wp-content\/uploads\/2025\/06\/8-1-70x70.jpg 70w, https:\/\/yumicos.com\/wp-content\/uploads\/2025\/06\/8-1-600x600.jpg 600w, https:\/\/yumicos.com\/wp-content\/uploads\/2025\/06\/8-1-100x100.jpg 100w, https:\/\/yumicos.com\/wp-content\/uploads\/2025\/06\/8-1-50x50.jpg 50w\" sizes=\"(max-width: 750px) 100vw, 750px\" \/><\/p>\n<p><img loading=\"lazy\" decoding=\"async\" class=\"alignnone size-full wp-image-4710\" src=\"https:\/\/yumicos.com\/wp-content\/uploads\/2025\/06\/9-1.jpg\" alt=\"Nahaufnahme des Alhaitham KFC Cosplay Abzeichens und Stoffdetails\" width=\"750\" height=\"750\" srcset=\"https:\/\/yumicos.com\/wp-content\/uploads\/2025\/06\/9-1.jpg 1500w, https:\/\/yumicos.com\/wp-content\/uploads\/2025\/06\/9-1-300x300.jpg 300w, https:\/\/yumicos.com\/wp-content\/uploads\/2025\/06\/9-1-1024x1024.jpg 1024w, https:\/\/yumicos.com\/wp-content\/uploads\/2025\/06\/9-1-150x150.jpg 150w, https:\/\/yumicos.com\/wp-content\/uploads\/2025\/06\/9-1-768x768.jpg 768w, https:\/\/yumicos.com\/wp-content\/uploads\/2025\/06\/9-1-12x12.jpg 12w, https:\/\/yumicos.com\/wp-content\/uploads\/2025\/06\/9-1-70x70.jpg 70w, https:\/\/yumicos.com\/wp-content\/uploads\/2025\/06\/9-1-600x600.jpg 600w, https:\/\/yumicos.com\/wp-content\/uploads\/2025\/06\/9-1-100x100.jpg 100w, https:\/\/yumicos.com\/wp-content\/uploads\/2025\/06\/9-1-50x50.jpg 50w\" sizes=\"(max-width: 750px) 100vw, 750px\" \/><\/p>\n<p><img loading=\"lazy\" decoding=\"async\" class=\"alignnone size-full wp-image-4711\" src=\"https:\/\/yumicos.com\/wp-content\/uploads\/2025\/06\/10-1.jpg\" alt=\"Nahaufnahme des Alhaitham KFC Cosplay Abzeichens und Stoffdetails\" width=\"750\" height=\"750\" srcset=\"https:\/\/yumicos.com\/wp-content\/uploads\/2025\/06\/10-1.jpg 1500w, https:\/\/yumicos.com\/wp-content\/uploads\/2025\/06\/10-1-300x300.jpg 300w, https:\/\/yumicos.com\/wp-content\/uploads\/2025\/06\/10-1-1024x1024.jpg 1024w, https:\/\/yumicos.com\/wp-content\/uploads\/2025\/06\/10-1-150x150.jpg 150w, https:\/\/yumicos.com\/wp-content\/uploads\/2025\/06\/10-1-768x768.jpg 768w, https:\/\/yumicos.com\/wp-content\/uploads\/2025\/06\/10-1-12x12.jpg 12w, https:\/\/yumicos.com\/wp-content\/uploads\/2025\/06\/10-1-70x70.jpg 70w, https:\/\/yumicos.com\/wp-content\/uploads\/2025\/06\/10-1-600x600.jpg 600w, https:\/\/yumicos.com\/wp-content\/uploads\/2025\/06\/10-1-100x100.jpg 100w, https:\/\/yumicos.com\/wp-content\/uploads\/2025\/06\/10-1-50x50.jpg 50w\" sizes=\"(max-width: 750px) 100vw, 750px\" \/><\/p>\n<p><img loading=\"lazy\" decoding=\"async\" class=\"alignnone size-full wp-image-4712\" src=\"https:\/\/yumicos.com\/wp-content\/uploads\/2025\/06\/11-1.jpg\" alt=\"Nahaufnahme des Alhaitham KFC Cosplay Abzeichens und Stoffdetails\" width=\"750\" height=\"750\" srcset=\"https:\/\/yumicos.com\/wp-content\/uploads\/2025\/06\/11-1.jpg 1500w, https:\/\/yumicos.com\/wp-content\/uploads\/2025\/06\/11-1-300x300.jpg 300w, https:\/\/yumicos.com\/wp-content\/uploads\/2025\/06\/11-1-1024x1024.jpg 1024w, https:\/\/yumicos.com\/wp-content\/uploads\/2025\/06\/11-1-150x150.jpg 150w, https:\/\/yumicos.com\/wp-content\/uploads\/2025\/06\/11-1-768x768.jpg 768w, https:\/\/yumicos.com\/wp-content\/uploads\/2025\/06\/11-1-12x12.jpg 12w, https:\/\/yumicos.com\/wp-content\/uploads\/2025\/06\/11-1-70x70.jpg 70w, https:\/\/yumicos.com\/wp-content\/uploads\/2025\/06\/11-1-600x600.jpg 600w, https:\/\/yumicos.com\/wp-content\/uploads\/2025\/06\/11-1-100x100.jpg 100w, https:\/\/yumicos.com\/wp-content\/uploads\/2025\/06\/11-1-50x50.jpg 50w\" sizes=\"(max-width: 750px) 100vw, 750px\" \/><\/p>\n","protected":false},"excerpt":{"rendered":"<p data-start=\"873\" data-end=\"1131\">Dieses <strong data-start=\"878\" data-end=\"907\">Alhaitham-Cosplay-Kost\u00fcm<\/strong> ist vom neuesten KFC-Kollaborationsskin in <em data-start=\"960\" data-end=\"976\">Genshin Impact<\/em> inspiriert. Die rot-schwarze Farbpalette, der elegante Schnitt und die goldenen Akzente spiegeln Alhaithams ruhige und doch souver\u00e4ne Aura in seinem zeitlich begrenzten Event-Outfit perfekt wider. <\/p>\n","protected":false},"featured_media":17133,"comment_status":"open","ping_status":"closed","template":"","meta":{"_acf_changed":false,"_monsterinsights_skip_tracking":false,"_monsterinsights_sitenote_active":false,"_monsterinsights_sitenote_note":"","_monsterinsights_sitenote_category":0,"site-sidebar-layout":"default","site-content-layout":"","ast-site-content-layout":"default","site-content-style":"default","site-sidebar-style":"default","ast-global-header-display":"","ast-banner-title-visibility":"","ast-main-header-display":"","ast-hfb-above-header-display":"","ast-hfb-below-header-display":"","ast-hfb-mobile-header-display":"","site-post-title":"","ast-breadcrumbs-content":"","ast-featured-img":"","footer-sml-layout":"","theme-transparent-header-meta":"default","adv-header-id-meta":"","stick-header-meta":"default","header-above-stick-meta":"","header-main-stick-meta":"","header-below-stick-meta":"","astra-migrate-meta-layouts":"default","ast-page-background-enabled":"default","ast-page-background-meta":{"desktop":{"background-color":"var(--ast-global-color-4)","background-image":"","background-repeat":"repeat","background-position":"center center","background-size":"auto","background-attachment":"scroll","background-type":"","background-media":"","overlay-type":"","overlay-color":"","overlay-opacity":"","overlay-gradient":""},"tablet":{"background-color":"","background-image":"","background-repeat":"repeat","background-position":"center center","background-size":"auto","background-attachment":"scroll","background-type":"","background-media":"","overlay-type":"","overlay-color":"","overlay-opacity":"","overlay-gradient":""},"mobile":{"background-color":"","background-image":"","background-repeat":"repeat","background-position":"center center","background-size":"auto","background-attachment":"scroll","background-type":"","background-media":"","overlay-type":"","overlay-color":"","overlay-opacity":"","overlay-gradient":""}},"ast-content-background-meta":{"desktop":{"background-color":"var(--ast-global-color-5)","background-image":"","background-repeat":"repeat","background-position":"center center","background-size":"auto","background-attachment":"scroll","background-type":"","background-media":"","overlay-type":"","overlay-color":"","overlay-opacity":"","overlay-gradient":""},"tablet":{"background-color":"var(--ast-global-color-5)","background-image":"","background-repeat":"repeat","background-position":"center center","background-size":"auto","background-attachment":"scroll","background-type":"","background-media":"","overlay-type":"","overlay-color":"","overlay-opacity":"","overlay-gradient":""},"mobile":{"background-color":"var(--ast-global-color-5)","background-image":"","background-repeat":"repeat","background-position":"center center","background-size":"auto","background-attachment":"scroll","background-type":"","background-media":"","overlay-type":"","overlay-color":"","overlay-opacity":"","overlay-gradient":""}}},"product_brand":[],"product_cat":[113,189],"product_tag":[],"class_list":{"0":"post-23419","1":"product","2":"type-product","3":"status-publish","4":"has-post-thumbnail","6":"product_cat-game-cosplay","7":"product_cat-genshin-impact-cosplay","8":"desktop-align-left","9":"tablet-align-left","10":"mobile-align-left","11":"ast-product-gallery-layout-horizontal-slider","12":"ast-product-single-variable","13":"ast-product-tabs-layout-horizontal","15":"first","16":"instock","17":"purchasable","18":"product-type-variable"},"acf":[],"aioseo_notices":[],"_links":{"self":[{"href":"https:\/\/yumicos.com\/de\/wp-json\/wp\/v2\/product\/23419","targetHints":{"allow":["GET"]}}],"collection":[{"href":"https:\/\/yumicos.com\/de\/wp-json\/wp\/v2\/product"}],"about":[{"href":"https:\/\/yumicos.com\/de\/wp-json\/wp\/v2\/types\/product"}],"replies":[{"embeddable":true,"href":"https:\/\/yumicos.com\/de\/wp-json\/wp\/v2\/comments?post=23419"}],"wp:featuredmedia":[{"embeddable":true,"href":"https:\/\/yumicos.com\/de\/wp-json\/wp\/v2\/media\/17133"}],"wp:attachment":[{"href":"https:\/\/yumicos.com\/de\/wp-json\/wp\/v2\/media?parent=23419"}],"wp:term":[{"taxonomy":"product_brand","embeddable":true,"href":"https:\/\/yumicos.com\/de\/wp-json\/wp\/v2\/product_brand?post=23419"},{"taxonomy":"product_cat","embeddable":true,"href":"https:\/\/yumicos.com\/de\/wp-json\/wp\/v2\/product_cat?post=23419"},{"taxonomy":"product_tag","embeddable":true,"href":"https:\/\/yumicos.com\/de\/wp-json\/wp\/v2\/product_tag?post=23419"}],"curies":[{"name":"wp","href":"https:\/\/api.w.org\/{rel}","templated":true}]}}