{"id":22304,"date":"2025-07-08T08:34:35","date_gmt":"2025-07-08T08:34:35","guid":{"rendered":"https:\/\/yumicos.com\/product\/nikke-dorothy-cosplay-kostuem-goettin-des-sieges-inspiriertes-outfit\/"},"modified":"2025-10-11T15:31:51","modified_gmt":"2025-10-11T15:31:51","slug":"nikke-dorothy-cosplay-costume-goddess-of-victory-inspired-outfit","status":"publish","type":"product","link":"https:\/\/yumicos.com\/de\/product\/nikke-dorothy-cosplay-costume-goddess-of-victory-inspired-outfit\/","title":{"rendered":"NIKKE Dorothy Cosplay Kost\u00fcm &#8211; G\u00f6ttin des Sieges inspiriertes Outfit"},"content":{"rendered":"<p><img fetchpriority=\"high\" decoding=\"async\" class=\"alignnone size-full wp-image-285\" src=\"https:\/\/yumicos.com\/wp-content\/uploads\/2025\/01\/chanp.jpg\" alt=\"\" width=\"790\" height=\"92\" srcset=\"https:\/\/yumicos.com\/wp-content\/uploads\/2025\/01\/chanp.jpg 790w, https:\/\/yumicos.com\/wp-content\/uploads\/2025\/01\/chanp-300x35.jpg 300w, https:\/\/yumicos.com\/wp-content\/uploads\/2025\/01\/chanp-768x89.jpg 768w, https:\/\/yumicos.com\/wp-content\/uploads\/2025\/01\/chanp-600x70.jpg 600w\" sizes=\"(max-width: 790px) 100vw, 790px\" \/><\/p>\n<p><strong>Quelle<\/strong><a href=\"\/?product_cat=gottin-des-sieges-nikke\">:G\u00f6ttin des Sieges: NIKKE<\/a><\/p>\n<p><strong>Charakter<\/strong>: Dorothy<\/p>\n<p><strong>Im Lieferumfang enthalten<\/strong>:Kleid+Schleppe+Halsschmuck+\u00c4rmelschmuck+Halsring+Schultern+Kopfbedeckung<\/p>\n<p data-start=\"0\" data-end=\"105\"><strong data-start=\"0\" data-end=\"13\">Material:<\/strong> Hergestellt aus hochwertigem Polyester und Kunstleder f\u00fcr eine bequeme und dauerhafte Passform.<\/p>\n<p data-start=\"107\" data-end=\"204\"><strong data-start=\"107\" data-end=\"129\">Pflegehinweise:<\/strong> Handw\u00e4sche in kaltem Wasser, nicht bleichen und zum Trocknen aufh\u00e4ngen.<\/p>\n<p data-start=\"206\" data-end=\"319\"><strong data-start=\"206\" data-end=\"215\">Gr\u00f6\u00dfe:<\/strong> Bitte beachten Sie, dass die Gr\u00f6\u00dfenangaben asiatischen Standards folgen und aufgrund der manuellen Messung um 1-3 cm variieren k\u00f6nnen.<\/p>\n<p data-start=\"321\" data-end=\"347\" data-is-last-node=\"\" data-is-only-node=\"\"><strong data-start=\"321\" data-end=\"329\">Spitze:<\/strong> 1 cm \u2248 0,39 Zoll.<\/p>\n<p><img decoding=\"async\" class=\"alignnone size-full wp-image-288\" src=\"https:\/\/yumicos.com\/wp-content\/uploads\/2025\/01\/shiwuzhanshi.jpg\" alt=\"\" width=\"790\" height=\"92\" srcset=\"https:\/\/yumicos.com\/wp-content\/uploads\/2025\/01\/shiwuzhanshi.jpg 790w, https:\/\/yumicos.com\/wp-content\/uploads\/2025\/01\/shiwuzhanshi-300x35.jpg 300w, https:\/\/yumicos.com\/wp-content\/uploads\/2025\/01\/shiwuzhanshi-768x89.jpg 768w, https:\/\/yumicos.com\/wp-content\/uploads\/2025\/01\/shiwuzhanshi-600x70.jpg 600w\" sizes=\"(max-width: 790px) 100vw, 790px\" \/><\/p>\n<figure id=\"attachment_5138\" aria-describedby=\"caption-attachment-5138\" style=\"width: 750px\" class=\"wp-caption alignnone\"><img decoding=\"async\" class=\"size-full wp-image-5138\" src=\"https:\/\/yumicos.com\/wp-content\/uploads\/2025\/07\/6-1.jpg\" alt=\"\" width=\"750\" height=\"1146\" srcset=\"https:\/\/yumicos.com\/wp-content\/uploads\/2025\/07\/6-1.jpg 750w, https:\/\/yumicos.com\/wp-content\/uploads\/2025\/07\/6-1-196x300.jpg 196w, https:\/\/yumicos.com\/wp-content\/uploads\/2025\/07\/6-1-670x1024.jpg 670w, https:\/\/yumicos.com\/wp-content\/uploads\/2025\/07\/6-1-8x12.jpg 8w, https:\/\/yumicos.com\/wp-content\/uploads\/2025\/07\/6-1-600x917.jpg 600w\" sizes=\"(max-width: 750px) 100vw, 750px\" \/><figcaption id=\"caption-attachment-5138\" class=\"wp-caption-text\"><br \/>\n#image_title<\/figcaption><\/figure>\n<p><img loading=\"lazy\" decoding=\"async\" class=\"size-full wp-image-5139\" src=\"https:\/\/yumicos.com\/wp-content\/uploads\/2025\/07\/8.jpg\" alt=\"NIKKE Dorothy Cosplay Kost\u00fcm Vorderansicht\" width=\"750\" height=\"1082\" srcset=\"https:\/\/yumicos.com\/wp-content\/uploads\/2025\/07\/8.jpg 750w, https:\/\/yumicos.com\/wp-content\/uploads\/2025\/07\/8-208x300.jpg 208w, https:\/\/yumicos.com\/wp-content\/uploads\/2025\/07\/8-710x1024.jpg 710w, https:\/\/yumicos.com\/wp-content\/uploads\/2025\/07\/8-8x12.jpg 8w, https:\/\/yumicos.com\/wp-content\/uploads\/2025\/07\/8-600x866.jpg 600w\" sizes=\"(max-width: 750px) 100vw, 750px\" \/><br \/>\n<img loading=\"lazy\" decoding=\"async\" class=\"size-full wp-image-5140\" src=\"https:\/\/yumicos.com\/wp-content\/uploads\/2025\/07\/9-1.jpg\" alt=\"NIKKE Dorothy Cosplay Kost\u00fcm R\u00fcckenansicht\" width=\"750\" height=\"1109\" srcset=\"https:\/\/yumicos.com\/wp-content\/uploads\/2025\/07\/9-1.jpg 750w, https:\/\/yumicos.com\/wp-content\/uploads\/2025\/07\/9-1-203x300.jpg 203w, https:\/\/yumicos.com\/wp-content\/uploads\/2025\/07\/9-1-693x1024.jpg 693w, https:\/\/yumicos.com\/wp-content\/uploads\/2025\/07\/9-1-8x12.jpg 8w, https:\/\/yumicos.com\/wp-content\/uploads\/2025\/07\/9-1-600x887.jpg 600w\" sizes=\"(max-width: 750px) 100vw, 750px\" \/><br \/>\n<img loading=\"lazy\" decoding=\"async\" class=\"alignnone size-full wp-image-287\" src=\"https:\/\/yumicos.com\/wp-content\/uploads\/2025\/01\/xijie.jpg\" alt=\"\" width=\"790\" height=\"92\" srcset=\"https:\/\/yumicos.com\/wp-content\/uploads\/2025\/01\/xijie.jpg 790w, https:\/\/yumicos.com\/wp-content\/uploads\/2025\/01\/xijie-300x35.jpg 300w, https:\/\/yumicos.com\/wp-content\/uploads\/2025\/01\/xijie-768x89.jpg 768w, https:\/\/yumicos.com\/wp-content\/uploads\/2025\/01\/xijie-600x70.jpg 600w\" sizes=\"(max-width: 790px) 100vw, 790px\" \/><br \/>\n<img loading=\"lazy\" decoding=\"async\" class=\"size-full wp-image-5141\" src=\"https:\/\/yumicos.com\/wp-content\/uploads\/2025\/07\/10-1.jpg\" alt=\"Detailaufnahme des Dorothy Kost\u00fcms\" width=\"750\" height=\"500\" srcset=\"https:\/\/yumicos.com\/wp-content\/uploads\/2025\/07\/10-1.jpg 750w, https:\/\/yumicos.com\/wp-content\/uploads\/2025\/07\/10-1-300x200.jpg 300w, https:\/\/yumicos.com\/wp-content\/uploads\/2025\/07\/10-1-18x12.jpg 18w, https:\/\/yumicos.com\/wp-content\/uploads\/2025\/07\/10-1-600x400.jpg 600w\" sizes=\"(max-width: 750px) 100vw, 750px\" \/><br \/>\n<img loading=\"lazy\" decoding=\"async\" class=\"size-full wp-image-5142\" src=\"https:\/\/yumicos.com\/wp-content\/uploads\/2025\/07\/11-1.jpg\" alt=\"Detailaufnahme des Dorothy Kost\u00fcms\" width=\"750\" height=\"465\" srcset=\"https:\/\/yumicos.com\/wp-content\/uploads\/2025\/07\/11-1.jpg 750w, https:\/\/yumicos.com\/wp-content\/uploads\/2025\/07\/11-1-300x186.jpg 300w, https:\/\/yumicos.com\/wp-content\/uploads\/2025\/07\/11-1-18x12.jpg 18w, https:\/\/yumicos.com\/wp-content\/uploads\/2025\/07\/11-1-600x372.jpg 600w\" sizes=\"(max-width: 750px) 100vw, 750px\" \/><br \/>\n<img loading=\"lazy\" decoding=\"async\" class=\"size-full wp-image-5143\" src=\"https:\/\/yumicos.com\/wp-content\/uploads\/2025\/07\/12-1.jpg\" alt=\"Detailaufnahme des Dorothy Kost\u00fcms\" width=\"750\" height=\"468\" srcset=\"https:\/\/yumicos.com\/wp-content\/uploads\/2025\/07\/12-1.jpg 750w, https:\/\/yumicos.com\/wp-content\/uploads\/2025\/07\/12-1-300x187.jpg 300w, https:\/\/yumicos.com\/wp-content\/uploads\/2025\/07\/12-1-18x12.jpg 18w, https:\/\/yumicos.com\/wp-content\/uploads\/2025\/07\/12-1-600x374.jpg 600w\" sizes=\"(max-width: 750px) 100vw, 750px\" \/><br \/>\n<img loading=\"lazy\" decoding=\"async\" class=\"size-full wp-image-5144\" src=\"https:\/\/yumicos.com\/wp-content\/uploads\/2025\/07\/13.jpg\" alt=\"Detailaufnahme des Dorothy Kost\u00fcms\" width=\"750\" height=\"538\" srcset=\"https:\/\/yumicos.com\/wp-content\/uploads\/2025\/07\/13.jpg 750w, https:\/\/yumicos.com\/wp-content\/uploads\/2025\/07\/13-300x215.jpg 300w, https:\/\/yumicos.com\/wp-content\/uploads\/2025\/07\/13-18x12.jpg 18w, https:\/\/yumicos.com\/wp-content\/uploads\/2025\/07\/13-600x430.jpg 600w\" sizes=\"(max-width: 750px) 100vw, 750px\" \/><\/p>\n","protected":false},"excerpt":{"rendered":"<p>Quelle:G\u00f6ttin des Sieges: NIKKE Charakter: Dorothy Im Lieferumfang enthalten:Kleid+Schleppe+Halsschmuck+\u00c4rmelschmuck+Halsring+Schultern+Kopfbedeckung Material: Hergestellt aus hochwertigem Polyester und Kunstleder f\u00fcr eine bequeme und [&hellip;]<\/p>\n","protected":false},"featured_media":17722,"comment_status":"open","ping_status":"closed","template":"","meta":{"_acf_changed":false,"_monsterinsights_skip_tracking":false,"_monsterinsights_sitenote_active":false,"_monsterinsights_sitenote_note":"","_monsterinsights_sitenote_category":0,"site-sidebar-layout":"default","site-content-layout":"","ast-site-content-layout":"default","site-content-style":"default","site-sidebar-style":"default","ast-global-header-display":"","ast-banner-title-visibility":"","ast-main-header-display":"","ast-hfb-above-header-display":"","ast-hfb-below-header-display":"","ast-hfb-mobile-header-display":"","site-post-title":"","ast-breadcrumbs-content":"","ast-featured-img":"","footer-sml-layout":"","theme-transparent-header-meta":"default","adv-header-id-meta":"","stick-header-meta":"default","header-above-stick-meta":"","header-main-stick-meta":"","header-below-stick-meta":"","astra-migrate-meta-layouts":"default","ast-page-background-enabled":"default","ast-page-background-meta":{"desktop":{"background-color":"var(--ast-global-color-4)","background-image":"","background-repeat":"repeat","background-position":"center center","background-size":"auto","background-attachment":"scroll","background-type":"","background-media":"","overlay-type":"","overlay-color":"","overlay-opacity":"","overlay-gradient":""},"tablet":{"background-color":"","background-image":"","background-repeat":"repeat","background-position":"center center","background-size":"auto","background-attachment":"scroll","background-type":"","background-media":"","overlay-type":"","overlay-color":"","overlay-opacity":"","overlay-gradient":""},"mobile":{"background-color":"","background-image":"","background-repeat":"repeat","background-position":"center center","background-size":"auto","background-attachment":"scroll","background-type":"","background-media":"","overlay-type":"","overlay-color":"","overlay-opacity":"","overlay-gradient":""}},"ast-content-background-meta":{"desktop":{"background-color":"var(--ast-global-color-5)","background-image":"","background-repeat":"repeat","background-position":"center center","background-size":"auto","background-attachment":"scroll","background-type":"","background-media":"","overlay-type":"","overlay-color":"","overlay-opacity":"","overlay-gradient":""},"tablet":{"background-color":"var(--ast-global-color-5)","background-image":"","background-repeat":"repeat","background-position":"center center","background-size":"auto","background-attachment":"scroll","background-type":"","background-media":"","overlay-type":"","overlay-color":"","overlay-opacity":"","overlay-gradient":""},"mobile":{"background-color":"var(--ast-global-color-5)","background-image":"","background-repeat":"repeat","background-position":"center center","background-size":"auto","background-attachment":"scroll","background-type":"","background-media":"","overlay-type":"","overlay-color":"","overlay-opacity":"","overlay-gradient":""}}},"product_brand":[],"product_cat":[113,161],"product_tag":[],"class_list":{"0":"post-22304","1":"product","2":"type-product","3":"status-publish","4":"has-post-thumbnail","6":"product_cat-game-cosplay","7":"product_cat-goddess-of-victory-nikke","8":"desktop-align-left","9":"tablet-align-left","10":"mobile-align-left","11":"ast-product-gallery-layout-horizontal-slider","12":"ast-product-single-variable","13":"ast-product-tabs-layout-horizontal","15":"first","16":"instock","17":"purchasable","18":"product-type-variable"},"acf":[],"aioseo_notices":[],"_links":{"self":[{"href":"https:\/\/yumicos.com\/de\/wp-json\/wp\/v2\/product\/22304","targetHints":{"allow":["GET"]}}],"collection":[{"href":"https:\/\/yumicos.com\/de\/wp-json\/wp\/v2\/product"}],"about":[{"href":"https:\/\/yumicos.com\/de\/wp-json\/wp\/v2\/types\/product"}],"replies":[{"embeddable":true,"href":"https:\/\/yumicos.com\/de\/wp-json\/wp\/v2\/comments?post=22304"}],"wp:featuredmedia":[{"embeddable":true,"href":"https:\/\/yumicos.com\/de\/wp-json\/wp\/v2\/media\/17722"}],"wp:attachment":[{"href":"https:\/\/yumicos.com\/de\/wp-json\/wp\/v2\/media?parent=22304"}],"wp:term":[{"taxonomy":"product_brand","embeddable":true,"href":"https:\/\/yumicos.com\/de\/wp-json\/wp\/v2\/product_brand?post=22304"},{"taxonomy":"product_cat","embeddable":true,"href":"https:\/\/yumicos.com\/de\/wp-json\/wp\/v2\/product_cat?post=22304"},{"taxonomy":"product_tag","embeddable":true,"href":"https:\/\/yumicos.com\/de\/wp-json\/wp\/v2\/product_tag?post=22304"}],"curies":[{"name":"wp","href":"https:\/\/api.w.org\/{rel}","templated":true}]}}