{"id":19011,"date":"2025-07-15T08:35:10","date_gmt":"2025-07-15T08:35:10","guid":{"rendered":"https:\/\/yumicos.com\/product\/rot-clad-huntress-inspiriertes-mantel-cosplay-kostuem\/"},"modified":"2025-10-19T08:28:11","modified_gmt":"2025-10-19T08:28:11","slug":"red-clad-huntress-inspired-cloak-cosplay-costume","status":"publish","type":"product","link":"https:\/\/yumicos.com\/de\/product\/red-clad-huntress-inspired-cloak-cosplay-costume\/","title":{"rendered":"Rot-Clad Huntress-inspiriertes Mantel-Cosplay-Kost\u00fcm"},"content":{"rendered":"<p><img fetchpriority=\"high\" decoding=\"async\" class=\"alignnone size-full wp-image-285\" src=\"https:\/\/yumicos.com\/wp-content\/uploads\/2025\/01\/chanp.jpg\" alt=\"\" width=\"790\" height=\"92\" srcset=\"https:\/\/yumicos.com\/wp-content\/uploads\/2025\/01\/chanp.jpg 790w, https:\/\/yumicos.com\/wp-content\/uploads\/2025\/01\/chanp-300x35.jpg 300w, https:\/\/yumicos.com\/wp-content\/uploads\/2025\/01\/chanp-768x89.jpg 768w, https:\/\/yumicos.com\/wp-content\/uploads\/2025\/01\/chanp-600x70.jpg 600w\" sizes=\"(max-width: 790px) 100vw, 790px\" \/><\/p>\n<p><strong>Lieferumfang<\/strong>:Kleid+Umhang+Sommerbund+Taillenschmuck+Socken+Tasche<\/p>\n<p data-start=\"0\" data-end=\"105\"><strong data-start=\"0\" data-end=\"13\">Material:<\/strong> Hergestellt aus hochwertigem Polyester und Kunstleder f\u00fcr eine bequeme und dauerhafte Passform.<\/p>\n<p data-start=\"107\" data-end=\"204\"><strong data-start=\"107\" data-end=\"129\">Pflegehinweise:<\/strong> Handw\u00e4sche in kaltem Wasser, nicht bleichen und zum Trocknen aufh\u00e4ngen.<\/p>\n<p data-start=\"206\" data-end=\"319\"><strong data-start=\"206\" data-end=\"215\">Gr\u00f6\u00dfe:<\/strong> Bitte beachten Sie, dass die Gr\u00f6\u00dfenangaben asiatischen Standards folgen und aufgrund der manuellen Messung um 1-3 cm variieren k\u00f6nnen.<\/p>\n<p data-start=\"321\" data-end=\"347\" data-is-last-node=\"\" data-is-only-node=\"\"><strong data-start=\"321\" data-end=\"329\">Spitze:<\/strong> 1 cm \u2248 0,39 Zoll.<\/p>\n<p><img decoding=\"async\" class=\"alignnone size-full wp-image-288\" src=\"https:\/\/yumicos.com\/wp-content\/uploads\/2025\/01\/shiwuzhanshi.jpg\" alt=\"\" width=\"790\" height=\"92\" srcset=\"https:\/\/yumicos.com\/wp-content\/uploads\/2025\/01\/shiwuzhanshi.jpg 790w, https:\/\/yumicos.com\/wp-content\/uploads\/2025\/01\/shiwuzhanshi-300x35.jpg 300w, https:\/\/yumicos.com\/wp-content\/uploads\/2025\/01\/shiwuzhanshi-768x89.jpg 768w, https:\/\/yumicos.com\/wp-content\/uploads\/2025\/01\/shiwuzhanshi-600x70.jpg 600w\" sizes=\"(max-width: 790px) 100vw, 790px\" \/><\/p>\n<p><img decoding=\"async\" class=\"size-full wp-image-5916\" src=\"https:\/\/yumicos.com\/wp-content\/uploads\/2025\/07\/5-6.jpg\" alt=\"Anime Red Huntress-inspirierte Cosplay-Outfit - Vorderansicht\" width=\"750\" height=\"750\" srcset=\"https:\/\/yumicos.com\/wp-content\/uploads\/2025\/07\/5-6.jpg 1000w, https:\/\/yumicos.com\/wp-content\/uploads\/2025\/07\/5-6-300x300.jpg 300w, https:\/\/yumicos.com\/wp-content\/uploads\/2025\/07\/5-6-150x150.jpg 150w, https:\/\/yumicos.com\/wp-content\/uploads\/2025\/07\/5-6-768x768.jpg 768w, https:\/\/yumicos.com\/wp-content\/uploads\/2025\/07\/5-6-12x12.jpg 12w, https:\/\/yumicos.com\/wp-content\/uploads\/2025\/07\/5-6-70x70.jpg 70w, https:\/\/yumicos.com\/wp-content\/uploads\/2025\/07\/5-6-600x600.jpg 600w, https:\/\/yumicos.com\/wp-content\/uploads\/2025\/07\/5-6-100x100.jpg 100w, https:\/\/yumicos.com\/wp-content\/uploads\/2025\/07\/5-6-50x50.jpg 50w\" sizes=\"(max-width: 750px) 100vw, 750px\" \/><\/p>\n<p><img loading=\"lazy\" decoding=\"async\" class=\"alignnone size-full wp-image-287\" src=\"https:\/\/yumicos.com\/wp-content\/uploads\/2025\/01\/xijie.jpg\" alt=\"\" width=\"790\" height=\"92\" srcset=\"https:\/\/yumicos.com\/wp-content\/uploads\/2025\/01\/xijie.jpg 790w, https:\/\/yumicos.com\/wp-content\/uploads\/2025\/01\/xijie-300x35.jpg 300w, https:\/\/yumicos.com\/wp-content\/uploads\/2025\/01\/xijie-768x89.jpg 768w, https:\/\/yumicos.com\/wp-content\/uploads\/2025\/01\/xijie-600x70.jpg 600w\" sizes=\"(max-width: 790px) 100vw, 790px\" \/><\/p>\n<p><img loading=\"lazy\" decoding=\"async\" class=\"size-full wp-image-5919\" src=\"https:\/\/yumicos.com\/wp-content\/uploads\/2025\/07\/8-5.jpg\" alt=\"Red Huntress Cosplay Cape und Zubeh\u00f6r Nahaufnahme\" width=\"750\" height=\"750\" srcset=\"https:\/\/yumicos.com\/wp-content\/uploads\/2025\/07\/8-5.jpg 1000w, https:\/\/yumicos.com\/wp-content\/uploads\/2025\/07\/8-5-300x300.jpg 300w, https:\/\/yumicos.com\/wp-content\/uploads\/2025\/07\/8-5-150x150.jpg 150w, https:\/\/yumicos.com\/wp-content\/uploads\/2025\/07\/8-5-768x768.jpg 768w, https:\/\/yumicos.com\/wp-content\/uploads\/2025\/07\/8-5-12x12.jpg 12w, https:\/\/yumicos.com\/wp-content\/uploads\/2025\/07\/8-5-70x70.jpg 70w, https:\/\/yumicos.com\/wp-content\/uploads\/2025\/07\/8-5-600x600.jpg 600w, https:\/\/yumicos.com\/wp-content\/uploads\/2025\/07\/8-5-100x100.jpg 100w, https:\/\/yumicos.com\/wp-content\/uploads\/2025\/07\/8-5-50x50.jpg 50w\" sizes=\"(max-width: 750px) 100vw, 750px\" \/><\/p>\n<p><img loading=\"lazy\" decoding=\"async\" class=\"size-full wp-image-5920\" src=\"https:\/\/yumicos.com\/wp-content\/uploads\/2025\/07\/9-6.jpg\" alt=\"Red Huntress Cosplay Cape und Zubeh\u00f6r Nahaufnahme\" width=\"750\" height=\"750\" srcset=\"https:\/\/yumicos.com\/wp-content\/uploads\/2025\/07\/9-6.jpg 1000w, https:\/\/yumicos.com\/wp-content\/uploads\/2025\/07\/9-6-300x300.jpg 300w, https:\/\/yumicos.com\/wp-content\/uploads\/2025\/07\/9-6-150x150.jpg 150w, https:\/\/yumicos.com\/wp-content\/uploads\/2025\/07\/9-6-768x768.jpg 768w, https:\/\/yumicos.com\/wp-content\/uploads\/2025\/07\/9-6-12x12.jpg 12w, https:\/\/yumicos.com\/wp-content\/uploads\/2025\/07\/9-6-70x70.jpg 70w, https:\/\/yumicos.com\/wp-content\/uploads\/2025\/07\/9-6-600x600.jpg 600w, https:\/\/yumicos.com\/wp-content\/uploads\/2025\/07\/9-6-100x100.jpg 100w, https:\/\/yumicos.com\/wp-content\/uploads\/2025\/07\/9-6-50x50.jpg 50w\" sizes=\"(max-width: 750px) 100vw, 750px\" \/><\/p>\n<p><img loading=\"lazy\" decoding=\"async\" class=\"size-full wp-image-5921\" src=\"https:\/\/yumicos.com\/wp-content\/uploads\/2025\/07\/10-6.jpg\" alt=\"Red Huntress Cosplay Cape und Zubeh\u00f6r Nahaufnahme\" width=\"750\" height=\"750\" srcset=\"https:\/\/yumicos.com\/wp-content\/uploads\/2025\/07\/10-6.jpg 1000w, https:\/\/yumicos.com\/wp-content\/uploads\/2025\/07\/10-6-300x300.jpg 300w, https:\/\/yumicos.com\/wp-content\/uploads\/2025\/07\/10-6-150x150.jpg 150w, https:\/\/yumicos.com\/wp-content\/uploads\/2025\/07\/10-6-768x768.jpg 768w, https:\/\/yumicos.com\/wp-content\/uploads\/2025\/07\/10-6-12x12.jpg 12w, https:\/\/yumicos.com\/wp-content\/uploads\/2025\/07\/10-6-70x70.jpg 70w, https:\/\/yumicos.com\/wp-content\/uploads\/2025\/07\/10-6-600x600.jpg 600w, https:\/\/yumicos.com\/wp-content\/uploads\/2025\/07\/10-6-100x100.jpg 100w, https:\/\/yumicos.com\/wp-content\/uploads\/2025\/07\/10-6-50x50.jpg 50w\" sizes=\"(max-width: 750px) 100vw, 750px\" \/><\/p>\n<p><img loading=\"lazy\" decoding=\"async\" class=\"size-full wp-image-5922\" src=\"https:\/\/yumicos.com\/wp-content\/uploads\/2025\/07\/11-6.jpg\" alt=\"Red Huntress Cosplay Cape und Zubeh\u00f6r Nahaufnahme\" width=\"750\" height=\"750\" srcset=\"https:\/\/yumicos.com\/wp-content\/uploads\/2025\/07\/11-6.jpg 1500w, https:\/\/yumicos.com\/wp-content\/uploads\/2025\/07\/11-6-300x300.jpg 300w, https:\/\/yumicos.com\/wp-content\/uploads\/2025\/07\/11-6-1024x1024.jpg 1024w, https:\/\/yumicos.com\/wp-content\/uploads\/2025\/07\/11-6-150x150.jpg 150w, https:\/\/yumicos.com\/wp-content\/uploads\/2025\/07\/11-6-768x768.jpg 768w, https:\/\/yumicos.com\/wp-content\/uploads\/2025\/07\/11-6-12x12.jpg 12w, https:\/\/yumicos.com\/wp-content\/uploads\/2025\/07\/11-6-70x70.jpg 70w, https:\/\/yumicos.com\/wp-content\/uploads\/2025\/07\/11-6-600x600.jpg 600w, https:\/\/yumicos.com\/wp-content\/uploads\/2025\/07\/11-6-100x100.jpg 100w, https:\/\/yumicos.com\/wp-content\/uploads\/2025\/07\/11-6-50x50.jpg 50w\" sizes=\"(max-width: 750px) 100vw, 750px\" \/><\/p>\n","protected":false},"excerpt":{"rendered":"<p data-start=\"674\" data-end=\"894\">Dieses rote, von der J\u00e4gerin inspirierte Kost\u00fcm besteht aus einem flie\u00dfenden Umhang mit symbolischem Wappen, einem schwarz-roten Lagenmuster und einem Rock im Kampfstil. Ideal f\u00fcr Anime-Conventions, Cosplay-Events und Fans von purpurnen Kriegerinnen. <\/p>\n","protected":false},"featured_media":18721,"comment_status":"open","ping_status":"closed","template":"","meta":{"_acf_changed":false,"_monsterinsights_skip_tracking":false,"_monsterinsights_sitenote_active":false,"_monsterinsights_sitenote_note":"","_monsterinsights_sitenote_category":0,"site-sidebar-layout":"default","site-content-layout":"","ast-site-content-layout":"default","site-content-style":"default","site-sidebar-style":"default","ast-global-header-display":"","ast-banner-title-visibility":"","ast-main-header-display":"","ast-hfb-above-header-display":"","ast-hfb-below-header-display":"","ast-hfb-mobile-header-display":"","site-post-title":"","ast-breadcrumbs-content":"","ast-featured-img":"","footer-sml-layout":"","theme-transparent-header-meta":"default","adv-header-id-meta":"","stick-header-meta":"default","header-above-stick-meta":"","header-main-stick-meta":"","header-below-stick-meta":"","astra-migrate-meta-layouts":"default","ast-page-background-enabled":"default","ast-page-background-meta":{"desktop":{"background-color":"var(--ast-global-color-4)","background-image":"","background-repeat":"repeat","background-position":"center center","background-size":"auto","background-attachment":"scroll","background-type":"","background-media":"","overlay-type":"","overlay-color":"","overlay-opacity":"","overlay-gradient":""},"tablet":{"background-color":"","background-image":"","background-repeat":"repeat","background-position":"center center","background-size":"auto","background-attachment":"scroll","background-type":"","background-media":"","overlay-type":"","overlay-color":"","overlay-opacity":"","overlay-gradient":""},"mobile":{"background-color":"","background-image":"","background-repeat":"repeat","background-position":"center center","background-size":"auto","background-attachment":"scroll","background-type":"","background-media":"","overlay-type":"","overlay-color":"","overlay-opacity":"","overlay-gradient":""}},"ast-content-background-meta":{"desktop":{"background-color":"var(--ast-global-color-5)","background-image":"","background-repeat":"repeat","background-position":"center center","background-size":"auto","background-attachment":"scroll","background-type":"","background-media":"","overlay-type":"","overlay-color":"","overlay-opacity":"","overlay-gradient":""},"tablet":{"background-color":"var(--ast-global-color-5)","background-image":"","background-repeat":"repeat","background-position":"center center","background-size":"auto","background-attachment":"scroll","background-type":"","background-media":"","overlay-type":"","overlay-color":"","overlay-opacity":"","overlay-gradient":""},"mobile":{"background-color":"var(--ast-global-color-5)","background-image":"","background-repeat":"repeat","background-position":"center center","background-size":"auto","background-attachment":"scroll","background-type":"","background-media":"","overlay-type":"","overlay-color":"","overlay-opacity":"","overlay-gradient":""}}},"product_brand":[],"product_cat":[113],"product_tag":[],"class_list":{"0":"post-19011","1":"product","2":"type-product","3":"status-publish","4":"has-post-thumbnail","6":"product_cat-game-cosplay","7":"desktop-align-left","8":"tablet-align-left","9":"mobile-align-left","10":"ast-product-gallery-layout-horizontal-slider","11":"ast-product-single-variable","12":"ast-product-tabs-layout-horizontal","14":"first","15":"instock","16":"purchasable","17":"product-type-variable"},"acf":[],"aioseo_notices":[],"_links":{"self":[{"href":"https:\/\/yumicos.com\/de\/wp-json\/wp\/v2\/product\/19011","targetHints":{"allow":["GET"]}}],"collection":[{"href":"https:\/\/yumicos.com\/de\/wp-json\/wp\/v2\/product"}],"about":[{"href":"https:\/\/yumicos.com\/de\/wp-json\/wp\/v2\/types\/product"}],"replies":[{"embeddable":true,"href":"https:\/\/yumicos.com\/de\/wp-json\/wp\/v2\/comments?post=19011"}],"wp:featuredmedia":[{"embeddable":true,"href":"https:\/\/yumicos.com\/de\/wp-json\/wp\/v2\/media\/18721"}],"wp:attachment":[{"href":"https:\/\/yumicos.com\/de\/wp-json\/wp\/v2\/media?parent=19011"}],"wp:term":[{"taxonomy":"product_brand","embeddable":true,"href":"https:\/\/yumicos.com\/de\/wp-json\/wp\/v2\/product_brand?post=19011"},{"taxonomy":"product_cat","embeddable":true,"href":"https:\/\/yumicos.com\/de\/wp-json\/wp\/v2\/product_cat?post=19011"},{"taxonomy":"product_tag","embeddable":true,"href":"https:\/\/yumicos.com\/de\/wp-json\/wp\/v2\/product_tag?post=19011"}],"curies":[{"name":"wp","href":"https:\/\/api.w.org\/{rel}","templated":true}]}}